{"id":1005,"date":"2023-05-26T12:27:05","date_gmt":"2023-05-26T12:27:05","guid":{"rendered":"https:\/\/bestlasermarking.com\/lasergravur-auf-gussbauteilen\/"},"modified":"2024-02-01T07:03:03","modified_gmt":"2024-02-01T07:03:03","slug":"lasergravur-auf-gussbauteilen","status":"publish","type":"page","link":"https:\/\/bestlasermarking.com\/de\/lasergravur-auf-gussbauteilen\/","title":{"rendered":"Lasergravur auf Gussbauteilen"},"content":{"rendered":"\t\t<div data-elementor-type=\"wp-page\" data-elementor-id=\"1005\" class=\"elementor elementor-1005 elementor-511\" data-elementor-post-type=\"page\">\n\t\t\t\t\t\t<section class=\"elementor-section elementor-top-section elementor-element elementor-element-18f18763 elementor-section-height-full elementor-section-boxed elementor-section-height-default elementor-section-items-middle\" data-id=\"18f18763\" data-element_type=\"section\" data-settings=\"{&quot;background_background&quot;:&quot;slideshow&quot;,&quot;background_slideshow_gallery&quot;:[{&quot;id&quot;:345,&quot;url&quot;:&quot;https:\\\/\\\/bestlasermarking.com\\\/wp-content\\\/uploads\\\/2022\\\/12\\\/Incisione-laser-professionale.jpg&quot;}],&quot;background_slideshow_ken_burns&quot;:&quot;yes&quot;,&quot;background_slideshow_loop&quot;:&quot;yes&quot;,&quot;background_slideshow_slide_duration&quot;:5000,&quot;background_slideshow_slide_transition&quot;:&quot;fade&quot;,&quot;background_slideshow_transition_duration&quot;:500,&quot;background_slideshow_ken_burns_zoom_direction&quot;:&quot;in&quot;}\">\n\t\t\t\t\t\t\t<div class=\"elementor-background-overlay\"><\/div>\n\t\t\t\t\t\t\t<div class=\"elementor-container elementor-column-gap-default\">\n\t\t\t\t\t<div class=\"elementor-column elementor-col-66 elementor-top-column elementor-element elementor-element-45e3b566\" data-id=\"45e3b566\" data-element_type=\"column\">\n\t\t\t<div class=\"elementor-widget-wrap elementor-element-populated\">\n\t\t\t\t\t\t<div class=\"elementor-element elementor-element-c498449 elementor-widget elementor-widget-heading\" data-id=\"c498449\" data-element_type=\"widget\" data-widget_type=\"heading.default\">\n\t\t\t\t<div class=\"elementor-widget-container\">\n\t\t\t\t\t<h1 class=\"elementor-heading-title elementor-size-default\">Laserbeschriftung und -gravur auf Druckgussteilen <\/strong><\/h1>\t\t\t\t<\/div>\n\t\t\t\t<\/div>\n\t\t\t\t<div class=\"elementor-element elementor-element-2c759736 elementor-widget elementor-widget-text-editor\" data-id=\"2c759736\" data-element_type=\"widget\" data-widget_type=\"text-editor.default\">\n\t\t\t\t<div class=\"elementor-widget-container\">\n\t\t\t\t\t\t\t\t\t<p>Professionelle Lasergravurmaschinen und -systeme<\/p>\n\t\t\t\t\t\t\t\t<\/div>\n\t\t\t\t<\/div>\n\t\t\t\t\t<\/div>\n\t\t<\/div>\n\t\t\t\t<div class=\"elementor-column elementor-col-33 elementor-top-column elementor-element elementor-element-320390a6\" data-id=\"320390a6\" data-element_type=\"column\">\n\t\t\t<div class=\"elementor-widget-wrap\">\n\t\t\t\t\t\t\t<\/div>\n\t\t<\/div>\n\t\t\t\t\t<\/div>\n\t\t<\/section>\n\t\t\t\t<section class=\"elementor-section elementor-top-section elementor-element elementor-element-2bfa7acd elementor-reverse-mobile elementor-section-boxed elementor-section-height-default elementor-section-height-default\" data-id=\"2bfa7acd\" data-element_type=\"section\">\n\t\t\t\t\t\t<div class=\"elementor-container elementor-column-gap-no\">\n\t\t\t\t\t<div class=\"elementor-column elementor-col-50 elementor-top-column elementor-element elementor-element-5ed9951e\" data-id=\"5ed9951e\" data-element_type=\"column\">\n\t\t\t<div class=\"elementor-widget-wrap elementor-element-populated\">\n\t\t\t\t\t\t<section class=\"elementor-section elementor-inner-section elementor-element elementor-element-175b3102 elementor-section-boxed elementor-section-height-default elementor-section-height-default\" data-id=\"175b3102\" data-element_type=\"section\">\n\t\t\t\t\t\t<div class=\"elementor-container elementor-column-gap-default\">\n\t\t\t\t\t<div class=\"elementor-column elementor-col-100 elementor-inner-column elementor-element elementor-element-3d07e6d2\" data-id=\"3d07e6d2\" data-element_type=\"column\" data-settings=\"{&quot;background_background&quot;:&quot;classic&quot;}\">\n\t\t\t<div class=\"elementor-widget-wrap elementor-element-populated\">\n\t\t\t\t\t\t<div class=\"elementor-element elementor-element-326dd9cc elementor-widget elementor-widget-image\" data-id=\"326dd9cc\" data-element_type=\"widget\" data-widget_type=\"image.default\">\n\t\t\t\t<div class=\"elementor-widget-container\">\n\t\t\t\t\t\t\t\t\t\t\t\t\t\t\t<img fetchpriority=\"high\" decoding=\"async\" width=\"800\" height=\"534\" src=\"https:\/\/bestlasermarking.com\/wp-content\/uploads\/2022\/12\/Marcatori-Laser-Industriali-1024x683.webp\" class=\"attachment-large size-large wp-image-765\" alt=\"\" srcset=\"https:\/\/bestlasermarking.com\/wp-content\/uploads\/2022\/12\/Marcatori-Laser-Industriali-1024x683.webp 1024w, https:\/\/bestlasermarking.com\/wp-content\/uploads\/2022\/12\/Marcatori-Laser-Industriali-300x200.webp 300w, https:\/\/bestlasermarking.com\/wp-content\/uploads\/2022\/12\/Marcatori-Laser-Industriali-768x512.webp 768w, https:\/\/bestlasermarking.com\/wp-content\/uploads\/2022\/12\/Marcatori-Laser-Industriali-1536x1024.webp 1536w, https:\/\/bestlasermarking.com\/wp-content\/uploads\/2022\/12\/Marcatori-Laser-Industriali-2048x1366.webp 2048w, https:\/\/bestlasermarking.com\/wp-content\/uploads\/2022\/12\/Marcatori-Laser-Industriali-18x12.webp 18w\" sizes=\"(max-width: 800px) 100vw, 800px\" \/>\t\t\t\t\t\t\t\t\t\t\t\t\t\t\t<\/div>\n\t\t\t\t<\/div>\n\t\t\t\t\t<\/div>\n\t\t<\/div>\n\t\t\t\t\t<\/div>\n\t\t<\/section>\n\t\t\t\t<section class=\"elementor-section elementor-inner-section elementor-element elementor-element-29fa7ee6 elementor-section-boxed elementor-section-height-default elementor-section-height-default\" data-id=\"29fa7ee6\" data-element_type=\"section\">\n\t\t\t\t\t\t<div class=\"elementor-container elementor-column-gap-default\">\n\t\t\t\t\t<div class=\"elementor-column elementor-col-50 elementor-inner-column elementor-element elementor-element-1898c14\" data-id=\"1898c14\" data-element_type=\"column\">\n\t\t\t<div class=\"elementor-widget-wrap elementor-element-populated\">\n\t\t\t\t\t\t<div class=\"elementor-element elementor-element-65c186db elementor-widget elementor-widget-image\" data-id=\"65c186db\" data-element_type=\"widget\" data-widget_type=\"image.default\">\n\t\t\t\t<div class=\"elementor-widget-container\">\n\t\t\t\t\t\t\t\t\t\t\t\t\t\t\t<img decoding=\"async\" src=\"https:\/\/bestlasermarking.com\/wp-content\/uploads\/elementor\/thumbs\/Minimark_front_web_tavolo-pz8nvsgx254b3bzxvrwt5k5zhzmnbab34h0euy47ew.webp\" title=\"Minimark_front_web_tavolo\" alt=\"Minimark_front_web_tavolo\" loading=\"lazy\" \/>\t\t\t\t\t\t\t\t\t\t\t\t\t\t\t<\/div>\n\t\t\t\t<\/div>\n\t\t\t\t\t<\/div>\n\t\t<\/div>\n\t\t\t\t<div class=\"elementor-column elementor-col-50 elementor-inner-column elementor-element elementor-element-20474d7f\" data-id=\"20474d7f\" data-element_type=\"column\">\n\t\t\t<div class=\"elementor-widget-wrap elementor-element-populated\">\n\t\t\t\t\t\t<div class=\"elementor-element elementor-element-3fd05882 elementor-widget elementor-widget-image\" data-id=\"3fd05882\" data-element_type=\"widget\" data-widget_type=\"image.default\">\n\t\t\t\t<div class=\"elementor-widget-container\">\n\t\t\t\t\t\t\t\t\t\t\t\t\t\t\t<img decoding=\"async\" src=\"https:\/\/bestlasermarking.com\/wp-content\/uploads\/elementor\/thumbs\/RotomarkX_web-pz8nxsuhodvdxb2t5572zjwh8npwrzaf2f8st94w3s.webp\" title=\"marcatore laser\" alt=\"marcatore laser\" loading=\"lazy\" \/>\t\t\t\t\t\t\t\t\t\t\t\t\t\t\t<\/div>\n\t\t\t\t<\/div>\n\t\t\t\t\t<\/div>\n\t\t<\/div>\n\t\t\t\t\t<\/div>\n\t\t<\/section>\n\t\t\t\t\t<\/div>\n\t\t<\/div>\n\t\t\t\t<div class=\"elementor-column elementor-col-50 elementor-top-column elementor-element elementor-element-73578476\" data-id=\"73578476\" data-element_type=\"column\">\n\t\t\t<div class=\"elementor-widget-wrap elementor-element-populated\">\n\t\t\t\t\t\t<section class=\"elementor-section elementor-inner-section elementor-element elementor-element-7c513c7a elementor-reverse-mobile elementor-section-boxed elementor-section-height-default elementor-section-height-default\" data-id=\"7c513c7a\" data-element_type=\"section\">\n\t\t\t\t\t\t<div class=\"elementor-container elementor-column-gap-default\">\n\t\t\t\t\t<div class=\"elementor-column elementor-col-100 elementor-inner-column elementor-element elementor-element-5a645e7c\" data-id=\"5a645e7c\" data-element_type=\"column\">\n\t\t\t<div class=\"elementor-widget-wrap elementor-element-populated\">\n\t\t\t\t\t\t<div class=\"elementor-element elementor-element-4a012816 elementor-widget__width-auto elementor-widget-divider--view-line elementor-widget elementor-widget-divider\" data-id=\"4a012816\" data-element_type=\"widget\" data-widget_type=\"divider.default\">\n\t\t\t\t<div class=\"elementor-widget-container\">\n\t\t\t\t\t\t\t<div class=\"elementor-divider\">\n\t\t\t<span class=\"elementor-divider-separator\">\n\t\t\t\t\t\t<\/span>\n\t\t<\/div>\n\t\t\t\t\t\t<\/div>\n\t\t\t\t<\/div>\n\t\t\t\t<div class=\"elementor-element elementor-element-194716d4 elementor-widget__width-auto elementor-widget elementor-widget-heading\" data-id=\"194716d4\" data-element_type=\"widget\" data-widget_type=\"heading.default\">\n\t\t\t\t<div class=\"elementor-widget-container\">\n\t\t\t\t\t<h2 class=\"elementor-heading-title elementor-size-default\">Lasergravur auf Rohbauteilen<\/h2>\t\t\t\t<\/div>\n\t\t\t\t<\/div>\n\t\t\t\t<div class=\"elementor-element elementor-element-2221107e elementor-widget elementor-widget-spacer\" data-id=\"2221107e\" data-element_type=\"widget\" data-widget_type=\"spacer.default\">\n\t\t\t\t<div class=\"elementor-widget-container\">\n\t\t\t\t\t\t\t<div class=\"elementor-spacer\">\n\t\t\t<div class=\"elementor-spacer-inner\"><\/div>\n\t\t<\/div>\n\t\t\t\t\t\t<\/div>\n\t\t\t\t<\/div>\n\t\t\t\t<div class=\"elementor-element elementor-element-6f25b857 elementor-widget elementor-widget-text-editor\" data-id=\"6f25b857\" data-element_type=\"widget\" data-widget_type=\"text-editor.default\">\n\t\t\t\t<div class=\"elementor-widget-container\">\n\t\t\t\t\t\t\t\t\t<p>Das Druckgussverfahren ist ein Grundpfeiler der Fertigungsindustrie und wird besonders f\u00fcr seine F\u00e4higkeit gesch\u00e4tzt, Bauteile mit pr\u00e4zisen Details und engen Toleranzen herzustellen. Um die R\u00fcckverfolgbarkeit und Authentifizierung dieser Komponenten weiter zu verbessern, bietet LASIT modernste Lasermarkierungsl\u00f6sungen an, die die Pr\u00e4zision des Druckgusses mit der innovativsten Lasertechnologie kombinieren.<\/p>\n<p>Druckgussteile bestehen typischerweise aus Metalllegierungen wie Aluminium, Zink oder Magnesium, die durch den Einsatz von Lasermaschinen effektiv markiert werden k\u00f6nnen. Diese LASIT-Systeme sind dank ihrer fortschrittlichen Technologie in der Lage, klare, lesbare und dauerhafte Markierungen auf Druckgussteilen zu erzeugen, ohne deren Struktur oder Integrit\u00e4t zu beeintr\u00e4chtigen.<\/p>\n\t\t\t\t\t\t\t\t<\/div>\n\t\t\t\t<\/div>\n\t\t\t\t\t<\/div>\n\t\t<\/div>\n\t\t\t\t\t<\/div>\n\t\t<\/section>\n\t\t\t\t\t<\/div>\n\t\t<\/div>\n\t\t\t\t\t<\/div>\n\t\t<\/section>\n\t\t\t\t<section class=\"elementor-section elementor-top-section elementor-element elementor-element-7d8b6f37 elementor-section-boxed elementor-section-height-default elementor-section-height-default\" data-id=\"7d8b6f37\" data-element_type=\"section\" data-settings=\"{&quot;background_background&quot;:&quot;classic&quot;}\">\n\t\t\t\t\t\t<div class=\"elementor-container elementor-column-gap-default\">\n\t\t\t\t\t<div class=\"elementor-column elementor-col-100 elementor-top-column elementor-element elementor-element-3ac0279\" data-id=\"3ac0279\" data-element_type=\"column\">\n\t\t\t<div class=\"elementor-widget-wrap elementor-element-populated\">\n\t\t\t\t\t\t<section class=\"elementor-section elementor-inner-section elementor-element elementor-element-65a07cdc elementor-section-boxed elementor-section-height-default elementor-section-height-default\" data-id=\"65a07cdc\" data-element_type=\"section\">\n\t\t\t\t\t\t<div class=\"elementor-container elementor-column-gap-default\">\n\t\t\t\t\t<div class=\"elementor-column elementor-col-100 elementor-inner-column elementor-element elementor-element-66500928\" data-id=\"66500928\" data-element_type=\"column\">\n\t\t\t<div class=\"elementor-widget-wrap elementor-element-populated\">\n\t\t\t\t\t\t<div class=\"elementor-element elementor-element-4127b683 elementor-widget__width-auto elementor-widget-divider--view-line elementor-widget elementor-widget-divider\" data-id=\"4127b683\" data-element_type=\"widget\" data-widget_type=\"divider.default\">\n\t\t\t\t<div class=\"elementor-widget-container\">\n\t\t\t\t\t\t\t<div class=\"elementor-divider\">\n\t\t\t<span class=\"elementor-divider-separator\">\n\t\t\t\t\t\t<\/span>\n\t\t<\/div>\n\t\t\t\t\t\t<\/div>\n\t\t\t\t<\/div>\n\t\t\t\t<div class=\"elementor-element elementor-element-75a5d14 elementor-widget__width-auto elementor-widget elementor-widget-heading\" data-id=\"75a5d14\" data-element_type=\"widget\" data-widget_type=\"heading.default\">\n\t\t\t\t<div class=\"elementor-widget-container\">\n\t\t\t\t\t<h2 class=\"elementor-heading-title elementor-size-default\">Markierungsl\u00f6sung f\u00fcr Gie\u00dfereien<\/h2>\t\t\t\t<\/div>\n\t\t\t\t<\/div>\n\t\t\t\t<div class=\"elementor-element elementor-element-17d2a179 elementor-widget elementor-widget-spacer\" data-id=\"17d2a179\" data-element_type=\"widget\" data-widget_type=\"spacer.default\">\n\t\t\t\t<div class=\"elementor-widget-container\">\n\t\t\t\t\t\t\t<div class=\"elementor-spacer\">\n\t\t\t<div class=\"elementor-spacer-inner\"><\/div>\n\t\t<\/div>\n\t\t\t\t\t\t<\/div>\n\t\t\t\t<\/div>\n\t\t\t\t<div class=\"elementor-element elementor-element-4e12b584 elementor-widget elementor-widget-text-editor\" data-id=\"4e12b584\" data-element_type=\"widget\" data-widget_type=\"text-editor.default\">\n\t\t\t\t<div class=\"elementor-widget-container\">\n\t\t\t\t\t\t\t\t\t<p>Die <strong>Laserbeschriftung<\/strong> von Druckgussbauteilen bietet zahlreiche Vorteile. Erstens erm\u00f6glicht es eine pr\u00e4zise und detaillierte Markierung, die f\u00fcr Barcodes, QR-Codes, Seriennummern oder andere Informationen, die millimetergenau aufgebracht werden m\u00fcssen, unerl\u00e4sslich ist. Dies tr\u00e4gt dazu bei, die R\u00fcckverfolgbarkeit der Komponenten und die Einhaltung von Qualit\u00e4tsstandards sicherzustellen.<\/p>\n<p>Geschwindigkeit ist ein weiterer entscheidender Vorteil der Lasermarkierung. Im Gegensatz zu anderen Markierungsmethoden ist die <a href=\"https:\/\/bestlasermarking.com\/de\/laser-gravur\/\"><strong>Lasergravur<\/strong><\/a> unglaublich schnell und spart wertvolle Zeit in der Produktionslinie. Dar\u00fcber hinaus handelt es sich bei der Laserbeschriftung um einen ber\u00fchrungslosen Prozess, was bedeutet, dass es zu keinem physischen Verschlei\u00df der Teile oder Werkzeuge kommt, wodurch die Lebensdauer der Maschine erh\u00f6ht und die Wartungskosten gesenkt werden.<\/p>\n<p>Die Lasermarkierungsl\u00f6sungen von <a href=\"https:\/\/bestlasermarking.com\/de\/wer-wir-sind-lasit\/\"><strong>LASIT<\/strong><\/a> f\u00fcr Druckgussteile sind hochgradig anpassbar. Ganz gleich, ob Sie kleine Bauteilserien oder gro\u00dfe Mengen markieren m\u00fcssen, unsere Lasermaschinen k\u00f6nnen so konfiguriert werden, dass sie Ihren spezifischen Anforderungen entsprechen. Die intuitive Software erm\u00f6glicht die vollst\u00e4ndige Kontrolle des Markierungsprozesses und gew\u00e4hrleistet so konsistente, qualitativ hochwertige Ergebnisse.<\/p>\n<p>Im Hinblick auf die Nachhaltigkeit ist die Lasermarkierung eine umweltfreundliche Option. Da der Prozess digital ist, fallen keine Tinten- oder L\u00f6sungsmittelabf\u00e4lle an. Dies tr\u00e4gt dazu bei, die Umweltauswirkungen des Herstellungsprozesses zu reduzieren.<\/p>\n<p>Die <strong>Lasermarkierung auf Druckgussbauteilen<\/strong> ist eine ideale L\u00f6sung f\u00fcr Unternehmen, die eine schnelle, pr\u00e4zise und nachhaltige Markierungsmethode suchen. Mit seiner langj\u00e4hrigen Erfahrung in der Branche ist LASIT der ideale Partner, um Lasermarkierungsl\u00f6sungen in Ihre Produktionslinie zu integrieren und so eine optimale R\u00fcckverfolgbarkeit und hohe Bauteilqualit\u00e4t zu gew\u00e4hrleisten.<\/p>\n<p>Die Lasermarkierung in Gie\u00dfereien stellt eine bedeutende Weiterentwicklung der R\u00fcckverfolgbarkeit und Identifizierung von Druckgusskomponenten dar. Diese Technologie eignet sich besonders f\u00fcr die Produktionsumgebung in Gie\u00dfereien, wo die Kennzeichnung von starken Metalllegierungen Priorit\u00e4t hat.<\/p>\n<p>Mit der Lasermarkierung in einer Gie\u00dferei k\u00f6nnen Sie Codes, Seriennummern, Firmenlogos oder andere identifizierende Informationen direkt auf die Oberfl\u00e4che von Druckgusskomponenten gravieren. Diese Technik gew\u00e4hrleistet nicht nur eine dauerhafte Identifizierung, sondern tr\u00e4gt auch zur F\u00e4lschungsbek\u00e4mpfung bei und erleichtert die \u00dcberwachung des Produktlebenszyklus.<\/p>\n<p>Eine der Hauptqualit\u00e4ten der Lasermarkierung ist in diesem Zusammenhang ihr nicht-invasiver Charakter. Im Gegensatz zu anderen Markierungsmethoden wird beim Laser kein Material abgetragen und die Oberfl\u00e4che des Bauteils nicht wesentlich ver\u00e4ndert. Dadurch bleiben die strukturelle Festigkeit und die Materialeigenschaften erhalten, ein entscheidender Aspekt bei Bauteilen, die oft hohen mechanischen oder thermischen Belastungen standhalten m\u00fcssen.<\/p>\n<p>Dar\u00fcber hinaus ist die Flexibilit\u00e4t der Lasermarkierung besonders in Gie\u00dfereien von Vorteil. Mit der Anpassungsf\u00e4higkeit an verschiedene Materialien und der M\u00f6glichkeit, neue Designs oder Informationen einfach zu programmieren, bieten LASIT-Lasersysteme eine effiziente und vielseitige L\u00f6sung, die den mit der Produktionsumstellung verbundenen Zeit- und Kostenaufwand reduziert.<\/p>\n<p>In Anbetracht der Umgebung einer Gie\u00dferei, in der Staub und hohe Temperaturen f\u00fcr andere Maschinentypen problematisch sein k\u00f6nnen, sind die Lasermarkierungsl\u00f6sungen von LASIT auf Robustheit und Zuverl\u00e4ssigkeit ausgelegt und gew\u00e4hrleisten optimale Leistung auch unter anspruchsvollsten Bedingungen<\/p>\n\t\t\t\t\t\t\t\t<\/div>\n\t\t\t\t<\/div>\n\t\t\t\t\t<\/div>\n\t\t<\/div>\n\t\t\t\t\t<\/div>\n\t\t<\/section>\n\t\t\t\t\t<\/div>\n\t\t<\/div>\n\t\t\t\t\t<\/div>\n\t\t<\/section>\n\t\t\t\t<section class=\"elementor-section elementor-top-section elementor-element elementor-element-2cca0281 elementor-section-boxed elementor-section-height-default elementor-section-height-default\" data-id=\"2cca0281\" data-element_type=\"section\">\n\t\t\t\t\t\t<div class=\"elementor-container elementor-column-gap-default\">\n\t\t\t\t\t<div class=\"elementor-column elementor-col-100 elementor-top-column elementor-element elementor-element-2f063f53\" data-id=\"2f063f53\" data-element_type=\"column\">\n\t\t\t<div class=\"elementor-widget-wrap\">\n\t\t\t\t\t\t\t<\/div>\n\t\t<\/div>\n\t\t\t\t\t<\/div>\n\t\t<\/section>\n\t\t\t\t<\/div>\n\t\t","protected":false},"excerpt":{"rendered":"<p>Laserbeschriftung und -gravur auf Druckgussteilen Professionelle Lasergravurmaschinen und -systeme Lasergravur auf Rohbauteilen Das Druckgussverfahren ist ein Grundpfeiler der Fertigungsindustrie und wird besonders f\u00fcr seine F\u00e4higkeit gesch\u00e4tzt, Bauteile mit pr\u00e4zisen Details und engen Toleranzen herzustellen. Um die R\u00fcckverfolgbarkeit und Authentifizierung dieser Komponenten weiter zu verbessern, bietet LASIT modernste Lasermarkierungsl\u00f6sungen an, die die Pr\u00e4zision des Druckgusses mit [&hellip;]<\/p>\n","protected":false},"author":2,"featured_media":0,"parent":0,"menu_order":0,"comment_status":"closed","ping_status":"closed","template":"elementor_header_footer","meta":{"footnotes":""},"class_list":["post-1005","page","type-page","status-publish","hentry"],"_links":{"self":[{"href":"https:\/\/bestlasermarking.com\/de\/wp-json\/wp\/v2\/pages\/1005","targetHints":{"allow":["GET"]}}],"collection":[{"href":"https:\/\/bestlasermarking.com\/de\/wp-json\/wp\/v2\/pages"}],"about":[{"href":"https:\/\/bestlasermarking.com\/de\/wp-json\/wp\/v2\/types\/page"}],"author":[{"embeddable":true,"href":"https:\/\/bestlasermarking.com\/de\/wp-json\/wp\/v2\/users\/2"}],"replies":[{"embeddable":true,"href":"https:\/\/bestlasermarking.com\/de\/wp-json\/wp\/v2\/comments?post=1005"}],"version-history":[{"count":1,"href":"https:\/\/bestlasermarking.com\/de\/wp-json\/wp\/v2\/pages\/1005\/revisions"}],"predecessor-version":[{"id":1006,"href":"https:\/\/bestlasermarking.com\/de\/wp-json\/wp\/v2\/pages\/1005\/revisions\/1006"}],"wp:attachment":[{"href":"https:\/\/bestlasermarking.com\/de\/wp-json\/wp\/v2\/media?parent=1005"}],"curies":[{"name":"wp","href":"https:\/\/api.w.org\/{rel}","templated":true}]}}