{"id":1026,"date":"2023-12-13T09:44:34","date_gmt":"2023-12-13T09:44:34","guid":{"rendered":"https:\/\/bestlasermarking.com\/laserreinigung\/"},"modified":"2024-02-01T09:40:25","modified_gmt":"2024-02-01T09:40:25","slug":"laserreinigung","status":"publish","type":"page","link":"https:\/\/bestlasermarking.com\/de\/laserreinigung\/","title":{"rendered":"Laserreinigung"},"content":{"rendered":"\t\t<div data-elementor-type=\"wp-page\" data-elementor-id=\"1026\" class=\"elementor elementor-1026 elementor-611\" data-elementor-post-type=\"page\">\n\t\t\t\t\t\t<section class=\"elementor-section elementor-top-section elementor-element elementor-element-18f18763 elementor-section-height-full elementor-section-boxed elementor-section-height-default elementor-section-items-middle\" data-id=\"18f18763\" data-element_type=\"section\" data-settings=\"{&quot;background_background&quot;:&quot;slideshow&quot;,&quot;background_slideshow_gallery&quot;:[{&quot;id&quot;:345,&quot;url&quot;:&quot;https:\\\/\\\/bestlasermarking.com\\\/wp-content\\\/uploads\\\/2022\\\/12\\\/Incisione-laser-professionale.jpg&quot;}],&quot;background_slideshow_ken_burns&quot;:&quot;yes&quot;,&quot;background_slideshow_loop&quot;:&quot;yes&quot;,&quot;background_slideshow_slide_duration&quot;:5000,&quot;background_slideshow_slide_transition&quot;:&quot;fade&quot;,&quot;background_slideshow_transition_duration&quot;:500,&quot;background_slideshow_ken_burns_zoom_direction&quot;:&quot;in&quot;}\">\n\t\t\t\t\t\t\t<div class=\"elementor-background-overlay\"><\/div>\n\t\t\t\t\t\t\t<div class=\"elementor-container elementor-column-gap-default\">\n\t\t\t\t\t<div class=\"elementor-column elementor-col-66 elementor-top-column elementor-element elementor-element-45e3b566\" data-id=\"45e3b566\" data-element_type=\"column\">\n\t\t\t<div class=\"elementor-widget-wrap elementor-element-populated\">\n\t\t\t\t\t\t<div class=\"elementor-element elementor-element-c498449 elementor-widget elementor-widget-heading\" data-id=\"c498449\" data-element_type=\"widget\" data-widget_type=\"heading.default\">\n\t\t\t\t<div class=\"elementor-widget-container\">\n\t\t\t\t\t<h1 class=\"elementor-heading-title elementor-size-default\">INDUSTRIELLE <strong>LASERREINIGUNGS<\/strong>MASCHINEN<\/h1>\t\t\t\t<\/div>\n\t\t\t\t<\/div>\n\t\t\t\t<div class=\"elementor-element elementor-element-2c759736 elementor-widget elementor-widget-text-editor\" data-id=\"2c759736\" data-element_type=\"widget\" data-widget_type=\"text-editor.default\">\n\t\t\t\t<div class=\"elementor-widget-container\">\n\t\t\t\t\t\t\t\t\t<p>Professionelle Laserreinigung<\/p>\n\t\t\t\t\t\t\t\t<\/div>\n\t\t\t\t<\/div>\n\t\t\t\t\t<\/div>\n\t\t<\/div>\n\t\t\t\t<div class=\"elementor-column elementor-col-33 elementor-top-column elementor-element elementor-element-320390a6\" data-id=\"320390a6\" data-element_type=\"column\">\n\t\t\t<div class=\"elementor-widget-wrap\">\n\t\t\t\t\t\t\t<\/div>\n\t\t<\/div>\n\t\t\t\t\t<\/div>\n\t\t<\/section>\n\t\t\t\t<section class=\"elementor-section elementor-top-section elementor-element elementor-element-2bfa7acd elementor-reverse-mobile elementor-section-boxed elementor-section-height-default elementor-section-height-default\" data-id=\"2bfa7acd\" data-element_type=\"section\">\n\t\t\t\t\t\t<div class=\"elementor-container elementor-column-gap-no\">\n\t\t\t\t\t<div class=\"elementor-column elementor-col-50 elementor-top-column elementor-element elementor-element-5ed9951e\" data-id=\"5ed9951e\" data-element_type=\"column\">\n\t\t\t<div class=\"elementor-widget-wrap elementor-element-populated\">\n\t\t\t\t\t\t<section class=\"elementor-section elementor-inner-section elementor-element elementor-element-175b3102 elementor-section-boxed elementor-section-height-default elementor-section-height-default\" data-id=\"175b3102\" data-element_type=\"section\">\n\t\t\t\t\t\t<div class=\"elementor-container elementor-column-gap-default\">\n\t\t\t\t\t<div class=\"elementor-column elementor-col-100 elementor-inner-column elementor-element elementor-element-3d07e6d2\" data-id=\"3d07e6d2\" data-element_type=\"column\" data-settings=\"{&quot;background_background&quot;:&quot;classic&quot;}\">\n\t\t\t<div class=\"elementor-widget-wrap elementor-element-populated\">\n\t\t\t\t\t\t<div class=\"elementor-element elementor-element-326dd9cc elementor-widget elementor-widget-image\" data-id=\"326dd9cc\" data-element_type=\"widget\" data-widget_type=\"image.default\">\n\t\t\t\t<div class=\"elementor-widget-container\">\n\t\t\t\t\t\t\t\t\t\t\t\t\t\t\t<img fetchpriority=\"high\" decoding=\"async\" width=\"403\" height=\"323\" src=\"https:\/\/bestlasermarking.com\/wp-content\/uploads\/2022\/12\/incisione-laser.webp\" class=\"attachment-large size-large wp-image-797\" alt=\"\" srcset=\"https:\/\/bestlasermarking.com\/wp-content\/uploads\/2022\/12\/incisione-laser.webp 403w, https:\/\/bestlasermarking.com\/wp-content\/uploads\/2022\/12\/incisione-laser-300x240.webp 300w, https:\/\/bestlasermarking.com\/wp-content\/uploads\/2022\/12\/incisione-laser-15x12.webp 15w\" sizes=\"(max-width: 403px) 100vw, 403px\" \/>\t\t\t\t\t\t\t\t\t\t\t\t\t\t\t<\/div>\n\t\t\t\t<\/div>\n\t\t\t\t\t<\/div>\n\t\t<\/div>\n\t\t\t\t\t<\/div>\n\t\t<\/section>\n\t\t\t\t<section class=\"elementor-section elementor-inner-section elementor-element elementor-element-29fa7ee6 elementor-section-boxed elementor-section-height-default elementor-section-height-default\" data-id=\"29fa7ee6\" data-element_type=\"section\">\n\t\t\t\t\t\t<div class=\"elementor-container elementor-column-gap-default\">\n\t\t\t\t\t<div class=\"elementor-column elementor-col-50 elementor-inner-column elementor-element elementor-element-1898c14\" data-id=\"1898c14\" data-element_type=\"column\">\n\t\t\t<div class=\"elementor-widget-wrap elementor-element-populated\">\n\t\t\t\t\t\t<div class=\"elementor-element elementor-element-65c186db elementor-widget elementor-widget-image\" data-id=\"65c186db\" data-element_type=\"widget\" data-widget_type=\"image.default\">\n\t\t\t\t<div class=\"elementor-widget-container\">\n\t\t\t\t\t\t\t\t\t\t\t\t\t\t\t<img decoding=\"async\" src=\"https:\/\/bestlasermarking.com\/wp-content\/uploads\/elementor\/thumbs\/Minimark_front_web_tavolo-pz8nvsgx254b3bzxvrwt5k5zhzmnbab34h0euy47ew.webp\" title=\"Minimark_front_web_tavolo\" alt=\"Minimark_front_web_tavolo\" loading=\"lazy\" \/>\t\t\t\t\t\t\t\t\t\t\t\t\t\t\t<\/div>\n\t\t\t\t<\/div>\n\t\t\t\t\t<\/div>\n\t\t<\/div>\n\t\t\t\t<div class=\"elementor-column elementor-col-50 elementor-inner-column elementor-element elementor-element-20474d7f\" data-id=\"20474d7f\" data-element_type=\"column\">\n\t\t\t<div class=\"elementor-widget-wrap elementor-element-populated\">\n\t\t\t\t\t\t<div class=\"elementor-element elementor-element-3fd05882 elementor-widget elementor-widget-image\" data-id=\"3fd05882\" data-element_type=\"widget\" data-widget_type=\"image.default\">\n\t\t\t\t<div class=\"elementor-widget-container\">\n\t\t\t\t\t\t\t\t\t\t\t\t\t\t\t<img decoding=\"async\" src=\"https:\/\/bestlasermarking.com\/wp-content\/uploads\/elementor\/thumbs\/RotomarkX_web-pz8nxsuhodvdxb2t5572zjwh8npwrzaf2f8st94w3s.webp\" title=\"marcatore laser\" alt=\"marcatore laser\" loading=\"lazy\" \/>\t\t\t\t\t\t\t\t\t\t\t\t\t\t\t<\/div>\n\t\t\t\t<\/div>\n\t\t\t\t\t<\/div>\n\t\t<\/div>\n\t\t\t\t\t<\/div>\n\t\t<\/section>\n\t\t\t\t\t<\/div>\n\t\t<\/div>\n\t\t\t\t<div class=\"elementor-column elementor-col-50 elementor-top-column elementor-element elementor-element-73578476\" data-id=\"73578476\" data-element_type=\"column\">\n\t\t\t<div class=\"elementor-widget-wrap elementor-element-populated\">\n\t\t\t\t\t\t<section class=\"elementor-section elementor-inner-section elementor-element elementor-element-7c513c7a elementor-reverse-mobile elementor-section-boxed elementor-section-height-default elementor-section-height-default\" data-id=\"7c513c7a\" data-element_type=\"section\">\n\t\t\t\t\t\t<div class=\"elementor-container elementor-column-gap-default\">\n\t\t\t\t\t<div class=\"elementor-column elementor-col-100 elementor-inner-column elementor-element elementor-element-5a645e7c\" data-id=\"5a645e7c\" data-element_type=\"column\">\n\t\t\t<div class=\"elementor-widget-wrap elementor-element-populated\">\n\t\t\t\t\t\t<div class=\"elementor-element elementor-element-4a012816 elementor-widget__width-auto elementor-widget-divider--view-line elementor-widget elementor-widget-divider\" data-id=\"4a012816\" data-element_type=\"widget\" data-widget_type=\"divider.default\">\n\t\t\t\t<div class=\"elementor-widget-container\">\n\t\t\t\t\t\t\t<div class=\"elementor-divider\">\n\t\t\t<span class=\"elementor-divider-separator\">\n\t\t\t\t\t\t<\/span>\n\t\t<\/div>\n\t\t\t\t\t\t<\/div>\n\t\t\t\t<\/div>\n\t\t\t\t<div class=\"elementor-element elementor-element-194716d4 elementor-widget__width-auto elementor-widget elementor-widget-heading\" data-id=\"194716d4\" data-element_type=\"widget\" data-widget_type=\"heading.default\">\n\t\t\t\t<div class=\"elementor-widget-container\">\n\t\t\t\t\t<h2 class=\"elementor-heading-title elementor-size-default\">Was ist Laserreinigung?<\/h2>\t\t\t\t<\/div>\n\t\t\t\t<\/div>\n\t\t\t\t<div class=\"elementor-element elementor-element-2221107e elementor-widget elementor-widget-spacer\" data-id=\"2221107e\" data-element_type=\"widget\" data-widget_type=\"spacer.default\">\n\t\t\t\t<div class=\"elementor-widget-container\">\n\t\t\t\t\t\t\t<div class=\"elementor-spacer\">\n\t\t\t<div class=\"elementor-spacer-inner\"><\/div>\n\t\t<\/div>\n\t\t\t\t\t\t<\/div>\n\t\t\t\t<\/div>\n\t\t\t\t<div class=\"elementor-element elementor-element-6f25b857 elementor-widget elementor-widget-text-editor\" data-id=\"6f25b857\" data-element_type=\"widget\" data-widget_type=\"text-editor.default\">\n\t\t\t\t<div class=\"elementor-widget-container\">\n\t\t\t\t\t\t\t\t\t<p>Die <strong>Laserreinigung<\/strong> stellt eine innovative und fortschrittliche L\u00f6sung zur Entfernung von R\u00fcckst\u00e4nden und Verunreinigungen von verschiedenen Oberfl\u00e4chen dar. Mit der Energie eines konzentrierten Laserstrahls erm\u00f6glicht diese Methode eine punktuelle und pr\u00e4zise Reinigung ohne physischen Kontakt mit dem zu behandelnden Material.<\/p>\n<p>Diese Technik basiert auf der Emission eines Laserstrahls, der bei Kontakt mit der Oberfl\u00e4che eine Verdampfungs- oder Sublimationswirkung der vorhandenen R\u00fcckst\u00e4nde oder Verunreinigungen erzeugt. Der Prozess erfolgt schnell und kontrolliert und gew\u00e4hrleistet so eine hohe Effizienz und minimale Ver\u00e4nderung des Grundmaterials.<\/p>\n<p>Die Laserreinigung eignet sich f\u00fcr verschiedene Materialien und ist besonders effektiv bei Metallen, Kunststoffen, Stoffen und sogar bei empfindlichen Materialien wie Holz oder Glas. Dies macht es zu einer idealen Wahl in verschiedenen Industriebereichen, von der Maschinenwartung \u00fcber die Vorbereitung von Oberfl\u00e4chen f\u00fcr Schwei\u00df- oder Lackiervorg\u00e4nge bis hin zur Reinigung kultureller und historischer Verm\u00f6genswerte.<\/p>\n<p>Dar\u00fcber hinaus ist der Laserreinigungsprozess \u00f6kologisch nachhaltig, da keine Chemikalien oder L\u00f6sungsmittel erforderlich sind, wodurch die Auswirkungen auf die Umwelt und die Risiken f\u00fcr die Gesundheit der Bediener verringert werden. Seine Pr\u00e4zision und die F\u00e4higkeit, Bereiche zu erreichen, die manuell schwer zu reinigen sind, machen es zu einer technologisch f\u00fchrenden L\u00f6sung im Bereich der industriellen Reinigung und Restaurierung.<\/p>\n<p>Dank seines hochpr\u00e4zisen Laserstrahls k\u00f6nnen Sie Materialien effizient und mit hoher Qualit\u00e4t verbinden.<\/p>\n<p>Diese Methodik weist bemerkenswerte Merkmale auf <strong>Vorteile<\/strong> im Vergleich zu anderen traditionellen Schwei\u00dftechniken. Mit einem breiten Spektrum industrieller Anwendungen bietet das Laserschwei\u00dfen eine hohe Flexibilit\u00e4t und Vielseitigkeit.<\/p>\n<p>Entdecken wir seine Funktionsprinzipien, Materialien und Anwendungen, Verfahren und Techniken, Systeme und Ausr\u00fcstung, Sicherheit und Vorsichtsma\u00dfnahmen sowie zuk\u00fcnftige Entwicklungen, die es charakterisieren.<\/p>\n\t\t\t\t\t\t\t\t<\/div>\n\t\t\t\t<\/div>\n\t\t\t\t\t<\/div>\n\t\t<\/div>\n\t\t\t\t\t<\/div>\n\t\t<\/section>\n\t\t\t\t\t<\/div>\n\t\t<\/div>\n\t\t\t\t\t<\/div>\n\t\t<\/section>\n\t\t\t\t<section class=\"elementor-section elementor-top-section elementor-element elementor-element-7d8b6f37 elementor-section-boxed elementor-section-height-default elementor-section-height-default\" data-id=\"7d8b6f37\" data-element_type=\"section\" data-settings=\"{&quot;background_background&quot;:&quot;classic&quot;}\">\n\t\t\t\t\t\t<div class=\"elementor-container elementor-column-gap-default\">\n\t\t\t\t\t<div class=\"elementor-column elementor-col-100 elementor-top-column elementor-element elementor-element-3ac0279\" data-id=\"3ac0279\" data-element_type=\"column\">\n\t\t\t<div class=\"elementor-widget-wrap elementor-element-populated\">\n\t\t\t\t\t\t<section class=\"elementor-section elementor-inner-section elementor-element elementor-element-65a07cdc elementor-section-boxed elementor-section-height-default elementor-section-height-default\" data-id=\"65a07cdc\" data-element_type=\"section\">\n\t\t\t\t\t\t<div class=\"elementor-container elementor-column-gap-default\">\n\t\t\t\t\t<div class=\"elementor-column elementor-col-100 elementor-inner-column elementor-element elementor-element-66500928\" data-id=\"66500928\" data-element_type=\"column\">\n\t\t\t<div class=\"elementor-widget-wrap elementor-element-populated\">\n\t\t\t\t\t\t<div class=\"elementor-element elementor-element-4127b683 elementor-widget__width-auto elementor-widget-divider--view-line elementor-widget elementor-widget-divider\" data-id=\"4127b683\" data-element_type=\"widget\" data-widget_type=\"divider.default\">\n\t\t\t\t<div class=\"elementor-widget-container\">\n\t\t\t\t\t\t\t<div class=\"elementor-divider\">\n\t\t\t<span class=\"elementor-divider-separator\">\n\t\t\t\t\t\t<\/span>\n\t\t<\/div>\n\t\t\t\t\t\t<\/div>\n\t\t\t\t<\/div>\n\t\t\t\t<div class=\"elementor-element elementor-element-17d2a179 elementor-widget elementor-widget-spacer\" data-id=\"17d2a179\" data-element_type=\"widget\" data-widget_type=\"spacer.default\">\n\t\t\t\t<div class=\"elementor-widget-container\">\n\t\t\t\t\t\t\t<div class=\"elementor-spacer\">\n\t\t\t<div class=\"elementor-spacer-inner\"><\/div>\n\t\t<\/div>\n\t\t\t\t\t\t<\/div>\n\t\t\t\t<\/div>\n\t\t\t\t<div class=\"elementor-element elementor-element-4e12b584 elementor-widget elementor-widget-text-editor\" data-id=\"4e12b584\" data-element_type=\"widget\" data-widget_type=\"text-editor.default\">\n\t\t\t\t<div class=\"elementor-widget-container\">\n\t\t\t\t\t\t\t\t\t<h4>Vorteile der Laserreinigung und professioneller Maschinen<\/h4>\n<p>Laserreinigungsmaschinen sind fortschrittliche Ger\u00e4te, die zur effektiven Entfernung von Verunreinigungen und R\u00fcckst\u00e4nden von einer Vielzahl von Oberfl\u00e4chen entwickelt wurden. Diese Systeme nutzen Lasertechnologie, um einen konzentrierten Lichtstrahl zu erzeugen, der, wenn er auf die zu reinigende Oberfl\u00e4che gerichtet wird, Schmutz, Oxidation, Farbe oder andere Arten von Ablagerungen entfernt, ohne das darunter liegende Material zu besch\u00e4digen.<\/p>\n<h4>Betrieb von Laserreinigungsmaschinen<\/h4>\n<p>Diese Ger\u00e4te funktionieren durch einen Prozess, bei dem der Laser auf die Oberfl\u00e4che trifft und einen thermischen Effekt erzeugt, der Schmutz oder unerw\u00fcnschte Beschichtungen entfernt. Diese Technik zeichnet sich durch ihre Pr\u00e4zision aus und erm\u00f6glicht die Reinigung komplexer oder empfindlicher Oberfl\u00e4chen ohne das Risiko von Abrieb oder Besch\u00e4digung. Geschwindigkeit und Leistung des Lasers k\u00f6nnen je nach Materialart und Grad der zu entfernenden Verschmutzung oder Oxidation angepasst werden.<\/p>\n<h4>Vorteile von Laserreinigungsmaschinen<\/h4>\n<ol>\n<li><strong>Pr\u00e4zision und Selektivit\u00e4t<\/strong>: Mit der Laserreinigung k\u00f6nnen Sie bestimmte Bereiche behandeln, ohne die umliegenden Bereiche zu beeintr\u00e4chtigen.<\/li>\n<li><strong>Effizienz<\/strong>: Diese Methode ist bemerkenswert schnell und kann Oberfl\u00e4chen viel effizienter reinigen als herk\u00f6mmliche Methoden.<\/li>\n<li><strong>Umweltfreundlich<\/strong>: Da es sich um ein chemikalienfreies Verfahren handelt, ist es umweltfreundlich und reduziert den Abfall und die Belastung durch Schadstoffe.<\/li>\n<li><strong>Vielseitigkeit<\/strong>: Geeignet f\u00fcr eine Vielzahl von Materialien, einschlie\u00dflich Metallen, Kunststoffen und Verbundwerkstoffen.<\/li>\n<li><strong>Minimaler Verschlei\u00df<\/strong>: Die Laserreinigung erfordert keinen physischen Kontakt, was weniger Verschlei\u00df und weniger Wartung der Oberfl\u00e4chen bedeutet.<\/li>\n<\/ol>\n<h4>Industrielle Anwendungen und Restaurierung<\/h4>\n<p>Laserreinigungsmaschinen werden in verschiedenen industriellen Anwendungen eingesetzt, von der Entfernung von Rost und Farbe bis hin zur Vorbereitung von Oberfl\u00e4chen f\u00fcr Lackier- oder Schwei\u00dfprozesse. Sie werden auch bei der Restaurierung von Kunstwerken und historischen Denkm\u00e4lern eingesetzt, wo Feinheit und Pr\u00e4zision von grundlegender Bedeutung sind.<\/p>\n<p>Zusammenfassend stellen Laserreinigungsmaschinen eine bedeutende Innovation im Bereich der industriellen Wartung und Sanierung dar und bieten einen effizienten, pr\u00e4zisen und umweltfreundlichen Ansatz zur Reinigung verschiedener Oberfl\u00e4chen.<\/p><\/p>\n\t\t\t\t\t\t\t\t<\/div>\n\t\t\t\t<\/div>\n\t\t\t\t\t<\/div>\n\t\t<\/div>\n\t\t\t\t\t<\/div>\n\t\t<\/section>\n\t\t\t\t\t<\/div>\n\t\t<\/div>\n\t\t\t\t\t<\/div>\n\t\t<\/section>\n\t\t\t\t<section class=\"elementor-section elementor-top-section elementor-element elementor-element-2cca0281 elementor-section-boxed elementor-section-height-default elementor-section-height-default\" data-id=\"2cca0281\" data-element_type=\"section\">\n\t\t\t\t\t\t<div class=\"elementor-container elementor-column-gap-default\">\n\t\t\t\t\t<div class=\"elementor-column elementor-col-100 elementor-top-column elementor-element elementor-element-2f063f53\" data-id=\"2f063f53\" data-element_type=\"column\">\n\t\t\t<div class=\"elementor-widget-wrap\">\n\t\t\t\t\t\t\t<\/div>\n\t\t<\/div>\n\t\t\t\t\t<\/div>\n\t\t<\/section>\n\t\t\t\t<\/div>\n\t\t","protected":false},"excerpt":{"rendered":"<p>INDUSTRIELLE LASERREINIGUNGSMASCHINEN Professionelle Laserreinigung Was ist Laserreinigung? Die Laserreinigung stellt eine innovative und fortschrittliche L\u00f6sung zur Entfernung von R\u00fcckst\u00e4nden und Verunreinigungen von verschiedenen Oberfl\u00e4chen dar. Mit der Energie eines konzentrierten Laserstrahls erm\u00f6glicht diese Methode eine punktuelle und pr\u00e4zise Reinigung ohne physischen Kontakt mit dem zu behandelnden Material. Diese Technik basiert auf der Emission eines Laserstrahls, [&hellip;]<\/p>\n","protected":false},"author":2,"featured_media":0,"parent":0,"menu_order":0,"comment_status":"closed","ping_status":"closed","template":"elementor_header_footer","meta":{"footnotes":""},"class_list":["post-1026","page","type-page","status-publish","hentry"],"_links":{"self":[{"href":"https:\/\/bestlasermarking.com\/de\/wp-json\/wp\/v2\/pages\/1026","targetHints":{"allow":["GET"]}}],"collection":[{"href":"https:\/\/bestlasermarking.com\/de\/wp-json\/wp\/v2\/pages"}],"about":[{"href":"https:\/\/bestlasermarking.com\/de\/wp-json\/wp\/v2\/types\/page"}],"author":[{"embeddable":true,"href":"https:\/\/bestlasermarking.com\/de\/wp-json\/wp\/v2\/users\/2"}],"replies":[{"embeddable":true,"href":"https:\/\/bestlasermarking.com\/de\/wp-json\/wp\/v2\/comments?post=1026"}],"version-history":[{"count":1,"href":"https:\/\/bestlasermarking.com\/de\/wp-json\/wp\/v2\/pages\/1026\/revisions"}],"predecessor-version":[{"id":1027,"href":"https:\/\/bestlasermarking.com\/de\/wp-json\/wp\/v2\/pages\/1026\/revisions\/1027"}],"wp:attachment":[{"href":"https:\/\/bestlasermarking.com\/de\/wp-json\/wp\/v2\/media?parent=1026"}],"curies":[{"name":"wp","href":"https:\/\/api.w.org\/{rel}","templated":true}]}}