{"id":932,"date":"2023-12-16T13:52:44","date_gmt":"2023-12-16T13:52:44","guid":{"rendered":"https:\/\/bestlasermarking.com\/lasermarkierung-von-metallen\/"},"modified":"2024-01-31T10:23:04","modified_gmt":"2024-01-31T10:23:04","slug":"lasermarkierung-von-metallen","status":"publish","type":"page","link":"https:\/\/bestlasermarking.com\/de\/lasermarkierung-von-metallen\/","title":{"rendered":"Lasermarkierung von Metallen"},"content":{"rendered":"\t\t<div data-elementor-type=\"wp-page\" data-elementor-id=\"932\" class=\"elementor elementor-932 elementor-326\" data-elementor-post-type=\"page\">\n\t\t\t\t\t\t<section class=\"elementor-section elementor-top-section elementor-element elementor-element-18f18763 elementor-section-height-min-height elementor-section-boxed elementor-section-height-default elementor-section-items-middle\" data-id=\"18f18763\" data-element_type=\"section\" data-settings=\"{&quot;background_background&quot;:&quot;slideshow&quot;,&quot;background_slideshow_gallery&quot;:[{&quot;id&quot;:260,&quot;url&quot;:&quot;https:\\\/\\\/bestlasermarking.com\\\/wp-content\\\/uploads\\\/2022\\\/12\\\/laser-marcatura.webp&quot;}],&quot;background_slideshow_ken_burns&quot;:&quot;yes&quot;,&quot;background_slideshow_loop&quot;:&quot;yes&quot;,&quot;background_slideshow_slide_duration&quot;:5000,&quot;background_slideshow_slide_transition&quot;:&quot;fade&quot;,&quot;background_slideshow_transition_duration&quot;:500,&quot;background_slideshow_ken_burns_zoom_direction&quot;:&quot;in&quot;}\">\n\t\t\t\t\t\t\t<div class=\"elementor-background-overlay\"><\/div>\n\t\t\t\t\t\t\t<div class=\"elementor-container elementor-column-gap-default\">\n\t\t\t\t\t<div class=\"elementor-column elementor-col-66 elementor-top-column elementor-element elementor-element-45e3b566\" data-id=\"45e3b566\" data-element_type=\"column\">\n\t\t\t<div class=\"elementor-widget-wrap elementor-element-populated\">\n\t\t\t\t\t\t<div class=\"elementor-element elementor-element-c498449 elementor-widget elementor-widget-heading\" data-id=\"c498449\" data-element_type=\"widget\" data-widget_type=\"heading.default\">\n\t\t\t\t<div class=\"elementor-widget-container\">\n\t\t\t\t\t<h1 class=\"elementor-heading-title elementor-size-default\"><strong>Lasermarkierungssysteme<\/strong> f\u00fcr Metall <\/h1>\t\t\t\t<\/div>\n\t\t\t\t<\/div>\n\t\t\t\t<div class=\"elementor-element elementor-element-2c759736 elementor-widget elementor-widget-text-editor\" data-id=\"2c759736\" data-element_type=\"widget\" data-widget_type=\"text-editor.default\">\n\t\t\t\t<div class=\"elementor-widget-container\">\n\t\t\t\t\t\t\t\t\t<p>Wir nutzen die Lasertechnologie der neuesten Generation f\u00fcr professionelle Markierungen auf jeder Art von Metall!<\/p>\n\t\t\t\t\t\t\t\t<\/div>\n\t\t\t\t<\/div>\n\t\t\t\t\t<\/div>\n\t\t<\/div>\n\t\t\t\t<div class=\"elementor-column elementor-col-33 elementor-top-column elementor-element elementor-element-320390a6\" data-id=\"320390a6\" data-element_type=\"column\">\n\t\t\t<div class=\"elementor-widget-wrap\">\n\t\t\t\t\t\t\t<\/div>\n\t\t<\/div>\n\t\t\t\t\t<\/div>\n\t\t<\/section>\n\t\t\t\t<section class=\"elementor-section elementor-top-section elementor-element elementor-element-2bfa7acd elementor-reverse-mobile elementor-section-boxed elementor-section-height-default elementor-section-height-default\" data-id=\"2bfa7acd\" data-element_type=\"section\">\n\t\t\t\t\t\t<div class=\"elementor-container elementor-column-gap-no\">\n\t\t\t\t\t<div class=\"elementor-column elementor-col-50 elementor-top-column elementor-element elementor-element-5ed9951e\" data-id=\"5ed9951e\" data-element_type=\"column\">\n\t\t\t<div class=\"elementor-widget-wrap elementor-element-populated\">\n\t\t\t\t\t\t<section class=\"elementor-section elementor-inner-section elementor-element elementor-element-175b3102 elementor-section-boxed elementor-section-height-default elementor-section-height-default\" data-id=\"175b3102\" data-element_type=\"section\">\n\t\t\t\t\t\t<div class=\"elementor-container elementor-column-gap-default\">\n\t\t\t\t\t<div class=\"elementor-column elementor-col-100 elementor-inner-column elementor-element elementor-element-3d07e6d2\" data-id=\"3d07e6d2\" data-element_type=\"column\" data-settings=\"{&quot;background_background&quot;:&quot;classic&quot;}\">\n\t\t\t<div class=\"elementor-widget-wrap elementor-element-populated\">\n\t\t\t\t\t\t<div class=\"elementor-element elementor-element-326dd9cc elementor-widget elementor-widget-image\" data-id=\"326dd9cc\" data-element_type=\"widget\" data-widget_type=\"image.default\">\n\t\t\t\t<div class=\"elementor-widget-container\">\n\t\t\t\t\t\t\t\t\t\t\t\t\t\t\t<img fetchpriority=\"high\" decoding=\"async\" width=\"624\" height=\"535\" src=\"https:\/\/bestlasermarking.com\/wp-content\/uploads\/2022\/12\/Marcatura-laser-metalli.webp\" class=\"attachment-large size-large wp-image-785\" alt=\"\" srcset=\"https:\/\/bestlasermarking.com\/wp-content\/uploads\/2022\/12\/Marcatura-laser-metalli.webp 624w, https:\/\/bestlasermarking.com\/wp-content\/uploads\/2022\/12\/Marcatura-laser-metalli-300x257.webp 300w, https:\/\/bestlasermarking.com\/wp-content\/uploads\/2022\/12\/Marcatura-laser-metalli-14x12.webp 14w\" sizes=\"(max-width: 624px) 100vw, 624px\" \/>\t\t\t\t\t\t\t\t\t\t\t\t\t\t\t<\/div>\n\t\t\t\t<\/div>\n\t\t\t\t\t<\/div>\n\t\t<\/div>\n\t\t\t\t\t<\/div>\n\t\t<\/section>\n\t\t\t\t<section class=\"elementor-section elementor-inner-section elementor-element elementor-element-29fa7ee6 elementor-section-boxed elementor-section-height-default elementor-section-height-default\" data-id=\"29fa7ee6\" data-element_type=\"section\">\n\t\t\t\t\t\t<div class=\"elementor-container elementor-column-gap-default\">\n\t\t\t\t\t<div class=\"elementor-column elementor-col-50 elementor-inner-column elementor-element elementor-element-1898c14\" data-id=\"1898c14\" data-element_type=\"column\">\n\t\t\t<div class=\"elementor-widget-wrap elementor-element-populated\">\n\t\t\t\t\t\t<div class=\"elementor-element elementor-element-65c186db elementor-widget elementor-widget-image\" data-id=\"65c186db\" data-element_type=\"widget\" data-widget_type=\"image.default\">\n\t\t\t\t<div class=\"elementor-widget-container\">\n\t\t\t\t\t\t\t\t\t\t\t\t\t\t\t<img decoding=\"async\" src=\"https:\/\/bestlasermarking.com\/wp-content\/uploads\/elementor\/thumbs\/Marcatore-laser-su-metallo-pz8sdetw6md7dl8g4mxgvrx8l30otpxkof7zhqh9jc.webp\" title=\"Marcatore-laser-su-metallo\" alt=\"Marcatore-laser-su-metallo\" loading=\"lazy\" \/>\t\t\t\t\t\t\t\t\t\t\t\t\t\t\t<\/div>\n\t\t\t\t<\/div>\n\t\t\t\t\t<\/div>\n\t\t<\/div>\n\t\t\t\t<div class=\"elementor-column elementor-col-50 elementor-inner-column elementor-element elementor-element-20474d7f\" data-id=\"20474d7f\" data-element_type=\"column\">\n\t\t\t<div class=\"elementor-widget-wrap elementor-element-populated\">\n\t\t\t\t\t\t<div class=\"elementor-element elementor-element-3fd05882 elementor-widget elementor-widget-image\" data-id=\"3fd05882\" data-element_type=\"widget\" data-widget_type=\"image.default\">\n\t\t\t\t<div class=\"elementor-widget-container\">\n\t\t\t\t\t\t\t\t\t\t\t\t\t\t\t<img decoding=\"async\" src=\"https:\/\/bestlasermarking.com\/wp-content\/uploads\/elementor\/thumbs\/Marcatura-Colorata-metallo-pz8sek6sjbxtkfkdf4t1xhhiq1cu8ehri3xclwrxxk.webp\" title=\"Marcatura-Colorata-metallo\" alt=\"Marcatura-Colorata-metallo\" loading=\"lazy\" \/>\t\t\t\t\t\t\t\t\t\t\t\t\t\t\t<\/div>\n\t\t\t\t<\/div>\n\t\t\t\t\t<\/div>\n\t\t<\/div>\n\t\t\t\t\t<\/div>\n\t\t<\/section>\n\t\t\t\t\t<\/div>\n\t\t<\/div>\n\t\t\t\t<div class=\"elementor-column elementor-col-50 elementor-top-column elementor-element elementor-element-73578476\" data-id=\"73578476\" data-element_type=\"column\">\n\t\t\t<div class=\"elementor-widget-wrap elementor-element-populated\">\n\t\t\t\t\t\t<section class=\"elementor-section elementor-inner-section elementor-element elementor-element-7c513c7a elementor-reverse-mobile elementor-section-boxed elementor-section-height-default elementor-section-height-default\" data-id=\"7c513c7a\" data-element_type=\"section\">\n\t\t\t\t\t\t<div class=\"elementor-container elementor-column-gap-default\">\n\t\t\t\t\t<div class=\"elementor-column elementor-col-100 elementor-inner-column elementor-element elementor-element-5a645e7c\" data-id=\"5a645e7c\" data-element_type=\"column\">\n\t\t\t<div class=\"elementor-widget-wrap elementor-element-populated\">\n\t\t\t\t\t\t<div class=\"elementor-element elementor-element-4a012816 elementor-widget__width-auto elementor-widget-divider--view-line elementor-widget elementor-widget-divider\" data-id=\"4a012816\" data-element_type=\"widget\" data-widget_type=\"divider.default\">\n\t\t\t\t<div class=\"elementor-widget-container\">\n\t\t\t\t\t\t\t<div class=\"elementor-divider\">\n\t\t\t<span class=\"elementor-divider-separator\">\n\t\t\t\t\t\t<\/span>\n\t\t<\/div>\n\t\t\t\t\t\t<\/div>\n\t\t\t\t<\/div>\n\t\t\t\t<div class=\"elementor-element elementor-element-194716d4 elementor-widget__width-auto elementor-widget elementor-widget-heading\" data-id=\"194716d4\" data-element_type=\"widget\" data-widget_type=\"heading.default\">\n\t\t\t\t<div class=\"elementor-widget-container\">\n\t\t\t\t\t<h2 class=\"elementor-heading-title elementor-size-default\">Lasermarkierung auf Metallen<\/h2>\t\t\t\t<\/div>\n\t\t\t\t<\/div>\n\t\t\t\t<div class=\"elementor-element elementor-element-2221107e elementor-widget elementor-widget-spacer\" data-id=\"2221107e\" data-element_type=\"widget\" data-widget_type=\"spacer.default\">\n\t\t\t\t<div class=\"elementor-widget-container\">\n\t\t\t\t\t\t\t<div class=\"elementor-spacer\">\n\t\t\t<div class=\"elementor-spacer-inner\"><\/div>\n\t\t<\/div>\n\t\t\t\t\t\t<\/div>\n\t\t\t\t<\/div>\n\t\t\t\t<div class=\"elementor-element elementor-element-6f25b857 elementor-widget elementor-widget-text-editor\" data-id=\"6f25b857\" data-element_type=\"widget\" data-widget_type=\"text-editor.default\">\n\t\t\t\t<div class=\"elementor-widget-container\">\n\t\t\t\t\t\t\t\t\t<p>Die Laser-Metallmarkierung ist eine effiziente und wirtschaftliche Methode, Metalle dauerhaft und hochwertig zu kennzeichnen.<\/p>\n<p>Mit einem leistungsstarken Laserstrahl k\u00f6nnen Sie jede Art von Metall gravieren und markieren, darunter <strong><a href=\"https:\/\/bestlasermarking.com\/marcatura-acciaio\/\">Edelstahl,<\/a> Titan, Aluminium und viele andere.<\/strong> Der Lasermarkierungsprozess ist unglaublich pr\u00e4zise, \u200b\u200bmit minimaler thermischer Verformung und ohne Grate oder andere Defekte. Dar\u00fcber hinaus sorgt es f\u00fcr ein dauerhaftes Finish, sodass Ihre Markierungen viele Jahre lang halten.<\/p>\n<p>Es handelt sich um ein anpassbares System mit einer breiten Palette an Schriftarten und Logos, mit denen sich einzigartige und personalisierte Designs erstellen lassen. Dar\u00fcber hinaus ist es ganz einfach, Ihrem fertigen Produkt Seriennummern oder andere Arten der Nachverfolgung hinzuzuf\u00fcgen. All diese Eigenschaften machen die <a href=\"https:\/\/bestlasermarking.com\/de\/\">Laser-Metallmarkierung<\/a> zu einer gro\u00dfartigen Wahl f\u00fcr jede Metallmarkierungs- oder Etikettierungsanwendung.<\/p>\n\t\t\t\t\t\t\t\t<\/div>\n\t\t\t\t<\/div>\n\t\t\t\t\t<\/div>\n\t\t<\/div>\n\t\t\t\t\t<\/div>\n\t\t<\/section>\n\t\t\t\t\t<\/div>\n\t\t<\/div>\n\t\t\t\t\t<\/div>\n\t\t<\/section>\n\t\t\t\t<section class=\"elementor-section elementor-top-section elementor-element elementor-element-7d8b6f37 elementor-section-boxed elementor-section-height-default elementor-section-height-default\" data-id=\"7d8b6f37\" data-element_type=\"section\" data-settings=\"{&quot;background_background&quot;:&quot;classic&quot;}\">\n\t\t\t\t\t\t<div class=\"elementor-container elementor-column-gap-default\">\n\t\t\t\t\t<div class=\"elementor-column elementor-col-100 elementor-top-column elementor-element elementor-element-3ac0279\" data-id=\"3ac0279\" data-element_type=\"column\">\n\t\t\t<div class=\"elementor-widget-wrap elementor-element-populated\">\n\t\t\t\t\t\t<section class=\"elementor-section elementor-inner-section elementor-element elementor-element-65a07cdc elementor-section-boxed elementor-section-height-default elementor-section-height-default\" data-id=\"65a07cdc\" data-element_type=\"section\">\n\t\t\t\t\t\t<div class=\"elementor-container elementor-column-gap-default\">\n\t\t\t\t\t<div class=\"elementor-column elementor-col-100 elementor-inner-column elementor-element elementor-element-66500928\" data-id=\"66500928\" data-element_type=\"column\">\n\t\t\t<div class=\"elementor-widget-wrap elementor-element-populated\">\n\t\t\t\t\t\t<div class=\"elementor-element elementor-element-4127b683 elementor-widget__width-auto elementor-widget-divider--view-line elementor-widget elementor-widget-divider\" data-id=\"4127b683\" data-element_type=\"widget\" data-widget_type=\"divider.default\">\n\t\t\t\t<div class=\"elementor-widget-container\">\n\t\t\t\t\t\t\t<div class=\"elementor-divider\">\n\t\t\t<span class=\"elementor-divider-separator\">\n\t\t\t\t\t\t<\/span>\n\t\t<\/div>\n\t\t\t\t\t\t<\/div>\n\t\t\t\t<\/div>\n\t\t\t\t<div class=\"elementor-element elementor-element-75a5d14 elementor-widget__width-auto elementor-widget elementor-widget-heading\" data-id=\"75a5d14\" data-element_type=\"widget\" data-widget_type=\"heading.default\">\n\t\t\t\t<div class=\"elementor-widget-container\">\n\t\t\t\t\t<h2 class=\"elementor-heading-title elementor-size-default\">Welche Metalle k\u00f6nnen damit graviert werden?<\/h2>\t\t\t\t<\/div>\n\t\t\t\t<\/div>\n\t\t\t\t<div class=\"elementor-element elementor-element-17d2a179 elementor-widget elementor-widget-spacer\" data-id=\"17d2a179\" data-element_type=\"widget\" data-widget_type=\"spacer.default\">\n\t\t\t\t<div class=\"elementor-widget-container\">\n\t\t\t\t\t\t\t<div class=\"elementor-spacer\">\n\t\t\t<div class=\"elementor-spacer-inner\"><\/div>\n\t\t<\/div>\n\t\t\t\t\t\t<\/div>\n\t\t\t\t<\/div>\n\t\t\t\t<div class=\"elementor-element elementor-element-4e12b584 elementor-widget elementor-widget-text-editor\" data-id=\"4e12b584\" data-element_type=\"widget\" data-widget_type=\"text-editor.default\">\n\t\t\t\t<div class=\"elementor-widget-container\">\n\t\t\t\t\t\t\t\t\t<p data-pm-slice=\"1 1 []\">Ein <a href=\"https:\/\/bestlasermarking.com\/de\/\"><strong>Laserbeschrifter<\/strong><\/a> kann viele Arten von Metallen gravieren, darunter <strong>Edelstahl, Aluminium, Kupfer, Gold und Silber<\/strong>.<\/p>\n<p data-pm-slice=\"1 1 []\">Allerdings h\u00e4ngt die Gravurf\u00e4higkeit eines Lasermarkierers von vielen Faktoren ab, wie zum Beispiel der Art des Metalls, der Dicke des Metalls, der Laserleistung und der Qualit\u00e4t des Lasermarkierers. Im Allgemeinen sind Laser mit h\u00f6herer Leistung in der Lage, Metalle pr\u00e4ziser und tiefer zu gravieren.<\/p>\n<p data-pm-slice=\"1 1 []\">Es ist wichtig zu beachten, dass einige Metalle, wie z. B. Titan, aufgrund ihres hohen Reflexionsverm\u00f6gens schwierig mit einem Laser zu gravieren sind.<\/p>\n\t\t\t\t\t\t\t\t<\/div>\n\t\t\t\t<\/div>\n\t\t\t\t\t<\/div>\n\t\t<\/div>\n\t\t\t\t\t<\/div>\n\t\t<\/section>\n\t\t\t\t<section class=\"elementor-section elementor-inner-section elementor-element elementor-element-0d61a2a elementor-section-boxed elementor-section-height-default elementor-section-height-default\" data-id=\"0d61a2a\" data-element_type=\"section\">\n\t\t\t\t\t\t<div class=\"elementor-container elementor-column-gap-default\">\n\t\t\t\t\t<div class=\"elementor-column elementor-col-100 elementor-inner-column elementor-element elementor-element-bb549d0\" data-id=\"bb549d0\" data-element_type=\"column\">\n\t\t\t<div class=\"elementor-widget-wrap elementor-element-populated\">\n\t\t\t\t\t\t<div class=\"elementor-element elementor-element-e3ad56a elementor-widget__width-auto elementor-widget-divider--view-line elementor-widget elementor-widget-divider\" data-id=\"e3ad56a\" data-element_type=\"widget\" data-widget_type=\"divider.default\">\n\t\t\t\t<div class=\"elementor-widget-container\">\n\t\t\t\t\t\t\t<div class=\"elementor-divider\">\n\t\t\t<span class=\"elementor-divider-separator\">\n\t\t\t\t\t\t<\/span>\n\t\t<\/div>\n\t\t\t\t\t\t<\/div>\n\t\t\t\t<\/div>\n\t\t\t\t<div class=\"elementor-element elementor-element-e988d16 elementor-widget__width-auto elementor-widget elementor-widget-heading\" data-id=\"e988d16\" data-element_type=\"widget\" data-widget_type=\"heading.default\">\n\t\t\t\t<div class=\"elementor-widget-container\">\n\t\t\t\t\t<h2 class=\"elementor-heading-title elementor-size-default\">Laserbeschriftungsmaschinen f\u00fcr Metall<\/h2>\t\t\t\t<\/div>\n\t\t\t\t<\/div>\n\t\t\t\t<div class=\"elementor-element elementor-element-1ef8e42 elementor-widget elementor-widget-spacer\" data-id=\"1ef8e42\" data-element_type=\"widget\" data-widget_type=\"spacer.default\">\n\t\t\t\t<div class=\"elementor-widget-container\">\n\t\t\t\t\t\t\t<div class=\"elementor-spacer\">\n\t\t\t<div class=\"elementor-spacer-inner\"><\/div>\n\t\t<\/div>\n\t\t\t\t\t\t<\/div>\n\t\t\t\t<\/div>\n\t\t\t\t<div class=\"elementor-element elementor-element-73413f0 elementor-widget elementor-widget-text-editor\" data-id=\"73413f0\" data-element_type=\"widget\" data-widget_type=\"text-editor.default\">\n\t\t\t\t<div class=\"elementor-widget-container\">\n\t\t\t\t\t\t\t\t\t<p>Die Laser-Metallmarkierung ist eine fortschrittliche und vielseitige Technologie, die in verschiedenen Industriebereichen eingesetzt wird, um pr\u00e4zise, \u200b\u200bdauerhafte und hochwertige Markierungen auf verschiedenen Metalloberfl\u00e4chen zu erstellen. LASIT, ein f\u00fchrendes Unternehmen der Branche, bietet innovative L\u00f6sungen f\u00fcr die Lasermarkierung auf Metallen unter Einsatz modernster Technologien wie Faserlaser und MOPA.<\/p>\n<h4>Lasermarkierungstechniken auf Metallen<\/h4>\n<ol>\n<li>\n<p><strong>Lasergravur<\/strong>: Bei dieser Technik wird die Hitze des Lasers genutzt, um das Metall zu verdampfen und direkt vom festen in den gasf\u00f6rmigen Zustand \u00fcberzugehen. Die Lasergravur ist tief, langlebig und ideal f\u00fcr Anwendungen, die eine dauerhafte R\u00fcckverfolgbarkeit der Teile erfordern.<\/p>\n<\/li>\n<li>\n<p><strong>Laser\u00e4tzen<\/strong>: Es handelt sich um einen schnellen Prozess, bei dem Metall nahezu augenblicklich schmilzt und kontrastreiche Markierungen entstehen. Das \u00c4tzen ist weniger dauerhaft als das Gravieren und eignet sich f\u00fcr d\u00fcnne Bleche, bei denen eine geringere Best\u00e4ndigkeit der Markierungen erforderlich ist.<\/p>\n<\/li>\n<li>\n<p><strong>Lasergl\u00fchen<\/strong>: Das Lasergl\u00fchen wird haupts\u00e4chlich auf Stahl, Titan und Edelstahl angewendet und entfernt kein Material, sondern verursacht eine chemische Ver\u00e4nderung unter der Oberfl\u00e4che des Metalls, wodurch farbige Markierungen entstehen. Diese Technik ist ideal f\u00fcr Oberfl\u00e4chen, die nicht besch\u00e4digt werden k\u00f6nnen.<\/p>\n<\/li>\n<li>\n<p><strong>Laserablation<\/strong>: Bei dieser Methode wird selektiv und kontrolliert Material von der festen Oberfl\u00e4che entfernt, was zum Entfernen von Farbe oder d\u00fcnnen Filmen n\u00fctzlich ist.<\/p>\n<\/li>\n<li>\n<p><strong>Lasermarkierung mit Oxidation<\/strong>: Dieser Prozess ver\u00e4ndert die Oberfl\u00e4che des Metalls nicht physikalisch, sondern erzeugt eine Oxidschicht, die im Kontrast zur darunter liegenden Farbe eine schwarze Farbe annimmt.<\/p>\n<\/li>\n<\/ol>\n<h4>Vorteile von Laserfaser und MOPA<\/h4>\n<p>Faser- und MOPA-Laser bieten zahlreiche Vorteile f\u00fcr die Lasermarkierung auf Metallen:<\/p>\n<ul>\n<li><strong>Wartungsfrei<\/strong>: Sowohl Faserlaser als auch MOPA-Laser erfordern keine Wartung, was sie zu langfristigen L\u00f6sungen macht.<\/li>\n<li><strong>Haltbarkeit und Luftk\u00fchlung<\/strong>: Diese Systeme sind langlebig und nutzen Luftk\u00fchlung.<\/li>\n<li><strong>Hochwertige Markierungen<\/strong>: Ich kann hochwertige Markierungen auf einer Vielzahl von Materialien anbringen, einschlie\u00dflich lackierter und behandelter Metalle wie eloxiertem Aluminium.<\/li>\n<li><strong>Vielseitigkeit<\/strong>: MOPA-Laser sind besonders vielseitig und k\u00f6nnen farbige Markierungen auf Stahl und schwarze Markierungen auf eloxiertem Aluminium erzeugen.<\/li>\n<\/ul>\n<h4>\u00dcberlegungen bei der Auswahl der Markierungstechnik<\/h4>\n<p>Die Wahl der Lasermarkierungstechnik h\u00e4ngt vom Anwendungskontext ab. Wenn Sie in kurzer Zeit eine gro\u00dfe Anzahl von Markierungsvorg\u00e4ngen durchf\u00fchren m\u00fcssen, sind Gravieren oder \u00c4tzen geeignete Techniken. F\u00fcr die Bearbeitung von Titan oder Eisenmetallen oder wenn Sie m\u00f6glichst wenig Material abtragen m\u00f6chten, kann das Lasergl\u00fchen die richtige Wahl sein. Dar\u00fcber hinaus ist es wichtig, bei der Auswahl des geeigneten Lasersystems das gew\u00fcnschte Musterfinish und die damit verbundenen Kosten zu ber\u00fccksichtigen.<\/p>\n<p>Zusammenfassend l\u00e4sst sich sagen, dass die Lasermarkierung auf Metallen eine Vielzahl von Techniken bietet, um den unterschiedlichen industriellen Anforderungen gerecht zu werden und pr\u00e4zise, \u200b\u200blanglebige und qualitativ hochwertige Markierungen zu gew\u00e4hrleisten. Mit den von LASIT vorgeschlagenen fortschrittlichen L\u00f6sungen k\u00f6nnen Unternehmen aus verschiedenen Branchen von dieser Technologie profitieren, um die R\u00fcckverfolgbarkeit und \u00c4sthetik ihrer Produkte zu verbessern.<\/p>\n\t\t\t\t\t\t\t\t<\/div>\n\t\t\t\t<\/div>\n\t\t\t\t\t<\/div>\n\t\t<\/div>\n\t\t\t\t\t<\/div>\n\t\t<\/section>\n\t\t\t\t\t<\/div>\n\t\t<\/div>\n\t\t\t\t\t<\/div>\n\t\t<\/section>\n\t\t\t\t<section class=\"elementor-section elementor-top-section elementor-element elementor-element-2cca0281 elementor-section-boxed elementor-section-height-default elementor-section-height-default\" data-id=\"2cca0281\" data-element_type=\"section\">\n\t\t\t\t\t\t<div class=\"elementor-container elementor-column-gap-default\">\n\t\t\t\t\t<div class=\"elementor-column elementor-col-100 elementor-top-column elementor-element elementor-element-2f063f53\" data-id=\"2f063f53\" data-element_type=\"column\">\n\t\t\t<div class=\"elementor-widget-wrap\">\n\t\t\t\t\t\t\t<\/div>\n\t\t<\/div>\n\t\t\t\t\t<\/div>\n\t\t<\/section>\n\t\t\t\t<\/div>\n\t\t","protected":false},"excerpt":{"rendered":"<p>Lasermarkierungssysteme f\u00fcr Metall Wir nutzen die Lasertechnologie der neuesten Generation f\u00fcr professionelle Markierungen auf jeder Art von Metall! Lasermarkierung auf Metallen Die Laser-Metallmarkierung ist eine effiziente und wirtschaftliche Methode, Metalle dauerhaft und hochwertig zu kennzeichnen. Mit einem leistungsstarken Laserstrahl k\u00f6nnen Sie jede Art von Metall gravieren und markieren, darunter Edelstahl, Titan, Aluminium und viele andere. [&hellip;]<\/p>\n","protected":false},"author":1,"featured_media":0,"parent":0,"menu_order":0,"comment_status":"closed","ping_status":"closed","template":"elementor_header_footer","meta":{"footnotes":""},"class_list":["post-932","page","type-page","status-publish","hentry"],"_links":{"self":[{"href":"https:\/\/bestlasermarking.com\/de\/wp-json\/wp\/v2\/pages\/932","targetHints":{"allow":["GET"]}}],"collection":[{"href":"https:\/\/bestlasermarking.com\/de\/wp-json\/wp\/v2\/pages"}],"about":[{"href":"https:\/\/bestlasermarking.com\/de\/wp-json\/wp\/v2\/types\/page"}],"author":[{"embeddable":true,"href":"https:\/\/bestlasermarking.com\/de\/wp-json\/wp\/v2\/users\/1"}],"replies":[{"embeddable":true,"href":"https:\/\/bestlasermarking.com\/de\/wp-json\/wp\/v2\/comments?post=932"}],"version-history":[{"count":1,"href":"https:\/\/bestlasermarking.com\/de\/wp-json\/wp\/v2\/pages\/932\/revisions"}],"predecessor-version":[{"id":933,"href":"https:\/\/bestlasermarking.com\/de\/wp-json\/wp\/v2\/pages\/932\/revisions\/933"}],"wp:attachment":[{"href":"https:\/\/bestlasermarking.com\/de\/wp-json\/wp\/v2\/media?parent=932"}],"curies":[{"name":"wp","href":"https:\/\/api.w.org\/{rel}","templated":true}]}}