{"id":952,"date":"2023-12-16T17:19:13","date_gmt":"2023-12-16T17:19:13","guid":{"rendered":"https:\/\/bestlasermarking.com\/laserbeschriftung-von-kunststoffen\/"},"modified":"2024-01-31T12:52:55","modified_gmt":"2024-01-31T12:52:55","slug":"laserbeschriftung-von-kunststoffen","status":"publish","type":"page","link":"https:\/\/bestlasermarking.com\/de\/laserbeschriftung-von-kunststoffen\/","title":{"rendered":"Laserbeschriftung von Kunststoffen"},"content":{"rendered":"\t\t<div data-elementor-type=\"wp-page\" data-elementor-id=\"952\" class=\"elementor elementor-952 elementor-373\" data-elementor-post-type=\"page\">\n\t\t\t\t\t\t<section class=\"elementor-section elementor-top-section elementor-element elementor-element-18f18763 elementor-section-height-min-height elementor-section-boxed elementor-section-height-default elementor-section-items-middle\" data-id=\"18f18763\" data-element_type=\"section\" data-settings=\"{&quot;background_background&quot;:&quot;slideshow&quot;,&quot;background_slideshow_gallery&quot;:[{&quot;id&quot;:378,&quot;url&quot;:&quot;https:\\\/\\\/bestlasermarking.com\\\/wp-content\\\/uploads\\\/2022\\\/12\\\/marcatura-laser-plastica.webp&quot;}],&quot;background_slideshow_ken_burns&quot;:&quot;yes&quot;,&quot;background_slideshow_loop&quot;:&quot;yes&quot;,&quot;background_slideshow_slide_duration&quot;:5000,&quot;background_slideshow_slide_transition&quot;:&quot;fade&quot;,&quot;background_slideshow_transition_duration&quot;:500,&quot;background_slideshow_ken_burns_zoom_direction&quot;:&quot;in&quot;}\">\n\t\t\t\t\t\t\t<div class=\"elementor-background-overlay\"><\/div>\n\t\t\t\t\t\t\t<div class=\"elementor-container elementor-column-gap-default\">\n\t\t\t\t\t<div class=\"elementor-column elementor-col-66 elementor-top-column elementor-element elementor-element-45e3b566\" data-id=\"45e3b566\" data-element_type=\"column\">\n\t\t\t<div class=\"elementor-widget-wrap elementor-element-populated\">\n\t\t\t\t\t\t<div class=\"elementor-element elementor-element-c498449 elementor-widget elementor-widget-heading\" data-id=\"c498449\" data-element_type=\"widget\" data-widget_type=\"heading.default\">\n\t\t\t\t<div class=\"elementor-widget-container\">\n\t\t\t\t\t<h1 class=\"elementor-heading-title elementor-size-default\"><strong> LASERMARKIERUNG AUF KUNSTSTOFF<\/strong><\/h1>\t\t\t\t<\/div>\n\t\t\t\t<\/div>\n\t\t\t\t<div class=\"elementor-element elementor-element-2c759736 elementor-widget elementor-widget-text-editor\" data-id=\"2c759736\" data-element_type=\"widget\" data-widget_type=\"text-editor.default\">\n\t\t\t\t<div class=\"elementor-widget-container\">\n\t\t\t\t\t\t\t\t\t<p>Fortschrittliche Technologien der neuesten Generation f\u00fcr die Lasergravur und -markierung auf Kunststoffmaterialien<\/p>\n\t\t\t\t\t\t\t\t<\/div>\n\t\t\t\t<\/div>\n\t\t\t\t\t<\/div>\n\t\t<\/div>\n\t\t\t\t<div class=\"elementor-column elementor-col-33 elementor-top-column elementor-element elementor-element-320390a6\" data-id=\"320390a6\" data-element_type=\"column\">\n\t\t\t<div class=\"elementor-widget-wrap\">\n\t\t\t\t\t\t\t<\/div>\n\t\t<\/div>\n\t\t\t\t\t<\/div>\n\t\t<\/section>\n\t\t\t\t<section class=\"elementor-section elementor-top-section elementor-element elementor-element-2bfa7acd elementor-reverse-mobile elementor-section-boxed elementor-section-height-default elementor-section-height-default\" data-id=\"2bfa7acd\" data-element_type=\"section\">\n\t\t\t\t\t\t<div class=\"elementor-container elementor-column-gap-no\">\n\t\t\t\t\t<div class=\"elementor-column elementor-col-50 elementor-top-column elementor-element elementor-element-5ed9951e\" data-id=\"5ed9951e\" data-element_type=\"column\">\n\t\t\t<div class=\"elementor-widget-wrap elementor-element-populated\">\n\t\t\t\t\t\t<section class=\"elementor-section elementor-inner-section elementor-element elementor-element-175b3102 elementor-section-boxed elementor-section-height-default elementor-section-height-default\" data-id=\"175b3102\" data-element_type=\"section\">\n\t\t\t\t\t\t<div class=\"elementor-container elementor-column-gap-default\">\n\t\t\t\t\t<div class=\"elementor-column elementor-col-100 elementor-inner-column elementor-element elementor-element-3d07e6d2\" data-id=\"3d07e6d2\" data-element_type=\"column\" data-settings=\"{&quot;background_background&quot;:&quot;classic&quot;}\">\n\t\t\t<div class=\"elementor-widget-wrap elementor-element-populated\">\n\t\t\t\t\t\t<div class=\"elementor-element elementor-element-326dd9cc elementor-widget elementor-widget-image\" data-id=\"326dd9cc\" data-element_type=\"widget\" data-widget_type=\"image.default\">\n\t\t\t\t<div class=\"elementor-widget-container\">\n\t\t\t\t\t\t\t\t\t\t\t\t\t\t\t<img fetchpriority=\"high\" decoding=\"async\" width=\"500\" height=\"500\" src=\"https:\/\/bestlasermarking.com\/wp-content\/uploads\/2022\/12\/incisione-plastica-3d.webp\" class=\"attachment-large size-large wp-image-821\" alt=\"\" srcset=\"https:\/\/bestlasermarking.com\/wp-content\/uploads\/2022\/12\/incisione-plastica-3d.webp 500w, https:\/\/bestlasermarking.com\/wp-content\/uploads\/2022\/12\/incisione-plastica-3d-300x300.webp 300w, https:\/\/bestlasermarking.com\/wp-content\/uploads\/2022\/12\/incisione-plastica-3d-150x150.webp 150w, https:\/\/bestlasermarking.com\/wp-content\/uploads\/2022\/12\/incisione-plastica-3d-12x12.webp 12w\" sizes=\"(max-width: 500px) 100vw, 500px\" \/>\t\t\t\t\t\t\t\t\t\t\t\t\t\t\t<\/div>\n\t\t\t\t<\/div>\n\t\t\t\t\t<\/div>\n\t\t<\/div>\n\t\t\t\t\t<\/div>\n\t\t<\/section>\n\t\t\t\t<section class=\"elementor-section elementor-inner-section elementor-element elementor-element-29fa7ee6 elementor-section-boxed elementor-section-height-default elementor-section-height-default\" data-id=\"29fa7ee6\" data-element_type=\"section\">\n\t\t\t\t\t\t<div class=\"elementor-container elementor-column-gap-default\">\n\t\t\t\t\t<div class=\"elementor-column elementor-col-50 elementor-inner-column elementor-element elementor-element-1898c14\" data-id=\"1898c14\" data-element_type=\"column\">\n\t\t\t<div class=\"elementor-widget-wrap elementor-element-populated\">\n\t\t\t\t\t\t<div class=\"elementor-element elementor-element-65c186db elementor-widget elementor-widget-image\" data-id=\"65c186db\" data-element_type=\"widget\" data-widget_type=\"image.default\">\n\t\t\t\t<div class=\"elementor-widget-container\">\n\t\t\t\t\t\t\t\t\t\t\t\t\t\t\t<img decoding=\"async\" src=\"https:\/\/bestlasermarking.com\/wp-content\/uploads\/elementor\/thumbs\/marcatura-laser-plastica-pz9a8tcua34ygmnl3r24mexutzrjn6774z2ze8hyfc.webp\" title=\"marcatura-laser-plastica\" alt=\"marcatura-laser-plastica\" loading=\"lazy\" \/>\t\t\t\t\t\t\t\t\t\t\t\t\t\t\t<\/div>\n\t\t\t\t<\/div>\n\t\t\t\t\t<\/div>\n\t\t<\/div>\n\t\t\t\t<div class=\"elementor-column elementor-col-50 elementor-inner-column elementor-element elementor-element-20474d7f\" data-id=\"20474d7f\" data-element_type=\"column\">\n\t\t\t<div class=\"elementor-widget-wrap elementor-element-populated\">\n\t\t\t\t\t\t<div class=\"elementor-element elementor-element-3fd05882 elementor-widget elementor-widget-image\" data-id=\"3fd05882\" data-element_type=\"widget\" data-widget_type=\"image.default\">\n\t\t\t\t<div class=\"elementor-widget-container\">\n\t\t\t\t\t\t\t\t\t\t\t\t\t\t\t<img decoding=\"async\" src=\"https:\/\/bestlasermarking.com\/wp-content\/uploads\/elementor\/thumbs\/plastica-marcatura-laser-pz9aa91ypz3q76khpvelxjw7i6oqeiwfo2yosgdax4.webp\" title=\"plastica-marcatura-laser\" alt=\"plastica-marcatura-laser\" loading=\"lazy\" \/>\t\t\t\t\t\t\t\t\t\t\t\t\t\t\t<\/div>\n\t\t\t\t<\/div>\n\t\t\t\t\t<\/div>\n\t\t<\/div>\n\t\t\t\t\t<\/div>\n\t\t<\/section>\n\t\t\t\t\t<\/div>\n\t\t<\/div>\n\t\t\t\t<div class=\"elementor-column elementor-col-50 elementor-top-column elementor-element elementor-element-73578476\" data-id=\"73578476\" data-element_type=\"column\">\n\t\t\t<div class=\"elementor-widget-wrap elementor-element-populated\">\n\t\t\t\t\t\t<section class=\"elementor-section elementor-inner-section elementor-element elementor-element-7c513c7a elementor-reverse-mobile elementor-section-boxed elementor-section-height-default elementor-section-height-default\" data-id=\"7c513c7a\" data-element_type=\"section\">\n\t\t\t\t\t\t<div class=\"elementor-container elementor-column-gap-default\">\n\t\t\t\t\t<div class=\"elementor-column elementor-col-100 elementor-inner-column elementor-element elementor-element-5a645e7c\" data-id=\"5a645e7c\" data-element_type=\"column\">\n\t\t\t<div class=\"elementor-widget-wrap elementor-element-populated\">\n\t\t\t\t\t\t<div class=\"elementor-element elementor-element-4a012816 elementor-widget__width-auto elementor-widget-divider--view-line elementor-widget elementor-widget-divider\" data-id=\"4a012816\" data-element_type=\"widget\" data-widget_type=\"divider.default\">\n\t\t\t\t<div class=\"elementor-widget-container\">\n\t\t\t\t\t\t\t<div class=\"elementor-divider\">\n\t\t\t<span class=\"elementor-divider-separator\">\n\t\t\t\t\t\t<\/span>\n\t\t<\/div>\n\t\t\t\t\t\t<\/div>\n\t\t\t\t<\/div>\n\t\t\t\t<div class=\"elementor-element elementor-element-194716d4 elementor-widget__width-auto elementor-widget elementor-widget-heading\" data-id=\"194716d4\" data-element_type=\"widget\" data-widget_type=\"heading.default\">\n\t\t\t\t<div class=\"elementor-widget-container\">\n\t\t\t\t\t<h2 class=\"elementor-heading-title elementor-size-default\">Lasermarkierung auf Kunststoff<\/h2>\t\t\t\t<\/div>\n\t\t\t\t<\/div>\n\t\t\t\t<div class=\"elementor-element elementor-element-2221107e elementor-widget elementor-widget-spacer\" data-id=\"2221107e\" data-element_type=\"widget\" data-widget_type=\"spacer.default\">\n\t\t\t\t<div class=\"elementor-widget-container\">\n\t\t\t\t\t\t\t<div class=\"elementor-spacer\">\n\t\t\t<div class=\"elementor-spacer-inner\"><\/div>\n\t\t<\/div>\n\t\t\t\t\t\t<\/div>\n\t\t\t\t<\/div>\n\t\t\t\t<div class=\"elementor-element elementor-element-6f25b857 elementor-widget elementor-widget-text-editor\" data-id=\"6f25b857\" data-element_type=\"widget\" data-widget_type=\"text-editor.default\">\n\t\t\t\t<div class=\"elementor-widget-container\">\n\t\t\t\t\t\t\t\t\t<p>Bei der <strong>Kunststoffmarkierung<\/strong> wird eine Markierung oder ein Etikett auf einer Kunststoffoberfl\u00e4che angebracht, um das Material zu identifizieren, Informationen bereitzustellen oder eine Botschaft zu \u00fcbermitteln.<\/p>\n<p>Abh\u00e4ngig von der Art des Kunststoffs und dem gew\u00fcnschten Ergebnis gibt es verschiedene M\u00f6glichkeiten, Kunststoff zu markieren.<\/p>\n<p>Eine der \u00fcblicherweise zum Markieren von Kunststoffen verwendeten Techniken ist das Hei\u00dfpr\u00e4gen, bei dem mit einem Drucker ein Metallstempel erhitzt wird, um die Markierung oder das Etikett auf die Oberfl\u00e4che des Kunststoffs zu drucken.<\/p>\n<p>Weitere g\u00e4ngige Techniken sind die <strong>Lasermarkierung<\/strong>, bei der die Markierung oder das Etikett mit einem Laserstrahl in die Oberfl\u00e4che des Kunststoffs ge\u00e4tzt wird, und die chemische Markierung, bei der eine chemische L\u00f6sung verwendet wird, um eine chemische Reaktion auszul\u00f6sen, die die Markierung oder das Etikett auf der Oberfl\u00e4che des Kunststoffs erzeugt Plastik.<\/p>\n<p>Die Wahl der Markierungsmethode h\u00e4ngt von den spezifischen Anforderungen des Projekts und den Eigenschaften des Kunststoffs wie Dicke, Kunststoffart und erwarteten Einsatzbedingungen ab. Es ist wichtig, die verf\u00fcgbaren Optionen sorgf\u00e4ltig zu pr\u00fcfen, um die f\u00fcr Ihr Projekt am besten geeignete Markierungsmethode auszuw\u00e4hlen<\/p>\n\t\t\t\t\t\t\t\t<\/div>\n\t\t\t\t<\/div>\n\t\t\t\t\t<\/div>\n\t\t<\/div>\n\t\t\t\t\t<\/div>\n\t\t<\/section>\n\t\t\t\t\t<\/div>\n\t\t<\/div>\n\t\t\t\t\t<\/div>\n\t\t<\/section>\n\t\t\t\t<section class=\"elementor-section elementor-top-section elementor-element elementor-element-7d8b6f37 elementor-section-boxed elementor-section-height-default elementor-section-height-default\" data-id=\"7d8b6f37\" data-element_type=\"section\" data-settings=\"{&quot;background_background&quot;:&quot;classic&quot;}\">\n\t\t\t\t\t\t<div class=\"elementor-container elementor-column-gap-default\">\n\t\t\t\t\t<div class=\"elementor-column elementor-col-100 elementor-top-column elementor-element elementor-element-3ac0279\" data-id=\"3ac0279\" data-element_type=\"column\">\n\t\t\t<div class=\"elementor-widget-wrap elementor-element-populated\">\n\t\t\t\t\t\t<section class=\"elementor-section elementor-inner-section elementor-element elementor-element-65a07cdc elementor-section-boxed elementor-section-height-default elementor-section-height-default\" data-id=\"65a07cdc\" data-element_type=\"section\">\n\t\t\t\t\t\t<div class=\"elementor-container elementor-column-gap-default\">\n\t\t\t\t\t<div class=\"elementor-column elementor-col-100 elementor-inner-column elementor-element elementor-element-66500928\" data-id=\"66500928\" data-element_type=\"column\">\n\t\t\t<div class=\"elementor-widget-wrap elementor-element-populated\">\n\t\t\t\t\t\t<div class=\"elementor-element elementor-element-4127b683 elementor-widget__width-auto elementor-widget-divider--view-line elementor-widget elementor-widget-divider\" data-id=\"4127b683\" data-element_type=\"widget\" data-widget_type=\"divider.default\">\n\t\t\t\t<div class=\"elementor-widget-container\">\n\t\t\t\t\t\t\t<div class=\"elementor-divider\">\n\t\t\t<span class=\"elementor-divider-separator\">\n\t\t\t\t\t\t<\/span>\n\t\t<\/div>\n\t\t\t\t\t\t<\/div>\n\t\t\t\t<\/div>\n\t\t\t\t<div class=\"elementor-element elementor-element-75a5d14 elementor-widget__width-auto elementor-widget elementor-widget-heading\" data-id=\"75a5d14\" data-element_type=\"widget\" data-widget_type=\"heading.default\">\n\t\t\t\t<div class=\"elementor-widget-container\">\n\t\t\t\t\t<h2 class=\"elementor-heading-title elementor-size-default\">Kann man auf Kunststoff gravieren?<\/h2>\t\t\t\t<\/div>\n\t\t\t\t<\/div>\n\t\t\t\t<div class=\"elementor-element elementor-element-17d2a179 elementor-widget elementor-widget-spacer\" data-id=\"17d2a179\" data-element_type=\"widget\" data-widget_type=\"spacer.default\">\n\t\t\t\t<div class=\"elementor-widget-container\">\n\t\t\t\t\t\t\t<div class=\"elementor-spacer\">\n\t\t\t<div class=\"elementor-spacer-inner\"><\/div>\n\t\t<\/div>\n\t\t\t\t\t\t<\/div>\n\t\t\t\t<\/div>\n\t\t\t\t<div class=\"elementor-element elementor-element-4e12b584 elementor-widget elementor-widget-text-editor\" data-id=\"4e12b584\" data-element_type=\"widget\" data-widget_type=\"text-editor.default\">\n\t\t\t\t<div class=\"elementor-widget-container\">\n\t\t\t\t\t\t\t\t\t<p>Ja, es ist m\u00f6glich, Kunststoff mit verschiedenen Techniken zu gravieren, beispielsweise mit Laserbeschriftung oder mechanischer Gravur.<\/p>\n<p>Die <strong>Lasermarkierung<\/strong> ist eine beliebte Methode zum <strong>\u00c4tzen von Kunststoff,<\/strong> bei der mit einem hochintensiven Laserstrahl Material von der Kunststoffoberfl\u00e4che entfernt wird. Der Laser wird auf die Oberfl\u00e4che des Kunststoffs fokussiert und erzeugt einen Funken, der das Material verdampft und eine ge\u00e4tzte Markierung auf der Oberfl\u00e4che hinterl\u00e4sst. Die Lasermarkierung ist pr\u00e4zise und erm\u00f6glicht die Herstellung hochwertiger Markierungen, kann jedoch teuer sein und den Einsatz spezieller Ger\u00e4te erfordern.<\/p>\n<p>Eine weitere Option zum \u00c4tzen von Kunststoff ist das mechanische \u00c4tzen, bei dem ein mechanisches Werkzeug wie ein Bohrer oder ein Diamantbohrer verwendet wird, um Material von der Oberfl\u00e4che des Kunststoffs zu entfernen. Die mechanische Gravur kann zum Erzeugen tiefer oder leichter Markierungen verwendet werden und kann mit Massenproduktionsger\u00e4ten oder Handwerkzeugen durchgef\u00fchrt werden. Die mechanische Gravur kann jedoch ungenauer sein als die Lasermarkierung und kann einen gr\u00f6\u00dferen Zeit- und Arbeitsaufwand erfordern.<\/p>\n<p>Wie bei jeder \u00c4tztechnik ist es wichtig, die Anweisungen des Herstellers zu befolgen und die erforderliche Ausr\u00fcstung und Schutzausr\u00fcstung zu verwenden, um die Sicherheit w\u00e4hrend des Prozesses zu gew\u00e4hrleisten.<\/p>\n\t\t\t\t\t\t\t\t<\/div>\n\t\t\t\t<\/div>\n\t\t\t\t\t<\/div>\n\t\t<\/div>\n\t\t\t\t\t<\/div>\n\t\t<\/section>\n\t\t\t\t<section class=\"elementor-section elementor-inner-section elementor-element elementor-element-0a39cdd elementor-section-boxed elementor-section-height-default elementor-section-height-default\" data-id=\"0a39cdd\" data-element_type=\"section\">\n\t\t\t\t\t\t<div class=\"elementor-container elementor-column-gap-default\">\n\t\t\t\t\t<div class=\"elementor-column elementor-col-100 elementor-inner-column elementor-element elementor-element-0a6d475\" data-id=\"0a6d475\" data-element_type=\"column\">\n\t\t\t<div class=\"elementor-widget-wrap elementor-element-populated\">\n\t\t\t\t\t\t<div class=\"elementor-element elementor-element-0e94e81 elementor-widget__width-auto elementor-widget-divider--view-line elementor-widget elementor-widget-divider\" data-id=\"0e94e81\" data-element_type=\"widget\" data-widget_type=\"divider.default\">\n\t\t\t\t<div class=\"elementor-widget-container\">\n\t\t\t\t\t\t\t<div class=\"elementor-divider\">\n\t\t\t<span class=\"elementor-divider-separator\">\n\t\t\t\t\t\t<\/span>\n\t\t<\/div>\n\t\t\t\t\t\t<\/div>\n\t\t\t\t<\/div>\n\t\t\t\t<div class=\"elementor-element elementor-element-d9d38fb elementor-widget__width-auto elementor-widget elementor-widget-heading\" data-id=\"d9d38fb\" data-element_type=\"widget\" data-widget_type=\"heading.default\">\n\t\t\t\t<div class=\"elementor-widget-container\">\n\t\t\t\t\t<h2 class=\"elementor-heading-title elementor-size-default\">Laserbeschriftungsmaschinen f\u00fcr Kunststoffe<\/h2>\t\t\t\t<\/div>\n\t\t\t\t<\/div>\n\t\t\t\t<div class=\"elementor-element elementor-element-6e22f17 elementor-widget elementor-widget-spacer\" data-id=\"6e22f17\" data-element_type=\"widget\" data-widget_type=\"spacer.default\">\n\t\t\t\t<div class=\"elementor-widget-container\">\n\t\t\t\t\t\t\t<div class=\"elementor-spacer\">\n\t\t\t<div class=\"elementor-spacer-inner\"><\/div>\n\t\t<\/div>\n\t\t\t\t\t\t<\/div>\n\t\t\t\t<\/div>\n\t\t\t\t<div class=\"elementor-element elementor-element-a26d2e2 elementor-widget elementor-widget-text-editor\" data-id=\"a26d2e2\" data-element_type=\"widget\" data-widget_type=\"text-editor.default\">\n\t\t\t\t<div class=\"elementor-widget-container\">\n\t\t\t\t\t\t\t\t\t<p>Die Lasermarkierung auf Kunststoff, ein sich schnell entwickelndes Technologiefeld, zeichnet sich durch die F\u00e4higkeit aus, dauerhafte, pr\u00e4zise und hochwertige Markierungen auf einer Vielzahl von Kunststoffmaterialien anzubringen. Bei diesem Verfahren kommen verschiedene Techniken zum Einsatz, von denen jede einzigartige Eigenschaften aufweist und f\u00fcr bestimmte Kunststoffarten geeignet ist.<\/p>\n<h4>Lasermarkierungstechniken auf Kunststoff<\/h4>\n<ol>\n<li>\n<p><strong>Lasergravur<\/strong>: Bei dieser Technik wird mithilfe des Laserstrahls Material von der Oberfl\u00e4che des Kunststoffs entfernt, wodurch dieser geschmolzen und verdampft wird. Es eignet sich ideal zum Erstellen tiefer, deutlicher Markierungen auf verschiedenen Kunststoffarten.<\/p>\n<\/li>\n<li>\n<p><strong>Laser\u00e4tzen<\/strong>: \u00c4hnlich wie beim Gravieren erzeugt das Laser\u00e4tzen flachere Markierungen durch Erhitzen und Schmelzen der Oberfl\u00e4che des Kunststoffs. Diese Methode eignet sich besonders f\u00fcr d\u00fcnnere Materialien, die flachere Markierungen erfordern.<\/p>\n<\/li>\n<li>\n<p><strong>Lasergl\u00fchen<\/strong>: Diese Technik wird haupts\u00e4chlich bei Kunststoffen wie Stahl, Titan und Edelstahl verwendet und entfernt kein Material, sondern verursacht eine chemische Ver\u00e4nderung unter der Oberfl\u00e4che, wodurch farbige Markierungen entstehen.<\/p>\n<\/li>\n<li>\n<p><strong>Laserablation<\/strong>: Diese Methode entfernt selektiv d\u00fcnne Schichten von der Oberfl\u00e4che eines Materials und eignet sich zum Entfernen von Farbe oder d\u00fcnnen Filmen.<\/p>\n<\/li>\n<li>\n<p><strong>Sch\u00e4umen<\/strong>: Bei diesem Prozess schmilzt der Laser selektiv das Matrixmaterial auf, wodurch Gasblasen entstehen, die beim Abk\u00fchlen eingeschlossen werden. Die resultierenden Markierungen sind erhaben und erscheinen auf dunklem Kunststoff hell.<\/p>\n<\/li>\n<li>\n<p><strong>Farbver\u00e4nderung<\/strong>: Einschlie\u00dflich Verf\u00e4rbung, Bleichung und Karbonisierung. Bei dieser Methode wird die Energie eines Laserstrahls genutzt, um die Struktur bestimmter Molek\u00fcle, beispielsweise Farbpigmente, zu ver\u00e4ndern oder abzubauen.<\/p>\n<\/li>\n<\/ol>\n<h4>Wichtige \u00dcberlegungen<\/h4>\n<ul>\n<li>\n<p><strong>Wahl des Lasers<\/strong>: Die Wahl des Lasertyps h\u00e4ngt vom Kunststoffmaterial und der konkreten Anwendung ab. Faserlaser sind effizient und pr\u00e4zise, \u200b\u200bideal zum Gravieren st\u00e4rkerer Kunststoffe und zum Erzielen kontrastreicher Markierungen. CO2-Laser sind vielseitig einsetzbar und eignen sich zum Gravieren weicherer Kunststoffe.<\/p>\n<\/li>\n<li>\n<p><strong>Kunststoffmaterialien<\/strong>: Verschiedene Kunststoffarten reagieren unterschiedlich auf die Lasermarkierung. Beispielsweise reagieren Polypropylen (PP) und Polyethylenterephthalat (PET) gut auf die Lasermarkierung, insbesondere wenn sie mit einem Faserlaser behandelt werden. PVC erfordert aufgrund der m\u00f6glichen Freisetzung giftiger D\u00e4mpfe Vorsicht, w\u00e4hrend Nylon (PA) klare, langlebige Markierungen erzeugt.<\/p>\n<\/li>\n<li>\n<p><strong>Markierungstiefe<\/strong>: Die Tiefe der Lasermarkierung auf Kunststoff h\u00e4ngt von der Laserleistung, Geschwindigkeit und der Art des Kunststoffs ab. Es ist wichtig, diese Parameter zu optimieren, um die gew\u00fcnschte Markierungstiefe zu erreichen, ohne die Integrit\u00e4t des Kunststoffteils zu beeintr\u00e4chtigen.<\/p>\n<\/li>\n<li>\n<p><strong>Qualit\u00e4t und Genauigkeit<\/strong>: Es ist wichtig sicherzustellen, dass die Markierung hohen Qualit\u00e4ts- und Genauigkeitsstandards entspricht. Um optimale Ergebnisse zu erzielen, ist die Wahl eines zuverl\u00e4ssigen Laserbeschriftungsdienstes mit Erfahrung im Umgang mit verschiedenen Kunststoffarten von entscheidender Bedeutung.<\/p>\n<\/li>\n<\/ul>\n\t\t\t\t\t\t\t\t<\/div>\n\t\t\t\t<\/div>\n\t\t\t\t\t<\/div>\n\t\t<\/div>\n\t\t\t\t\t<\/div>\n\t\t<\/section>\n\t\t\t\t\t<\/div>\n\t\t<\/div>\n\t\t\t\t\t<\/div>\n\t\t<\/section>\n\t\t\t\t<section class=\"elementor-section elementor-top-section elementor-element elementor-element-2cca0281 elementor-section-boxed elementor-section-height-default elementor-section-height-default\" data-id=\"2cca0281\" data-element_type=\"section\">\n\t\t\t\t\t\t<div class=\"elementor-container elementor-column-gap-default\">\n\t\t\t\t\t<div class=\"elementor-column elementor-col-100 elementor-top-column elementor-element elementor-element-2f063f53\" data-id=\"2f063f53\" data-element_type=\"column\">\n\t\t\t<div class=\"elementor-widget-wrap\">\n\t\t\t\t\t\t\t<\/div>\n\t\t<\/div>\n\t\t\t\t\t<\/div>\n\t\t<\/section>\n\t\t\t\t<\/div>\n\t\t","protected":false},"excerpt":{"rendered":"<p>LASERMARKIERUNG AUF KUNSTSTOFF Fortschrittliche Technologien der neuesten Generation f\u00fcr die Lasergravur und -markierung auf Kunststoffmaterialien Lasermarkierung auf Kunststoff Bei der Kunststoffmarkierung wird eine Markierung oder ein Etikett auf einer Kunststoffoberfl\u00e4che angebracht, um das Material zu identifizieren, Informationen bereitzustellen oder eine Botschaft zu \u00fcbermitteln. Abh\u00e4ngig von der Art des Kunststoffs und dem gew\u00fcnschten Ergebnis gibt es [&hellip;]<\/p>\n","protected":false},"author":1,"featured_media":0,"parent":0,"menu_order":0,"comment_status":"closed","ping_status":"closed","template":"elementor_header_footer","meta":{"footnotes":""},"class_list":["post-952","page","type-page","status-publish","hentry"],"_links":{"self":[{"href":"https:\/\/bestlasermarking.com\/de\/wp-json\/wp\/v2\/pages\/952","targetHints":{"allow":["GET"]}}],"collection":[{"href":"https:\/\/bestlasermarking.com\/de\/wp-json\/wp\/v2\/pages"}],"about":[{"href":"https:\/\/bestlasermarking.com\/de\/wp-json\/wp\/v2\/types\/page"}],"author":[{"embeddable":true,"href":"https:\/\/bestlasermarking.com\/de\/wp-json\/wp\/v2\/users\/1"}],"replies":[{"embeddable":true,"href":"https:\/\/bestlasermarking.com\/de\/wp-json\/wp\/v2\/comments?post=952"}],"version-history":[{"count":1,"href":"https:\/\/bestlasermarking.com\/de\/wp-json\/wp\/v2\/pages\/952\/revisions"}],"predecessor-version":[{"id":953,"href":"https:\/\/bestlasermarking.com\/de\/wp-json\/wp\/v2\/pages\/952\/revisions\/953"}],"wp:attachment":[{"href":"https:\/\/bestlasermarking.com\/de\/wp-json\/wp\/v2\/media?parent=952"}],"curies":[{"name":"wp","href":"https:\/\/api.w.org\/{rel}","templated":true}]}}