{"id":976,"date":"2022-12-21T14:13:41","date_gmt":"2022-12-21T14:13:41","guid":{"rendered":"https:\/\/bestlasermarking.com\/holzlasermarkierung\/"},"modified":"2024-01-31T14:32:44","modified_gmt":"2024-01-31T14:32:44","slug":"holzlasermarkierung","status":"publish","type":"page","link":"https:\/\/bestlasermarking.com\/de\/holzlasermarkierung\/","title":{"rendered":"Holzlasermarkierung"},"content":{"rendered":"\t\t<div data-elementor-type=\"wp-page\" data-elementor-id=\"976\" class=\"elementor elementor-976 elementor-453\" data-elementor-post-type=\"page\">\n\t\t\t\t\t\t<section class=\"elementor-section elementor-top-section elementor-element elementor-element-18f18763 elementor-section-height-min-height elementor-section-boxed elementor-section-height-default elementor-section-items-middle\" data-id=\"18f18763\" data-element_type=\"section\" data-settings=\"{&quot;background_background&quot;:&quot;slideshow&quot;,&quot;background_slideshow_gallery&quot;:[{&quot;id&quot;:455,&quot;url&quot;:&quot;https:\\\/\\\/bestlasermarking.com\\\/wp-content\\\/uploads\\\/2022\\\/12\\\/incisione-laser-del-legno.webp&quot;}],&quot;background_slideshow_ken_burns&quot;:&quot;yes&quot;,&quot;background_slideshow_loop&quot;:&quot;yes&quot;,&quot;background_slideshow_slide_duration&quot;:5000,&quot;background_slideshow_slide_transition&quot;:&quot;fade&quot;,&quot;background_slideshow_transition_duration&quot;:500,&quot;background_slideshow_ken_burns_zoom_direction&quot;:&quot;in&quot;}\">\n\t\t\t\t\t\t\t<div class=\"elementor-background-overlay\"><\/div>\n\t\t\t\t\t\t\t<div class=\"elementor-container elementor-column-gap-default\">\n\t\t\t\t\t<div class=\"elementor-column elementor-col-66 elementor-top-column elementor-element elementor-element-45e3b566\" data-id=\"45e3b566\" data-element_type=\"column\">\n\t\t\t<div class=\"elementor-widget-wrap elementor-element-populated\">\n\t\t\t\t\t\t<div class=\"elementor-element elementor-element-c498449 elementor-widget elementor-widget-heading\" data-id=\"c498449\" data-element_type=\"widget\" data-widget_type=\"heading.default\">\n\t\t\t\t<div class=\"elementor-widget-container\">\n\t\t\t\t\t<h1 class=\"elementor-heading-title elementor-size-default\"><strong> LASERMARKIERUNG AUF HOLZ<\/strong><\/h1>\t\t\t\t<\/div>\n\t\t\t\t<\/div>\n\t\t\t\t<div class=\"elementor-element elementor-element-2c759736 elementor-widget elementor-widget-text-editor\" data-id=\"2c759736\" data-element_type=\"widget\" data-widget_type=\"text-editor.default\">\n\t\t\t\t<div class=\"elementor-widget-container\">\n\t\t\t\t\t\t\t\t\t<p>Fortschrittliche Technologien der neuesten Generation f\u00fcr die Lasergravur und -markierung auf Kunststoffmaterialien<\/p>\n\t\t\t\t\t\t\t\t<\/div>\n\t\t\t\t<\/div>\n\t\t\t\t\t<\/div>\n\t\t<\/div>\n\t\t\t\t<div class=\"elementor-column elementor-col-33 elementor-top-column elementor-element elementor-element-320390a6\" data-id=\"320390a6\" data-element_type=\"column\">\n\t\t\t<div class=\"elementor-widget-wrap\">\n\t\t\t\t\t\t\t<\/div>\n\t\t<\/div>\n\t\t\t\t\t<\/div>\n\t\t<\/section>\n\t\t\t\t<section class=\"elementor-section elementor-top-section elementor-element elementor-element-2bfa7acd elementor-reverse-mobile elementor-section-boxed elementor-section-height-default elementor-section-height-default\" data-id=\"2bfa7acd\" data-element_type=\"section\">\n\t\t\t\t\t\t<div class=\"elementor-container elementor-column-gap-no\">\n\t\t\t\t\t<div class=\"elementor-column elementor-col-50 elementor-top-column elementor-element elementor-element-5ed9951e\" data-id=\"5ed9951e\" data-element_type=\"column\">\n\t\t\t<div class=\"elementor-widget-wrap elementor-element-populated\">\n\t\t\t\t\t\t<section class=\"elementor-section elementor-inner-section elementor-element elementor-element-175b3102 elementor-section-boxed elementor-section-height-default elementor-section-height-default\" data-id=\"175b3102\" data-element_type=\"section\">\n\t\t\t\t\t\t<div class=\"elementor-container elementor-column-gap-default\">\n\t\t\t\t\t<div class=\"elementor-column elementor-col-100 elementor-inner-column elementor-element elementor-element-3d07e6d2\" data-id=\"3d07e6d2\" data-element_type=\"column\" data-settings=\"{&quot;background_background&quot;:&quot;classic&quot;}\">\n\t\t\t<div class=\"elementor-widget-wrap elementor-element-populated\">\n\t\t\t\t\t\t<div class=\"elementor-element elementor-element-326dd9cc elementor-widget elementor-widget-image\" data-id=\"326dd9cc\" data-element_type=\"widget\" data-widget_type=\"image.default\">\n\t\t\t\t<div class=\"elementor-widget-container\">\n\t\t\t\t\t\t\t\t\t\t\t\t\t\t\t<img fetchpriority=\"high\" decoding=\"async\" width=\"717\" height=\"541\" src=\"https:\/\/bestlasermarking.com\/wp-content\/uploads\/2022\/12\/incisione-laser-del-legno.webp\" class=\"attachment-large size-large wp-image-861\" alt=\"\" srcset=\"https:\/\/bestlasermarking.com\/wp-content\/uploads\/2022\/12\/incisione-laser-del-legno.webp 717w, https:\/\/bestlasermarking.com\/wp-content\/uploads\/2022\/12\/incisione-laser-del-legno-300x226.webp 300w, https:\/\/bestlasermarking.com\/wp-content\/uploads\/2022\/12\/incisione-laser-del-legno-16x12.webp 16w\" sizes=\"(max-width: 717px) 100vw, 717px\" \/>\t\t\t\t\t\t\t\t\t\t\t\t\t\t\t<\/div>\n\t\t\t\t<\/div>\n\t\t\t\t\t<\/div>\n\t\t<\/div>\n\t\t\t\t\t<\/div>\n\t\t<\/section>\n\t\t\t\t<section class=\"elementor-section elementor-inner-section elementor-element elementor-element-29fa7ee6 elementor-section-boxed elementor-section-height-default elementor-section-height-default\" data-id=\"29fa7ee6\" data-element_type=\"section\">\n\t\t\t\t\t\t<div class=\"elementor-container elementor-column-gap-default\">\n\t\t\t\t\t<div class=\"elementor-column elementor-col-100 elementor-inner-column elementor-element elementor-element-1898c14\" data-id=\"1898c14\" data-element_type=\"column\">\n\t\t\t<div class=\"elementor-widget-wrap elementor-element-populated\">\n\t\t\t\t\t\t<div class=\"elementor-element elementor-element-65c186db elementor-widget elementor-widget-image\" data-id=\"65c186db\" data-element_type=\"widget\" data-widget_type=\"image.default\">\n\t\t\t\t<div class=\"elementor-widget-container\">\n\t\t\t\t\t\t\t\t\t\t\t\t\t\t\t<img decoding=\"async\" src=\"https:\/\/bestlasermarking.com\/wp-content\/uploads\/elementor\/thumbs\/marcatura-laser-legno-pzhrdb2oz42uvv2fdux0willzmlnf9vep5v4uxokug.webp\" title=\"marcatura-laser-legno\" alt=\"marcatura-laser-legno\" loading=\"lazy\" \/>\t\t\t\t\t\t\t\t\t\t\t\t\t\t\t<\/div>\n\t\t\t\t<\/div>\n\t\t\t\t\t<\/div>\n\t\t<\/div>\n\t\t\t\t\t<\/div>\n\t\t<\/section>\n\t\t\t\t\t<\/div>\n\t\t<\/div>\n\t\t\t\t<div class=\"elementor-column elementor-col-50 elementor-top-column elementor-element elementor-element-73578476\" data-id=\"73578476\" data-element_type=\"column\">\n\t\t\t<div class=\"elementor-widget-wrap elementor-element-populated\">\n\t\t\t\t\t\t<section class=\"elementor-section elementor-inner-section elementor-element elementor-element-7c513c7a elementor-reverse-mobile elementor-section-boxed elementor-section-height-default elementor-section-height-default\" data-id=\"7c513c7a\" data-element_type=\"section\">\n\t\t\t\t\t\t<div class=\"elementor-container elementor-column-gap-default\">\n\t\t\t\t\t<div class=\"elementor-column elementor-col-100 elementor-inner-column elementor-element elementor-element-5a645e7c\" data-id=\"5a645e7c\" data-element_type=\"column\">\n\t\t\t<div class=\"elementor-widget-wrap elementor-element-populated\">\n\t\t\t\t\t\t<div class=\"elementor-element elementor-element-4a012816 elementor-widget__width-auto elementor-widget-divider--view-line elementor-widget elementor-widget-divider\" data-id=\"4a012816\" data-element_type=\"widget\" data-widget_type=\"divider.default\">\n\t\t\t\t<div class=\"elementor-widget-container\">\n\t\t\t\t\t\t\t<div class=\"elementor-divider\">\n\t\t\t<span class=\"elementor-divider-separator\">\n\t\t\t\t\t\t<\/span>\n\t\t<\/div>\n\t\t\t\t\t\t<\/div>\n\t\t\t\t<\/div>\n\t\t\t\t<div class=\"elementor-element elementor-element-194716d4 elementor-widget__width-auto elementor-widget elementor-widget-heading\" data-id=\"194716d4\" data-element_type=\"widget\" data-widget_type=\"heading.default\">\n\t\t\t\t<div class=\"elementor-widget-container\">\n\t\t\t\t\t<h2 class=\"elementor-heading-title elementor-size-default\">Lasermarkierung auf Holz<\/h2>\t\t\t\t<\/div>\n\t\t\t\t<\/div>\n\t\t\t\t<div class=\"elementor-element elementor-element-2221107e elementor-widget elementor-widget-spacer\" data-id=\"2221107e\" data-element_type=\"widget\" data-widget_type=\"spacer.default\">\n\t\t\t\t<div class=\"elementor-widget-container\">\n\t\t\t\t\t\t\t<div class=\"elementor-spacer\">\n\t\t\t<div class=\"elementor-spacer-inner\"><\/div>\n\t\t<\/div>\n\t\t\t\t\t\t<\/div>\n\t\t\t\t<\/div>\n\t\t\t\t<div class=\"elementor-element elementor-element-6f25b857 elementor-widget elementor-widget-text-editor\" data-id=\"6f25b857\" data-element_type=\"widget\" data-widget_type=\"text-editor.default\">\n\t\t\t\t<div class=\"elementor-widget-container\">\n\t\t\t\t\t\t\t\t\t<p>Bei der <strong>Lasermarkierung auf Holz<\/strong> handelt es sich um einen Prozess, bei dem mit einem Laser ein Bild auf die Holzoberfl\u00e4che ge\u00e4tzt oder erzeugt wird. Die Lasermarkierung erfolgt mit einem Diodenlaser oder einem CO2-Laser, der einen hochkonzentrierten Lichtstrahl aussendet, der fokussiert werden kann, um pr\u00e4zise Bilder oder Schnitte in der Holzoberfl\u00e4che zu erzeugen.<\/p>\n<p>Es wird in einer Vielzahl von Branchen eingesetzt, beispielsweise im Handwerk, im M\u00f6belbau, im Baugewerbe und in der Beschilderung. Beispielsweise k\u00f6nnen damit Etiketten, Warnschilder, Seriennummern und andere Informationen zu Holzprodukten erstellt werden. Dar\u00fcber hinaus k\u00f6nnen mit der Lasermarkierung dekorative Bilder auf M\u00f6beln, Spielzeug, Kunstwerken und anderen Holzgegenst\u00e4nden erstellt werden.<\/p>\n<p>Die <a href=\"https:\/\/bestlasermarking.com\/de\/\"><strong>Lasermarkierung<\/strong><\/a> ist eine pr\u00e4zise und reproduzierbare Technik, mit der Sie qualitativ hochwertige Ergebnisse erzielen k\u00f6nnen. Es ist jedoch wichtig, die Anweisungen zur Verwendung des Lasers genau zu befolgen und stets den entsprechenden Schutz zu tragen, da der Laser bei unsachgem\u00e4\u00dfer Verwendung gef\u00e4hrlich sein kann.<\/p>\n\t\t\t\t\t\t\t\t<\/div>\n\t\t\t\t<\/div>\n\t\t\t\t\t<\/div>\n\t\t<\/div>\n\t\t\t\t\t<\/div>\n\t\t<\/section>\n\t\t\t\t\t<\/div>\n\t\t<\/div>\n\t\t\t\t\t<\/div>\n\t\t<\/section>\n\t\t\t\t<section class=\"elementor-section elementor-top-section elementor-element elementor-element-7d8b6f37 elementor-section-boxed elementor-section-height-default elementor-section-height-default\" data-id=\"7d8b6f37\" data-element_type=\"section\" data-settings=\"{&quot;background_background&quot;:&quot;classic&quot;}\">\n\t\t\t\t\t\t<div class=\"elementor-container elementor-column-gap-default\">\n\t\t\t\t\t<div class=\"elementor-column elementor-col-100 elementor-top-column elementor-element elementor-element-3ac0279\" data-id=\"3ac0279\" data-element_type=\"column\">\n\t\t\t<div class=\"elementor-widget-wrap elementor-element-populated\">\n\t\t\t\t\t\t<section class=\"elementor-section elementor-inner-section elementor-element elementor-element-65a07cdc elementor-section-boxed elementor-section-height-default elementor-section-height-default\" data-id=\"65a07cdc\" data-element_type=\"section\">\n\t\t\t\t\t\t<div class=\"elementor-container elementor-column-gap-default\">\n\t\t\t\t\t<div class=\"elementor-column elementor-col-100 elementor-inner-column elementor-element elementor-element-66500928\" data-id=\"66500928\" data-element_type=\"column\">\n\t\t\t<div class=\"elementor-widget-wrap elementor-element-populated\">\n\t\t\t\t\t\t<div class=\"elementor-element elementor-element-4127b683 elementor-widget__width-auto elementor-widget-divider--view-line elementor-widget elementor-widget-divider\" data-id=\"4127b683\" data-element_type=\"widget\" data-widget_type=\"divider.default\">\n\t\t\t\t<div class=\"elementor-widget-container\">\n\t\t\t\t\t\t\t<div class=\"elementor-divider\">\n\t\t\t<span class=\"elementor-divider-separator\">\n\t\t\t\t\t\t<\/span>\n\t\t<\/div>\n\t\t\t\t\t\t<\/div>\n\t\t\t\t<\/div>\n\t\t\t\t<div class=\"elementor-element elementor-element-75a5d14 elementor-widget__width-auto elementor-widget elementor-widget-heading\" data-id=\"75a5d14\" data-element_type=\"widget\" data-widget_type=\"heading.default\">\n\t\t\t\t<div class=\"elementor-widget-container\">\n\t\t\t\t\t<h2 class=\"elementor-heading-title elementor-size-default\">Kann man Holz mit Laser gravieren?<\/h2>\t\t\t\t<\/div>\n\t\t\t\t<\/div>\n\t\t\t\t<div class=\"elementor-element elementor-element-17d2a179 elementor-widget elementor-widget-spacer\" data-id=\"17d2a179\" data-element_type=\"widget\" data-widget_type=\"spacer.default\">\n\t\t\t\t<div class=\"elementor-widget-container\">\n\t\t\t\t\t\t\t<div class=\"elementor-spacer\">\n\t\t\t<div class=\"elementor-spacer-inner\"><\/div>\n\t\t<\/div>\n\t\t\t\t\t\t<\/div>\n\t\t\t\t<\/div>\n\t\t\t\t<div class=\"elementor-element elementor-element-4e12b584 elementor-widget elementor-widget-text-editor\" data-id=\"4e12b584\" data-element_type=\"widget\" data-widget_type=\"text-editor.default\">\n\t\t\t\t<div class=\"elementor-widget-container\">\n\t\t\t\t\t\t\t\t\t<p><strong>Ja, es ist m\u00f6glich, Holz mit einem Laser zu gravieren.<\/strong> Mit dem Laser k\u00f6nnen Bilder oder Texte auf der Holzoberfl\u00e4che erzeugt oder Holz pr\u00e4zise geschnitten werden.<\/p>\n<p>Die Laser-Holzgravur erfolgt mit einem Diodenlaser oder einem CO2-Laser, der einen hochkonzentrierten Lichtstrahl aussendet, der fokussiert werden kann, um pr\u00e4zise Bilder oder Schnitte in der Holzoberfl\u00e4che zu erzeugen. Die Laserleistung und Belichtungsdauer bestimmen die Tiefe der Gravur bzw. des Schnitts.<\/p>\n<p>Es handelt sich um eine beliebte Technik zur Herstellung von Schildern, Plaketten und Gravuren auf M\u00f6beln und anderen Holzgegenst\u00e4nden, da Sie damit qualitativ hochwertige Ergebnisse mit hoher Pr\u00e4zision und Reproduzierbarkeit erzielen k\u00f6nnen. Es ist jedoch wichtig, die Anweisungen zur Verwendung des Lasers genau zu befolgen und stets den entsprechenden Schutz zu tragen, da der Laser bei unsachgem\u00e4\u00dfer Verwendung gef\u00e4hrlich sein kann.<\/p>\n\t\t\t\t\t\t\t\t<\/div>\n\t\t\t\t<\/div>\n\t\t\t\t\t<\/div>\n\t\t<\/div>\n\t\t\t\t\t<\/div>\n\t\t<\/section>\n\t\t\t\t<section class=\"elementor-section elementor-inner-section elementor-element elementor-element-6f464ed elementor-section-boxed elementor-section-height-default elementor-section-height-default\" data-id=\"6f464ed\" data-element_type=\"section\">\n\t\t\t\t\t\t<div class=\"elementor-container elementor-column-gap-default\">\n\t\t\t\t\t<div class=\"elementor-column elementor-col-100 elementor-inner-column elementor-element elementor-element-1a549b6\" data-id=\"1a549b6\" data-element_type=\"column\">\n\t\t\t<div class=\"elementor-widget-wrap elementor-element-populated\">\n\t\t\t\t\t\t<div class=\"elementor-element elementor-element-0819acf elementor-widget__width-auto elementor-widget-divider--view-line elementor-widget elementor-widget-divider\" data-id=\"0819acf\" data-element_type=\"widget\" data-widget_type=\"divider.default\">\n\t\t\t\t<div class=\"elementor-widget-container\">\n\t\t\t\t\t\t\t<div class=\"elementor-divider\">\n\t\t\t<span class=\"elementor-divider-separator\">\n\t\t\t\t\t\t<\/span>\n\t\t<\/div>\n\t\t\t\t\t\t<\/div>\n\t\t\t\t<\/div>\n\t\t\t\t<div class=\"elementor-element elementor-element-f34041c elementor-widget__width-auto elementor-widget elementor-widget-heading\" data-id=\"f34041c\" data-element_type=\"widget\" data-widget_type=\"heading.default\">\n\t\t\t\t<div class=\"elementor-widget-container\">\n\t\t\t\t\t<h2 class=\"elementor-heading-title elementor-size-default\">Holzmarkierungsmaschinen<\/h2>\t\t\t\t<\/div>\n\t\t\t\t<\/div>\n\t\t\t\t<div class=\"elementor-element elementor-element-eac18e2 elementor-widget elementor-widget-spacer\" data-id=\"eac18e2\" data-element_type=\"widget\" data-widget_type=\"spacer.default\">\n\t\t\t\t<div class=\"elementor-widget-container\">\n\t\t\t\t\t\t\t<div class=\"elementor-spacer\">\n\t\t\t<div class=\"elementor-spacer-inner\"><\/div>\n\t\t<\/div>\n\t\t\t\t\t\t<\/div>\n\t\t\t\t<\/div>\n\t\t\t\t<div class=\"elementor-element elementor-element-e62595f elementor-widget elementor-widget-text-editor\" data-id=\"e62595f\" data-element_type=\"widget\" data-widget_type=\"text-editor.default\">\n\t\t\t\t<div class=\"elementor-widget-container\">\n\t\t\t\t\t\t\t\t\t<p>Die <strong>Lasermarkierung auf Holz<\/strong>, wie sie von LASIT angeboten wird, stellt eine fortschrittliche und \u00e4u\u00dferst vielseitige technologische L\u00f6sung dar, die f\u00fcr eine Vielzahl von Anwendungen in den Bereichen Handwerk, M\u00f6bel, Bauwesen, Beschilderung und dar\u00fcber hinaus geeignet ist. Diese Technik nutzt die Pr\u00e4zision von Dioden- oder CO2-Lasern, um sehr pr\u00e4zise Gravuren und Schnitte auf der Holzoberfl\u00e4che zu erzeugen.<\/p>\n<p>LASIT-L\u00f6sungen zeichnen sich durch ihre F\u00e4higkeit aus, mit verschiedenen Holzarten, sowohl weichem als auch hartem oder lackiertem Holz, zu arbeiten und so eine Vielzahl von Produkten wie Accessoires, Industriewerkzeuge, Spielzeug, Geschenkartikel, Schilder, Schilder und Accessoires herzustellen. \u201eM\u00f6bel\u201c. <strong>Ein Beispiel ist das FlyCO2-Modell von LASIT<\/strong>, \u00e4u\u00dferst kompakt und modular, ideal f\u00fcr die Integration in Produktionslinien und zeichnet sich durch reduzierte Betriebskosten und hohe Produktivit\u00e4t aus.<\/p>\n<p>Die von LASIT hergestellte Lasermarkierung auf Holz ist daf\u00fcr bekannt, dass sie unausl\u00f6schlich ist und eine effektive Produktr\u00fcckverfolgbarkeit gew\u00e4hrleistet. LASIT-Systeme sind auf die spezifischen Bed\u00fcrfnisse der Kunden zugeschnitten, von der Mechanik bis zur Software, mit besonderem Augenmerk auf die Anforderungen der Automatisierung und Integration in Produktionslinien. Die LASIT-Lasertechnologie greift das Material nicht an und gew\u00e4hrleistet so den Erhalt der nat\u00fcrlichen Eigenschaften des Holzes.<\/p>\n<p>Ein einzigartiger Aspekt der Lasermarkierung auf Holz ist der Karbonisierungsprozess, der durch die Freisetzung von Kohlenstoff aus den Holzbindungen zu einer <strong>Verdunkelung des Holzes<\/strong> f\u00fchrt. Die Farbe dieses Prozesses kann je nach Intensit\u00e4t und Art des behandelten Holzes von Grau bis Schwarz variieren. LASIT-Lasersysteme sind in der Lage, pr\u00e4zise Schnitte und perfekte Konturen auf unterschiedlichen Materialst\u00e4rken und Materialkombinationen zu erstellen, was das Laserschneiden zu einer optimalen L\u00f6sung f\u00fcr die Erzielung hochwertiger Oberfl\u00e4chen ohne Abplatzen oder Bearbeitungsr\u00fcckst\u00e4nde macht.<\/p>\n<p>Zusammenfassend l\u00e4sst sich sagen, dass LASIT Lasermarkierungsl\u00f6sungen f\u00fcr Holz bietet, die sich durch Pr\u00e4zision, Vielseitigkeit und Zuverl\u00e4ssigkeit auszeichnen, effektiv auf die unterschiedlichen Bed\u00fcrfnisse des Marktes reagieren und einen hohen Grad an Kundenservice bieten, um jede Phase des Produktionsprozesses zu unterst\u00fctzen<\/p>\n\t\t\t\t\t\t\t\t<\/div>\n\t\t\t\t<\/div>\n\t\t\t\t\t<\/div>\n\t\t<\/div>\n\t\t\t\t\t<\/div>\n\t\t<\/section>\n\t\t\t\t\t<\/div>\n\t\t<\/div>\n\t\t\t\t\t<\/div>\n\t\t<\/section>\n\t\t\t\t<section class=\"elementor-section elementor-top-section elementor-element elementor-element-2cca0281 elementor-section-boxed elementor-section-height-default elementor-section-height-default\" data-id=\"2cca0281\" data-element_type=\"section\">\n\t\t\t\t\t\t<div class=\"elementor-container elementor-column-gap-default\">\n\t\t\t\t\t<div class=\"elementor-column elementor-col-100 elementor-top-column elementor-element elementor-element-2f063f53\" data-id=\"2f063f53\" data-element_type=\"column\">\n\t\t\t<div class=\"elementor-widget-wrap\">\n\t\t\t\t\t\t\t<\/div>\n\t\t<\/div>\n\t\t\t\t\t<\/div>\n\t\t<\/section>\n\t\t\t\t<\/div>\n\t\t","protected":false},"excerpt":{"rendered":"<p>LASERMARKIERUNG AUF HOLZ Fortschrittliche Technologien der neuesten Generation f\u00fcr die Lasergravur und -markierung auf Kunststoffmaterialien Lasermarkierung auf Holz Bei der Lasermarkierung auf Holz handelt es sich um einen Prozess, bei dem mit einem Laser ein Bild auf die Holzoberfl\u00e4che ge\u00e4tzt oder erzeugt wird. Die Lasermarkierung erfolgt mit einem Diodenlaser oder einem CO2-Laser, der einen hochkonzentrierten [&hellip;]<\/p>\n","protected":false},"author":1,"featured_media":0,"parent":0,"menu_order":0,"comment_status":"closed","ping_status":"closed","template":"elementor_header_footer","meta":{"footnotes":""},"class_list":["post-976","page","type-page","status-publish","hentry"],"_links":{"self":[{"href":"https:\/\/bestlasermarking.com\/de\/wp-json\/wp\/v2\/pages\/976","targetHints":{"allow":["GET"]}}],"collection":[{"href":"https:\/\/bestlasermarking.com\/de\/wp-json\/wp\/v2\/pages"}],"about":[{"href":"https:\/\/bestlasermarking.com\/de\/wp-json\/wp\/v2\/types\/page"}],"author":[{"embeddable":true,"href":"https:\/\/bestlasermarking.com\/de\/wp-json\/wp\/v2\/users\/1"}],"replies":[{"embeddable":true,"href":"https:\/\/bestlasermarking.com\/de\/wp-json\/wp\/v2\/comments?post=976"}],"version-history":[{"count":1,"href":"https:\/\/bestlasermarking.com\/de\/wp-json\/wp\/v2\/pages\/976\/revisions"}],"predecessor-version":[{"id":977,"href":"https:\/\/bestlasermarking.com\/de\/wp-json\/wp\/v2\/pages\/976\/revisions\/977"}],"wp:attachment":[{"href":"https:\/\/bestlasermarking.com\/de\/wp-json\/wp\/v2\/media?parent=976"}],"curies":[{"name":"wp","href":"https:\/\/api.w.org\/{rel}","templated":true}]}}