{"id":982,"date":"2022-12-17T11:09:39","date_gmt":"2022-12-17T11:09:39","guid":{"rendered":"https:\/\/bestlasermarking.com\/laserbeschriftung-von-schmuck\/"},"modified":"2024-02-01T05:17:00","modified_gmt":"2024-02-01T05:17:00","slug":"laserbeschriftung-von-schmuck","status":"publish","type":"page","link":"https:\/\/bestlasermarking.com\/de\/laserbeschriftung-von-schmuck\/","title":{"rendered":"Laserbeschriftung von Schmuck"},"content":{"rendered":"\t\t<div data-elementor-type=\"wp-page\" data-elementor-id=\"982\" class=\"elementor elementor-982 elementor-398\" data-elementor-post-type=\"page\">\n\t\t\t\t\t\t<section class=\"elementor-section elementor-top-section elementor-element elementor-element-18f18763 elementor-section-height-min-height elementor-section-boxed elementor-section-height-default elementor-section-items-middle\" data-id=\"18f18763\" data-element_type=\"section\" data-settings=\"{&quot;background_background&quot;:&quot;slideshow&quot;,&quot;background_slideshow_gallery&quot;:[{&quot;id&quot;:403,&quot;url&quot;:&quot;https:\\\/\\\/bestlasermarking.com\\\/wp-content\\\/uploads\\\/2022\\\/12\\\/marcatura-oro-argento-gioielli.webp&quot;}],&quot;background_slideshow_ken_burns&quot;:&quot;yes&quot;,&quot;background_slideshow_loop&quot;:&quot;yes&quot;,&quot;background_slideshow_slide_duration&quot;:5000,&quot;background_slideshow_slide_transition&quot;:&quot;fade&quot;,&quot;background_slideshow_transition_duration&quot;:500,&quot;background_slideshow_ken_burns_zoom_direction&quot;:&quot;in&quot;}\">\n\t\t\t\t\t\t\t<div class=\"elementor-background-overlay\"><\/div>\n\t\t\t\t\t\t\t<div class=\"elementor-container elementor-column-gap-default\">\n\t\t\t\t\t<div class=\"elementor-column elementor-col-66 elementor-top-column elementor-element elementor-element-45e3b566\" data-id=\"45e3b566\" data-element_type=\"column\">\n\t\t\t<div class=\"elementor-widget-wrap elementor-element-populated\">\n\t\t\t\t\t\t<div class=\"elementor-element elementor-element-c498449 elementor-widget elementor-widget-heading\" data-id=\"c498449\" data-element_type=\"widget\" data-widget_type=\"heading.default\">\n\t\t\t\t<div class=\"elementor-widget-container\">\n\t\t\t\t\t<h1 class=\"elementor-heading-title elementor-size-default\"><strong> LASERMARKIERUNG VON SCHMUCK<\/strong><\/h1>\t\t\t\t<\/div>\n\t\t\t\t<\/div>\n\t\t\t\t<div class=\"elementor-element elementor-element-2c759736 elementor-widget elementor-widget-text-editor\" data-id=\"2c759736\" data-element_type=\"widget\" data-widget_type=\"text-editor.default\">\n\t\t\t\t<div class=\"elementor-widget-container\">\n\t\t\t\t\t\t\t\t\t<p>Fortschrittliche Lasermarkierungssysteme f\u00fcr wertvolle Materialien wie Gold und Silber.<\/p>\n\t\t\t\t\t\t\t\t<\/div>\n\t\t\t\t<\/div>\n\t\t\t\t\t<\/div>\n\t\t<\/div>\n\t\t\t\t<div class=\"elementor-column elementor-col-33 elementor-top-column elementor-element elementor-element-320390a6\" data-id=\"320390a6\" data-element_type=\"column\">\n\t\t\t<div class=\"elementor-widget-wrap\">\n\t\t\t\t\t\t\t<\/div>\n\t\t<\/div>\n\t\t\t\t\t<\/div>\n\t\t<\/section>\n\t\t\t\t<section class=\"elementor-section elementor-top-section elementor-element elementor-element-2bfa7acd elementor-reverse-mobile elementor-section-boxed elementor-section-height-default elementor-section-height-default\" data-id=\"2bfa7acd\" data-element_type=\"section\">\n\t\t\t\t\t\t<div class=\"elementor-container elementor-column-gap-no\">\n\t\t\t\t\t<div class=\"elementor-column elementor-col-50 elementor-top-column elementor-element elementor-element-5ed9951e\" data-id=\"5ed9951e\" data-element_type=\"column\">\n\t\t\t<div class=\"elementor-widget-wrap elementor-element-populated\">\n\t\t\t\t\t\t<section class=\"elementor-section elementor-inner-section elementor-element elementor-element-175b3102 elementor-section-boxed elementor-section-height-default elementor-section-height-default\" data-id=\"175b3102\" data-element_type=\"section\">\n\t\t\t\t\t\t<div class=\"elementor-container elementor-column-gap-default\">\n\t\t\t\t\t<div class=\"elementor-column elementor-col-100 elementor-inner-column elementor-element elementor-element-3d07e6d2\" data-id=\"3d07e6d2\" data-element_type=\"column\" data-settings=\"{&quot;background_background&quot;:&quot;classic&quot;}\">\n\t\t\t<div class=\"elementor-widget-wrap elementor-element-populated\">\n\t\t\t\t\t\t<div class=\"elementor-element elementor-element-326dd9cc elementor-widget elementor-widget-image\" data-id=\"326dd9cc\" data-element_type=\"widget\" data-widget_type=\"image.default\">\n\t\t\t\t<div class=\"elementor-widget-container\">\n\t\t\t\t\t\t\t\t\t\t\t\t\t\t\t<img fetchpriority=\"high\" decoding=\"async\" width=\"732\" height=\"472\" src=\"https:\/\/bestlasermarking.com\/wp-content\/uploads\/2022\/12\/marcatura-oro-argento-gioielli.webp\" class=\"attachment-large size-large wp-image-829\" alt=\"\" srcset=\"https:\/\/bestlasermarking.com\/wp-content\/uploads\/2022\/12\/marcatura-oro-argento-gioielli.webp 732w, https:\/\/bestlasermarking.com\/wp-content\/uploads\/2022\/12\/marcatura-oro-argento-gioielli-300x193.webp 300w, https:\/\/bestlasermarking.com\/wp-content\/uploads\/2022\/12\/marcatura-oro-argento-gioielli-18x12.webp 18w\" sizes=\"(max-width: 732px) 100vw, 732px\" \/>\t\t\t\t\t\t\t\t\t\t\t\t\t\t\t<\/div>\n\t\t\t\t<\/div>\n\t\t\t\t\t<\/div>\n\t\t<\/div>\n\t\t\t\t\t<\/div>\n\t\t<\/section>\n\t\t\t\t<section class=\"elementor-section elementor-inner-section elementor-element elementor-element-29fa7ee6 elementor-section-boxed elementor-section-height-default elementor-section-height-default\" data-id=\"29fa7ee6\" data-element_type=\"section\">\n\t\t\t\t\t\t<div class=\"elementor-container elementor-column-gap-default\">\n\t\t\t\t\t<div class=\"elementor-column elementor-col-50 elementor-inner-column elementor-element elementor-element-1898c14\" data-id=\"1898c14\" data-element_type=\"column\">\n\t\t\t<div class=\"elementor-widget-wrap elementor-element-populated\">\n\t\t\t\t\t\t<div class=\"elementor-element elementor-element-65c186db elementor-widget elementor-widget-image\" data-id=\"65c186db\" data-element_type=\"widget\" data-widget_type=\"image.default\">\n\t\t\t\t<div class=\"elementor-widget-container\">\n\t\t\t\t\t\t\t\t\t\t\t\t\t\t\t<img decoding=\"async\" src=\"https:\/\/bestlasermarking.com\/wp-content\/uploads\/elementor\/thumbs\/incisione-laser-oro-pzakpi3i5ix4vqzesa2r7tgeldaw8tnhg09yrmdzt4.webp\" title=\"incisione-laser-oro\" alt=\"incisione-laser-oro\" loading=\"lazy\" \/>\t\t\t\t\t\t\t\t\t\t\t\t\t\t\t<\/div>\n\t\t\t\t<\/div>\n\t\t\t\t\t<\/div>\n\t\t<\/div>\n\t\t\t\t<div class=\"elementor-column elementor-col-50 elementor-inner-column elementor-element elementor-element-20474d7f\" data-id=\"20474d7f\" data-element_type=\"column\">\n\t\t\t<div class=\"elementor-widget-wrap elementor-element-populated\">\n\t\t\t\t\t\t<div class=\"elementor-element elementor-element-3fd05882 elementor-widget elementor-widget-image\" data-id=\"3fd05882\" data-element_type=\"widget\" data-widget_type=\"image.default\">\n\t\t\t\t<div class=\"elementor-widget-container\">\n\t\t\t\t\t\t\t\t\t\t\t\t\t\t\t<img decoding=\"async\" src=\"https:\/\/bestlasermarking.com\/wp-content\/uploads\/elementor\/thumbs\/marcatura-laser-gioielli-pzakqjp1qwcls5gsoqbtzjyucs5kspsqx6ddyou8w8.webp\" title=\"marcatura-laser-gioielli\" alt=\"marcatura-laser-gioielli\" loading=\"lazy\" \/>\t\t\t\t\t\t\t\t\t\t\t\t\t\t\t<\/div>\n\t\t\t\t<\/div>\n\t\t\t\t\t<\/div>\n\t\t<\/div>\n\t\t\t\t\t<\/div>\n\t\t<\/section>\n\t\t\t\t\t<\/div>\n\t\t<\/div>\n\t\t\t\t<div class=\"elementor-column elementor-col-50 elementor-top-column elementor-element elementor-element-73578476\" data-id=\"73578476\" data-element_type=\"column\">\n\t\t\t<div class=\"elementor-widget-wrap elementor-element-populated\">\n\t\t\t\t\t\t<section class=\"elementor-section elementor-inner-section elementor-element elementor-element-7c513c7a elementor-reverse-mobile elementor-section-boxed elementor-section-height-default elementor-section-height-default\" data-id=\"7c513c7a\" data-element_type=\"section\">\n\t\t\t\t\t\t<div class=\"elementor-container elementor-column-gap-default\">\n\t\t\t\t\t<div class=\"elementor-column elementor-col-100 elementor-inner-column elementor-element elementor-element-5a645e7c\" data-id=\"5a645e7c\" data-element_type=\"column\">\n\t\t\t<div class=\"elementor-widget-wrap elementor-element-populated\">\n\t\t\t\t\t\t<div class=\"elementor-element elementor-element-4a012816 elementor-widget__width-auto elementor-widget-divider--view-line elementor-widget elementor-widget-divider\" data-id=\"4a012816\" data-element_type=\"widget\" data-widget_type=\"divider.default\">\n\t\t\t\t<div class=\"elementor-widget-container\">\n\t\t\t\t\t\t\t<div class=\"elementor-divider\">\n\t\t\t<span class=\"elementor-divider-separator\">\n\t\t\t\t\t\t<\/span>\n\t\t<\/div>\n\t\t\t\t\t\t<\/div>\n\t\t\t\t<\/div>\n\t\t\t\t<div class=\"elementor-element elementor-element-194716d4 elementor-widget__width-auto elementor-widget elementor-widget-heading\" data-id=\"194716d4\" data-element_type=\"widget\" data-widget_type=\"heading.default\">\n\t\t\t\t<div class=\"elementor-widget-container\">\n\t\t\t\t\t<h2 class=\"elementor-heading-title elementor-size-default\">Lasermarkierung auf Gold und Silber<\/h2>\t\t\t\t<\/div>\n\t\t\t\t<\/div>\n\t\t\t\t<div class=\"elementor-element elementor-element-2221107e elementor-widget elementor-widget-spacer\" data-id=\"2221107e\" data-element_type=\"widget\" data-widget_type=\"spacer.default\">\n\t\t\t\t<div class=\"elementor-widget-container\">\n\t\t\t\t\t\t\t<div class=\"elementor-spacer\">\n\t\t\t<div class=\"elementor-spacer-inner\"><\/div>\n\t\t<\/div>\n\t\t\t\t\t\t<\/div>\n\t\t\t\t<\/div>\n\t\t\t\t<div class=\"elementor-element elementor-element-6f25b857 elementor-widget elementor-widget-text-editor\" data-id=\"6f25b857\" data-element_type=\"widget\" data-widget_type=\"text-editor.default\">\n\t\t\t\t<div class=\"elementor-widget-container\">\n\t\t\t\t\t\t\t\t\t<p>Bei der <strong>Lasermarkierung auf Gold und Silber<\/strong> handelt es sich um einen Prozess, bei dem mithilfe eines Laserstrahls eine dauerhafte Gravur auf der Oberfl\u00e4che dieser Edelmetalle erzeugt wird. Dieses Verfahren wird h\u00e4ufig verwendet, um Gold- und Silberschmuck, M\u00fcnzen und andere Gegenst\u00e4nde mit Informationen wie dem Herstellerzeichen, der Seriennummer oder dem <strong>Edelmetallgehalt<\/strong> zu kennzeichnen.<\/p>\n<p>Die Lasermarkierung ist eine pr\u00e4zise und nicht-invasive Methode, die die Metalloberfl\u00e4che nicht besch\u00e4digt. Dar\u00fcber hinaus k\u00f6nnen kleine Schriftgr\u00f6\u00dfen und komplexe Formen mit hoher Aufl\u00f6sung erstellt werden. Es ist jedoch wichtig zu beachten, dass die Lasermarkierung nur auf Hartmetallen wie Gold und Silber durchgef\u00fchrt werden kann, da sich weiche Metalle unter der vom Laser erzeugten Hitze verziehen oder schmelzen k\u00f6nnen.<\/p>\n<p>Um <strong>Gold oder Silber mit einem Laser zu markieren<\/strong>, wird ein faseroptischer Laser oder ein Festk\u00f6rperlaser verwendet. Die Wahl des Lasertyps h\u00e4ngt von der Gr\u00f6\u00dfe des zu markierenden Objekts, der Dicke des Metalls und den Anforderungen an die Markierungsqualit\u00e4t ab.<\/p>\n<p>Sobald der Laser eingerichtet ist, wird er durch eine Konzentrationslinse geleitet, um den Laserstrahl auf die Metalloberfl\u00e4che zu fokussieren. Wenn der Laserstrahl auf das Metall trifft, erzeugt er einen kleinen Einschnitt in der Oberfl\u00e4che. Die Tiefe und Breite der Gravur kann durch Ver\u00e4nderung der Laserleistung und der Einwirkungszeit des Strahls angepasst werden<\/p>\n\t\t\t\t\t\t\t\t<\/div>\n\t\t\t\t<\/div>\n\t\t\t\t\t<\/div>\n\t\t<\/div>\n\t\t\t\t\t<\/div>\n\t\t<\/section>\n\t\t\t\t\t<\/div>\n\t\t<\/div>\n\t\t\t\t\t<\/div>\n\t\t<\/section>\n\t\t\t\t<section class=\"elementor-section elementor-top-section elementor-element elementor-element-7d8b6f37 elementor-section-boxed elementor-section-height-default elementor-section-height-default\" data-id=\"7d8b6f37\" data-element_type=\"section\" data-settings=\"{&quot;background_background&quot;:&quot;classic&quot;}\">\n\t\t\t\t\t\t<div class=\"elementor-container elementor-column-gap-default\">\n\t\t\t\t\t<div class=\"elementor-column elementor-col-100 elementor-top-column elementor-element elementor-element-3ac0279\" data-id=\"3ac0279\" data-element_type=\"column\">\n\t\t\t<div class=\"elementor-widget-wrap elementor-element-populated\">\n\t\t\t\t\t\t<section class=\"elementor-section elementor-inner-section elementor-element elementor-element-65a07cdc elementor-section-boxed elementor-section-height-default elementor-section-height-default\" data-id=\"65a07cdc\" data-element_type=\"section\">\n\t\t\t\t\t\t<div class=\"elementor-container elementor-column-gap-default\">\n\t\t\t\t\t<div class=\"elementor-column elementor-col-100 elementor-inner-column elementor-element elementor-element-66500928\" data-id=\"66500928\" data-element_type=\"column\">\n\t\t\t<div class=\"elementor-widget-wrap elementor-element-populated\">\n\t\t\t\t\t\t<div class=\"elementor-element elementor-element-4127b683 elementor-widget__width-auto elementor-widget-divider--view-line elementor-widget elementor-widget-divider\" data-id=\"4127b683\" data-element_type=\"widget\" data-widget_type=\"divider.default\">\n\t\t\t\t<div class=\"elementor-widget-container\">\n\t\t\t\t\t\t\t<div class=\"elementor-divider\">\n\t\t\t<span class=\"elementor-divider-separator\">\n\t\t\t\t\t\t<\/span>\n\t\t<\/div>\n\t\t\t\t\t\t<\/div>\n\t\t\t\t<\/div>\n\t\t\t\t<div class=\"elementor-element elementor-element-75a5d14 elementor-widget__width-auto elementor-widget elementor-widget-heading\" data-id=\"75a5d14\" data-element_type=\"widget\" data-widget_type=\"heading.default\">\n\t\t\t\t<div class=\"elementor-widget-container\">\n\t\t\t\t\t<h2 class=\"elementor-heading-title elementor-size-default\">Kann Schmuck graviert werden?<\/h2>\t\t\t\t<\/div>\n\t\t\t\t<\/div>\n\t\t\t\t<div class=\"elementor-element elementor-element-17d2a179 elementor-widget elementor-widget-spacer\" data-id=\"17d2a179\" data-element_type=\"widget\" data-widget_type=\"spacer.default\">\n\t\t\t\t<div class=\"elementor-widget-container\">\n\t\t\t\t\t\t\t<div class=\"elementor-spacer\">\n\t\t\t<div class=\"elementor-spacer-inner\"><\/div>\n\t\t<\/div>\n\t\t\t\t\t\t<\/div>\n\t\t\t\t<\/div>\n\t\t\t\t<div class=\"elementor-element elementor-element-4e12b584 elementor-widget elementor-widget-text-editor\" data-id=\"4e12b584\" data-element_type=\"widget\" data-widget_type=\"text-editor.default\">\n\t\t\t\t<div class=\"elementor-widget-container\">\n\t\t\t\t\t\t\t\t\t<p>Ja, Schmuck kann mit verschiedenen Methoden graviert werden, darunter Lasermarkierung, Handritzen, Gravieren und Pr\u00e4gen.<\/p>\n<p>Die Lasermarkierung ist eine pr\u00e4zise, \u200b\u200bnicht-invasive Methode zum Gravieren von Gold-, Silber- und anderem Hartmetallschmuck. Bei diesem Verfahren wird mithilfe eines Laserstrahls eine dauerhafte Gravur auf der Oberfl\u00e4che des Schmuckst\u00fccks erzeugt. Mit der Lasermarkierung k\u00f6nnen kleine Zeichen und komplexe Formen mit hoher Aufl\u00f6sung erstellt werden, sie kann jedoch nicht auf weichen Metallen oder Edelsteinen angewendet werden.<\/p>\n\t\t\t\t\t\t\t\t<\/div>\n\t\t\t\t<\/div>\n\t\t\t\t\t<\/div>\n\t\t<\/div>\n\t\t\t\t\t<\/div>\n\t\t<\/section>\n\t\t\t\t<section class=\"elementor-section elementor-inner-section elementor-element elementor-element-1357f86 elementor-section-boxed elementor-section-height-default elementor-section-height-default\" data-id=\"1357f86\" data-element_type=\"section\">\n\t\t\t\t\t\t<div class=\"elementor-container elementor-column-gap-default\">\n\t\t\t\t\t<div class=\"elementor-column elementor-col-100 elementor-inner-column elementor-element elementor-element-9a9d1ec\" data-id=\"9a9d1ec\" data-element_type=\"column\">\n\t\t\t<div class=\"elementor-widget-wrap elementor-element-populated\">\n\t\t\t\t\t\t<div class=\"elementor-element elementor-element-92543a3 elementor-widget__width-auto elementor-widget-divider--view-line elementor-widget elementor-widget-divider\" data-id=\"92543a3\" data-element_type=\"widget\" data-widget_type=\"divider.default\">\n\t\t\t\t<div class=\"elementor-widget-container\">\n\t\t\t\t\t\t\t<div class=\"elementor-divider\">\n\t\t\t<span class=\"elementor-divider-separator\">\n\t\t\t\t\t\t<\/span>\n\t\t<\/div>\n\t\t\t\t\t\t<\/div>\n\t\t\t\t<\/div>\n\t\t\t\t<div class=\"elementor-element elementor-element-cc28cd8 elementor-widget__width-auto elementor-widget elementor-widget-heading\" data-id=\"cc28cd8\" data-element_type=\"widget\" data-widget_type=\"heading.default\">\n\t\t\t\t<div class=\"elementor-widget-container\">\n\t\t\t\t\t<h2 class=\"elementor-heading-title elementor-size-default\">Lasergravur auf Schmuck<\/h2>\t\t\t\t<\/div>\n\t\t\t\t<\/div>\n\t\t\t\t<div class=\"elementor-element elementor-element-1da6988 elementor-widget elementor-widget-spacer\" data-id=\"1da6988\" data-element_type=\"widget\" data-widget_type=\"spacer.default\">\n\t\t\t\t<div class=\"elementor-widget-container\">\n\t\t\t\t\t\t\t<div class=\"elementor-spacer\">\n\t\t\t<div class=\"elementor-spacer-inner\"><\/div>\n\t\t<\/div>\n\t\t\t\t\t\t<\/div>\n\t\t\t\t<\/div>\n\t\t\t\t<div class=\"elementor-element elementor-element-f96af05 elementor-widget elementor-widget-text-editor\" data-id=\"f96af05\" data-element_type=\"widget\" data-widget_type=\"text-editor.default\">\n\t\t\t\t<div class=\"elementor-widget-container\">\n\t\t\t\t\t\t\t\t\t<p>Die Lasergravur von Schmuck stellt einen bedeutenden Qualit\u00e4tssprung im Vergleich zu herk\u00f6mmlichen Personalisierungsmethoden wie der mechanischen oder chemischen Gravur dar. Diese fortschrittliche Technik wird auf einer Vielzahl von Materialien eingesetzt, darunter Gold, Silber, Platin, Kupfer, Bronze, Titan, Aluminium, Edelstahl sowie auf Glas und verschiedenen beschichteten Metallen.<\/p>\n<h4>So funktioniert die Lasergravur auf Schmuck<\/h4>\n<p>Bei der Lasergravur von Schmuckst\u00fccken wird ein sehr d\u00fcnner Teil der Oberfl\u00e4che des Edelmetalls entfernt, wodurch ein detailliertes und gut lesbares Relief entsteht. Der Laserstrahl erzeugt W\u00e4rme, die auf den gew\u00fcnschten Bereich fokussiert wird, was ebenfalls zu Verf\u00e4rbungen f\u00fchrt, wodurch die Markierung deutlicher und klarer wird. Dank der Pr\u00e4zision des Lasers ist es m\u00f6glich, aufwendige Gravuren auf Halsketten, Armb\u00e4ndern und anderen Schmuckkreationen zu erstellen, sowie die M\u00f6glichkeit, Lasertechnologie zum Schwei\u00dfen und Zusammenbauen verschiedener St\u00fccke zu nutzen.<\/p>\n<h4>Vorteile der Lasergravur<\/h4>\n<p>Einer der Hauptvorteile der Lasergravur auf Schmuck ist die extreme Pr\u00e4zision, die es Ihnen erm\u00f6glicht, raffinierte und elegante Ergebnisse zu erzielen. Mit dieser Technik k\u00f6nnen Sie verschiedene Materialien bearbeiten, einschlie\u00dflich komplexer Gravuren wie Mikromarkierungen, Identifikationscodes und detaillierter Dekorationen. Die Lasermarkierung ist unausl\u00f6schlich und best\u00e4ndig gegen chemische und atmosph\u00e4rische Einfl\u00fcsse, was eine lange Haltbarkeit garantiert. Die Betriebskosten sind niedrig, die Verarbeitungszeiten sind kurz und nahezu kein Materialabfall.<\/p>\n<h4>Lasergravur auf Diamanten<\/h4>\n<p>Im speziellen Fall von Diamanten wird eine Lasergravur verwendet, um die Herkunft und Echtheit des Schmuckst\u00fccks zu garantieren. Die f\u00fcr das blo\u00dfe Auge unsichtbare Gravur fungiert als Garantiezertifikat und bescheinigt den Wert und die Herkunft des Diamanten. Diese Praxis wird von globalen Zertifizierungsstellen wie dem Gemological Institute of America und dem Hoge Raad voor Diamant anerkannt.<\/p>\n<h4>Laseranwendungen und -technologien f\u00fcr Schmuck<\/h4>\n<p>Die fortschrittlichsten Lasertechnologien decken ein breites Spektrum an Leistungen und Anwendungen ab. Diese Maschinen eignen sich sowohl f\u00fcr leichte Bearbeitungen als auch f\u00fcr tiefe Schnitte und Gravuren auf Schmuck und Edelmetallen und sind in der Lage, hochpr\u00e4zise Bearbeitungen durchzuf\u00fchren, einschlie\u00dflich der Verwendung von Selbsterkennungssystemen f\u00fcr die zu kennzeichnenden St\u00fccke.<\/p>\n<p>Diese Maschinen sind f\u00fcr Bartbeitungen sowie f\u00fcr Tiefenschnitte und Gravuren auf Schmuck und Edelmetallen geeignet und werden in der Lage, hochpr\u00e4zise Bearbeitungen durchzuf\u00fchren, einschlie\u00dflich der Verwendung von Selbsterkennungssystemen f\u00fcr die zu kennzeichnenden St\u00fccke.<\/p>\t\t\t\t\t\t\t\t<\/div>\n\t\t\t\t<\/div>\n\t\t\t\t\t<\/div>\n\t\t<\/div>\n\t\t\t\t\t<\/div>\n\t\t<\/section>\n\t\t\t\t\t<\/div>\n\t\t<\/div>\n\t\t\t\t\t<\/div>\n\t\t<\/section>\n\t\t\t\t<section class=\"elementor-section elementor-top-section elementor-element elementor-element-2cca0281 elementor-section-boxed elementor-section-height-default elementor-section-height-default\" data-id=\"2cca0281\" data-element_type=\"section\">\n\t\t\t\t\t\t<div class=\"elementor-container elementor-column-gap-default\">\n\t\t\t\t\t<div class=\"elementor-column elementor-col-100 elementor-top-column elementor-element elementor-element-2f063f53\" data-id=\"2f063f53\" data-element_type=\"column\">\n\t\t\t<div class=\"elementor-widget-wrap\">\n\t\t\t\t\t\t\t<\/div>\n\t\t<\/div>\n\t\t\t\t\t<\/div>\n\t\t<\/section>\n\t\t\t\t<\/div>\n\t\t","protected":false},"excerpt":{"rendered":"<p>LASERMARKIERUNG VON SCHMUCK Fortschrittliche Lasermarkierungssysteme f\u00fcr wertvolle Materialien wie Gold und Silber. Lasermarkierung auf Gold und Silber Bei der Lasermarkierung auf Gold und Silber handelt es sich um einen Prozess, bei dem mithilfe eines Laserstrahls eine dauerhafte Gravur auf der Oberfl\u00e4che dieser Edelmetalle erzeugt wird. Dieses Verfahren wird h\u00e4ufig verwendet, um Gold- und Silberschmuck, M\u00fcnzen [&hellip;]<\/p>\n","protected":false},"author":1,"featured_media":0,"parent":0,"menu_order":0,"comment_status":"closed","ping_status":"closed","template":"elementor_header_footer","meta":{"footnotes":""},"class_list":["post-982","page","type-page","status-publish","hentry"],"_links":{"self":[{"href":"https:\/\/bestlasermarking.com\/de\/wp-json\/wp\/v2\/pages\/982","targetHints":{"allow":["GET"]}}],"collection":[{"href":"https:\/\/bestlasermarking.com\/de\/wp-json\/wp\/v2\/pages"}],"about":[{"href":"https:\/\/bestlasermarking.com\/de\/wp-json\/wp\/v2\/types\/page"}],"author":[{"embeddable":true,"href":"https:\/\/bestlasermarking.com\/de\/wp-json\/wp\/v2\/users\/1"}],"replies":[{"embeddable":true,"href":"https:\/\/bestlasermarking.com\/de\/wp-json\/wp\/v2\/comments?post=982"}],"version-history":[{"count":1,"href":"https:\/\/bestlasermarking.com\/de\/wp-json\/wp\/v2\/pages\/982\/revisions"}],"predecessor-version":[{"id":983,"href":"https:\/\/bestlasermarking.com\/de\/wp-json\/wp\/v2\/pages\/982\/revisions\/983"}],"wp:attachment":[{"href":"https:\/\/bestlasermarking.com\/de\/wp-json\/wp\/v2\/media?parent=982"}],"curies":[{"name":"wp","href":"https:\/\/api.w.org\/{rel}","templated":true}]}}