{"id":1009,"date":"2023-05-26T12:27:05","date_gmt":"2023-05-26T12:27:05","guid":{"rendered":"https:\/\/bestlasermarking.com\/grabado-laser-en-piezas-fundidas\/"},"modified":"2024-02-01T07:12:19","modified_gmt":"2024-02-01T07:12:19","slug":"grabado-laser-en-piezas-fundidas","status":"publish","type":"page","link":"https:\/\/bestlasermarking.com\/es\/grabado-laser-en-piezas-fundidas\/","title":{"rendered":"Grabado l\u00e1ser en piezas fundidas"},"content":{"rendered":"\t\t<div data-elementor-type=\"wp-page\" data-elementor-id=\"1009\" class=\"elementor elementor-1009 elementor-511\" data-elementor-post-type=\"page\">\n\t\t\t\t\t\t<section class=\"elementor-section elementor-top-section elementor-element elementor-element-18f18763 elementor-section-height-full elementor-section-boxed elementor-section-height-default elementor-section-items-middle\" data-id=\"18f18763\" data-element_type=\"section\" data-settings=\"{&quot;background_background&quot;:&quot;slideshow&quot;,&quot;background_slideshow_gallery&quot;:[{&quot;id&quot;:345,&quot;url&quot;:&quot;https:\\\/\\\/bestlasermarking.com\\\/wp-content\\\/uploads\\\/2022\\\/12\\\/Incisione-laser-professionale.jpg&quot;}],&quot;background_slideshow_ken_burns&quot;:&quot;yes&quot;,&quot;background_slideshow_loop&quot;:&quot;yes&quot;,&quot;background_slideshow_slide_duration&quot;:5000,&quot;background_slideshow_slide_transition&quot;:&quot;fade&quot;,&quot;background_slideshow_transition_duration&quot;:500,&quot;background_slideshow_ken_burns_zoom_direction&quot;:&quot;in&quot;}\">\n\t\t\t\t\t\t\t<div class=\"elementor-background-overlay\"><\/div>\n\t\t\t\t\t\t\t<div class=\"elementor-container elementor-column-gap-default\">\n\t\t\t\t\t<div class=\"elementor-column elementor-col-66 elementor-top-column elementor-element elementor-element-45e3b566\" data-id=\"45e3b566\" data-element_type=\"column\">\n\t\t\t<div class=\"elementor-widget-wrap elementor-element-populated\">\n\t\t\t\t\t\t<div class=\"elementor-element elementor-element-c498449 elementor-widget elementor-widget-heading\" data-id=\"c498449\" data-element_type=\"widget\" data-widget_type=\"heading.default\">\n\t\t\t\t<div class=\"elementor-widget-container\">\n\t\t\t\t\t<h1 class=\"elementor-heading-title elementor-size-default\">Marcado y grabado l\u00e1ser en componentes de fundici\u00f3n a presi\u00f3n <\/strong><\/h1>\t\t\t\t<\/div>\n\t\t\t\t<\/div>\n\t\t\t\t<div class=\"elementor-element elementor-element-2c759736 elementor-widget elementor-widget-text-editor\" data-id=\"2c759736\" data-element_type=\"widget\" data-widget_type=\"text-editor.default\">\n\t\t\t\t<div class=\"elementor-widget-container\">\n\t\t\t\t\t\t\t\t\t<p>M\u00e1quinas y sistemas de grabado l\u00e1ser profesionales.<\/p>\n\t\t\t\t\t\t\t\t<\/div>\n\t\t\t\t<\/div>\n\t\t\t\t\t<\/div>\n\t\t<\/div>\n\t\t\t\t<div class=\"elementor-column elementor-col-33 elementor-top-column elementor-element elementor-element-320390a6\" data-id=\"320390a6\" data-element_type=\"column\">\n\t\t\t<div class=\"elementor-widget-wrap\">\n\t\t\t\t\t\t\t<\/div>\n\t\t<\/div>\n\t\t\t\t\t<\/div>\n\t\t<\/section>\n\t\t\t\t<section class=\"elementor-section elementor-top-section elementor-element elementor-element-2bfa7acd elementor-reverse-mobile elementor-section-boxed elementor-section-height-default elementor-section-height-default\" data-id=\"2bfa7acd\" data-element_type=\"section\">\n\t\t\t\t\t\t<div class=\"elementor-container elementor-column-gap-no\">\n\t\t\t\t\t<div class=\"elementor-column elementor-col-50 elementor-top-column elementor-element elementor-element-5ed9951e\" data-id=\"5ed9951e\" data-element_type=\"column\">\n\t\t\t<div class=\"elementor-widget-wrap elementor-element-populated\">\n\t\t\t\t\t\t<section class=\"elementor-section elementor-inner-section elementor-element elementor-element-175b3102 elementor-section-boxed elementor-section-height-default elementor-section-height-default\" data-id=\"175b3102\" data-element_type=\"section\">\n\t\t\t\t\t\t<div class=\"elementor-container elementor-column-gap-default\">\n\t\t\t\t\t<div class=\"elementor-column elementor-col-100 elementor-inner-column elementor-element elementor-element-3d07e6d2\" data-id=\"3d07e6d2\" data-element_type=\"column\" data-settings=\"{&quot;background_background&quot;:&quot;classic&quot;}\">\n\t\t\t<div class=\"elementor-widget-wrap elementor-element-populated\">\n\t\t\t\t\t\t<div class=\"elementor-element elementor-element-326dd9cc elementor-widget elementor-widget-image\" data-id=\"326dd9cc\" data-element_type=\"widget\" data-widget_type=\"image.default\">\n\t\t\t\t<div class=\"elementor-widget-container\">\n\t\t\t\t\t\t\t\t\t\t\t\t\t\t\t<img fetchpriority=\"high\" decoding=\"async\" width=\"800\" height=\"534\" src=\"https:\/\/bestlasermarking.com\/wp-content\/uploads\/2022\/12\/Marcatori-Laser-Industriali-1024x683.webp\" class=\"attachment-large size-large wp-image-767\" alt=\"\" srcset=\"https:\/\/bestlasermarking.com\/wp-content\/uploads\/2022\/12\/Marcatori-Laser-Industriali-1024x683.webp 1024w, https:\/\/bestlasermarking.com\/wp-content\/uploads\/2022\/12\/Marcatori-Laser-Industriali-300x200.webp 300w, https:\/\/bestlasermarking.com\/wp-content\/uploads\/2022\/12\/Marcatori-Laser-Industriali-768x512.webp 768w, https:\/\/bestlasermarking.com\/wp-content\/uploads\/2022\/12\/Marcatori-Laser-Industriali-1536x1024.webp 1536w, https:\/\/bestlasermarking.com\/wp-content\/uploads\/2022\/12\/Marcatori-Laser-Industriali-2048x1366.webp 2048w, https:\/\/bestlasermarking.com\/wp-content\/uploads\/2022\/12\/Marcatori-Laser-Industriali-18x12.webp 18w\" sizes=\"(max-width: 800px) 100vw, 800px\" \/>\t\t\t\t\t\t\t\t\t\t\t\t\t\t\t<\/div>\n\t\t\t\t<\/div>\n\t\t\t\t\t<\/div>\n\t\t<\/div>\n\t\t\t\t\t<\/div>\n\t\t<\/section>\n\t\t\t\t<section class=\"elementor-section elementor-inner-section elementor-element elementor-element-29fa7ee6 elementor-section-boxed elementor-section-height-default elementor-section-height-default\" data-id=\"29fa7ee6\" data-element_type=\"section\">\n\t\t\t\t\t\t<div class=\"elementor-container elementor-column-gap-default\">\n\t\t\t\t\t<div class=\"elementor-column elementor-col-50 elementor-inner-column elementor-element elementor-element-1898c14\" data-id=\"1898c14\" data-element_type=\"column\">\n\t\t\t<div class=\"elementor-widget-wrap elementor-element-populated\">\n\t\t\t\t\t\t<div class=\"elementor-element elementor-element-65c186db elementor-widget elementor-widget-image\" data-id=\"65c186db\" data-element_type=\"widget\" data-widget_type=\"image.default\">\n\t\t\t\t<div class=\"elementor-widget-container\">\n\t\t\t\t\t\t\t\t\t\t\t\t\t\t\t<img decoding=\"async\" src=\"https:\/\/bestlasermarking.com\/wp-content\/uploads\/elementor\/thumbs\/Minimark_front_web_tavolo-pz8nvsgx254b3bzxvrwt5k5zhzmnbab34h0euy47ew.webp\" title=\"Minimark_front_web_tavolo\" alt=\"Minimark_front_web_tavolo\" loading=\"lazy\" \/>\t\t\t\t\t\t\t\t\t\t\t\t\t\t\t<\/div>\n\t\t\t\t<\/div>\n\t\t\t\t\t<\/div>\n\t\t<\/div>\n\t\t\t\t<div class=\"elementor-column elementor-col-50 elementor-inner-column elementor-element elementor-element-20474d7f\" data-id=\"20474d7f\" data-element_type=\"column\">\n\t\t\t<div class=\"elementor-widget-wrap elementor-element-populated\">\n\t\t\t\t\t\t<div class=\"elementor-element elementor-element-3fd05882 elementor-widget elementor-widget-image\" data-id=\"3fd05882\" data-element_type=\"widget\" data-widget_type=\"image.default\">\n\t\t\t\t<div class=\"elementor-widget-container\">\n\t\t\t\t\t\t\t\t\t\t\t\t\t\t\t<img decoding=\"async\" src=\"https:\/\/bestlasermarking.com\/wp-content\/uploads\/elementor\/thumbs\/RotomarkX_web-pz8nxsuhodvdxb2t5572zjwh8npwrzaf2f8st94w3s.webp\" title=\"marcatore laser\" alt=\"marcatore laser\" loading=\"lazy\" \/>\t\t\t\t\t\t\t\t\t\t\t\t\t\t\t<\/div>\n\t\t\t\t<\/div>\n\t\t\t\t\t<\/div>\n\t\t<\/div>\n\t\t\t\t\t<\/div>\n\t\t<\/section>\n\t\t\t\t\t<\/div>\n\t\t<\/div>\n\t\t\t\t<div class=\"elementor-column elementor-col-50 elementor-top-column elementor-element elementor-element-73578476\" data-id=\"73578476\" data-element_type=\"column\">\n\t\t\t<div class=\"elementor-widget-wrap elementor-element-populated\">\n\t\t\t\t\t\t<section class=\"elementor-section elementor-inner-section elementor-element elementor-element-7c513c7a elementor-reverse-mobile elementor-section-boxed elementor-section-height-default elementor-section-height-default\" data-id=\"7c513c7a\" data-element_type=\"section\">\n\t\t\t\t\t\t<div class=\"elementor-container elementor-column-gap-default\">\n\t\t\t\t\t<div class=\"elementor-column elementor-col-100 elementor-inner-column elementor-element elementor-element-5a645e7c\" data-id=\"5a645e7c\" data-element_type=\"column\">\n\t\t\t<div class=\"elementor-widget-wrap elementor-element-populated\">\n\t\t\t\t\t\t<div class=\"elementor-element elementor-element-4a012816 elementor-widget__width-auto elementor-widget-divider--view-line elementor-widget elementor-widget-divider\" data-id=\"4a012816\" data-element_type=\"widget\" data-widget_type=\"divider.default\">\n\t\t\t\t<div class=\"elementor-widget-container\">\n\t\t\t\t\t\t\t<div class=\"elementor-divider\">\n\t\t\t<span class=\"elementor-divider-separator\">\n\t\t\t\t\t\t<\/span>\n\t\t<\/div>\n\t\t\t\t\t\t<\/div>\n\t\t\t\t<\/div>\n\t\t\t\t<div class=\"elementor-element elementor-element-194716d4 elementor-widget__width-auto elementor-widget elementor-widget-heading\" data-id=\"194716d4\" data-element_type=\"widget\" data-widget_type=\"heading.default\">\n\t\t\t\t<div class=\"elementor-widget-container\">\n\t\t\t\t\t<h2 class=\"elementor-heading-title elementor-size-default\">Grabado l\u00e1ser sobre componentes en bruto.<\/h2>\t\t\t\t<\/div>\n\t\t\t\t<\/div>\n\t\t\t\t<div class=\"elementor-element elementor-element-2221107e elementor-widget elementor-widget-spacer\" data-id=\"2221107e\" data-element_type=\"widget\" data-widget_type=\"spacer.default\">\n\t\t\t\t<div class=\"elementor-widget-container\">\n\t\t\t\t\t\t\t<div class=\"elementor-spacer\">\n\t\t\t<div class=\"elementor-spacer-inner\"><\/div>\n\t\t<\/div>\n\t\t\t\t\t\t<\/div>\n\t\t\t\t<\/div>\n\t\t\t\t<div class=\"elementor-element elementor-element-6f25b857 elementor-widget elementor-widget-text-editor\" data-id=\"6f25b857\" data-element_type=\"widget\" data-widget_type=\"text-editor.default\">\n\t\t\t\t<div class=\"elementor-widget-container\">\n\t\t\t\t\t\t\t\t\t<p>El proceso de fundici\u00f3n a presi\u00f3n es un pilar fundamental en la industria manufacturera, particularmente valorado por su capacidad para producir componentes con detalles precisos y tolerancias ajustadas. Para mejorar a\u00fan m\u00e1s la trazabilidad y autenticaci\u00f3n de estos componentes, LASIT ofrece soluciones de marcado l\u00e1ser de \u00faltima generaci\u00f3n, combinando la precisi\u00f3n de la fundici\u00f3n a presi\u00f3n con la tecnolog\u00eda l\u00e1ser m\u00e1s innovadora.<\/p>\n<p>Los componentes de fundici\u00f3n a presi\u00f3n suelen estar hechos de aleaciones met\u00e1licas como aluminio, zinc o magnesio, que pueden marcarse eficazmente mediante el uso de m\u00e1quinas l\u00e1ser. Estos sistemas LASIT, gracias a su avanzada tecnolog\u00eda, son capaces de crear marcas claras, legibles y duraderas en componentes fundidos a presi\u00f3n, sin comprometer su estructura o integridad.<\/p>\n\t\t\t\t\t\t\t\t<\/div>\n\t\t\t\t<\/div>\n\t\t\t\t\t<\/div>\n\t\t<\/div>\n\t\t\t\t\t<\/div>\n\t\t<\/section>\n\t\t\t\t\t<\/div>\n\t\t<\/div>\n\t\t\t\t\t<\/div>\n\t\t<\/section>\n\t\t\t\t<section class=\"elementor-section elementor-top-section elementor-element elementor-element-7d8b6f37 elementor-section-boxed elementor-section-height-default elementor-section-height-default\" data-id=\"7d8b6f37\" data-element_type=\"section\" data-settings=\"{&quot;background_background&quot;:&quot;classic&quot;}\">\n\t\t\t\t\t\t<div class=\"elementor-container elementor-column-gap-default\">\n\t\t\t\t\t<div class=\"elementor-column elementor-col-100 elementor-top-column elementor-element elementor-element-3ac0279\" data-id=\"3ac0279\" data-element_type=\"column\">\n\t\t\t<div class=\"elementor-widget-wrap elementor-element-populated\">\n\t\t\t\t\t\t<section class=\"elementor-section elementor-inner-section elementor-element elementor-element-65a07cdc elementor-section-boxed elementor-section-height-default elementor-section-height-default\" data-id=\"65a07cdc\" data-element_type=\"section\">\n\t\t\t\t\t\t<div class=\"elementor-container elementor-column-gap-default\">\n\t\t\t\t\t<div class=\"elementor-column elementor-col-100 elementor-inner-column elementor-element elementor-element-66500928\" data-id=\"66500928\" data-element_type=\"column\">\n\t\t\t<div class=\"elementor-widget-wrap elementor-element-populated\">\n\t\t\t\t\t\t<div class=\"elementor-element elementor-element-4127b683 elementor-widget__width-auto elementor-widget-divider--view-line elementor-widget elementor-widget-divider\" data-id=\"4127b683\" data-element_type=\"widget\" data-widget_type=\"divider.default\">\n\t\t\t\t<div class=\"elementor-widget-container\">\n\t\t\t\t\t\t\t<div class=\"elementor-divider\">\n\t\t\t<span class=\"elementor-divider-separator\">\n\t\t\t\t\t\t<\/span>\n\t\t<\/div>\n\t\t\t\t\t\t<\/div>\n\t\t\t\t<\/div>\n\t\t\t\t<div class=\"elementor-element elementor-element-75a5d14 elementor-widget__width-auto elementor-widget elementor-widget-heading\" data-id=\"75a5d14\" data-element_type=\"widget\" data-widget_type=\"heading.default\">\n\t\t\t\t<div class=\"elementor-widget-container\">\n\t\t\t\t\t<h2 class=\"elementor-heading-title elementor-size-default\">Soluci\u00f3n de marcado para fundiciones<\/h2>\t\t\t\t<\/div>\n\t\t\t\t<\/div>\n\t\t\t\t<div class=\"elementor-element elementor-element-17d2a179 elementor-widget elementor-widget-spacer\" data-id=\"17d2a179\" data-element_type=\"widget\" data-widget_type=\"spacer.default\">\n\t\t\t\t<div class=\"elementor-widget-container\">\n\t\t\t\t\t\t\t<div class=\"elementor-spacer\">\n\t\t\t<div class=\"elementor-spacer-inner\"><\/div>\n\t\t<\/div>\n\t\t\t\t\t\t<\/div>\n\t\t\t\t<\/div>\n\t\t\t\t<div class=\"elementor-element elementor-element-4e12b584 elementor-widget elementor-widget-text-editor\" data-id=\"4e12b584\" data-element_type=\"widget\" data-widget_type=\"text-editor.default\">\n\t\t\t\t<div class=\"elementor-widget-container\">\n\t\t\t\t\t\t\t\t\t<p>El <strong>marcado l\u00e1ser<\/strong> en componentes de fundici\u00f3n a presi\u00f3n ofrece numerosas ventajas. En primer lugar, permite un marcado preciso y detallado, fundamental para c\u00f3digos de barras, c\u00f3digos QR, n\u00fameros de serie u otra informaci\u00f3n que deba aplicarse con precisi\u00f3n milim\u00e9trica. Esto ayuda a garantizar la trazabilidad de los componentes y el cumplimiento de los est\u00e1ndares de calidad.<\/p>\n<p>La velocidad es otra ventaja clave del marcado l\u00e1ser. A diferencia de otros m\u00e9todos de marcado, el <a href=\"https:\/\/bestlasermarking.com\/es\/grabado-laser\/\"><strong>grabado l\u00e1ser<\/strong><\/a> es incre\u00edblemente r\u00e1pido y ahorra un tiempo valioso en la l\u00ednea de producci\u00f3n. Adem\u00e1s, el marcado l\u00e1ser es un proceso sin contacto, lo que significa que no hay desgaste f\u00edsico de las piezas o herramientas, aumentando as\u00ed la vida \u00fatil de la m\u00e1quina y reduciendo los costes de mantenimiento.<\/p>\n<p>Las soluciones de marcado l\u00e1ser de <a href=\"https:\/\/bestlasermarking.com\/es\/quienes-somos-lasit\/\"><strong>LASIT<\/strong><\/a> para componentes de fundici\u00f3n a presi\u00f3n son altamente personalizables. Ya sea que necesite marcar peque\u00f1os lotes de componentes o grandes vol\u00famenes, nuestras m\u00e1quinas l\u00e1ser se pueden configurar para satisfacer sus necesidades espec\u00edficas. El software intuitivo permite un control completo del proceso de marcado, garantizando resultados consistentes y de alta calidad.<\/p>\n<p>En t\u00e9rminos de sostenibilidad, el marcado l\u00e1ser es una opci\u00f3n ecol\u00f3gica. Debido a que el proceso es digital, no hay residuos de tinta ni solventes con los que lidiar. Esto ayuda a reducir el impacto ambiental del proceso de fabricaci\u00f3n.<\/p>\n<p>El <strong>marcado l\u00e1ser en componentes de fundici\u00f3n a presi\u00f3n<\/strong> es una soluci\u00f3n ideal para empresas que buscan un m\u00e9todo de marcado r\u00e1pido, preciso y sostenible. Con sus muchos a\u00f1os de experiencia en el sector, LASIT es el socio ideal para integrar soluciones de marcado l\u00e1ser en su l\u00ednea de producci\u00f3n, garantizando una trazabilidad \u00f3ptima y una alta calidad de los componentes.<\/p>\n<p>El marcado l\u00e1ser en fundiciones supone una importante evoluci\u00f3n en la trazabilidad e identificaci\u00f3n de componentes de fundici\u00f3n a presi\u00f3n. Esta tecnolog\u00eda es particularmente adecuada para el entorno de producci\u00f3n de fundici\u00f3n, donde la necesidad de marcar aleaciones met\u00e1licas fuertes es una prioridad.<\/p>\n<p>El marcado l\u00e1ser en una fundici\u00f3n le permite grabar c\u00f3digos, n\u00fameros de serie, logotipos de empresas o cualquier otra informaci\u00f3n de identificaci\u00f3n directamente en la superficie de los componentes fundidos a presi\u00f3n. Esta t\u00e9cnica no s\u00f3lo garantiza una identificaci\u00f3n permanente sino que tambi\u00e9n ayuda a combatir la falsificaci\u00f3n y facilitar el seguimiento del ciclo de vida del producto.<\/p>\n<p>Una de las principales cualidades del marcado l\u00e1ser en este contexto es su car\u00e1cter no invasivo. A diferencia de otros m\u00e9todos de marcado, el l\u00e1ser no elimina material ni altera significativamente la superficie del componente. Esto significa que la resistencia estructural y las propiedades del material permanecen intactas, un aspecto crucial para componentes que a menudo tienen que soportar altas tensiones mec\u00e1nicas o t\u00e9rmicas.<\/p>\n<p>Adem\u00e1s, la flexibilidad del marcado l\u00e1ser resulta especialmente ventajosa en las fundiciones. Con adaptabilidad a diversos materiales y la capacidad de programar f\u00e1cilmente nuevos dise\u00f1os o informaci\u00f3n, los sistemas l\u00e1ser LASIT ofrecen una soluci\u00f3n eficiente y vers\u00e1til, que reduce el tiempo y los costos asociados con el cambio de producci\u00f3n.<\/p>\n<p>Finalmente, considerando el entorno de una fundici\u00f3n, donde el polvo y las altas temperaturas pueden ser problem\u00e1ticos para otros tipos de maquinaria, las soluciones de marcado l\u00e1ser de LASIT est\u00e1n dise\u00f1adas para ser robustas y confiables, garantizando un rendimiento \u00f3ptimo incluso en las condiciones m\u00e1s exigentes.<\/p>\n\t\t\t\t\t\t\t\t<\/div>\n\t\t\t\t<\/div>\n\t\t\t\t\t<\/div>\n\t\t<\/div>\n\t\t\t\t\t<\/div>\n\t\t<\/section>\n\t\t\t\t\t<\/div>\n\t\t<\/div>\n\t\t\t\t\t<\/div>\n\t\t<\/section>\n\t\t\t\t<section class=\"elementor-section elementor-top-section elementor-element elementor-element-2cca0281 elementor-section-boxed elementor-section-height-default elementor-section-height-default\" data-id=\"2cca0281\" data-element_type=\"section\">\n\t\t\t\t\t\t<div class=\"elementor-container elementor-column-gap-default\">\n\t\t\t\t\t<div class=\"elementor-column elementor-col-100 elementor-top-column elementor-element elementor-element-2f063f53\" data-id=\"2f063f53\" data-element_type=\"column\">\n\t\t\t<div class=\"elementor-widget-wrap\">\n\t\t\t\t\t\t\t<\/div>\n\t\t<\/div>\n\t\t\t\t\t<\/div>\n\t\t<\/section>\n\t\t\t\t<\/div>\n\t\t","protected":false},"excerpt":{"rendered":"<p>Marcado y grabado l\u00e1ser en componentes de fundici\u00f3n a presi\u00f3n M\u00e1quinas y sistemas de grabado l\u00e1ser profesionales. Grabado l\u00e1ser sobre componentes en bruto. El proceso de fundici\u00f3n a presi\u00f3n es un pilar fundamental en la industria manufacturera, particularmente valorado por su capacidad para producir componentes con detalles precisos y tolerancias ajustadas. Para mejorar a\u00fan m\u00e1s [&hellip;]<\/p>\n","protected":false},"author":2,"featured_media":0,"parent":0,"menu_order":0,"comment_status":"closed","ping_status":"closed","template":"elementor_header_footer","meta":{"footnotes":""},"class_list":["post-1009","page","type-page","status-publish","hentry"],"_links":{"self":[{"href":"https:\/\/bestlasermarking.com\/es\/wp-json\/wp\/v2\/pages\/1009","targetHints":{"allow":["GET"]}}],"collection":[{"href":"https:\/\/bestlasermarking.com\/es\/wp-json\/wp\/v2\/pages"}],"about":[{"href":"https:\/\/bestlasermarking.com\/es\/wp-json\/wp\/v2\/types\/page"}],"author":[{"embeddable":true,"href":"https:\/\/bestlasermarking.com\/es\/wp-json\/wp\/v2\/users\/2"}],"replies":[{"embeddable":true,"href":"https:\/\/bestlasermarking.com\/es\/wp-json\/wp\/v2\/comments?post=1009"}],"version-history":[{"count":1,"href":"https:\/\/bestlasermarking.com\/es\/wp-json\/wp\/v2\/pages\/1009\/revisions"}],"predecessor-version":[{"id":1010,"href":"https:\/\/bestlasermarking.com\/es\/wp-json\/wp\/v2\/pages\/1009\/revisions\/1010"}],"wp:attachment":[{"href":"https:\/\/bestlasermarking.com\/es\/wp-json\/wp\/v2\/media?parent=1009"}],"curies":[{"name":"wp","href":"https:\/\/api.w.org\/{rel}","templated":true}]}}