{"id":1061,"date":"2022-12-17T11:32:01","date_gmt":"2022-12-17T11:32:01","guid":{"rendered":"https:\/\/bestlasermarking.com\/noticias-y-blogs\/"},"modified":"2024-02-01T10:54:15","modified_gmt":"2024-02-01T10:54:15","slug":"noticias-y-blogs","status":"publish","type":"page","link":"https:\/\/bestlasermarking.com\/es\/noticias-y-blogs\/","title":{"rendered":"Noticias y blogs"},"content":{"rendered":"\t\t<div data-elementor-type=\"wp-page\" data-elementor-id=\"1061\" class=\"elementor elementor-1061 elementor-422\" data-elementor-post-type=\"page\">\n\t\t\t\t\t\t<section class=\"elementor-section elementor-top-section elementor-element elementor-element-566cec83 elementor-section-boxed elementor-section-height-default elementor-section-height-default\" data-id=\"566cec83\" data-element_type=\"section\" data-settings=\"{&quot;background_background&quot;:&quot;classic&quot;}\">\n\t\t\t\t\t\t\t<div class=\"elementor-background-overlay\"><\/div>\n\t\t\t\t\t\t\t<div class=\"elementor-container elementor-column-gap-default\">\n\t\t\t\t\t<div class=\"elementor-column elementor-col-100 elementor-top-column elementor-element elementor-element-56060374\" data-id=\"56060374\" data-element_type=\"column\">\n\t\t\t<div class=\"elementor-widget-wrap elementor-element-populated\">\n\t\t\t\t\t\t<div class=\"elementor-element elementor-element-7fb56792 elementor-widget elementor-widget-heading\" data-id=\"7fb56792\" data-element_type=\"widget\" data-widget_type=\"heading.default\">\n\t\t\t\t<div class=\"elementor-widget-container\">\n\t\t\t\t\t<h1 class=\"elementor-heading-title elementor-size-default\">Noticias y curiosidades<\/h1>\t\t\t\t<\/div>\n\t\t\t\t<\/div>\n\t\t\t\t\t<\/div>\n\t\t<\/div>\n\t\t\t\t\t<\/div>\n\t\t<\/section>\n\t\t\t\t<section class=\"elementor-section elementor-top-section elementor-element elementor-element-23a736e0 elementor-section-boxed elementor-section-height-default elementor-section-height-default\" data-id=\"23a736e0\" data-element_type=\"section\">\n\t\t\t\t\t\t<div class=\"elementor-container elementor-column-gap-default\">\n\t\t\t\t\t<div class=\"elementor-column elementor-col-100 elementor-top-column elementor-element elementor-element-50233c5c\" data-id=\"50233c5c\" data-element_type=\"column\">\n\t\t\t<div class=\"elementor-widget-wrap elementor-element-populated\">\n\t\t\t\t\t\t<div class=\"elementor-element elementor-element-7a30f176 elementor-grid-2 elementor-posts--align-left elementor-grid-tablet-2 elementor-grid-mobile-1 elementor-posts--thumbnail-top elementor-widget elementor-widget-posts\" data-id=\"7a30f176\" data-element_type=\"widget\" data-settings=\"{&quot;classic_columns&quot;:&quot;2&quot;,&quot;classic_row_gap&quot;:{&quot;unit&quot;:&quot;px&quot;,&quot;size&quot;:&quot;50&quot;,&quot;sizes&quot;:[]},&quot;classic_columns_tablet&quot;:&quot;2&quot;,&quot;classic_columns_mobile&quot;:&quot;1&quot;,&quot;classic_row_gap_tablet&quot;:{&quot;unit&quot;:&quot;px&quot;,&quot;size&quot;:&quot;&quot;,&quot;sizes&quot;:[]},&quot;classic_row_gap_mobile&quot;:{&quot;unit&quot;:&quot;px&quot;,&quot;size&quot;:&quot;&quot;,&quot;sizes&quot;:[]}}\" data-widget_type=\"posts.classic\">\n\t\t\t\t<div class=\"elementor-widget-container\">\n\t\t\t\t\t\t\t<div class=\"elementor-posts-container elementor-posts elementor-posts--skin-classic elementor-grid\">\n\t\t\t\t<article class=\"elementor-post elementor-grid-item post-1071 post type-post status-publish format-standard has-post-thumbnail hentry category-sin-categorizar\">\n\t\t\t\t<a class=\"elementor-post__thumbnail__link\" href=\"https:\/\/bestlasermarking.com\/es\/laser-de-co2-versatilidad-aplicaciones-y-beneficios\/\" tabindex=\"-1\" >\n\t\t\t<div class=\"elementor-post__thumbnail\"><img fetchpriority=\"high\" decoding=\"async\" width=\"1014\" height=\"672\" src=\"https:\/\/bestlasermarking.com\/wp-content\/uploads\/2023\/05\/lasit.jpg\" class=\"attachment-full size-full wp-image-879\" alt=\"\" srcset=\"https:\/\/bestlasermarking.com\/wp-content\/uploads\/2023\/05\/lasit.jpg 1014w, https:\/\/bestlasermarking.com\/wp-content\/uploads\/2023\/05\/lasit-300x199.jpg 300w, https:\/\/bestlasermarking.com\/wp-content\/uploads\/2023\/05\/lasit-768x509.jpg 768w\" sizes=\"(max-width: 1014px) 100vw, 1014px\" \/><\/div>\n\t\t<\/a>\n\t\t\t\t<div class=\"elementor-post__text\">\n\t\t\t\t<h3 class=\"elementor-post__title\">\n\t\t\t<a href=\"https:\/\/bestlasermarking.com\/es\/laser-de-co2-versatilidad-aplicaciones-y-beneficios\/\" >\n\t\t\t\tL\u00e1ser de CO2: Versatilidad, Aplicaciones y Beneficios\t\t\t<\/a>\n\t\t<\/h3>\n\t\t\n\t\t<a class=\"elementor-post__read-more\" href=\"https:\/\/bestlasermarking.com\/es\/laser-de-co2-versatilidad-aplicaciones-y-beneficios\/\" aria-label=\"M\u00e1s informaci\u00f3n sobre L\u00e1ser de CO2: Versatilidad, Aplicaciones y Beneficios\" tabindex=\"-1\" >\n\t\t\tLeer todo\u00bb\t\t<\/a>\n\n\t\t\t\t<\/div>\n\t\t\t\t<\/article>\n\t\t\t\t<article class=\"elementor-post elementor-grid-item post-1086 post type-post status-publish format-standard has-post-thumbnail hentry category-sin-categorizar\">\n\t\t\t\t<a class=\"elementor-post__thumbnail__link\" href=\"https:\/\/bestlasermarking.com\/es\/las-ventajas-del-marcado-laser-en-los-sectores-industriales\/\" tabindex=\"-1\" >\n\t\t\t<div class=\"elementor-post__thumbnail\"><img decoding=\"async\" width=\"2000\" height=\"1333\" src=\"https:\/\/bestlasermarking.com\/wp-content\/uploads\/2022\/12\/Marcatura-laser.webp\" class=\"attachment-full size-full wp-image-763\" alt=\"\" srcset=\"https:\/\/bestlasermarking.com\/wp-content\/uploads\/2022\/12\/Marcatura-laser.webp 2000w, https:\/\/bestlasermarking.com\/wp-content\/uploads\/2022\/12\/Marcatura-laser-300x200.webp 300w, https:\/\/bestlasermarking.com\/wp-content\/uploads\/2022\/12\/Marcatura-laser-1024x682.webp 1024w, https:\/\/bestlasermarking.com\/wp-content\/uploads\/2022\/12\/Marcatura-laser-768x512.webp 768w, https:\/\/bestlasermarking.com\/wp-content\/uploads\/2022\/12\/Marcatura-laser-1536x1024.webp 1536w, https:\/\/bestlasermarking.com\/wp-content\/uploads\/2022\/12\/Marcatura-laser-18x12.webp 18w\" sizes=\"(max-width: 2000px) 100vw, 2000px\" \/><\/div>\n\t\t<\/a>\n\t\t\t\t<div class=\"elementor-post__text\">\n\t\t\t\t<h3 class=\"elementor-post__title\">\n\t\t\t<a href=\"https:\/\/bestlasermarking.com\/es\/las-ventajas-del-marcado-laser-en-los-sectores-industriales\/\" >\n\t\t\t\tLas ventajas del marcado l\u00e1ser en los sectores industriales\t\t\t<\/a>\n\t\t<\/h3>\n\t\t\n\t\t<a class=\"elementor-post__read-more\" href=\"https:\/\/bestlasermarking.com\/es\/las-ventajas-del-marcado-laser-en-los-sectores-industriales\/\" aria-label=\"M\u00e1s informaci\u00f3n sobre Las ventajas del marcado l\u00e1ser en los sectores industriales\" tabindex=\"-1\" >\n\t\t\tLeer todo\u00bb\t\t<\/a>\n\n\t\t\t\t<\/div>\n\t\t\t\t<\/article>\n\t\t\t\t<article class=\"elementor-post elementor-grid-item post-1093 post type-post status-publish format-standard has-post-thumbnail hentry category-sin-categorizar\">\n\t\t\t\t<a class=\"elementor-post__thumbnail__link\" href=\"https:\/\/bestlasermarking.com\/es\/que-puede-cortar-el-laser\/\" tabindex=\"-1\" >\n\t\t\t<div class=\"elementor-post__thumbnail\"><img decoding=\"async\" width=\"403\" height=\"323\" src=\"https:\/\/bestlasermarking.com\/wp-content\/uploads\/2022\/12\/incisione-laser.webp\" class=\"attachment-full size-full wp-image-799\" alt=\"\" srcset=\"https:\/\/bestlasermarking.com\/wp-content\/uploads\/2022\/12\/incisione-laser.webp 403w, https:\/\/bestlasermarking.com\/wp-content\/uploads\/2022\/12\/incisione-laser-300x240.webp 300w, https:\/\/bestlasermarking.com\/wp-content\/uploads\/2022\/12\/incisione-laser-15x12.webp 15w\" sizes=\"(max-width: 403px) 100vw, 403px\" \/><\/div>\n\t\t<\/a>\n\t\t\t\t<div class=\"elementor-post__text\">\n\t\t\t\t<h3 class=\"elementor-post__title\">\n\t\t\t<a href=\"https:\/\/bestlasermarking.com\/es\/que-puede-cortar-el-laser\/\" >\n\t\t\t\t\u00bfQu\u00e9 puede cortar el l\u00e1ser?\t\t\t<\/a>\n\t\t<\/h3>\n\t\t\n\t\t<a class=\"elementor-post__read-more\" href=\"https:\/\/bestlasermarking.com\/es\/que-puede-cortar-el-laser\/\" aria-label=\"M\u00e1s informaci\u00f3n sobre \u00bfQu\u00e9 puede cortar el l\u00e1ser?\" tabindex=\"-1\" >\n\t\t\tLeer todo\u00bb\t\t<\/a>\n\n\t\t\t\t<\/div>\n\t\t\t\t<\/article>\n\t\t\t\t<article class=\"elementor-post elementor-grid-item post-1108 post type-post status-publish format-standard has-post-thumbnail hentry category-sin-categorizar\">\n\t\t\t\t<a class=\"elementor-post__thumbnail__link\" href=\"https:\/\/bestlasermarking.com\/es\/marcado-laser-sobre-aluminio\/\" tabindex=\"-1\" >\n\t\t\t<div class=\"elementor-post__thumbnail\"><img loading=\"lazy\" decoding=\"async\" width=\"833\" height=\"617\" src=\"https:\/\/bestlasermarking.com\/wp-content\/uploads\/2023\/01\/marcatura-alluminio.webp\" class=\"attachment-full size-full wp-image-875\" alt=\"\" srcset=\"https:\/\/bestlasermarking.com\/wp-content\/uploads\/2023\/01\/marcatura-alluminio.webp 833w, https:\/\/bestlasermarking.com\/wp-content\/uploads\/2023\/01\/marcatura-alluminio-300x222.webp 300w, https:\/\/bestlasermarking.com\/wp-content\/uploads\/2023\/01\/marcatura-alluminio-768x569.webp 768w\" sizes=\"(max-width: 833px) 100vw, 833px\" \/><\/div>\n\t\t<\/a>\n\t\t\t\t<div class=\"elementor-post__text\">\n\t\t\t\t<h3 class=\"elementor-post__title\">\n\t\t\t<a href=\"https:\/\/bestlasermarking.com\/es\/marcado-laser-sobre-aluminio\/\" >\n\t\t\t\tMarcado l\u00e1ser sobre aluminio\t\t\t<\/a>\n\t\t<\/h3>\n\t\t\n\t\t<a class=\"elementor-post__read-more\" href=\"https:\/\/bestlasermarking.com\/es\/marcado-laser-sobre-aluminio\/\" aria-label=\"M\u00e1s informaci\u00f3n sobre Marcado l\u00e1ser sobre aluminio\" tabindex=\"-1\" >\n\t\t\tLeer todo\u00bb\t\t<\/a>\n\n\t\t\t\t<\/div>\n\t\t\t\t<\/article>\n\t\t\t\t<article class=\"elementor-post elementor-grid-item post-1119 post type-post status-publish format-standard has-post-thumbnail hentry category-sin-categorizar\">\n\t\t\t\t<a class=\"elementor-post__thumbnail__link\" href=\"https:\/\/bestlasermarking.com\/es\/cual-es-el-numero-vin-numero-de-identificacion-del-vehiculo\/\" tabindex=\"-1\" >\n\t\t\t<div class=\"elementor-post__thumbnail\"><img loading=\"lazy\" decoding=\"async\" width=\"957\" height=\"650\" src=\"https:\/\/bestlasermarking.com\/wp-content\/uploads\/2023\/01\/vin-decode.jpg\" class=\"attachment-full size-full wp-image-871\" alt=\"\" srcset=\"https:\/\/bestlasermarking.com\/wp-content\/uploads\/2023\/01\/vin-decode.jpg 957w, https:\/\/bestlasermarking.com\/wp-content\/uploads\/2023\/01\/vin-decode-300x204.jpg 300w, https:\/\/bestlasermarking.com\/wp-content\/uploads\/2023\/01\/vin-decode-768x522.jpg 768w\" sizes=\"(max-width: 957px) 100vw, 957px\" \/><\/div>\n\t\t<\/a>\n\t\t\t\t<div class=\"elementor-post__text\">\n\t\t\t\t<h3 class=\"elementor-post__title\">\n\t\t\t<a href=\"https:\/\/bestlasermarking.com\/es\/cual-es-el-numero-vin-numero-de-identificacion-del-vehiculo\/\" >\n\t\t\t\t\u00bfCu\u00e1l es el n\u00famero VIN? (N\u00famero de identificaci\u00f3n del veh\u00edculo)\t\t\t<\/a>\n\t\t<\/h3>\n\t\t\n\t\t<a class=\"elementor-post__read-more\" href=\"https:\/\/bestlasermarking.com\/es\/cual-es-el-numero-vin-numero-de-identificacion-del-vehiculo\/\" aria-label=\"M\u00e1s informaci\u00f3n sobre \u00bfCu\u00e1l es el n\u00famero VIN? (N\u00famero de identificaci\u00f3n del veh\u00edculo)\" tabindex=\"-1\" >\n\t\t\tLeer todo\u00bb\t\t<\/a>\n\n\t\t\t\t<\/div>\n\t\t\t\t<\/article>\n\t\t\t\t<article class=\"elementor-post elementor-grid-item post-1127 post type-post status-publish format-standard has-post-thumbnail hentry category-sin-categorizar\">\n\t\t\t\t<a class=\"elementor-post__thumbnail__link\" href=\"https:\/\/bestlasermarking.com\/es\/cual-es-la-diferencia-entre-grabado-y-marcado-laser\/\" tabindex=\"-1\" >\n\t\t\t<div class=\"elementor-post__thumbnail\"><img decoding=\"async\" width=\"2000\" height=\"1333\" src=\"https:\/\/bestlasermarking.com\/wp-content\/uploads\/2022\/12\/Marcatura-laser.webp\" class=\"attachment-full size-full wp-image-763\" alt=\"\" srcset=\"https:\/\/bestlasermarking.com\/wp-content\/uploads\/2022\/12\/Marcatura-laser.webp 2000w, https:\/\/bestlasermarking.com\/wp-content\/uploads\/2022\/12\/Marcatura-laser-300x200.webp 300w, https:\/\/bestlasermarking.com\/wp-content\/uploads\/2022\/12\/Marcatura-laser-1024x682.webp 1024w, https:\/\/bestlasermarking.com\/wp-content\/uploads\/2022\/12\/Marcatura-laser-768x512.webp 768w, https:\/\/bestlasermarking.com\/wp-content\/uploads\/2022\/12\/Marcatura-laser-1536x1024.webp 1536w, https:\/\/bestlasermarking.com\/wp-content\/uploads\/2022\/12\/Marcatura-laser-18x12.webp 18w\" sizes=\"(max-width: 2000px) 100vw, 2000px\" \/><\/div>\n\t\t<\/a>\n\t\t\t\t<div class=\"elementor-post__text\">\n\t\t\t\t<h3 class=\"elementor-post__title\">\n\t\t\t<a href=\"https:\/\/bestlasermarking.com\/es\/cual-es-la-diferencia-entre-grabado-y-marcado-laser\/\" >\n\t\t\t\t\u00bfCu\u00e1l es la diferencia entre grabado y marcado l\u00e1ser?\t\t\t<\/a>\n\t\t<\/h3>\n\t\t\n\t\t<a class=\"elementor-post__read-more\" href=\"https:\/\/bestlasermarking.com\/es\/cual-es-la-diferencia-entre-grabado-y-marcado-laser\/\" aria-label=\"M\u00e1s informaci\u00f3n sobre \u00bfCu\u00e1l es la diferencia entre grabado y marcado l\u00e1ser?\" tabindex=\"-1\" >\n\t\t\tLeer todo\u00bb\t\t<\/a>\n\n\t\t\t\t<\/div>\n\t\t\t\t<\/article>\n\t\t\t\t<article class=\"elementor-post elementor-grid-item post-1132 post type-post status-publish format-standard has-post-thumbnail hentry category-sin-categorizar\">\n\t\t\t\t<a class=\"elementor-post__thumbnail__link\" href=\"https:\/\/bestlasermarking.com\/es\/que-potencia-debe-tener-un-laser-para-cortar\/\" tabindex=\"-1\" >\n\t\t\t<div class=\"elementor-post__thumbnail\"><img loading=\"lazy\" decoding=\"async\" width=\"513\" height=\"235\" src=\"https:\/\/bestlasermarking.com\/wp-content\/uploads\/2022\/12\/laser-marcatura.webp\" class=\"attachment-full size-full wp-image-783\" alt=\"\" srcset=\"https:\/\/bestlasermarking.com\/wp-content\/uploads\/2022\/12\/laser-marcatura.webp 513w, https:\/\/bestlasermarking.com\/wp-content\/uploads\/2022\/12\/laser-marcatura-300x137.webp 300w, https:\/\/bestlasermarking.com\/wp-content\/uploads\/2022\/12\/laser-marcatura-18x8.webp 18w\" sizes=\"(max-width: 513px) 100vw, 513px\" \/><\/div>\n\t\t<\/a>\n\t\t\t\t<div class=\"elementor-post__text\">\n\t\t\t\t<h3 class=\"elementor-post__title\">\n\t\t\t<a href=\"https:\/\/bestlasermarking.com\/es\/que-potencia-debe-tener-un-laser-para-cortar\/\" >\n\t\t\t\t\u00bfQu\u00e9 potencia debe tener un l\u00e1ser para cortar?\t\t\t<\/a>\n\t\t<\/h3>\n\t\t\n\t\t<a class=\"elementor-post__read-more\" href=\"https:\/\/bestlasermarking.com\/es\/que-potencia-debe-tener-un-laser-para-cortar\/\" aria-label=\"M\u00e1s informaci\u00f3n sobre \u00bfQu\u00e9 potencia debe tener un l\u00e1ser para cortar?\" tabindex=\"-1\" >\n\t\t\tLeer todo\u00bb\t\t<\/a>\n\n\t\t\t\t<\/div>\n\t\t\t\t<\/article>\n\t\t\t\t<article class=\"elementor-post elementor-grid-item post-1124 post type-post status-publish format-standard has-post-thumbnail hentry category-sin-categorizar\">\n\t\t\t\t<a class=\"elementor-post__thumbnail__link\" href=\"https:\/\/bestlasermarking.com\/es\/cuanto-cuesta-un-marcador-laser\/\" tabindex=\"-1\" >\n\t\t\t<div class=\"elementor-post__thumbnail\"><img loading=\"lazy\" decoding=\"async\" width=\"640\" height=\"320\" src=\"https:\/\/bestlasermarking.com\/wp-content\/uploads\/2022\/12\/Incisione-laser-professionale.jpg\" class=\"attachment-full size-full wp-image-803\" alt=\"\" srcset=\"https:\/\/bestlasermarking.com\/wp-content\/uploads\/2022\/12\/Incisione-laser-professionale.jpg 640w, https:\/\/bestlasermarking.com\/wp-content\/uploads\/2022\/12\/Incisione-laser-professionale-300x150.jpg 300w, https:\/\/bestlasermarking.com\/wp-content\/uploads\/2022\/12\/Incisione-laser-professionale-18x9.jpg 18w\" sizes=\"(max-width: 640px) 100vw, 640px\" \/><\/div>\n\t\t<\/a>\n\t\t\t\t<div class=\"elementor-post__text\">\n\t\t\t\t<h3 class=\"elementor-post__title\">\n\t\t\t<a href=\"https:\/\/bestlasermarking.com\/es\/cuanto-cuesta-un-marcador-laser\/\" >\n\t\t\t\t\u00bfCu\u00e1nto cuesta un marcador l\u00e1ser?\t\t\t<\/a>\n\t\t<\/h3>\n\t\t\n\t\t<a class=\"elementor-post__read-more\" href=\"https:\/\/bestlasermarking.com\/es\/cuanto-cuesta-un-marcador-laser\/\" aria-label=\"M\u00e1s informaci\u00f3n sobre \u00bfCu\u00e1nto cuesta un marcador l\u00e1ser?\" tabindex=\"-1\" >\n\t\t\tLeer todo\u00bb\t\t<\/a>\n\n\t\t\t\t<\/div>\n\t\t\t\t<\/article>\n\t\t\t\t<article class=\"elementor-post elementor-grid-item post-1110 post type-post status-publish format-standard has-post-thumbnail hentry category-sin-categorizar\">\n\t\t\t\t<a class=\"elementor-post__thumbnail__link\" href=\"https:\/\/bestlasermarking.com\/es\/que-se-puede-grabar-con-el-laser\/\" tabindex=\"-1\" >\n\t\t\t<div class=\"elementor-post__thumbnail\"><img decoding=\"async\" width=\"403\" height=\"323\" src=\"https:\/\/bestlasermarking.com\/wp-content\/uploads\/2022\/12\/incisione-laser.webp\" class=\"attachment-full size-full wp-image-799\" alt=\"\" srcset=\"https:\/\/bestlasermarking.com\/wp-content\/uploads\/2022\/12\/incisione-laser.webp 403w, https:\/\/bestlasermarking.com\/wp-content\/uploads\/2022\/12\/incisione-laser-300x240.webp 300w, https:\/\/bestlasermarking.com\/wp-content\/uploads\/2022\/12\/incisione-laser-15x12.webp 15w\" sizes=\"(max-width: 403px) 100vw, 403px\" \/><\/div>\n\t\t<\/a>\n\t\t\t\t<div class=\"elementor-post__text\">\n\t\t\t\t<h3 class=\"elementor-post__title\">\n\t\t\t<a href=\"https:\/\/bestlasermarking.com\/es\/que-se-puede-grabar-con-el-laser\/\" >\n\t\t\t\t\u00bfQu\u00e9 se puede grabar con el l\u00e1ser?\t\t\t<\/a>\n\t\t<\/h3>\n\t\t\n\t\t<a class=\"elementor-post__read-more\" href=\"https:\/\/bestlasermarking.com\/es\/que-se-puede-grabar-con-el-laser\/\" aria-label=\"M\u00e1s informaci\u00f3n sobre \u00bfQu\u00e9 se puede grabar con el l\u00e1ser?\" tabindex=\"-1\" >\n\t\t\tLeer todo\u00bb\t\t<\/a>\n\n\t\t\t\t<\/div>\n\t\t\t\t<\/article>\n\t\t\t\t<\/div>\n\t\t\n\t\t\t\t\t\t<\/div>\n\t\t\t\t<\/div>\n\t\t\t\t\t<\/div>\n\t\t<\/div>\n\t\t\t\t\t<\/div>\n\t\t<\/section>\n\t\t\t\t<section class=\"elementor-section elementor-top-section elementor-element elementor-element-797566c elementor-section-boxed elementor-section-height-default elementor-section-height-default\" data-id=\"797566c\" data-element_type=\"section\">\n\t\t\t\t\t\t<div class=\"elementor-container elementor-column-gap-default\">\n\t\t\t\t\t<div class=\"elementor-column elementor-col-100 elementor-top-column elementor-element elementor-element-a48f905\" data-id=\"a48f905\" data-element_type=\"column\">\n\t\t\t<div class=\"elementor-widget-wrap elementor-element-populated\">\n\t\t\t\t\t\t<div class=\"elementor-element elementor-element-319001e elementor-widget elementor-widget-spacer\" data-id=\"319001e\" data-element_type=\"widget\" data-widget_type=\"spacer.default\">\n\t\t\t\t<div class=\"elementor-widget-container\">\n\t\t\t\t\t\t\t<div class=\"elementor-spacer\">\n\t\t\t<div class=\"elementor-spacer-inner\"><\/div>\n\t\t<\/div>\n\t\t\t\t\t\t<\/div>\n\t\t\t\t<\/div>\n\t\t\t\t\t<\/div>\n\t\t<\/div>\n\t\t\t\t\t<\/div>\n\t\t<\/section>\n\t\t\t\t<\/div>\n\t\t","protected":false},"excerpt":{"rendered":"<p>Noticias y curiosidades<\/p>\n","protected":false},"author":1,"featured_media":0,"parent":0,"menu_order":0,"comment_status":"closed","ping_status":"closed","template":"elementor_header_footer","meta":{"footnotes":""},"class_list":["post-1061","page","type-page","status-publish","hentry"],"_links":{"self":[{"href":"https:\/\/bestlasermarking.com\/es\/wp-json\/wp\/v2\/pages\/1061","targetHints":{"allow":["GET"]}}],"collection":[{"href":"https:\/\/bestlasermarking.com\/es\/wp-json\/wp\/v2\/pages"}],"about":[{"href":"https:\/\/bestlasermarking.com\/es\/wp-json\/wp\/v2\/types\/page"}],"author":[{"embeddable":true,"href":"https:\/\/bestlasermarking.com\/es\/wp-json\/wp\/v2\/users\/1"}],"replies":[{"embeddable":true,"href":"https:\/\/bestlasermarking.com\/es\/wp-json\/wp\/v2\/comments?post=1061"}],"version-history":[{"count":1,"href":"https:\/\/bestlasermarking.com\/es\/wp-json\/wp\/v2\/pages\/1061\/revisions"}],"predecessor-version":[{"id":1062,"href":"https:\/\/bestlasermarking.com\/es\/wp-json\/wp\/v2\/pages\/1061\/revisions\/1062"}],"wp:attachment":[{"href":"https:\/\/bestlasermarking.com\/es\/wp-json\/wp\/v2\/media?parent=1061"}],"curies":[{"name":"wp","href":"https:\/\/api.w.org\/{rel}","templated":true}]}}