{"id":1067,"date":"2023-05-26T08:38:22","date_gmt":"2023-05-26T08:38:22","guid":{"rendered":"https:\/\/bestlasermarking.com\/marcado-laser-en-el-sector-automocion\/"},"modified":"2024-02-01T11:13:16","modified_gmt":"2024-02-01T11:13:16","slug":"marcado-laser-en-el-sector-automocion","status":"publish","type":"page","link":"https:\/\/bestlasermarking.com\/es\/marcado-laser-en-el-sector-automocion\/","title":{"rendered":"Marcado L\u00e1ser en el Sector Automoci\u00f3n"},"content":{"rendered":"\t\t<div data-elementor-type=\"wp-page\" data-elementor-id=\"1067\" class=\"elementor elementor-1067 elementor-497\" data-elementor-post-type=\"page\">\n\t\t\t\t\t\t<section class=\"elementor-section elementor-top-section elementor-element elementor-element-18f18763 elementor-section-height-min-height elementor-section-boxed elementor-section-height-default elementor-section-items-middle\" data-id=\"18f18763\" data-element_type=\"section\" data-settings=\"{&quot;background_background&quot;:&quot;slideshow&quot;,&quot;background_slideshow_gallery&quot;:[{&quot;id&quot;:260,&quot;url&quot;:&quot;https:\\\/\\\/bestlasermarking.com\\\/wp-content\\\/uploads\\\/2022\\\/12\\\/laser-marcatura.webp&quot;}],&quot;background_slideshow_ken_burns&quot;:&quot;yes&quot;,&quot;background_slideshow_loop&quot;:&quot;yes&quot;,&quot;background_slideshow_slide_duration&quot;:5000,&quot;background_slideshow_slide_transition&quot;:&quot;fade&quot;,&quot;background_slideshow_transition_duration&quot;:500,&quot;background_slideshow_ken_burns_zoom_direction&quot;:&quot;in&quot;}\">\n\t\t\t\t\t\t\t<div class=\"elementor-background-overlay\"><\/div>\n\t\t\t\t\t\t\t<div class=\"elementor-container elementor-column-gap-default\">\n\t\t\t\t\t<div class=\"elementor-column elementor-col-66 elementor-top-column elementor-element elementor-element-45e3b566\" data-id=\"45e3b566\" data-element_type=\"column\">\n\t\t\t<div class=\"elementor-widget-wrap elementor-element-populated\">\n\t\t\t\t\t\t<div class=\"elementor-element elementor-element-c498449 elementor-widget elementor-widget-heading\" data-id=\"c498449\" data-element_type=\"widget\" data-widget_type=\"heading.default\">\n\t\t\t\t<div class=\"elementor-widget-container\">\n\t\t\t\t\t<h1 class=\"elementor-heading-title elementor-size-default\"><strong> MARCADO L\u00c1SER Sector Automoci\u00f3n <\/strong><\/h1>\t\t\t\t<\/div>\n\t\t\t\t<\/div>\n\t\t\t\t<div class=\"elementor-element elementor-element-2c759736 elementor-widget elementor-widget-text-editor\" data-id=\"2c759736\" data-element_type=\"widget\" data-widget_type=\"text-editor.default\">\n\t\t\t\t<div class=\"elementor-widget-container\">\n\t\t\t\t\t\t\t\t\t<p>Sistemas y tintes profesionales para grabado y marcado l\u00e1ser de automoci\u00f3n<\/p>\n\t\t\t\t\t\t\t\t<\/div>\n\t\t\t\t<\/div>\n\t\t\t\t\t<\/div>\n\t\t<\/div>\n\t\t\t\t<div class=\"elementor-column elementor-col-33 elementor-top-column elementor-element elementor-element-320390a6\" data-id=\"320390a6\" data-element_type=\"column\">\n\t\t\t<div class=\"elementor-widget-wrap\">\n\t\t\t\t\t\t\t<\/div>\n\t\t<\/div>\n\t\t\t\t\t<\/div>\n\t\t<\/section>\n\t\t\t\t<section class=\"elementor-section elementor-top-section elementor-element elementor-element-2bfa7acd elementor-reverse-mobile elementor-section-boxed elementor-section-height-default elementor-section-height-default\" data-id=\"2bfa7acd\" data-element_type=\"section\">\n\t\t\t\t\t\t<div class=\"elementor-container elementor-column-gap-no\">\n\t\t\t\t\t<div class=\"elementor-column elementor-col-50 elementor-top-column elementor-element elementor-element-5ed9951e\" data-id=\"5ed9951e\" data-element_type=\"column\">\n\t\t\t<div class=\"elementor-widget-wrap elementor-element-populated\">\n\t\t\t\t\t\t<section class=\"elementor-section elementor-inner-section elementor-element elementor-element-175b3102 elementor-section-boxed elementor-section-height-default elementor-section-height-default\" data-id=\"175b3102\" data-element_type=\"section\">\n\t\t\t\t\t\t<div class=\"elementor-container elementor-column-gap-default\">\n\t\t\t\t\t<div class=\"elementor-column elementor-col-100 elementor-inner-column elementor-element elementor-element-3d07e6d2\" data-id=\"3d07e6d2\" data-element_type=\"column\" data-settings=\"{&quot;background_background&quot;:&quot;classic&quot;}\">\n\t\t\t<div class=\"elementor-widget-wrap elementor-element-populated\">\n\t\t\t\t\t\t<div class=\"elementor-element elementor-element-a73a1d1 elementor-widget elementor-widget-video\" data-id=\"a73a1d1\" data-element_type=\"widget\" data-settings=\"{&quot;youtube_url&quot;:&quot;https:\\\/\\\/youtu.be\\\/pTeAX_9-cMI&quot;,&quot;video_type&quot;:&quot;youtube&quot;,&quot;controls&quot;:&quot;yes&quot;}\" data-widget_type=\"video.default\">\n\t\t\t\t<div class=\"elementor-widget-container\">\n\t\t\t\t\t\t\t<div class=\"elementor-wrapper elementor-open-inline\">\n\t\t\t<div class=\"elementor-video\"><\/div>\t\t<\/div>\n\t\t\t\t\t\t<\/div>\n\t\t\t\t<\/div>\n\t\t\t\t\t<\/div>\n\t\t<\/div>\n\t\t\t\t\t<\/div>\n\t\t<\/section>\n\t\t\t\t<section class=\"elementor-section elementor-inner-section elementor-element elementor-element-29fa7ee6 elementor-section-boxed elementor-section-height-default elementor-section-height-default\" data-id=\"29fa7ee6\" data-element_type=\"section\">\n\t\t\t\t\t\t<div class=\"elementor-container elementor-column-gap-default\">\n\t\t\t\t\t<div class=\"elementor-column elementor-col-50 elementor-inner-column elementor-element elementor-element-1898c14\" data-id=\"1898c14\" data-element_type=\"column\">\n\t\t\t<div class=\"elementor-widget-wrap elementor-element-populated\">\n\t\t\t\t\t\t<div class=\"elementor-element elementor-element-65c186db elementor-widget elementor-widget-image\" data-id=\"65c186db\" data-element_type=\"widget\" data-widget_type=\"image.default\">\n\t\t\t\t<div class=\"elementor-widget-container\">\n\t\t\t\t\t\t\t\t\t\t\t\t\t\t\t<img decoding=\"async\" src=\"https:\/\/bestlasermarking.com\/wp-content\/uploads\/elementor\/thumbs\/Marcatore-laser-su-metallo-pz8sdetw6md7dl8g4mxgvrx8l30otpxkof7zhqh9jc.webp\" title=\"Marcatore-laser-su-metallo\" alt=\"Marcatore-laser-su-metallo\" loading=\"lazy\" \/>\t\t\t\t\t\t\t\t\t\t\t\t\t\t\t<\/div>\n\t\t\t\t<\/div>\n\t\t\t\t\t<\/div>\n\t\t<\/div>\n\t\t\t\t<div class=\"elementor-column elementor-col-50 elementor-inner-column elementor-element elementor-element-20474d7f\" data-id=\"20474d7f\" data-element_type=\"column\">\n\t\t\t<div class=\"elementor-widget-wrap elementor-element-populated\">\n\t\t\t\t\t\t<div class=\"elementor-element elementor-element-3fd05882 elementor-widget elementor-widget-image\" data-id=\"3fd05882\" data-element_type=\"widget\" data-widget_type=\"image.default\">\n\t\t\t\t<div class=\"elementor-widget-container\">\n\t\t\t\t\t\t\t\t\t\t\t\t\t\t\t<img decoding=\"async\" src=\"https:\/\/bestlasermarking.com\/wp-content\/uploads\/elementor\/thumbs\/Marcatura-Colorata-metallo-pz8sek6sjbxtkfkdf4t1xhhiq1cu8ehri3xclwrxxk.webp\" title=\"Marcatura-Colorata-metallo\" alt=\"Marcatura-Colorata-metallo\" loading=\"lazy\" \/>\t\t\t\t\t\t\t\t\t\t\t\t\t\t\t<\/div>\n\t\t\t\t<\/div>\n\t\t\t\t\t<\/div>\n\t\t<\/div>\n\t\t\t\t\t<\/div>\n\t\t<\/section>\n\t\t\t\t\t<\/div>\n\t\t<\/div>\n\t\t\t\t<div class=\"elementor-column elementor-col-50 elementor-top-column elementor-element elementor-element-73578476\" data-id=\"73578476\" data-element_type=\"column\">\n\t\t\t<div class=\"elementor-widget-wrap elementor-element-populated\">\n\t\t\t\t\t\t<section class=\"elementor-section elementor-inner-section elementor-element elementor-element-7c513c7a elementor-reverse-mobile elementor-section-boxed elementor-section-height-default elementor-section-height-default\" data-id=\"7c513c7a\" data-element_type=\"section\">\n\t\t\t\t\t\t<div class=\"elementor-container elementor-column-gap-default\">\n\t\t\t\t\t<div class=\"elementor-column elementor-col-100 elementor-inner-column elementor-element elementor-element-5a645e7c\" data-id=\"5a645e7c\" data-element_type=\"column\">\n\t\t\t<div class=\"elementor-widget-wrap elementor-element-populated\">\n\t\t\t\t\t\t<div class=\"elementor-element elementor-element-4a012816 elementor-widget__width-auto elementor-widget-divider--view-line elementor-widget elementor-widget-divider\" data-id=\"4a012816\" data-element_type=\"widget\" data-widget_type=\"divider.default\">\n\t\t\t\t<div class=\"elementor-widget-container\">\n\t\t\t\t\t\t\t<div class=\"elementor-divider\">\n\t\t\t<span class=\"elementor-divider-separator\">\n\t\t\t\t\t\t<\/span>\n\t\t<\/div>\n\t\t\t\t\t\t<\/div>\n\t\t\t\t<\/div>\n\t\t\t\t<div class=\"elementor-element elementor-element-194716d4 elementor-widget__width-auto elementor-widget elementor-widget-heading\" data-id=\"194716d4\" data-element_type=\"widget\" data-widget_type=\"heading.default\">\n\t\t\t\t<div class=\"elementor-widget-container\">\n\t\t\t\t\t<h2 class=\"elementor-heading-title elementor-size-default\">Marcado y Grabado para el sector de la automoci\u00f3n<\/h2>\t\t\t\t<\/div>\n\t\t\t\t<\/div>\n\t\t\t\t<div class=\"elementor-element elementor-element-2221107e elementor-widget elementor-widget-spacer\" data-id=\"2221107e\" data-element_type=\"widget\" data-widget_type=\"spacer.default\">\n\t\t\t\t<div class=\"elementor-widget-container\">\n\t\t\t\t\t\t\t<div class=\"elementor-spacer\">\n\t\t\t<div class=\"elementor-spacer-inner\"><\/div>\n\t\t<\/div>\n\t\t\t\t\t\t<\/div>\n\t\t\t\t<\/div>\n\t\t\t\t<div class=\"elementor-element elementor-element-6f25b857 elementor-widget elementor-widget-text-editor\" data-id=\"6f25b857\" data-element_type=\"widget\" data-widget_type=\"text-editor.default\">\n\t\t\t\t<div class=\"elementor-widget-container\">\n\t\t\t\t\t\t\t\t\t<p>En un mundo en constante cambio, la tecnolog\u00eda l\u00e1ser est\u00e1 transformando la industria automotriz. El marcado l\u00e1ser, en particular, se ha convertido en un componente clave de la fabricaci\u00f3n y el montaje de veh\u00edculos, ofreciendo soluciones de marcado precisas, r\u00e1pidas y respetuosas con el medio ambiente. Descubra c\u00f3mo el marcado l\u00e1ser est\u00e1 revolucionando el sector de la automoci\u00f3n y c\u00f3mo la empresa LASIT est\u00e1 en el centro de esta transformaci\u00f3n.<\/p>\n<p>El <a href=\"https:\/\/bestlasermarking.com\/es\/\">marcado l\u00e1ser<\/a> ofrece numerosas posibilidades en el sector de la automoci\u00f3n. Este proceso de alta precisi\u00f3n le permite marcar c\u00f3digos de barras, n\u00fameros de serie, logotipos de empresas y m\u00e1s en una amplia gama de componentes automotrices, desde piezas de motores hasta componentes electr\u00f3nicos y tableros de instrumentos. Gracias a la innovadora tecnolog\u00eda l\u00e1ser de LASIT, los fabricantes de autom\u00f3viles pueden garantizar la autenticidad de sus piezas, rastrear su procedencia y mejorar el control de calidad.<\/p>\n\t\t\t\t\t\t\t\t<\/div>\n\t\t\t\t<\/div>\n\t\t\t\t\t<\/div>\n\t\t<\/div>\n\t\t\t\t\t<\/div>\n\t\t<\/section>\n\t\t\t\t\t<\/div>\n\t\t<\/div>\n\t\t\t\t\t<\/div>\n\t\t<\/section>\n\t\t\t\t<section class=\"elementor-section elementor-top-section elementor-element elementor-element-7d8b6f37 elementor-section-boxed elementor-section-height-default elementor-section-height-default\" data-id=\"7d8b6f37\" data-element_type=\"section\" data-settings=\"{&quot;background_background&quot;:&quot;classic&quot;}\">\n\t\t\t\t\t\t<div class=\"elementor-container elementor-column-gap-default\">\n\t\t\t\t\t<div class=\"elementor-column elementor-col-100 elementor-top-column elementor-element elementor-element-3ac0279\" data-id=\"3ac0279\" data-element_type=\"column\">\n\t\t\t<div class=\"elementor-widget-wrap elementor-element-populated\">\n\t\t\t\t\t\t<section class=\"elementor-section elementor-inner-section elementor-element elementor-element-65a07cdc elementor-section-boxed elementor-section-height-default elementor-section-height-default\" data-id=\"65a07cdc\" data-element_type=\"section\">\n\t\t\t\t\t\t<div class=\"elementor-container elementor-column-gap-default\">\n\t\t\t\t\t<div class=\"elementor-column elementor-col-100 elementor-inner-column elementor-element elementor-element-66500928\" data-id=\"66500928\" data-element_type=\"column\">\n\t\t\t<div class=\"elementor-widget-wrap elementor-element-populated\">\n\t\t\t\t\t\t<div class=\"elementor-element elementor-element-4127b683 elementor-widget__width-auto elementor-widget-divider--view-line elementor-widget elementor-widget-divider\" data-id=\"4127b683\" data-element_type=\"widget\" data-widget_type=\"divider.default\">\n\t\t\t\t<div class=\"elementor-widget-container\">\n\t\t\t\t\t\t\t<div class=\"elementor-divider\">\n\t\t\t<span class=\"elementor-divider-separator\">\n\t\t\t\t\t\t<\/span>\n\t\t<\/div>\n\t\t\t\t\t\t<\/div>\n\t\t\t\t<\/div>\n\t\t\t\t<div class=\"elementor-element elementor-element-75a5d14 elementor-widget__width-auto elementor-widget elementor-widget-heading\" data-id=\"75a5d14\" data-element_type=\"widget\" data-widget_type=\"heading.default\">\n\t\t\t\t<div class=\"elementor-widget-container\">\n\t\t\t\t\t<h2 class=\"elementor-heading-title elementor-size-default\">Marcado l\u00e1ser para autom\u00f3viles<\/h2>\t\t\t\t<\/div>\n\t\t\t\t<\/div>\n\t\t\t\t<div class=\"elementor-element elementor-element-17d2a179 elementor-widget elementor-widget-spacer\" data-id=\"17d2a179\" data-element_type=\"widget\" data-widget_type=\"spacer.default\">\n\t\t\t\t<div class=\"elementor-widget-container\">\n\t\t\t\t\t\t\t<div class=\"elementor-spacer\">\n\t\t\t<div class=\"elementor-spacer-inner\"><\/div>\n\t\t<\/div>\n\t\t\t\t\t\t<\/div>\n\t\t\t\t<\/div>\n\t\t\t\t<div class=\"elementor-element elementor-element-4e12b584 elementor-widget elementor-widget-text-editor\" data-id=\"4e12b584\" data-element_type=\"widget\" data-widget_type=\"text-editor.default\">\n\t\t\t\t<div class=\"elementor-widget-container\">\n\t\t\t\t\t\t\t\t\t<p>La industria automotriz requiere soluciones de marcado que no s\u00f3lo sean precisas, sino tambi\u00e9n r\u00e1pidas y flexibles. Las m\u00e1quinas de marcado l\u00e1ser LASIT satisfacen todas estas necesidades. Pueden trabajar en diferentes tipos de materiales, <a href=\"https:\/\/bestlasermarking.com\/es\/marcado-y-grabado-laser-de-acero\/\"><strong>desde acero inoxidable<\/strong><\/a> hasta pl\u00e1stico, y pueden personalizarse seg\u00fan las necesidades espec\u00edficas del cliente. Ya sea marcando una sola pieza o ejecutando una l\u00ednea de producci\u00f3n de alta capacidad, las m\u00e1quinas LASIT garantizan un marcado l\u00e1ser eficiente y de alta calidad.<\/p>\n<p>Otro beneficio clave del marcado l\u00e1ser en la industria automotriz es su naturaleza ecol\u00f3gica. A diferencia de otros m\u00e9todos de marcado, el proceso l\u00e1ser no produce residuos nocivos, lo que ayuda a reducir el impacto medioambiental de la industria automovil\u00edstica. Adem\u00e1s, las m\u00e1quinas de marcado l\u00e1ser de LASIT vienen con un software intuitivo que facilita su uso, lo que las convierte en una soluci\u00f3n ideal para cualquier entorno de producci\u00f3n.<\/p>\n<p>El marcado l\u00e1ser en el sector de la automoci\u00f3n no es s\u00f3lo una cuesti\u00f3n de eficiencia y precisi\u00f3n: tambi\u00e9n es una cuesti\u00f3n de seguridad. Esta tecnolog\u00eda permite marcar los componentes de forma indeleble, haciendo casi imposible la falsificaci\u00f3n y el robo de piezas de autom\u00f3viles. Esto es especialmente importante en una industria donde la seguridad y la confiabilidad son de primordial importancia.<\/p>\n<p>En general, el marcado l\u00e1ser en el sector de la automoci\u00f3n representa una innovaci\u00f3n significativa, capaz de mejorar la calidad, la eficiencia y la sostenibilidad de la producci\u00f3n. Con su tecnolog\u00eda avanzada, muchos a\u00f1os de experiencia y atenci\u00f3n constante a las necesidades de los clientes, LASIT est\u00e1 lista para liderar la industria automotriz hacia un futuro m\u00e1s brillante, seguro y sustentable.<\/p>\n\t\t\t\t\t\t\t\t<\/div>\n\t\t\t\t<\/div>\n\t\t\t\t\t<\/div>\n\t\t<\/div>\n\t\t\t\t\t<\/div>\n\t\t<\/section>\n\t\t\t\t\t<\/div>\n\t\t<\/div>\n\t\t\t\t\t<\/div>\n\t\t<\/section>\n\t\t\t\t<section class=\"elementor-section elementor-top-section elementor-element elementor-element-2cca0281 elementor-section-boxed elementor-section-height-default elementor-section-height-default\" data-id=\"2cca0281\" data-element_type=\"section\">\n\t\t\t\t\t\t<div class=\"elementor-container elementor-column-gap-default\">\n\t\t\t\t\t<div class=\"elementor-column elementor-col-100 elementor-top-column elementor-element elementor-element-2f063f53\" data-id=\"2f063f53\" data-element_type=\"column\">\n\t\t\t<div class=\"elementor-widget-wrap\">\n\t\t\t\t\t\t\t<\/div>\n\t\t<\/div>\n\t\t\t\t\t<\/div>\n\t\t<\/section>\n\t\t\t\t<\/div>\n\t\t","protected":false},"excerpt":{"rendered":"<p>MARCADO L\u00c1SER Sector Automoci\u00f3n Sistemas y tintes profesionales para grabado y marcado l\u00e1ser de automoci\u00f3n Marcado y Grabado para el sector de la automoci\u00f3n En un mundo en constante cambio, la tecnolog\u00eda l\u00e1ser est\u00e1 transformando la industria automotriz. El marcado l\u00e1ser, en particular, se ha convertido en un componente clave de la fabricaci\u00f3n y el [&hellip;]<\/p>\n","protected":false},"author":2,"featured_media":0,"parent":0,"menu_order":0,"comment_status":"closed","ping_status":"closed","template":"elementor_header_footer","meta":{"footnotes":""},"class_list":["post-1067","page","type-page","status-publish","hentry"],"_links":{"self":[{"href":"https:\/\/bestlasermarking.com\/es\/wp-json\/wp\/v2\/pages\/1067","targetHints":{"allow":["GET"]}}],"collection":[{"href":"https:\/\/bestlasermarking.com\/es\/wp-json\/wp\/v2\/pages"}],"about":[{"href":"https:\/\/bestlasermarking.com\/es\/wp-json\/wp\/v2\/types\/page"}],"author":[{"embeddable":true,"href":"https:\/\/bestlasermarking.com\/es\/wp-json\/wp\/v2\/users\/2"}],"replies":[{"embeddable":true,"href":"https:\/\/bestlasermarking.com\/es\/wp-json\/wp\/v2\/comments?post=1067"}],"version-history":[{"count":1,"href":"https:\/\/bestlasermarking.com\/es\/wp-json\/wp\/v2\/pages\/1067\/revisions"}],"predecessor-version":[{"id":1068,"href":"https:\/\/bestlasermarking.com\/es\/wp-json\/wp\/v2\/pages\/1067\/revisions\/1068"}],"wp:attachment":[{"href":"https:\/\/bestlasermarking.com\/es\/wp-json\/wp\/v2\/media?parent=1067"}],"curies":[{"name":"wp","href":"https:\/\/api.w.org\/{rel}","templated":true}]}}