{"id":956,"date":"2023-12-16T17:19:13","date_gmt":"2023-12-16T17:19:13","guid":{"rendered":"https:\/\/bestlasermarking.com\/marcado-laser-de-plastico\/"},"modified":"2024-01-31T13:20:51","modified_gmt":"2024-01-31T13:20:51","slug":"marcado-laser-de-plastico","status":"publish","type":"page","link":"https:\/\/bestlasermarking.com\/es\/marcado-laser-de-plastico\/","title":{"rendered":"Marcado l\u00e1ser de pl\u00e1stico"},"content":{"rendered":"\t\t<div data-elementor-type=\"wp-page\" data-elementor-id=\"956\" class=\"elementor elementor-956 elementor-373\" data-elementor-post-type=\"page\">\n\t\t\t\t\t\t<section class=\"elementor-section elementor-top-section elementor-element elementor-element-18f18763 elementor-section-height-min-height elementor-section-boxed elementor-section-height-default elementor-section-items-middle\" data-id=\"18f18763\" data-element_type=\"section\" data-settings=\"{&quot;background_background&quot;:&quot;slideshow&quot;,&quot;background_slideshow_gallery&quot;:[{&quot;id&quot;:378,&quot;url&quot;:&quot;https:\\\/\\\/bestlasermarking.com\\\/wp-content\\\/uploads\\\/2022\\\/12\\\/marcatura-laser-plastica.webp&quot;}],&quot;background_slideshow_ken_burns&quot;:&quot;yes&quot;,&quot;background_slideshow_loop&quot;:&quot;yes&quot;,&quot;background_slideshow_slide_duration&quot;:5000,&quot;background_slideshow_slide_transition&quot;:&quot;fade&quot;,&quot;background_slideshow_transition_duration&quot;:500,&quot;background_slideshow_ken_burns_zoom_direction&quot;:&quot;in&quot;}\">\n\t\t\t\t\t\t\t<div class=\"elementor-background-overlay\"><\/div>\n\t\t\t\t\t\t\t<div class=\"elementor-container elementor-column-gap-default\">\n\t\t\t\t\t<div class=\"elementor-column elementor-col-66 elementor-top-column elementor-element elementor-element-45e3b566\" data-id=\"45e3b566\" data-element_type=\"column\">\n\t\t\t<div class=\"elementor-widget-wrap elementor-element-populated\">\n\t\t\t\t\t\t<div class=\"elementor-element elementor-element-c498449 elementor-widget elementor-widget-heading\" data-id=\"c498449\" data-element_type=\"widget\" data-widget_type=\"heading.default\">\n\t\t\t\t<div class=\"elementor-widget-container\">\n\t\t\t\t\t<h1 class=\"elementor-heading-title elementor-size-default\"><strong> MARCADO L\u00c1SER SOBRE PL\u00c1STICO<\/strong><\/h1>\t\t\t\t<\/div>\n\t\t\t\t<\/div>\n\t\t\t\t<div class=\"elementor-element elementor-element-2c759736 elementor-widget elementor-widget-text-editor\" data-id=\"2c759736\" data-element_type=\"widget\" data-widget_type=\"text-editor.default\">\n\t\t\t\t<div class=\"elementor-widget-container\">\n\t\t\t\t\t\t\t\t\t<p>Tecnolog\u00edas avanzadas y de \u00faltima generaci\u00f3n para grabado y marcado l\u00e1ser sobre materiales pl\u00e1sticos.<\/p>\n\t\t\t\t\t\t\t\t<\/div>\n\t\t\t\t<\/div>\n\t\t\t\t\t<\/div>\n\t\t<\/div>\n\t\t\t\t<div class=\"elementor-column elementor-col-33 elementor-top-column elementor-element elementor-element-320390a6\" data-id=\"320390a6\" data-element_type=\"column\">\n\t\t\t<div class=\"elementor-widget-wrap\">\n\t\t\t\t\t\t\t<\/div>\n\t\t<\/div>\n\t\t\t\t\t<\/div>\n\t\t<\/section>\n\t\t\t\t<section class=\"elementor-section elementor-top-section elementor-element elementor-element-2bfa7acd elementor-reverse-mobile elementor-section-boxed elementor-section-height-default elementor-section-height-default\" data-id=\"2bfa7acd\" data-element_type=\"section\">\n\t\t\t\t\t\t<div class=\"elementor-container elementor-column-gap-no\">\n\t\t\t\t\t<div class=\"elementor-column elementor-col-50 elementor-top-column elementor-element elementor-element-5ed9951e\" data-id=\"5ed9951e\" data-element_type=\"column\">\n\t\t\t<div class=\"elementor-widget-wrap elementor-element-populated\">\n\t\t\t\t\t\t<section class=\"elementor-section elementor-inner-section elementor-element elementor-element-175b3102 elementor-section-boxed elementor-section-height-default elementor-section-height-default\" data-id=\"175b3102\" data-element_type=\"section\">\n\t\t\t\t\t\t<div class=\"elementor-container elementor-column-gap-default\">\n\t\t\t\t\t<div class=\"elementor-column elementor-col-100 elementor-inner-column elementor-element elementor-element-3d07e6d2\" data-id=\"3d07e6d2\" data-element_type=\"column\" data-settings=\"{&quot;background_background&quot;:&quot;classic&quot;}\">\n\t\t\t<div class=\"elementor-widget-wrap elementor-element-populated\">\n\t\t\t\t\t\t<div class=\"elementor-element elementor-element-326dd9cc elementor-widget elementor-widget-image\" data-id=\"326dd9cc\" data-element_type=\"widget\" data-widget_type=\"image.default\">\n\t\t\t\t<div class=\"elementor-widget-container\">\n\t\t\t\t\t\t\t\t\t\t\t\t\t\t\t<img fetchpriority=\"high\" decoding=\"async\" width=\"500\" height=\"500\" src=\"https:\/\/bestlasermarking.com\/wp-content\/uploads\/2022\/12\/incisione-plastica-3d.webp\" class=\"attachment-large size-large wp-image-823\" alt=\"\" srcset=\"https:\/\/bestlasermarking.com\/wp-content\/uploads\/2022\/12\/incisione-plastica-3d.webp 500w, https:\/\/bestlasermarking.com\/wp-content\/uploads\/2022\/12\/incisione-plastica-3d-300x300.webp 300w, https:\/\/bestlasermarking.com\/wp-content\/uploads\/2022\/12\/incisione-plastica-3d-150x150.webp 150w, https:\/\/bestlasermarking.com\/wp-content\/uploads\/2022\/12\/incisione-plastica-3d-12x12.webp 12w\" sizes=\"(max-width: 500px) 100vw, 500px\" \/>\t\t\t\t\t\t\t\t\t\t\t\t\t\t\t<\/div>\n\t\t\t\t<\/div>\n\t\t\t\t\t<\/div>\n\t\t<\/div>\n\t\t\t\t\t<\/div>\n\t\t<\/section>\n\t\t\t\t<section class=\"elementor-section elementor-inner-section elementor-element elementor-element-29fa7ee6 elementor-section-boxed elementor-section-height-default elementor-section-height-default\" data-id=\"29fa7ee6\" data-element_type=\"section\">\n\t\t\t\t\t\t<div class=\"elementor-container elementor-column-gap-default\">\n\t\t\t\t\t<div class=\"elementor-column elementor-col-50 elementor-inner-column elementor-element elementor-element-1898c14\" data-id=\"1898c14\" data-element_type=\"column\">\n\t\t\t<div class=\"elementor-widget-wrap elementor-element-populated\">\n\t\t\t\t\t\t<div class=\"elementor-element elementor-element-65c186db elementor-widget elementor-widget-image\" data-id=\"65c186db\" data-element_type=\"widget\" data-widget_type=\"image.default\">\n\t\t\t\t<div class=\"elementor-widget-container\">\n\t\t\t\t\t\t\t\t\t\t\t\t\t\t\t<img decoding=\"async\" src=\"https:\/\/bestlasermarking.com\/wp-content\/uploads\/elementor\/thumbs\/marcatura-laser-plastica-pz9a8tcua34ygmnl3r24mexutzrjn6774z2ze8hyfc.webp\" title=\"marcatura-laser-plastica\" alt=\"marcatura-laser-plastica\" loading=\"lazy\" \/>\t\t\t\t\t\t\t\t\t\t\t\t\t\t\t<\/div>\n\t\t\t\t<\/div>\n\t\t\t\t\t<\/div>\n\t\t<\/div>\n\t\t\t\t<div class=\"elementor-column elementor-col-50 elementor-inner-column elementor-element elementor-element-20474d7f\" data-id=\"20474d7f\" data-element_type=\"column\">\n\t\t\t<div class=\"elementor-widget-wrap elementor-element-populated\">\n\t\t\t\t\t\t<div class=\"elementor-element elementor-element-3fd05882 elementor-widget elementor-widget-image\" data-id=\"3fd05882\" data-element_type=\"widget\" data-widget_type=\"image.default\">\n\t\t\t\t<div class=\"elementor-widget-container\">\n\t\t\t\t\t\t\t\t\t\t\t\t\t\t\t<img decoding=\"async\" src=\"https:\/\/bestlasermarking.com\/wp-content\/uploads\/elementor\/thumbs\/plastica-marcatura-laser-pz9aa91ypz3q76khpvelxjw7i6oqeiwfo2yosgdax4.webp\" title=\"plastica-marcatura-laser\" alt=\"plastica-marcatura-laser\" loading=\"lazy\" \/>\t\t\t\t\t\t\t\t\t\t\t\t\t\t\t<\/div>\n\t\t\t\t<\/div>\n\t\t\t\t\t<\/div>\n\t\t<\/div>\n\t\t\t\t\t<\/div>\n\t\t<\/section>\n\t\t\t\t\t<\/div>\n\t\t<\/div>\n\t\t\t\t<div class=\"elementor-column elementor-col-50 elementor-top-column elementor-element elementor-element-73578476\" data-id=\"73578476\" data-element_type=\"column\">\n\t\t\t<div class=\"elementor-widget-wrap elementor-element-populated\">\n\t\t\t\t\t\t<section class=\"elementor-section elementor-inner-section elementor-element elementor-element-7c513c7a elementor-reverse-mobile elementor-section-boxed elementor-section-height-default elementor-section-height-default\" data-id=\"7c513c7a\" data-element_type=\"section\">\n\t\t\t\t\t\t<div class=\"elementor-container elementor-column-gap-default\">\n\t\t\t\t\t<div class=\"elementor-column elementor-col-100 elementor-inner-column elementor-element elementor-element-5a645e7c\" data-id=\"5a645e7c\" data-element_type=\"column\">\n\t\t\t<div class=\"elementor-widget-wrap elementor-element-populated\">\n\t\t\t\t\t\t<div class=\"elementor-element elementor-element-4a012816 elementor-widget__width-auto elementor-widget-divider--view-line elementor-widget elementor-widget-divider\" data-id=\"4a012816\" data-element_type=\"widget\" data-widget_type=\"divider.default\">\n\t\t\t\t<div class=\"elementor-widget-container\">\n\t\t\t\t\t\t\t<div class=\"elementor-divider\">\n\t\t\t<span class=\"elementor-divider-separator\">\n\t\t\t\t\t\t<\/span>\n\t\t<\/div>\n\t\t\t\t\t\t<\/div>\n\t\t\t\t<\/div>\n\t\t\t\t<div class=\"elementor-element elementor-element-194716d4 elementor-widget__width-auto elementor-widget elementor-widget-heading\" data-id=\"194716d4\" data-element_type=\"widget\" data-widget_type=\"heading.default\">\n\t\t\t\t<div class=\"elementor-widget-container\">\n\t\t\t\t\t<h2 class=\"elementor-heading-title elementor-size-default\">Marcado l\u00e1ser sobre pl\u00e1stico<\/h2>\t\t\t\t<\/div>\n\t\t\t\t<\/div>\n\t\t\t\t<div class=\"elementor-element elementor-element-2221107e elementor-widget elementor-widget-spacer\" data-id=\"2221107e\" data-element_type=\"widget\" data-widget_type=\"spacer.default\">\n\t\t\t\t<div class=\"elementor-widget-container\">\n\t\t\t\t\t\t\t<div class=\"elementor-spacer\">\n\t\t\t<div class=\"elementor-spacer-inner\"><\/div>\n\t\t<\/div>\n\t\t\t\t\t\t<\/div>\n\t\t\t\t<\/div>\n\t\t\t\t<div class=\"elementor-element elementor-element-6f25b857 elementor-widget elementor-widget-text-editor\" data-id=\"6f25b857\" data-element_type=\"widget\" data-widget_type=\"text-editor.default\">\n\t\t\t\t<div class=\"elementor-widget-container\">\n\t\t\t\t\t\t\t\t\t<p>El <strong>marcado de pl\u00e1stico<\/strong> es el proceso de colocar una marca o etiqueta en una superficie de pl\u00e1stico para identificar el material, proporcionar informaci\u00f3n o transmitir un mensaje.<\/p>\n<p>Hay varias formas de marcar pl\u00e1stico, seg\u00fan el tipo de pl\u00e1stico y el resultado deseado.<\/p>\n<p>Una de las t\u00e9cnicas com\u00fanmente utilizadas para marcar pl\u00e1stico es el estampado en caliente, que implica el uso de una impresora para calentar un troquel de metal para imprimir la marca o etiqueta en la superficie del pl\u00e1stico.<\/p>\n<p>Otras t\u00e9cnicas comunes incluyen el <strong>marcado l\u00e1ser<\/strong>, que utiliza un rayo l\u00e1ser para grabar la marca o etiqueta en la superficie del pl\u00e1stico, y el marcado qu\u00edmico, que utiliza una soluci\u00f3n qu\u00edmica para crear una reacci\u00f3n qu\u00edmica que produce la marca o etiqueta en la superficie del pl\u00e1stico. el plastico.<\/p>\n<p>La elecci\u00f3n del m\u00e9todo de marcado depende de las necesidades espec\u00edficas del proyecto y de las caracter\u00edsticas del pl\u00e1stico, como el espesor, el tipo de pl\u00e1stico y las condiciones de uso esperadas. Es importante hacer una evaluaci\u00f3n cuidadosa de las opciones disponibles para elegir el m\u00e9todo de marcado m\u00e1s adecuado para su proyecto.<\/p>\n\t\t\t\t\t\t\t\t<\/div>\n\t\t\t\t<\/div>\n\t\t\t\t\t<\/div>\n\t\t<\/div>\n\t\t\t\t\t<\/div>\n\t\t<\/section>\n\t\t\t\t\t<\/div>\n\t\t<\/div>\n\t\t\t\t\t<\/div>\n\t\t<\/section>\n\t\t\t\t<section class=\"elementor-section elementor-top-section elementor-element elementor-element-7d8b6f37 elementor-section-boxed elementor-section-height-default elementor-section-height-default\" data-id=\"7d8b6f37\" data-element_type=\"section\" data-settings=\"{&quot;background_background&quot;:&quot;classic&quot;}\">\n\t\t\t\t\t\t<div class=\"elementor-container elementor-column-gap-default\">\n\t\t\t\t\t<div class=\"elementor-column elementor-col-100 elementor-top-column elementor-element elementor-element-3ac0279\" data-id=\"3ac0279\" data-element_type=\"column\">\n\t\t\t<div class=\"elementor-widget-wrap elementor-element-populated\">\n\t\t\t\t\t\t<section class=\"elementor-section elementor-inner-section elementor-element elementor-element-65a07cdc elementor-section-boxed elementor-section-height-default elementor-section-height-default\" data-id=\"65a07cdc\" data-element_type=\"section\">\n\t\t\t\t\t\t<div class=\"elementor-container elementor-column-gap-default\">\n\t\t\t\t\t<div class=\"elementor-column elementor-col-100 elementor-inner-column elementor-element elementor-element-66500928\" data-id=\"66500928\" data-element_type=\"column\">\n\t\t\t<div class=\"elementor-widget-wrap elementor-element-populated\">\n\t\t\t\t\t\t<div class=\"elementor-element elementor-element-4127b683 elementor-widget__width-auto elementor-widget-divider--view-line elementor-widget elementor-widget-divider\" data-id=\"4127b683\" data-element_type=\"widget\" data-widget_type=\"divider.default\">\n\t\t\t\t<div class=\"elementor-widget-container\">\n\t\t\t\t\t\t\t<div class=\"elementor-divider\">\n\t\t\t<span class=\"elementor-divider-separator\">\n\t\t\t\t\t\t<\/span>\n\t\t<\/div>\n\t\t\t\t\t\t<\/div>\n\t\t\t\t<\/div>\n\t\t\t\t<div class=\"elementor-element elementor-element-75a5d14 elementor-widget__width-auto elementor-widget elementor-widget-heading\" data-id=\"75a5d14\" data-element_type=\"widget\" data-widget_type=\"heading.default\">\n\t\t\t\t<div class=\"elementor-widget-container\">\n\t\t\t\t\t<h2 class=\"elementor-heading-title elementor-size-default\">\u00bfPuedes grabar en pl\u00e1stico?<\/h2>\t\t\t\t<\/div>\n\t\t\t\t<\/div>\n\t\t\t\t<div class=\"elementor-element elementor-element-17d2a179 elementor-widget elementor-widget-spacer\" data-id=\"17d2a179\" data-element_type=\"widget\" data-widget_type=\"spacer.default\">\n\t\t\t\t<div class=\"elementor-widget-container\">\n\t\t\t\t\t\t\t<div class=\"elementor-spacer\">\n\t\t\t<div class=\"elementor-spacer-inner\"><\/div>\n\t\t<\/div>\n\t\t\t\t\t\t<\/div>\n\t\t\t\t<\/div>\n\t\t\t\t<div class=\"elementor-element elementor-element-4e12b584 elementor-widget elementor-widget-text-editor\" data-id=\"4e12b584\" data-element_type=\"widget\" data-widget_type=\"text-editor.default\">\n\t\t\t\t<div class=\"elementor-widget-container\">\n\t\t\t\t\t\t\t\t\t<p>S\u00ed, es posible grabar pl\u00e1stico utilizando diversas t\u00e9cnicas, como el marcado l\u00e1ser o el grabado mec\u00e1nico.<\/p>\n<p>El <strong>marcado l\u00e1ser<\/strong> es un m\u00e9todo popular para <strong>grabar pl\u00e1stico,<\/strong> que implica el uso de un rayo l\u00e1ser de alta intensidad para eliminar material de la superficie del pl\u00e1stico. El l\u00e1ser se enfoca en la superficie del pl\u00e1stico, creando una chispa que vaporiza el material y deja una marca grabada en la superficie. El marcado l\u00e1ser es preciso y capaz de producir marcas de alta calidad, pero puede resultar costoso y requerir el uso de equipos especializados.<\/p>\n<p>El grabado mec\u00e1nico es otra opci\u00f3n para grabar pl\u00e1stico, que implica el uso de una herramienta mec\u00e1nica, como una fresa o una broca de diamante, para eliminar el material de la superficie del pl\u00e1stico. El grabado mec\u00e1nico se puede utilizar para crear marcas profundas o ligeras y se puede realizar con equipos de producci\u00f3n en masa o herramientas manuales. Sin embargo, el grabado mec\u00e1nico puede ser menos preciso que el marcado l\u00e1ser y puede requerir una mayor cantidad de tiempo y esfuerzo.<\/p>\n<p>Como ocurre con cualquier t\u00e9cnica de grabado, es importante seguir las instrucciones del fabricante y utilizar el equipo y el equipo de protecci\u00f3n necesarios para garantizar la seguridad durante el proceso.<\/p>\n\t\t\t\t\t\t\t\t<\/div>\n\t\t\t\t<\/div>\n\t\t\t\t\t<\/div>\n\t\t<\/div>\n\t\t\t\t\t<\/div>\n\t\t<\/section>\n\t\t\t\t<section class=\"elementor-section elementor-inner-section elementor-element elementor-element-0a39cdd elementor-section-boxed elementor-section-height-default elementor-section-height-default\" data-id=\"0a39cdd\" data-element_type=\"section\">\n\t\t\t\t\t\t<div class=\"elementor-container elementor-column-gap-default\">\n\t\t\t\t\t<div class=\"elementor-column elementor-col-100 elementor-inner-column elementor-element elementor-element-0a6d475\" data-id=\"0a6d475\" data-element_type=\"column\">\n\t\t\t<div class=\"elementor-widget-wrap elementor-element-populated\">\n\t\t\t\t\t\t<div class=\"elementor-element elementor-element-0e94e81 elementor-widget__width-auto elementor-widget-divider--view-line elementor-widget elementor-widget-divider\" data-id=\"0e94e81\" data-element_type=\"widget\" data-widget_type=\"divider.default\">\n\t\t\t\t<div class=\"elementor-widget-container\">\n\t\t\t\t\t\t\t<div class=\"elementor-divider\">\n\t\t\t<span class=\"elementor-divider-separator\">\n\t\t\t\t\t\t<\/span>\n\t\t<\/div>\n\t\t\t\t\t\t<\/div>\n\t\t\t\t<\/div>\n\t\t\t\t<div class=\"elementor-element elementor-element-d9d38fb elementor-widget__width-auto elementor-widget elementor-widget-heading\" data-id=\"d9d38fb\" data-element_type=\"widget\" data-widget_type=\"heading.default\">\n\t\t\t\t<div class=\"elementor-widget-container\">\n\t\t\t\t\t<h2 class=\"elementor-heading-title elementor-size-default\">M\u00e1quinas de marcado l\u00e1ser de pl\u00e1stico<\/h2>\t\t\t\t<\/div>\n\t\t\t\t<\/div>\n\t\t\t\t<div class=\"elementor-element elementor-element-6e22f17 elementor-widget elementor-widget-spacer\" data-id=\"6e22f17\" data-element_type=\"widget\" data-widget_type=\"spacer.default\">\n\t\t\t\t<div class=\"elementor-widget-container\">\n\t\t\t\t\t\t\t<div class=\"elementor-spacer\">\n\t\t\t<div class=\"elementor-spacer-inner\"><\/div>\n\t\t<\/div>\n\t\t\t\t\t\t<\/div>\n\t\t\t\t<\/div>\n\t\t\t\t<div class=\"elementor-element elementor-element-a26d2e2 elementor-widget elementor-widget-text-editor\" data-id=\"a26d2e2\" data-element_type=\"widget\" data-widget_type=\"text-editor.default\">\n\t\t\t\t<div class=\"elementor-widget-container\">\n\t\t\t\t\t\t\t\t\t<p>El marcado l\u00e1ser sobre pl\u00e1stico, un campo tecnol\u00f3gico en r\u00e1pida evoluci\u00f3n, destaca por su capacidad para realizar marcados permanentes, precisos y de alta calidad en una amplia gama de materiales pl\u00e1sticos. Este proceso utiliza diferentes t\u00e9cnicas, cada una con caracter\u00edsticas \u00fanicas y adecuadas para tipos espec\u00edficos de pl\u00e1stico.<\/p>\n<h4>T\u00e9cnicas de marcado l\u00e1ser sobre pl\u00e1stico<\/h4>\n<ol>\n<li>\n<p><strong>Grabado L\u00e1ser<\/strong>: Esta t\u00e9cnica elimina material de la superficie del pl\u00e1stico mediante el rayo l\u00e1ser, que lo funde y vaporiza. Es ideal para crear marcas profundas y distintas en varios tipos de pl\u00e1stico.<\/p>\n<\/li>\n<li>\n<p><strong>Grabado con l\u00e1ser<\/strong>: al igual que el grabado, el grabado con l\u00e1ser crea marcas menos profundas al calentar y derretir la superficie del pl\u00e1stico. Este m\u00e9todo es particularmente adecuado para materiales m\u00e1s delgados que requieren marcas menos profundas.<\/p>\n<\/li>\n<li>\n<p><strong>Recocido por l\u00e1ser<\/strong>: utilizada principalmente en pl\u00e1sticos como acero, titanio y acero inoxidable, esta t\u00e9cnica no elimina el material, sino que provoca un cambio qu\u00edmico debajo de la superficie, creando marcas de colores.<\/p>\n<\/li>\n<li>\n<p><strong>Ablaci\u00f3n l\u00e1ser<\/strong>: este m\u00e9todo elimina selectivamente capas delgadas de la superficie de un material y es \u00fatil para eliminar pintura o pel\u00edculas delgadas.<\/p>\n<\/li>\n<li>\n<p><strong>Formaci\u00f3n de espuma<\/strong>: en este proceso, el l\u00e1ser funde selectivamente el material de la matriz, creando burbujas de gas que quedan atrapadas durante el enfriamiento. Las marcas resultantes se elevan y aparecen brillantes en el pl\u00e1stico oscuro.<\/p>\n<\/li>\n<li>\n<p><strong>Cambio de color<\/strong>: Incluye decoloraci\u00f3n, decoloraci\u00f3n y carbonizaci\u00f3n. Este m\u00e9todo utiliza la energ\u00eda del rayo l\u00e1ser para cambiar o degradar la estructura de mol\u00e9culas espec\u00edficas, como los pigmentos de color.<\/p>\n<\/li>\n<\/ol>\n<h4>Consideraciones importantes<\/h4>\n<ul>\n<li>\n<p><strong>Elecci\u00f3n del l\u00e1ser<\/strong>: La elecci\u00f3n del tipo de l\u00e1ser depende del material pl\u00e1stico y de la aplicaci\u00f3n espec\u00edfica. Los l\u00e1seres de fibra son eficientes y precisos, ideales para grabar pl\u00e1sticos m\u00e1s resistentes y obtener marcas de alto contraste. Los l\u00e1seres de CO2 son vers\u00e1tiles y adecuados para grabar pl\u00e1sticos m\u00e1s blandos.<\/p>\n<\/li>\n<li>\n<p><strong>Materiales pl\u00e1sticos<\/strong>: Los diferentes tipos de pl\u00e1stico reaccionan de manera diferente al marcado con l\u00e1ser. Por ejemplo, el polipropileno (PP) y el tereftalato de polietileno (PET) responden bien al marcado con l\u00e1ser, especialmente cuando se tratan con un l\u00e1ser de fibra. El PVC requiere precauci\u00f3n debido a la posible liberaci\u00f3n de vapores t\u00f3xicos, mientras que el nailon (PA) produce marcas claras y duraderas.<\/p>\n<\/li>\n<li>\n<p><strong>Profundidad de marcado<\/strong>: La profundidad del marcado l\u00e1ser en pl\u00e1stico depende de la potencia del l\u00e1ser, la velocidad y el tipo de pl\u00e1stico. Es fundamental optimizar estos par\u00e1metros para conseguir la profundidad de marcado deseada sin da\u00f1ar la integridad de la pieza pl\u00e1stica.<\/p>\n<\/li>\n<li>\n<p><strong>Calidad y precisi\u00f3n<\/strong>: Es esencial garantizar que el marcado cumpla con altos est\u00e1ndares de calidad y precisi\u00f3n. Elegir un servicio de marcado l\u00e1ser confiable y con experiencia en el tratamiento de diferentes tipos de pl\u00e1stico es crucial para lograr resultados \u00f3ptimos.<\/p>\n<\/li>\n<\/ul>\n\t\t\t\t\t\t\t\t<\/div>\n\t\t\t\t<\/div>\n\t\t\t\t\t<\/div>\n\t\t<\/div>\n\t\t\t\t\t<\/div>\n\t\t<\/section>\n\t\t\t\t\t<\/div>\n\t\t<\/div>\n\t\t\t\t\t<\/div>\n\t\t<\/section>\n\t\t\t\t<section class=\"elementor-section elementor-top-section elementor-element elementor-element-2cca0281 elementor-section-boxed elementor-section-height-default elementor-section-height-default\" data-id=\"2cca0281\" data-element_type=\"section\">\n\t\t\t\t\t\t<div class=\"elementor-container elementor-column-gap-default\">\n\t\t\t\t\t<div class=\"elementor-column elementor-col-100 elementor-top-column elementor-element elementor-element-2f063f53\" data-id=\"2f063f53\" data-element_type=\"column\">\n\t\t\t<div class=\"elementor-widget-wrap\">\n\t\t\t\t\t\t\t<\/div>\n\t\t<\/div>\n\t\t\t\t\t<\/div>\n\t\t<\/section>\n\t\t\t\t<\/div>\n\t\t","protected":false},"excerpt":{"rendered":"<p>MARCADO L\u00c1SER SOBRE PL\u00c1STICO Tecnolog\u00edas avanzadas y de \u00faltima generaci\u00f3n para grabado y marcado l\u00e1ser sobre materiales pl\u00e1sticos. Marcado l\u00e1ser sobre pl\u00e1stico El marcado de pl\u00e1stico es el proceso de colocar una marca o etiqueta en una superficie de pl\u00e1stico para identificar el material, proporcionar informaci\u00f3n o transmitir un mensaje. Hay varias formas de marcar [&hellip;]<\/p>\n","protected":false},"author":1,"featured_media":0,"parent":0,"menu_order":0,"comment_status":"closed","ping_status":"closed","template":"elementor_header_footer","meta":{"footnotes":""},"class_list":["post-956","page","type-page","status-publish","hentry"],"_links":{"self":[{"href":"https:\/\/bestlasermarking.com\/es\/wp-json\/wp\/v2\/pages\/956","targetHints":{"allow":["GET"]}}],"collection":[{"href":"https:\/\/bestlasermarking.com\/es\/wp-json\/wp\/v2\/pages"}],"about":[{"href":"https:\/\/bestlasermarking.com\/es\/wp-json\/wp\/v2\/types\/page"}],"author":[{"embeddable":true,"href":"https:\/\/bestlasermarking.com\/es\/wp-json\/wp\/v2\/users\/1"}],"replies":[{"embeddable":true,"href":"https:\/\/bestlasermarking.com\/es\/wp-json\/wp\/v2\/comments?post=956"}],"version-history":[{"count":1,"href":"https:\/\/bestlasermarking.com\/es\/wp-json\/wp\/v2\/pages\/956\/revisions"}],"predecessor-version":[{"id":957,"href":"https:\/\/bestlasermarking.com\/es\/wp-json\/wp\/v2\/pages\/956\/revisions\/957"}],"wp:attachment":[{"href":"https:\/\/bestlasermarking.com\/es\/wp-json\/wp\/v2\/media?parent=956"}],"curies":[{"name":"wp","href":"https:\/\/api.w.org\/{rel}","templated":true}]}}