{"id":1003,"date":"2023-05-26T12:27:05","date_gmt":"2023-05-26T12:27:05","guid":{"rendered":"https:\/\/bestlasermarking.com\/gravure-laser-sur-composants-moules\/"},"modified":"2024-02-01T06:57:55","modified_gmt":"2024-02-01T06:57:55","slug":"gravure-laser-sur-composants-moules","status":"publish","type":"page","link":"https:\/\/bestlasermarking.com\/fr\/gravure-laser-sur-composants-moules\/","title":{"rendered":"Gravure laser sur composants moul\u00e9s"},"content":{"rendered":"\t\t<div data-elementor-type=\"wp-page\" data-elementor-id=\"1003\" class=\"elementor elementor-1003 elementor-511\" data-elementor-post-type=\"page\">\n\t\t\t\t\t\t<section class=\"elementor-section elementor-top-section elementor-element elementor-element-18f18763 elementor-section-height-full elementor-section-boxed elementor-section-height-default elementor-section-items-middle\" data-id=\"18f18763\" data-element_type=\"section\" data-settings=\"{&quot;background_background&quot;:&quot;slideshow&quot;,&quot;background_slideshow_gallery&quot;:[{&quot;id&quot;:345,&quot;url&quot;:&quot;https:\\\/\\\/bestlasermarking.com\\\/wp-content\\\/uploads\\\/2022\\\/12\\\/Incisione-laser-professionale.jpg&quot;}],&quot;background_slideshow_ken_burns&quot;:&quot;yes&quot;,&quot;background_slideshow_loop&quot;:&quot;yes&quot;,&quot;background_slideshow_slide_duration&quot;:5000,&quot;background_slideshow_slide_transition&quot;:&quot;fade&quot;,&quot;background_slideshow_transition_duration&quot;:500,&quot;background_slideshow_ken_burns_zoom_direction&quot;:&quot;in&quot;}\">\n\t\t\t\t\t\t\t<div class=\"elementor-background-overlay\"><\/div>\n\t\t\t\t\t\t\t<div class=\"elementor-container elementor-column-gap-default\">\n\t\t\t\t\t<div class=\"elementor-column elementor-col-66 elementor-top-column elementor-element elementor-element-45e3b566\" data-id=\"45e3b566\" data-element_type=\"column\">\n\t\t\t<div class=\"elementor-widget-wrap elementor-element-populated\">\n\t\t\t\t\t\t<div class=\"elementor-element elementor-element-c498449 elementor-widget elementor-widget-heading\" data-id=\"c498449\" data-element_type=\"widget\" data-widget_type=\"heading.default\">\n\t\t\t\t<div class=\"elementor-widget-container\">\n\t\t\t\t\t<h1 class=\"elementor-heading-title elementor-size-default\">Marquage et gravure laser sur composants moul\u00e9s sous pression <\/strong><\/h1>\t\t\t\t<\/div>\n\t\t\t\t<\/div>\n\t\t\t\t<div class=\"elementor-element elementor-element-2c759736 elementor-widget elementor-widget-text-editor\" data-id=\"2c759736\" data-element_type=\"widget\" data-widget_type=\"text-editor.default\">\n\t\t\t\t<div class=\"elementor-widget-container\">\n\t\t\t\t\t\t\t\t\t<p>Machines et syst\u00e8mes de gravure laser professionnels<\/p>\n\t\t\t\t\t\t\t\t<\/div>\n\t\t\t\t<\/div>\n\t\t\t\t\t<\/div>\n\t\t<\/div>\n\t\t\t\t<div class=\"elementor-column elementor-col-33 elementor-top-column elementor-element elementor-element-320390a6\" data-id=\"320390a6\" data-element_type=\"column\">\n\t\t\t<div class=\"elementor-widget-wrap\">\n\t\t\t\t\t\t\t<\/div>\n\t\t<\/div>\n\t\t\t\t\t<\/div>\n\t\t<\/section>\n\t\t\t\t<section class=\"elementor-section elementor-top-section elementor-element elementor-element-2bfa7acd elementor-reverse-mobile elementor-section-boxed elementor-section-height-default elementor-section-height-default\" data-id=\"2bfa7acd\" data-element_type=\"section\">\n\t\t\t\t\t\t<div class=\"elementor-container elementor-column-gap-no\">\n\t\t\t\t\t<div class=\"elementor-column elementor-col-50 elementor-top-column elementor-element elementor-element-5ed9951e\" data-id=\"5ed9951e\" data-element_type=\"column\">\n\t\t\t<div class=\"elementor-widget-wrap elementor-element-populated\">\n\t\t\t\t\t\t<section class=\"elementor-section elementor-inner-section elementor-element elementor-element-175b3102 elementor-section-boxed elementor-section-height-default elementor-section-height-default\" data-id=\"175b3102\" data-element_type=\"section\">\n\t\t\t\t\t\t<div class=\"elementor-container elementor-column-gap-default\">\n\t\t\t\t\t<div class=\"elementor-column elementor-col-100 elementor-inner-column elementor-element elementor-element-3d07e6d2\" data-id=\"3d07e6d2\" data-element_type=\"column\" data-settings=\"{&quot;background_background&quot;:&quot;classic&quot;}\">\n\t\t\t<div class=\"elementor-widget-wrap elementor-element-populated\">\n\t\t\t\t\t\t<div class=\"elementor-element elementor-element-326dd9cc elementor-widget elementor-widget-image\" data-id=\"326dd9cc\" data-element_type=\"widget\" data-widget_type=\"image.default\">\n\t\t\t\t<div class=\"elementor-widget-container\">\n\t\t\t\t\t\t\t\t\t\t\t\t\t\t\t<img fetchpriority=\"high\" decoding=\"async\" width=\"800\" height=\"534\" src=\"https:\/\/bestlasermarking.com\/wp-content\/uploads\/2022\/12\/Marcatori-Laser-Industriali-1024x683.webp\" class=\"attachment-large size-large wp-image-1366\" alt=\"Marcatori-Laser-Industriali\" srcset=\"https:\/\/bestlasermarking.com\/wp-content\/uploads\/2022\/12\/Marcatori-Laser-Industriali-1024x683.webp 1024w, https:\/\/bestlasermarking.com\/wp-content\/uploads\/2022\/12\/Marcatori-Laser-Industriali-300x200.webp 300w, https:\/\/bestlasermarking.com\/wp-content\/uploads\/2022\/12\/Marcatori-Laser-Industriali-768x512.webp 768w, https:\/\/bestlasermarking.com\/wp-content\/uploads\/2022\/12\/Marcatori-Laser-Industriali-1536x1024.webp 1536w, https:\/\/bestlasermarking.com\/wp-content\/uploads\/2022\/12\/Marcatori-Laser-Industriali-2048x1366.webp 2048w, https:\/\/bestlasermarking.com\/wp-content\/uploads\/2022\/12\/Marcatori-Laser-Industriali-18x12.webp 18w\" sizes=\"(max-width: 800px) 100vw, 800px\" \/>\t\t\t\t\t\t\t\t\t\t\t\t\t\t\t<\/div>\n\t\t\t\t<\/div>\n\t\t\t\t\t<\/div>\n\t\t<\/div>\n\t\t\t\t\t<\/div>\n\t\t<\/section>\n\t\t\t\t<section class=\"elementor-section elementor-inner-section elementor-element elementor-element-29fa7ee6 elementor-section-boxed elementor-section-height-default elementor-section-height-default\" data-id=\"29fa7ee6\" data-element_type=\"section\">\n\t\t\t\t\t\t<div class=\"elementor-container elementor-column-gap-default\">\n\t\t\t\t\t<div class=\"elementor-column elementor-col-50 elementor-inner-column elementor-element elementor-element-1898c14\" data-id=\"1898c14\" data-element_type=\"column\">\n\t\t\t<div class=\"elementor-widget-wrap elementor-element-populated\">\n\t\t\t\t\t\t<div class=\"elementor-element elementor-element-65c186db elementor-widget elementor-widget-image\" data-id=\"65c186db\" data-element_type=\"widget\" data-widget_type=\"image.default\">\n\t\t\t\t<div class=\"elementor-widget-container\">\n\t\t\t\t\t\t\t\t\t\t\t\t\t\t\t<img decoding=\"async\" src=\"https:\/\/bestlasermarking.com\/wp-content\/uploads\/elementor\/thumbs\/Minimark_front_web_tavolo-pz8nvsgx254b3bzxvrwt5k5zhzmnbab34h0euy47ew.webp\" title=\"Minimark_front_web_tavolo\" alt=\"Macchina per marcatura con laser\" loading=\"lazy\" \/>\t\t\t\t\t\t\t\t\t\t\t\t\t\t\t<\/div>\n\t\t\t\t<\/div>\n\t\t\t\t\t<\/div>\n\t\t<\/div>\n\t\t\t\t<div class=\"elementor-column elementor-col-50 elementor-inner-column elementor-element elementor-element-20474d7f\" data-id=\"20474d7f\" data-element_type=\"column\">\n\t\t\t<div class=\"elementor-widget-wrap elementor-element-populated\">\n\t\t\t\t\t\t<div class=\"elementor-element elementor-element-3fd05882 elementor-widget elementor-widget-image\" data-id=\"3fd05882\" data-element_type=\"widget\" data-widget_type=\"image.default\">\n\t\t\t\t<div class=\"elementor-widget-container\">\n\t\t\t\t\t\t\t\t\t\t\t\t\t\t\t<img decoding=\"async\" src=\"https:\/\/bestlasermarking.com\/wp-content\/uploads\/elementor\/thumbs\/RotomarkX_web-pz8nxsuhodvdxb2t5572zjwh8npwrzaf2f8st94w3s.webp\" title=\"marcatore laser\" alt=\"marcatore laser rotante\" loading=\"lazy\" \/>\t\t\t\t\t\t\t\t\t\t\t\t\t\t\t<\/div>\n\t\t\t\t<\/div>\n\t\t\t\t\t<\/div>\n\t\t<\/div>\n\t\t\t\t\t<\/div>\n\t\t<\/section>\n\t\t\t\t\t<\/div>\n\t\t<\/div>\n\t\t\t\t<div class=\"elementor-column elementor-col-50 elementor-top-column elementor-element elementor-element-73578476\" data-id=\"73578476\" data-element_type=\"column\">\n\t\t\t<div class=\"elementor-widget-wrap elementor-element-populated\">\n\t\t\t\t\t\t<section class=\"elementor-section elementor-inner-section elementor-element elementor-element-7c513c7a elementor-reverse-mobile elementor-section-boxed elementor-section-height-default elementor-section-height-default\" data-id=\"7c513c7a\" data-element_type=\"section\">\n\t\t\t\t\t\t<div class=\"elementor-container elementor-column-gap-default\">\n\t\t\t\t\t<div class=\"elementor-column elementor-col-100 elementor-inner-column elementor-element elementor-element-5a645e7c\" data-id=\"5a645e7c\" data-element_type=\"column\">\n\t\t\t<div class=\"elementor-widget-wrap elementor-element-populated\">\n\t\t\t\t\t\t<div class=\"elementor-element elementor-element-4a012816 elementor-widget__width-auto elementor-widget-divider--view-line elementor-widget elementor-widget-divider\" data-id=\"4a012816\" data-element_type=\"widget\" data-widget_type=\"divider.default\">\n\t\t\t\t<div class=\"elementor-widget-container\">\n\t\t\t\t\t\t\t<div class=\"elementor-divider\">\n\t\t\t<span class=\"elementor-divider-separator\">\n\t\t\t\t\t\t<\/span>\n\t\t<\/div>\n\t\t\t\t\t\t<\/div>\n\t\t\t\t<\/div>\n\t\t\t\t<div class=\"elementor-element elementor-element-194716d4 elementor-widget__width-auto elementor-widget elementor-widget-heading\" data-id=\"194716d4\" data-element_type=\"widget\" data-widget_type=\"heading.default\">\n\t\t\t\t<div class=\"elementor-widget-container\">\n\t\t\t\t\t<h2 class=\"elementor-heading-title elementor-size-default\">Gravure laser sur composants bruts<\/h2>\t\t\t\t<\/div>\n\t\t\t\t<\/div>\n\t\t\t\t<div class=\"elementor-element elementor-element-2221107e elementor-widget elementor-widget-spacer\" data-id=\"2221107e\" data-element_type=\"widget\" data-widget_type=\"spacer.default\">\n\t\t\t\t<div class=\"elementor-widget-container\">\n\t\t\t\t\t\t\t<div class=\"elementor-spacer\">\n\t\t\t<div class=\"elementor-spacer-inner\"><\/div>\n\t\t<\/div>\n\t\t\t\t\t\t<\/div>\n\t\t\t\t<\/div>\n\t\t\t\t<div class=\"elementor-element elementor-element-6f25b857 elementor-widget elementor-widget-text-editor\" data-id=\"6f25b857\" data-element_type=\"widget\" data-widget_type=\"text-editor.default\">\n\t\t\t\t<div class=\"elementor-widget-container\">\n\t\t\t\t\t\t\t\t\t<p>Le processus de moulage sous pression est un pilier fondamental de l&rsquo;industrie manufacturi\u00e8re, particuli\u00e8rement appr\u00e9ci\u00e9 pour sa capacit\u00e9 \u00e0 produire des composants avec des d\u00e9tails pr\u00e9cis et des tol\u00e9rances serr\u00e9es. Pour am\u00e9liorer encore la tra\u00e7abilit\u00e9 et l&rsquo;authentification de ces composants, LASIT propose des solutions de marquage laser de pointe, alliant la pr\u00e9cision du moulage sous pression \u00e0 la technologie laser la plus innovante.<\/p>\n<p>Les composants moul\u00e9s sous pression sont g\u00e9n\u00e9ralement constitu\u00e9s d&rsquo;alliages m\u00e9talliques tels que l&rsquo;aluminium, le zinc ou le magn\u00e9sium, qui peuvent \u00eatre marqu\u00e9s efficacement gr\u00e2ce \u00e0 l&rsquo;utilisation de machines laser. Ces syst\u00e8mes LASIT, gr\u00e2ce \u00e0 leur technologie avanc\u00e9e, sont capables de cr\u00e9er des marquages \u200b\u200bclairs, lisibles et durables sur des composants moul\u00e9s sous pression, sans compromettre leur structure ou leur int\u00e9grit\u00e9.<\/p>\n\t\t\t\t\t\t\t\t<\/div>\n\t\t\t\t<\/div>\n\t\t\t\t\t<\/div>\n\t\t<\/div>\n\t\t\t\t\t<\/div>\n\t\t<\/section>\n\t\t\t\t\t<\/div>\n\t\t<\/div>\n\t\t\t\t\t<\/div>\n\t\t<\/section>\n\t\t\t\t<section class=\"elementor-section elementor-top-section elementor-element elementor-element-7d8b6f37 elementor-section-boxed elementor-section-height-default elementor-section-height-default\" data-id=\"7d8b6f37\" data-element_type=\"section\" data-settings=\"{&quot;background_background&quot;:&quot;classic&quot;}\">\n\t\t\t\t\t\t<div class=\"elementor-container elementor-column-gap-default\">\n\t\t\t\t\t<div class=\"elementor-column elementor-col-100 elementor-top-column elementor-element elementor-element-3ac0279\" data-id=\"3ac0279\" data-element_type=\"column\">\n\t\t\t<div class=\"elementor-widget-wrap elementor-element-populated\">\n\t\t\t\t\t\t<section class=\"elementor-section elementor-inner-section elementor-element elementor-element-65a07cdc elementor-section-boxed elementor-section-height-default elementor-section-height-default\" data-id=\"65a07cdc\" data-element_type=\"section\">\n\t\t\t\t\t\t<div class=\"elementor-container elementor-column-gap-default\">\n\t\t\t\t\t<div class=\"elementor-column elementor-col-100 elementor-inner-column elementor-element elementor-element-66500928\" data-id=\"66500928\" data-element_type=\"column\">\n\t\t\t<div class=\"elementor-widget-wrap elementor-element-populated\">\n\t\t\t\t\t\t<div class=\"elementor-element elementor-element-4127b683 elementor-widget__width-auto elementor-widget-divider--view-line elementor-widget elementor-widget-divider\" data-id=\"4127b683\" data-element_type=\"widget\" data-widget_type=\"divider.default\">\n\t\t\t\t<div class=\"elementor-widget-container\">\n\t\t\t\t\t\t\t<div class=\"elementor-divider\">\n\t\t\t<span class=\"elementor-divider-separator\">\n\t\t\t\t\t\t<\/span>\n\t\t<\/div>\n\t\t\t\t\t\t<\/div>\n\t\t\t\t<\/div>\n\t\t\t\t<div class=\"elementor-element elementor-element-75a5d14 elementor-widget__width-auto elementor-widget elementor-widget-heading\" data-id=\"75a5d14\" data-element_type=\"widget\" data-widget_type=\"heading.default\">\n\t\t\t\t<div class=\"elementor-widget-container\">\n\t\t\t\t\t<h2 class=\"elementor-heading-title elementor-size-default\">Solution de marquage pour les fonderies<\/h2>\t\t\t\t<\/div>\n\t\t\t\t<\/div>\n\t\t\t\t<div class=\"elementor-element elementor-element-17d2a179 elementor-widget elementor-widget-spacer\" data-id=\"17d2a179\" data-element_type=\"widget\" data-widget_type=\"spacer.default\">\n\t\t\t\t<div class=\"elementor-widget-container\">\n\t\t\t\t\t\t\t<div class=\"elementor-spacer\">\n\t\t\t<div class=\"elementor-spacer-inner\"><\/div>\n\t\t<\/div>\n\t\t\t\t\t\t<\/div>\n\t\t\t\t<\/div>\n\t\t\t\t<div class=\"elementor-element elementor-element-4e12b584 elementor-widget elementor-widget-text-editor\" data-id=\"4e12b584\" data-element_type=\"widget\" data-widget_type=\"text-editor.default\">\n\t\t\t\t<div class=\"elementor-widget-container\">\n\t\t\t\t\t\t\t\t\t<p>Le <strong>marquage laser sur<\/strong> les composants moul\u00e9s sous pression offre de nombreux avantages. Tout d\u2019abord, il permet un marquage pr\u00e9cis et d\u00e9taill\u00e9, indispensable pour les codes-barres, les codes QR, les num\u00e9ros de s\u00e9rie ou autres informations devant \u00eatre appliqu\u00e9es avec une pr\u00e9cision millim\u00e9trique. Cela permet de garantir la tra\u00e7abilit\u00e9 des composants et le respect des normes de qualit\u00e9.<\/p>\n<p>La rapidit\u00e9 est un autre avantage cl\u00e9 du marquage laser. Contrairement aux autres m\u00e9thodes de marquage, la <a href=\"https:\/\/bestlasermarking.com\/fr\/gravure-laser\/\"><strong>gravure laser<\/strong><\/a> est incroyablement rapide, ce qui permet de gagner un temps pr\u00e9cieux sur la cha\u00eene de production. De plus, le marquage laser est un processus sans contact, ce qui signifie qu&rsquo;il n&rsquo;y a pas d&rsquo;usure physique sur les pi\u00e8ces ou les outils, augmentant ainsi la dur\u00e9e de vie de la machine et r\u00e9duisant les co\u00fbts de maintenance.<\/p>\n<p>Les solutions de marquage laser de <a href=\"https:\/\/bestlasermarking.com\/fr\/qui-nous-sommes-lasit\/\"><strong>LASIT<\/strong><\/a> pour les composants moul\u00e9s sous pression sont hautement personnalisables. Que vous ayez besoin de marquer de petits lots de composants ou de grands volumes, nos machines laser peuvent \u00eatre configur\u00e9es pour r\u00e9pondre \u00e0 vos besoins sp\u00e9cifiques. Le logiciel intuitif permet un contr\u00f4le complet du processus de marquage, garantissant des r\u00e9sultats coh\u00e9rents et de haute qualit\u00e9.<\/p>\n<p>En termes de durabilit\u00e9, le marquage laser est une option \u00e9cologique. Le processus \u00e9tant num\u00e9rique, il n\u2019y a aucun gaspillage d\u2019encre ou de solvant \u00e0 g\u00e9rer. Cela contribue \u00e0 r\u00e9duire l\u2019impact environnemental du processus de fabrication.<\/p>\n<p>Le <strong>marquage laser sur composants moul\u00e9s sous pression<\/strong> est une solution id\u00e9ale pour les entreprises recherchant une m\u00e9thode de marquage rapide, pr\u00e9cise et durable. Fort de ses nombreuses ann\u00e9es d&rsquo;exp\u00e9rience dans le secteur, LASIT est le partenaire id\u00e9al pour int\u00e9grer des solutions de marquage laser dans votre ligne de production, garantissant une tra\u00e7abilit\u00e9 optimale et une qualit\u00e9 \u00e9lev\u00e9e des composants.<\/p>\n<p>Le marquage laser dans les fonderies repr\u00e9sente une \u00e9volution significative dans la tra\u00e7abilit\u00e9 et l&rsquo;identification des composants moul\u00e9s sous pression. Cette technologie est particuli\u00e8rement adapt\u00e9e \u00e0 l\u2019environnement de production des fonderies, o\u00f9 le besoin de marquer des alliages m\u00e9talliques r\u00e9sistants est une priorit\u00e9.<\/p>\n<p>Le marquage laser dans une fonderie vous permet de graver des codes, des num\u00e9ros de s\u00e9rie, des logos d&rsquo;entreprise ou toute autre information d&rsquo;identification directement sur la surface des composants moul\u00e9s sous pression. Cette technique assure non seulement une identification permanente mais contribue \u00e9galement \u00e0 lutter contre la contrefa\u00e7on et facilite le suivi du cycle de vie du produit.<\/p>\n<p>L\u2019une des principales qualit\u00e9s du marquage laser dans ce contexte est son caract\u00e8re non invasif. Contrairement aux autres m\u00e9thodes de marquage, le laser n\u2019enl\u00e8ve pas de mati\u00e8re et n\u2019alt\u00e8re pas de mani\u00e8re significative la surface du composant. Cela signifie que la r\u00e9sistance structurelle et les propri\u00e9t\u00e9s des mat\u00e9riaux restent intactes, un aspect crucial pour les composants qui doivent souvent r\u00e9sister \u00e0 des contraintes m\u00e9caniques ou thermiques \u00e9lev\u00e9es.<\/p>\n<p>De plus, la flexibilit\u00e9 du marquage laser est particuli\u00e8rement avantageuse dans les fonderies. Avec leur adaptabilit\u00e9 \u00e0 divers mat\u00e9riaux et leur capacit\u00e9 \u00e0 programmer facilement de nouvelles conceptions ou informations, les syst\u00e8mes laser LASIT offrent une solution efficace et polyvalente, r\u00e9duisant le temps et les co\u00fbts associ\u00e9s au changement de production.<\/p>\n<p>Enfin, compte tenu de l&rsquo;environnement d&rsquo;une fonderie, o\u00f9 la poussi\u00e8re et les temp\u00e9ratures \u00e9lev\u00e9es peuvent \u00eatre probl\u00e9matiques pour d&rsquo;autres types de machines, les solutions de marquage laser LASIT sont con\u00e7ues pour \u00eatre robustes et fiables, garantissant des performances optimales m\u00eame dans les conditions les plus exigeantes.<\/p>\n\t\t\t\t\t\t\t\t<\/div>\n\t\t\t\t<\/div>\n\t\t\t\t\t<\/div>\n\t\t<\/div>\n\t\t\t\t\t<\/div>\n\t\t<\/section>\n\t\t\t\t\t<\/div>\n\t\t<\/div>\n\t\t\t\t\t<\/div>\n\t\t<\/section>\n\t\t\t\t<section class=\"elementor-section elementor-top-section elementor-element elementor-element-2cca0281 elementor-section-boxed elementor-section-height-default elementor-section-height-default\" data-id=\"2cca0281\" data-element_type=\"section\">\n\t\t\t\t\t\t<div class=\"elementor-container elementor-column-gap-default\">\n\t\t\t\t\t<div class=\"elementor-column elementor-col-100 elementor-top-column elementor-element elementor-element-2f063f53\" data-id=\"2f063f53\" data-element_type=\"column\">\n\t\t\t<div class=\"elementor-widget-wrap\">\n\t\t\t\t\t\t\t<\/div>\n\t\t<\/div>\n\t\t\t\t\t<\/div>\n\t\t<\/section>\n\t\t\t\t<\/div>\n\t\t","protected":false},"excerpt":{"rendered":"<p>Marquage et gravure laser sur composants moul\u00e9s sous pression Machines et syst\u00e8mes de gravure laser professionnels Gravure laser sur composants bruts Le processus de moulage sous pression est un pilier fondamental de l&rsquo;industrie manufacturi\u00e8re, particuli\u00e8rement appr\u00e9ci\u00e9 pour sa capacit\u00e9 \u00e0 produire des composants avec des d\u00e9tails pr\u00e9cis et des tol\u00e9rances serr\u00e9es. Pour am\u00e9liorer encore la [&hellip;]<\/p>\n","protected":false},"author":2,"featured_media":0,"parent":0,"menu_order":0,"comment_status":"closed","ping_status":"closed","template":"elementor_header_footer","meta":{"footnotes":""},"class_list":["post-1003","page","type-page","status-publish","hentry"],"_links":{"self":[{"href":"https:\/\/bestlasermarking.com\/fr\/wp-json\/wp\/v2\/pages\/1003","targetHints":{"allow":["GET"]}}],"collection":[{"href":"https:\/\/bestlasermarking.com\/fr\/wp-json\/wp\/v2\/pages"}],"about":[{"href":"https:\/\/bestlasermarking.com\/fr\/wp-json\/wp\/v2\/types\/page"}],"author":[{"embeddable":true,"href":"https:\/\/bestlasermarking.com\/fr\/wp-json\/wp\/v2\/users\/2"}],"replies":[{"embeddable":true,"href":"https:\/\/bestlasermarking.com\/fr\/wp-json\/wp\/v2\/comments?post=1003"}],"version-history":[{"count":1,"href":"https:\/\/bestlasermarking.com\/fr\/wp-json\/wp\/v2\/pages\/1003\/revisions"}],"predecessor-version":[{"id":1004,"href":"https:\/\/bestlasermarking.com\/fr\/wp-json\/wp\/v2\/pages\/1003\/revisions\/1004"}],"wp:attachment":[{"href":"https:\/\/bestlasermarking.com\/fr\/wp-json\/wp\/v2\/media?parent=1003"}],"curies":[{"name":"wp","href":"https:\/\/api.w.org\/{rel}","templated":true}]}}