{"id":1022,"date":"2023-12-13T09:44:34","date_gmt":"2023-12-13T09:44:34","guid":{"rendered":"https:\/\/bestlasermarking.com\/nettoyage-au-laser\/"},"modified":"2024-02-01T09:26:26","modified_gmt":"2024-02-01T09:26:26","slug":"nettoyage-au-laser","status":"publish","type":"page","link":"https:\/\/bestlasermarking.com\/fr\/nettoyage-au-laser\/","title":{"rendered":"Nettoyage au laser"},"content":{"rendered":"\t\t<div data-elementor-type=\"wp-page\" data-elementor-id=\"1022\" class=\"elementor elementor-1022 elementor-611\" data-elementor-post-type=\"page\">\n\t\t\t\t\t\t<section class=\"elementor-section elementor-top-section elementor-element elementor-element-18f18763 elementor-section-height-full elementor-section-boxed elementor-section-height-default elementor-section-items-middle\" data-id=\"18f18763\" data-element_type=\"section\" data-settings=\"{&quot;background_background&quot;:&quot;slideshow&quot;,&quot;background_slideshow_gallery&quot;:[{&quot;id&quot;:345,&quot;url&quot;:&quot;https:\\\/\\\/bestlasermarking.com\\\/wp-content\\\/uploads\\\/2022\\\/12\\\/Incisione-laser-professionale.jpg&quot;}],&quot;background_slideshow_ken_burns&quot;:&quot;yes&quot;,&quot;background_slideshow_loop&quot;:&quot;yes&quot;,&quot;background_slideshow_slide_duration&quot;:5000,&quot;background_slideshow_slide_transition&quot;:&quot;fade&quot;,&quot;background_slideshow_transition_duration&quot;:500,&quot;background_slideshow_ken_burns_zoom_direction&quot;:&quot;in&quot;}\">\n\t\t\t\t\t\t\t<div class=\"elementor-background-overlay\"><\/div>\n\t\t\t\t\t\t\t<div class=\"elementor-container elementor-column-gap-default\">\n\t\t\t\t\t<div class=\"elementor-column elementor-col-66 elementor-top-column elementor-element elementor-element-45e3b566\" data-id=\"45e3b566\" data-element_type=\"column\">\n\t\t\t<div class=\"elementor-widget-wrap elementor-element-populated\">\n\t\t\t\t\t\t<div class=\"elementor-element elementor-element-c498449 elementor-widget elementor-widget-heading\" data-id=\"c498449\" data-element_type=\"widget\" data-widget_type=\"heading.default\">\n\t\t\t\t<div class=\"elementor-widget-container\">\n\t\t\t\t\t<h1 class=\"elementor-heading-title elementor-size-default\">Machines pour <strong>NETTOYAGE AU LASER<\/strong> INDUSTRIEL<\/h1>\t\t\t\t<\/div>\n\t\t\t\t<\/div>\n\t\t\t\t<div class=\"elementor-element elementor-element-2c759736 elementor-widget elementor-widget-text-editor\" data-id=\"2c759736\" data-element_type=\"widget\" data-widget_type=\"text-editor.default\">\n\t\t\t\t<div class=\"elementor-widget-container\">\n\t\t\t\t\t\t\t\t\t<p>Nettoyage professionnel au laser<\/p>\n\t\t\t\t\t\t\t\t<\/div>\n\t\t\t\t<\/div>\n\t\t\t\t\t<\/div>\n\t\t<\/div>\n\t\t\t\t<div class=\"elementor-column elementor-col-33 elementor-top-column elementor-element elementor-element-320390a6\" data-id=\"320390a6\" data-element_type=\"column\">\n\t\t\t<div class=\"elementor-widget-wrap\">\n\t\t\t\t\t\t\t<\/div>\n\t\t<\/div>\n\t\t\t\t\t<\/div>\n\t\t<\/section>\n\t\t\t\t<section class=\"elementor-section elementor-top-section elementor-element elementor-element-2bfa7acd elementor-reverse-mobile elementor-section-boxed elementor-section-height-default elementor-section-height-default\" data-id=\"2bfa7acd\" data-element_type=\"section\">\n\t\t\t\t\t\t<div class=\"elementor-container elementor-column-gap-no\">\n\t\t\t\t\t<div class=\"elementor-column elementor-col-50 elementor-top-column elementor-element elementor-element-5ed9951e\" data-id=\"5ed9951e\" data-element_type=\"column\">\n\t\t\t<div class=\"elementor-widget-wrap elementor-element-populated\">\n\t\t\t\t\t\t<section class=\"elementor-section elementor-inner-section elementor-element elementor-element-175b3102 elementor-section-boxed elementor-section-height-default elementor-section-height-default\" data-id=\"175b3102\" data-element_type=\"section\">\n\t\t\t\t\t\t<div class=\"elementor-container elementor-column-gap-default\">\n\t\t\t\t\t<div class=\"elementor-column elementor-col-100 elementor-inner-column elementor-element elementor-element-3d07e6d2\" data-id=\"3d07e6d2\" data-element_type=\"column\" data-settings=\"{&quot;background_background&quot;:&quot;classic&quot;}\">\n\t\t\t<div class=\"elementor-widget-wrap elementor-element-populated\">\n\t\t\t\t\t\t<div class=\"elementor-element elementor-element-326dd9cc elementor-widget elementor-widget-image\" data-id=\"326dd9cc\" data-element_type=\"widget\" data-widget_type=\"image.default\">\n\t\t\t\t<div class=\"elementor-widget-container\">\n\t\t\t\t\t\t\t\t\t\t\t\t\t\t\t<img fetchpriority=\"high\" decoding=\"async\" width=\"403\" height=\"323\" src=\"https:\/\/bestlasermarking.com\/wp-content\/uploads\/2022\/12\/incisione-laser.webp\" class=\"attachment-large size-large wp-image-1358\" alt=\"incisione-laser\" srcset=\"https:\/\/bestlasermarking.com\/wp-content\/uploads\/2022\/12\/incisione-laser.webp 403w, https:\/\/bestlasermarking.com\/wp-content\/uploads\/2022\/12\/incisione-laser-300x240.webp 300w, https:\/\/bestlasermarking.com\/wp-content\/uploads\/2022\/12\/incisione-laser-15x12.webp 15w\" sizes=\"(max-width: 403px) 100vw, 403px\" \/>\t\t\t\t\t\t\t\t\t\t\t\t\t\t\t<\/div>\n\t\t\t\t<\/div>\n\t\t\t\t\t<\/div>\n\t\t<\/div>\n\t\t\t\t\t<\/div>\n\t\t<\/section>\n\t\t\t\t<section class=\"elementor-section elementor-inner-section elementor-element elementor-element-29fa7ee6 elementor-section-boxed elementor-section-height-default elementor-section-height-default\" data-id=\"29fa7ee6\" data-element_type=\"section\">\n\t\t\t\t\t\t<div class=\"elementor-container elementor-column-gap-default\">\n\t\t\t\t\t<div class=\"elementor-column elementor-col-50 elementor-inner-column elementor-element elementor-element-1898c14\" data-id=\"1898c14\" data-element_type=\"column\">\n\t\t\t<div class=\"elementor-widget-wrap elementor-element-populated\">\n\t\t\t\t\t\t<div class=\"elementor-element elementor-element-65c186db elementor-widget elementor-widget-image\" data-id=\"65c186db\" data-element_type=\"widget\" data-widget_type=\"image.default\">\n\t\t\t\t<div class=\"elementor-widget-container\">\n\t\t\t\t\t\t\t\t\t\t\t\t\t\t\t<img decoding=\"async\" src=\"https:\/\/bestlasermarking.com\/wp-content\/uploads\/elementor\/thumbs\/Minimark_front_web_tavolo-pz8nvsgx254b3bzxvrwt5k5zhzmnbab34h0euy47ew.webp\" title=\"Minimark_front_web_tavolo\" alt=\"Macchina per marcatura con laser\" loading=\"lazy\" \/>\t\t\t\t\t\t\t\t\t\t\t\t\t\t\t<\/div>\n\t\t\t\t<\/div>\n\t\t\t\t\t<\/div>\n\t\t<\/div>\n\t\t\t\t<div class=\"elementor-column elementor-col-50 elementor-inner-column elementor-element elementor-element-20474d7f\" data-id=\"20474d7f\" data-element_type=\"column\">\n\t\t\t<div class=\"elementor-widget-wrap elementor-element-populated\">\n\t\t\t\t\t\t<div class=\"elementor-element elementor-element-3fd05882 elementor-widget elementor-widget-image\" data-id=\"3fd05882\" data-element_type=\"widget\" data-widget_type=\"image.default\">\n\t\t\t\t<div class=\"elementor-widget-container\">\n\t\t\t\t\t\t\t\t\t\t\t\t\t\t\t<img decoding=\"async\" src=\"https:\/\/bestlasermarking.com\/wp-content\/uploads\/elementor\/thumbs\/RotomarkX_web-pz8nxsuhodvdxb2t5572zjwh8npwrzaf2f8st94w3s.webp\" title=\"marcatore laser\" alt=\"marcatore laser rotante\" loading=\"lazy\" \/>\t\t\t\t\t\t\t\t\t\t\t\t\t\t\t<\/div>\n\t\t\t\t<\/div>\n\t\t\t\t\t<\/div>\n\t\t<\/div>\n\t\t\t\t\t<\/div>\n\t\t<\/section>\n\t\t\t\t\t<\/div>\n\t\t<\/div>\n\t\t\t\t<div class=\"elementor-column elementor-col-50 elementor-top-column elementor-element elementor-element-73578476\" data-id=\"73578476\" data-element_type=\"column\">\n\t\t\t<div class=\"elementor-widget-wrap elementor-element-populated\">\n\t\t\t\t\t\t<section class=\"elementor-section elementor-inner-section elementor-element elementor-element-7c513c7a elementor-reverse-mobile elementor-section-boxed elementor-section-height-default elementor-section-height-default\" data-id=\"7c513c7a\" data-element_type=\"section\">\n\t\t\t\t\t\t<div class=\"elementor-container elementor-column-gap-default\">\n\t\t\t\t\t<div class=\"elementor-column elementor-col-100 elementor-inner-column elementor-element elementor-element-5a645e7c\" data-id=\"5a645e7c\" data-element_type=\"column\">\n\t\t\t<div class=\"elementor-widget-wrap elementor-element-populated\">\n\t\t\t\t\t\t<div class=\"elementor-element elementor-element-4a012816 elementor-widget__width-auto elementor-widget-divider--view-line elementor-widget elementor-widget-divider\" data-id=\"4a012816\" data-element_type=\"widget\" data-widget_type=\"divider.default\">\n\t\t\t\t<div class=\"elementor-widget-container\">\n\t\t\t\t\t\t\t<div class=\"elementor-divider\">\n\t\t\t<span class=\"elementor-divider-separator\">\n\t\t\t\t\t\t<\/span>\n\t\t<\/div>\n\t\t\t\t\t\t<\/div>\n\t\t\t\t<\/div>\n\t\t\t\t<div class=\"elementor-element elementor-element-194716d4 elementor-widget__width-auto elementor-widget elementor-widget-heading\" data-id=\"194716d4\" data-element_type=\"widget\" data-widget_type=\"heading.default\">\n\t\t\t\t<div class=\"elementor-widget-container\">\n\t\t\t\t\t<h2 class=\"elementor-heading-title elementor-size-default\">Qu\u2019est-ce que le nettoyage laser ?<\/h2>\t\t\t\t<\/div>\n\t\t\t\t<\/div>\n\t\t\t\t<div class=\"elementor-element elementor-element-2221107e elementor-widget elementor-widget-spacer\" data-id=\"2221107e\" data-element_type=\"widget\" data-widget_type=\"spacer.default\">\n\t\t\t\t<div class=\"elementor-widget-container\">\n\t\t\t\t\t\t\t<div class=\"elementor-spacer\">\n\t\t\t<div class=\"elementor-spacer-inner\"><\/div>\n\t\t<\/div>\n\t\t\t\t\t\t<\/div>\n\t\t\t\t<\/div>\n\t\t\t\t<div class=\"elementor-element elementor-element-6f25b857 elementor-widget elementor-widget-text-editor\" data-id=\"6f25b857\" data-element_type=\"widget\" data-widget_type=\"text-editor.default\">\n\t\t\t\t<div class=\"elementor-widget-container\">\n\t\t\t\t\t\t\t\t\t<p>Le <strong>nettoyage au laser<\/strong> repr\u00e9sente une solution innovante et avanc\u00e9e pour \u00e9liminer les r\u00e9sidus et les contaminants de diverses surfaces. Utilisant l\u2019\u00e9nergie d\u2019un faisceau laser concentr\u00e9, cette m\u00e9thode permet de nettoyer de mani\u00e8re s\u00e9lective et pr\u00e9cise, sans contact physique avec le mat\u00e9riau \u00e0 traiter.<\/p>\n<p>Cette technique est bas\u00e9e sur l&rsquo;\u00e9mission d&rsquo;un faisceau laser qui, au contact de la surface, g\u00e9n\u00e8re une action de vaporisation ou de sublimation des r\u00e9sidus ou impuret\u00e9s pr\u00e9sents. Le processus se d\u00e9roule de mani\u00e8re rapide et contr\u00f4l\u00e9e, garantissant ainsi une efficacit\u00e9 \u00e9lev\u00e9e et une alt\u00e9ration minimale du mat\u00e9riau de base.<\/p>\n<p>Adapt\u00e9 \u00e0 diff\u00e9rents mat\u00e9riaux, le nettoyage laser est particuli\u00e8rement efficace sur les m\u00e9taux, les plastiques, les tissus et m\u00eame les mat\u00e9riaux sensibles comme le bois ou le verre. Cela en fait un choix id\u00e9al dans divers domaines industriels, de l&rsquo;entretien des machines \u00e0 la pr\u00e9paration des surfaces pour les processus de soudage ou de peinture, jusqu&rsquo;au nettoyage des biens culturels et historiques.<\/p>\n<p>De plus, le processus de nettoyage au laser est \u00e9co-durable, car il ne n\u00e9cessite pas l&rsquo;utilisation de produits chimiques ou de solvants, r\u00e9duisant ainsi l&rsquo;impact environnemental et les risques pour la sant\u00e9 des op\u00e9rateurs. Sa pr\u00e9cision et sa capacit\u00e9 \u00e0 atteindre les zones difficiles \u00e0 nettoyer manuellement en font une solution technologique de pointe dans le secteur du nettoyage et de la restauration industrielle.<\/p>\n<p>Gr\u00e2ce \u00e0 son faisceau laser de haute pr\u00e9cision, il permet d&rsquo;assembler des mat\u00e9riaux de mani\u00e8re efficace et de haute qualit\u00e9.<\/p>\n<p>Cette m\u00e9thodologie pr\u00e9sente des <strong>avantages<\/strong> significatifs par rapport aux autres techniques de soudage traditionnelles. Avec une large gamme d\u2019applications industrielles, le soudage laser offre une grande flexibilit\u00e9 et polyvalence.<\/p>\n<p>D\u00e9couvrons ses principes de fonctionnement, ses mat\u00e9riaux et applications, ses proc\u00e9dures et techniques, ses syst\u00e8mes et \u00e9quipements, sa s\u00e9curit\u00e9 et ses pr\u00e9cautions, ainsi que les d\u00e9veloppements futurs qui le caract\u00e9risent.<\/p>\n\t\t\t\t\t\t\t\t<\/div>\n\t\t\t\t<\/div>\n\t\t\t\t\t<\/div>\n\t\t<\/div>\n\t\t\t\t\t<\/div>\n\t\t<\/section>\n\t\t\t\t\t<\/div>\n\t\t<\/div>\n\t\t\t\t\t<\/div>\n\t\t<\/section>\n\t\t\t\t<section class=\"elementor-section elementor-top-section elementor-element elementor-element-7d8b6f37 elementor-section-boxed elementor-section-height-default elementor-section-height-default\" data-id=\"7d8b6f37\" data-element_type=\"section\" data-settings=\"{&quot;background_background&quot;:&quot;classic&quot;}\">\n\t\t\t\t\t\t<div class=\"elementor-container elementor-column-gap-default\">\n\t\t\t\t\t<div class=\"elementor-column elementor-col-100 elementor-top-column elementor-element elementor-element-3ac0279\" data-id=\"3ac0279\" data-element_type=\"column\">\n\t\t\t<div class=\"elementor-widget-wrap elementor-element-populated\">\n\t\t\t\t\t\t<section class=\"elementor-section elementor-inner-section elementor-element elementor-element-65a07cdc elementor-section-boxed elementor-section-height-default elementor-section-height-default\" data-id=\"65a07cdc\" data-element_type=\"section\">\n\t\t\t\t\t\t<div class=\"elementor-container elementor-column-gap-default\">\n\t\t\t\t\t<div class=\"elementor-column elementor-col-100 elementor-inner-column elementor-element elementor-element-66500928\" data-id=\"66500928\" data-element_type=\"column\">\n\t\t\t<div class=\"elementor-widget-wrap elementor-element-populated\">\n\t\t\t\t\t\t<div class=\"elementor-element elementor-element-4127b683 elementor-widget__width-auto elementor-widget-divider--view-line elementor-widget elementor-widget-divider\" data-id=\"4127b683\" data-element_type=\"widget\" data-widget_type=\"divider.default\">\n\t\t\t\t<div class=\"elementor-widget-container\">\n\t\t\t\t\t\t\t<div class=\"elementor-divider\">\n\t\t\t<span class=\"elementor-divider-separator\">\n\t\t\t\t\t\t<\/span>\n\t\t<\/div>\n\t\t\t\t\t\t<\/div>\n\t\t\t\t<\/div>\n\t\t\t\t<div class=\"elementor-element elementor-element-17d2a179 elementor-widget elementor-widget-spacer\" data-id=\"17d2a179\" data-element_type=\"widget\" data-widget_type=\"spacer.default\">\n\t\t\t\t<div class=\"elementor-widget-container\">\n\t\t\t\t\t\t\t<div class=\"elementor-spacer\">\n\t\t\t<div class=\"elementor-spacer-inner\"><\/div>\n\t\t<\/div>\n\t\t\t\t\t\t<\/div>\n\t\t\t\t<\/div>\n\t\t\t\t<div class=\"elementor-element elementor-element-4e12b584 elementor-widget elementor-widget-text-editor\" data-id=\"4e12b584\" data-element_type=\"widget\" data-widget_type=\"text-editor.default\">\n\t\t\t\t<div class=\"elementor-widget-container\">\n\t\t\t\t\t\t\t\t\t<h4>Avantages du nettoyage laser et des machines professionnelles<\/h4>\n<p>Les machines de nettoyage laser sont des appareils avanc\u00e9s con\u00e7us pour \u00e9liminer efficacement les contaminants et les r\u00e9sidus d\u2019une vari\u00e9t\u00e9 de surfaces. Ces syst\u00e8mes utilisent la technologie laser pour g\u00e9n\u00e9rer un faisceau de lumi\u00e8re concentr\u00e9 qui, lorsqu&rsquo;il est dirig\u00e9 sur la surface \u00e0 nettoyer, agit en \u00e9liminant la salet\u00e9, l&rsquo;oxydation, la peinture ou d&rsquo;autres types de d\u00e9p\u00f4ts sans endommager le mat\u00e9riau sous-jacent.<\/p>\n<h4>Fonctionnement des machines de nettoyage laser<\/h4>\n<p>Ces appareils fonctionnent selon un processus par lequel le laser frappe la surface, cr\u00e9ant un effet thermique qui \u00e9limine la salet\u00e9 ou le rev\u00eatement ind\u00e9sirable. Cette technique se distingue par sa pr\u00e9cision, permettant de nettoyer des surfaces complexes ou d\u00e9licates sans risque d&rsquo;abrasion ou de dommage. La vitesse et la puissance du laser peuvent \u00eatre ajust\u00e9es en fonction du type de mat\u00e9riau et du degr\u00e9 de salet\u00e9 ou d&rsquo;oxydation \u00e0 \u00e9liminer.<\/p>\n<h4>Avantages des machines de nettoyage laser<\/h4>\n<ol>\n<li><strong>Pr\u00e9cision et s\u00e9lectivit\u00e9<\/strong> : Le nettoyage laser permet de traiter des zones sp\u00e9cifiques sans affecter les zones environnantes.<\/li>\n<li><strong>Efficacit\u00e9<\/strong> : Cette m\u00e9thode est remarquablement rapide et permet de nettoyer les surfaces beaucoup plus efficacement que les m\u00e9thodes traditionnelles.<\/li>\n<li><strong>Respectueux de l&rsquo;environnement<\/strong> : \u00e9tant un processus sans produits chimiques, il est respectueux de l&rsquo;environnement et r\u00e9duit les d\u00e9chets et l&rsquo;exposition aux substances nocives.<\/li>\n<li><strong>Polyvalence<\/strong> : convient \u00e0 une large gamme de mat\u00e9riaux, notamment les m\u00e9taux, les plastiques et les composites.<\/li>\n<li><strong>Usure minimale<\/strong> : le nettoyage au laser n\u2019implique aucun contact physique, ce qui signifie moins d\u2019usure et d\u2019entretien des surfaces.<\/li>\n<\/ol>\n<h4>Applications industrielles et restauration<\/h4>\n<p>Les machines de nettoyage laser sont utilis\u00e9es dans diverses applications industrielles, depuis l&rsquo;\u00e9limination de la rouille et de la peinture jusqu&rsquo;\u00e0 la pr\u00e9paration des surfaces pour les processus de peinture ou de soudage. Ils sont \u00e9galement utilis\u00e9s dans la restauration d&rsquo;\u0153uvres d&rsquo;art et de monuments historiques, o\u00f9 la d\u00e9licatesse et la pr\u00e9cision sont fondamentales.<\/p>\n<p>En r\u00e9sum\u00e9, les machines de nettoyage laser repr\u00e9sentent une innovation significative dans le domaine de la maintenance et de la restauration industrielles, offrant une approche efficace, pr\u00e9cise et respectueuse de l&rsquo;environnement pour nettoyer diverses surfaces.<\/p><\/p>\n\t\t\t\t\t\t\t\t<\/div>\n\t\t\t\t<\/div>\n\t\t\t\t\t<\/div>\n\t\t<\/div>\n\t\t\t\t\t<\/div>\n\t\t<\/section>\n\t\t\t\t\t<\/div>\n\t\t<\/div>\n\t\t\t\t\t<\/div>\n\t\t<\/section>\n\t\t\t\t<section class=\"elementor-section elementor-top-section elementor-element elementor-element-2cca0281 elementor-section-boxed elementor-section-height-default elementor-section-height-default\" data-id=\"2cca0281\" data-element_type=\"section\">\n\t\t\t\t\t\t<div class=\"elementor-container elementor-column-gap-default\">\n\t\t\t\t\t<div class=\"elementor-column elementor-col-100 elementor-top-column elementor-element elementor-element-2f063f53\" data-id=\"2f063f53\" data-element_type=\"column\">\n\t\t\t<div class=\"elementor-widget-wrap\">\n\t\t\t\t\t\t\t<\/div>\n\t\t<\/div>\n\t\t\t\t\t<\/div>\n\t\t<\/section>\n\t\t\t\t<\/div>\n\t\t","protected":false},"excerpt":{"rendered":"<p>Machines pour NETTOYAGE AU LASER INDUSTRIEL Nettoyage professionnel au laser Qu\u2019est-ce que le nettoyage laser ? Le nettoyage au laser repr\u00e9sente une solution innovante et avanc\u00e9e pour \u00e9liminer les r\u00e9sidus et les contaminants de diverses surfaces. Utilisant l\u2019\u00e9nergie d\u2019un faisceau laser concentr\u00e9, cette m\u00e9thode permet de nettoyer de mani\u00e8re s\u00e9lective et pr\u00e9cise, sans contact physique [&hellip;]<\/p>\n","protected":false},"author":2,"featured_media":0,"parent":0,"menu_order":0,"comment_status":"closed","ping_status":"closed","template":"elementor_header_footer","meta":{"footnotes":""},"class_list":["post-1022","page","type-page","status-publish","hentry"],"_links":{"self":[{"href":"https:\/\/bestlasermarking.com\/fr\/wp-json\/wp\/v2\/pages\/1022","targetHints":{"allow":["GET"]}}],"collection":[{"href":"https:\/\/bestlasermarking.com\/fr\/wp-json\/wp\/v2\/pages"}],"about":[{"href":"https:\/\/bestlasermarking.com\/fr\/wp-json\/wp\/v2\/types\/page"}],"author":[{"embeddable":true,"href":"https:\/\/bestlasermarking.com\/fr\/wp-json\/wp\/v2\/users\/2"}],"replies":[{"embeddable":true,"href":"https:\/\/bestlasermarking.com\/fr\/wp-json\/wp\/v2\/comments?post=1022"}],"version-history":[{"count":1,"href":"https:\/\/bestlasermarking.com\/fr\/wp-json\/wp\/v2\/pages\/1022\/revisions"}],"predecessor-version":[{"id":1023,"href":"https:\/\/bestlasermarking.com\/fr\/wp-json\/wp\/v2\/pages\/1022\/revisions\/1023"}],"wp:attachment":[{"href":"https:\/\/bestlasermarking.com\/fr\/wp-json\/wp\/v2\/media?parent=1022"}],"curies":[{"name":"wp","href":"https:\/\/api.w.org\/{rel}","templated":true}]}}