{"id":908,"date":"2023-12-12T14:44:16","date_gmt":"2023-12-12T14:44:16","guid":{"rendered":"https:\/\/bestlasermarking.com\/qui-nous-sommes-lasit\/"},"modified":"2024-01-30T14:30:47","modified_gmt":"2024-01-30T14:30:47","slug":"qui-nous-sommes-lasit","status":"publish","type":"page","link":"https:\/\/bestlasermarking.com\/fr\/qui-nous-sommes-lasit\/","title":{"rendered":"Qui nous sommes LASIT"},"content":{"rendered":"\t\t<div data-elementor-type=\"wp-page\" data-elementor-id=\"908\" class=\"elementor elementor-908 elementor-535\" data-elementor-post-type=\"page\">\n\t\t\t\t\t\t<section class=\"elementor-section elementor-top-section elementor-element elementor-element-18f18763 elementor-section-height-full elementor-section-boxed elementor-section-height-default elementor-section-items-middle\" data-id=\"18f18763\" data-element_type=\"section\" data-settings=\"{&quot;background_background&quot;:&quot;slideshow&quot;,&quot;background_slideshow_gallery&quot;:[{&quot;id&quot;:542,&quot;url&quot;:&quot;https:\\\/\\\/bestlasermarking.com\\\/wp-content\\\/uploads\\\/2023\\\/12\\\/chi-siamo-progettazione.webp&quot;}],&quot;background_slideshow_ken_burns&quot;:&quot;yes&quot;,&quot;background_slideshow_loop&quot;:&quot;yes&quot;,&quot;background_slideshow_slide_duration&quot;:5000,&quot;background_slideshow_slide_transition&quot;:&quot;fade&quot;,&quot;background_slideshow_transition_duration&quot;:500,&quot;background_slideshow_ken_burns_zoom_direction&quot;:&quot;in&quot;}\">\n\t\t\t\t\t\t\t<div class=\"elementor-background-overlay\"><\/div>\n\t\t\t\t\t\t\t<div class=\"elementor-container elementor-column-gap-default\">\n\t\t\t\t\t<div class=\"elementor-column elementor-col-66 elementor-top-column elementor-element elementor-element-45e3b566\" data-id=\"45e3b566\" data-element_type=\"column\">\n\t\t\t<div class=\"elementor-widget-wrap elementor-element-populated\">\n\t\t\t\t\t\t<div class=\"elementor-element elementor-element-c498449 elementor-widget elementor-widget-heading\" data-id=\"c498449\" data-element_type=\"widget\" data-widget_type=\"heading.default\">\n\t\t\t\t<div class=\"elementor-widget-container\">\n\t\t\t\t\t<h1 class=\"elementor-heading-title elementor-size-default\">Qui sommes nous? Lasit<\/h1>\t\t\t\t<\/div>\n\t\t\t\t<\/div>\n\t\t\t\t<div class=\"elementor-element elementor-element-2c759736 elementor-widget elementor-widget-text-editor\" data-id=\"2c759736\" data-element_type=\"widget\" data-widget_type=\"text-editor.default\">\n\t\t\t\t<div class=\"elementor-widget-container\">\n\t\t\t\t\t\t\t\t\t<p>D\u00e9couvrez notre groupe !<\/p>\n\t\t\t\t\t\t\t\t<\/div>\n\t\t\t\t<\/div>\n\t\t\t\t\t<\/div>\n\t\t<\/div>\n\t\t\t\t<div class=\"elementor-column elementor-col-33 elementor-top-column elementor-element elementor-element-320390a6\" data-id=\"320390a6\" data-element_type=\"column\">\n\t\t\t<div class=\"elementor-widget-wrap\">\n\t\t\t\t\t\t\t<\/div>\n\t\t<\/div>\n\t\t\t\t\t<\/div>\n\t\t<\/section>\n\t\t\t\t<section class=\"elementor-section elementor-top-section elementor-element elementor-element-2bfa7acd elementor-reverse-mobile elementor-section-boxed elementor-section-height-default elementor-section-height-default\" data-id=\"2bfa7acd\" data-element_type=\"section\">\n\t\t\t\t\t\t<div class=\"elementor-container elementor-column-gap-no\">\n\t\t\t\t\t<div class=\"elementor-column elementor-col-50 elementor-top-column elementor-element elementor-element-5ed9951e\" data-id=\"5ed9951e\" data-element_type=\"column\">\n\t\t\t<div class=\"elementor-widget-wrap elementor-element-populated\">\n\t\t\t\t\t\t<section class=\"elementor-section elementor-inner-section elementor-element elementor-element-175b3102 elementor-section-boxed elementor-section-height-default elementor-section-height-default\" data-id=\"175b3102\" data-element_type=\"section\">\n\t\t\t\t\t\t<div class=\"elementor-container elementor-column-gap-default\">\n\t\t\t\t\t<div class=\"elementor-column elementor-col-100 elementor-inner-column elementor-element elementor-element-3d07e6d2\" data-id=\"3d07e6d2\" data-element_type=\"column\" data-settings=\"{&quot;background_background&quot;:&quot;classic&quot;}\">\n\t\t\t<div class=\"elementor-widget-wrap elementor-element-populated\">\n\t\t\t\t\t\t<div class=\"elementor-element elementor-element-326dd9cc elementor-widget elementor-widget-image\" data-id=\"326dd9cc\" data-element_type=\"widget\" data-widget_type=\"image.default\">\n\t\t\t\t<div class=\"elementor-widget-container\">\n\t\t\t\t\t\t\t\t\t\t\t\t\t\t\t<img fetchpriority=\"high\" decoding=\"async\" width=\"800\" height=\"450\" src=\"https:\/\/bestlasermarking.com\/wp-content\/uploads\/2023\/12\/team-lasit.jpg\" class=\"attachment-large size-large wp-image-1222\" alt=\"\" srcset=\"https:\/\/bestlasermarking.com\/wp-content\/uploads\/2023\/12\/team-lasit.jpg 1024w, https:\/\/bestlasermarking.com\/wp-content\/uploads\/2023\/12\/team-lasit-300x169.jpg 300w, https:\/\/bestlasermarking.com\/wp-content\/uploads\/2023\/12\/team-lasit-768x432.jpg 768w\" sizes=\"(max-width: 800px) 100vw, 800px\" \/>\t\t\t\t\t\t\t\t\t\t\t\t\t\t\t<\/div>\n\t\t\t\t<\/div>\n\t\t\t\t<div class=\"elementor-element elementor-element-baf27d3 elementor-widget elementor-widget-image\" data-id=\"baf27d3\" data-element_type=\"widget\" data-widget_type=\"image.default\">\n\t\t\t\t<div class=\"elementor-widget-container\">\n\t\t\t\t\t\t\t\t\t\t\t\t\t\t\t<img decoding=\"async\" width=\"500\" height=\"230\" src=\"https:\/\/bestlasermarking.com\/wp-content\/uploads\/2023\/12\/chi-siamo-software.webp\" class=\"attachment-large size-large wp-image-1220\" alt=\"\" srcset=\"https:\/\/bestlasermarking.com\/wp-content\/uploads\/2023\/12\/chi-siamo-software.webp 500w, https:\/\/bestlasermarking.com\/wp-content\/uploads\/2023\/12\/chi-siamo-software-300x138.webp 300w\" sizes=\"(max-width: 500px) 100vw, 500px\" \/>\t\t\t\t\t\t\t\t\t\t\t\t\t\t\t<\/div>\n\t\t\t\t<\/div>\n\t\t\t\t\t<\/div>\n\t\t<\/div>\n\t\t\t\t\t<\/div>\n\t\t<\/section>\n\t\t\t\t\t<\/div>\n\t\t<\/div>\n\t\t\t\t<div class=\"elementor-column elementor-col-50 elementor-top-column elementor-element elementor-element-73578476\" data-id=\"73578476\" data-element_type=\"column\">\n\t\t\t<div class=\"elementor-widget-wrap elementor-element-populated\">\n\t\t\t\t\t\t<section class=\"elementor-section elementor-inner-section elementor-element elementor-element-7c513c7a elementor-reverse-mobile elementor-section-boxed elementor-section-height-default elementor-section-height-default\" data-id=\"7c513c7a\" data-element_type=\"section\">\n\t\t\t\t\t\t<div class=\"elementor-container elementor-column-gap-default\">\n\t\t\t\t\t<div class=\"elementor-column elementor-col-100 elementor-inner-column elementor-element elementor-element-5a645e7c\" data-id=\"5a645e7c\" data-element_type=\"column\">\n\t\t\t<div class=\"elementor-widget-wrap elementor-element-populated\">\n\t\t\t\t\t\t<div class=\"elementor-element elementor-element-4a012816 elementor-widget__width-auto elementor-widget-divider--view-line elementor-widget elementor-widget-divider\" data-id=\"4a012816\" data-element_type=\"widget\" data-widget_type=\"divider.default\">\n\t\t\t\t<div class=\"elementor-widget-container\">\n\t\t\t\t\t\t\t<div class=\"elementor-divider\">\n\t\t\t<span class=\"elementor-divider-separator\">\n\t\t\t\t\t\t<\/span>\n\t\t<\/div>\n\t\t\t\t\t\t<\/div>\n\t\t\t\t<\/div>\n\t\t\t\t<div class=\"elementor-element elementor-element-194716d4 elementor-widget__width-auto elementor-widget elementor-widget-heading\" data-id=\"194716d4\" data-element_type=\"widget\" data-widget_type=\"heading.default\">\n\t\t\t\t<div class=\"elementor-widget-container\">\n\t\t\t\t\t<h2 class=\"elementor-heading-title elementor-size-default\">Un groupe international !<\/h2>\t\t\t\t<\/div>\n\t\t\t\t<\/div>\n\t\t\t\t<div class=\"elementor-element elementor-element-2221107e elementor-widget elementor-widget-spacer\" data-id=\"2221107e\" data-element_type=\"widget\" data-widget_type=\"spacer.default\">\n\t\t\t\t<div class=\"elementor-widget-container\">\n\t\t\t\t\t\t\t<div class=\"elementor-spacer\">\n\t\t\t<div class=\"elementor-spacer-inner\"><\/div>\n\t\t<\/div>\n\t\t\t\t\t\t<\/div>\n\t\t\t\t<\/div>\n\t\t\t\t<div class=\"elementor-element elementor-element-6f25b857 elementor-widget elementor-widget-text-editor\" data-id=\"6f25b857\" data-element_type=\"widget\" data-widget_type=\"text-editor.default\">\n\t\t\t\t<div class=\"elementor-widget-container\">\n\t\t\t\t\t\t\t\t\t<p>Le <strong>Groupe LASIT,<\/strong> leader dans le secteur des technologies de marquage laser, se distingue par sa pr\u00e9sence internationale marqu\u00e9e. Avec des op\u00e9rations en Italie, en Pologne, en Espagne, au Mexique et en Allemagne, ainsi que des projets d&rsquo;expansion en Asie et aux \u00c9tats-Unis, la soci\u00e9t\u00e9 s&rsquo;engage \u00e0 fournir d&rsquo;excellents services aux quatre coins du monde.<\/p>\n<p>Ses installations en Italie comprennent le centre de production de Torre Annunziata, le centre d&rsquo;assistance de Burago di Molgora et le bureau commercial de Bologne. En Pologne, le si\u00e8ge social de Tychy repr\u00e9sente une plateforme d&rsquo;expansion sur le march\u00e9 de l&rsquo;Europe de l&rsquo;Est. En Espagne, le bureau de Saragosse est strat\u00e9gique pour desservir le march\u00e9 occidental, tandis qu&rsquo;\u00e0 Mexico, LASIT propose un support commercial et d&rsquo;assistance, notamment dans le secteur automobile. Enfin, le si\u00e8ge allemand de Tuttlingen, situ\u00e9 dans l&rsquo;une des zones les plus industrialis\u00e9es, t\u00e9moigne de l&rsquo;engagement de LASIT en faveur de l&rsquo;innovation et de l&rsquo;expansion sur les march\u00e9s technologiques avanc\u00e9s.<\/p>\n\t\t\t\t\t\t\t\t<\/div>\n\t\t\t\t<\/div>\n\t\t\t\t\t<\/div>\n\t\t<\/div>\n\t\t\t\t\t<\/div>\n\t\t<\/section>\n\t\t\t\t\t<\/div>\n\t\t<\/div>\n\t\t\t\t\t<\/div>\n\t\t<\/section>\n\t\t\t\t<section class=\"elementor-section elementor-top-section elementor-element elementor-element-2cca0281 elementor-section-boxed elementor-section-height-default elementor-section-height-default\" data-id=\"2cca0281\" data-element_type=\"section\">\n\t\t\t\t\t\t<div class=\"elementor-container elementor-column-gap-default\">\n\t\t\t\t\t<div class=\"elementor-column elementor-col-100 elementor-top-column elementor-element elementor-element-2f063f53\" data-id=\"2f063f53\" data-element_type=\"column\">\n\t\t\t<div class=\"elementor-widget-wrap\">\n\t\t\t\t\t\t\t<\/div>\n\t\t<\/div>\n\t\t\t\t\t<\/div>\n\t\t<\/section>\n\t\t\t\t<\/div>\n\t\t","protected":false},"excerpt":{"rendered":"<p>Qui sommes nous? Lasit D\u00e9couvrez notre groupe ! Un groupe international ! Le Groupe LASIT, leader dans le secteur des technologies de marquage laser, se distingue par sa pr\u00e9sence internationale marqu\u00e9e. Avec des op\u00e9rations en Italie, en Pologne, en Espagne, au Mexique et en Allemagne, ainsi que des projets d&rsquo;expansion en Asie et aux \u00c9tats-Unis, [&hellip;]<\/p>\n","protected":false},"author":2,"featured_media":0,"parent":0,"menu_order":0,"comment_status":"closed","ping_status":"closed","template":"elementor_header_footer","meta":{"footnotes":""},"class_list":["post-908","page","type-page","status-publish","hentry"],"_links":{"self":[{"href":"https:\/\/bestlasermarking.com\/fr\/wp-json\/wp\/v2\/pages\/908","targetHints":{"allow":["GET"]}}],"collection":[{"href":"https:\/\/bestlasermarking.com\/fr\/wp-json\/wp\/v2\/pages"}],"about":[{"href":"https:\/\/bestlasermarking.com\/fr\/wp-json\/wp\/v2\/types\/page"}],"author":[{"embeddable":true,"href":"https:\/\/bestlasermarking.com\/fr\/wp-json\/wp\/v2\/users\/2"}],"replies":[{"embeddable":true,"href":"https:\/\/bestlasermarking.com\/fr\/wp-json\/wp\/v2\/comments?post=908"}],"version-history":[{"count":1,"href":"https:\/\/bestlasermarking.com\/fr\/wp-json\/wp\/v2\/pages\/908\/revisions"}],"predecessor-version":[{"id":909,"href":"https:\/\/bestlasermarking.com\/fr\/wp-json\/wp\/v2\/pages\/908\/revisions\/909"}],"wp:attachment":[{"href":"https:\/\/bestlasermarking.com\/fr\/wp-json\/wp\/v2\/media?parent=908"}],"curies":[{"name":"wp","href":"https:\/\/api.w.org\/{rel}","templated":true}]}}