{"id":930,"date":"2023-12-16T13:52:44","date_gmt":"2023-12-16T13:52:44","guid":{"rendered":"https:\/\/bestlasermarking.com\/marquage-laser-des-metaux\/"},"modified":"2024-01-31T09:17:17","modified_gmt":"2024-01-31T09:17:17","slug":"marquage-laser-des-metaux","status":"publish","type":"page","link":"https:\/\/bestlasermarking.com\/fr\/marquage-laser-des-metaux\/","title":{"rendered":"Marquage laser des m\u00e9taux"},"content":{"rendered":"\t\t<div data-elementor-type=\"wp-page\" data-elementor-id=\"930\" class=\"elementor elementor-930 elementor-326\" data-elementor-post-type=\"page\">\n\t\t\t\t\t\t<section class=\"elementor-section elementor-top-section elementor-element elementor-element-18f18763 elementor-section-height-min-height elementor-section-boxed elementor-section-height-default elementor-section-items-middle\" data-id=\"18f18763\" data-element_type=\"section\" data-settings=\"{&quot;background_background&quot;:&quot;slideshow&quot;,&quot;background_slideshow_gallery&quot;:[{&quot;id&quot;:260,&quot;url&quot;:&quot;https:\\\/\\\/bestlasermarking.com\\\/wp-content\\\/uploads\\\/2022\\\/12\\\/laser-marcatura.webp&quot;}],&quot;background_slideshow_ken_burns&quot;:&quot;yes&quot;,&quot;background_slideshow_loop&quot;:&quot;yes&quot;,&quot;background_slideshow_slide_duration&quot;:5000,&quot;background_slideshow_slide_transition&quot;:&quot;fade&quot;,&quot;background_slideshow_transition_duration&quot;:500,&quot;background_slideshow_ken_burns_zoom_direction&quot;:&quot;in&quot;}\">\n\t\t\t\t\t\t\t<div class=\"elementor-background-overlay\"><\/div>\n\t\t\t\t\t\t\t<div class=\"elementor-container elementor-column-gap-default\">\n\t\t\t\t\t<div class=\"elementor-column elementor-col-66 elementor-top-column elementor-element elementor-element-45e3b566\" data-id=\"45e3b566\" data-element_type=\"column\">\n\t\t\t<div class=\"elementor-widget-wrap elementor-element-populated\">\n\t\t\t\t\t\t<div class=\"elementor-element elementor-element-c498449 elementor-widget elementor-widget-heading\" data-id=\"c498449\" data-element_type=\"widget\" data-widget_type=\"heading.default\">\n\t\t\t\t<div class=\"elementor-widget-container\">\n\t\t\t\t\t<h1 class=\"elementor-heading-title elementor-size-default\">Syst\u00e8mes de <strong>MARQUAGE LASER DES M\u00c9TAUX<\/strong> <\/h1>\t\t\t\t<\/div>\n\t\t\t\t<\/div>\n\t\t\t\t<div class=\"elementor-element elementor-element-2c759736 elementor-widget elementor-widget-text-editor\" data-id=\"2c759736\" data-element_type=\"widget\" data-widget_type=\"text-editor.default\">\n\t\t\t\t<div class=\"elementor-widget-container\">\n\t\t\t\t\t\t\t\t\t<p>Nous utilisons la technologie laser de derni\u00e8re g\u00e9n\u00e9ration pour des marquages \u200b\u200bprofessionnels sur tout type de m\u00e9tal !<\/p>\n\t\t\t\t\t\t\t\t<\/div>\n\t\t\t\t<\/div>\n\t\t\t\t\t<\/div>\n\t\t<\/div>\n\t\t\t\t<div class=\"elementor-column elementor-col-33 elementor-top-column elementor-element elementor-element-320390a6\" data-id=\"320390a6\" data-element_type=\"column\">\n\t\t\t<div class=\"elementor-widget-wrap\">\n\t\t\t\t\t\t\t<\/div>\n\t\t<\/div>\n\t\t\t\t\t<\/div>\n\t\t<\/section>\n\t\t\t\t<section class=\"elementor-section elementor-top-section elementor-element elementor-element-2bfa7acd elementor-reverse-mobile elementor-section-boxed elementor-section-height-default elementor-section-height-default\" data-id=\"2bfa7acd\" data-element_type=\"section\">\n\t\t\t\t\t\t<div class=\"elementor-container elementor-column-gap-no\">\n\t\t\t\t\t<div class=\"elementor-column elementor-col-50 elementor-top-column elementor-element elementor-element-5ed9951e\" data-id=\"5ed9951e\" data-element_type=\"column\">\n\t\t\t<div class=\"elementor-widget-wrap elementor-element-populated\">\n\t\t\t\t\t\t<section class=\"elementor-section elementor-inner-section elementor-element elementor-element-175b3102 elementor-section-boxed elementor-section-height-default elementor-section-height-default\" data-id=\"175b3102\" data-element_type=\"section\">\n\t\t\t\t\t\t<div class=\"elementor-container elementor-column-gap-default\">\n\t\t\t\t\t<div class=\"elementor-column elementor-col-100 elementor-inner-column elementor-element elementor-element-3d07e6d2\" data-id=\"3d07e6d2\" data-element_type=\"column\" data-settings=\"{&quot;background_background&quot;:&quot;classic&quot;}\">\n\t\t\t<div class=\"elementor-widget-wrap elementor-element-populated\">\n\t\t\t\t\t\t<div class=\"elementor-element elementor-element-326dd9cc elementor-widget elementor-widget-image\" data-id=\"326dd9cc\" data-element_type=\"widget\" data-widget_type=\"image.default\">\n\t\t\t\t<div class=\"elementor-widget-container\">\n\t\t\t\t\t\t\t\t\t\t\t\t\t\t\t<img fetchpriority=\"high\" decoding=\"async\" width=\"624\" height=\"535\" src=\"https:\/\/bestlasermarking.com\/wp-content\/uploads\/2022\/12\/Marcatura-laser-metalli.webp\" class=\"attachment-large size-large wp-image-1360\" alt=\"Marcatura Metalli Laser\" srcset=\"https:\/\/bestlasermarking.com\/wp-content\/uploads\/2022\/12\/Marcatura-laser-metalli.webp 624w, https:\/\/bestlasermarking.com\/wp-content\/uploads\/2022\/12\/Marcatura-laser-metalli-300x257.webp 300w, https:\/\/bestlasermarking.com\/wp-content\/uploads\/2022\/12\/Marcatura-laser-metalli-14x12.webp 14w\" sizes=\"(max-width: 624px) 100vw, 624px\" \/>\t\t\t\t\t\t\t\t\t\t\t\t\t\t\t<\/div>\n\t\t\t\t<\/div>\n\t\t\t\t\t<\/div>\n\t\t<\/div>\n\t\t\t\t\t<\/div>\n\t\t<\/section>\n\t\t\t\t<section class=\"elementor-section elementor-inner-section elementor-element elementor-element-29fa7ee6 elementor-section-boxed elementor-section-height-default elementor-section-height-default\" data-id=\"29fa7ee6\" data-element_type=\"section\">\n\t\t\t\t\t\t<div class=\"elementor-container elementor-column-gap-default\">\n\t\t\t\t\t<div class=\"elementor-column elementor-col-50 elementor-inner-column elementor-element elementor-element-1898c14\" data-id=\"1898c14\" data-element_type=\"column\">\n\t\t\t<div class=\"elementor-widget-wrap elementor-element-populated\">\n\t\t\t\t\t\t<div class=\"elementor-element elementor-element-65c186db elementor-widget elementor-widget-image\" data-id=\"65c186db\" data-element_type=\"widget\" data-widget_type=\"image.default\">\n\t\t\t\t<div class=\"elementor-widget-container\">\n\t\t\t\t\t\t\t\t\t\t\t\t\t\t\t<img decoding=\"async\" src=\"https:\/\/bestlasermarking.com\/wp-content\/uploads\/elementor\/thumbs\/Marcatore-laser-su-metallo-pz8sdetw6md7dl8g4mxgvrx8l30otpxkof7zhqh9jc.webp\" title=\"Marcatore-laser-su-metallo\" alt=\"Marcatori su metalli\" loading=\"lazy\" \/>\t\t\t\t\t\t\t\t\t\t\t\t\t\t\t<\/div>\n\t\t\t\t<\/div>\n\t\t\t\t\t<\/div>\n\t\t<\/div>\n\t\t\t\t<div class=\"elementor-column elementor-col-50 elementor-inner-column elementor-element elementor-element-20474d7f\" data-id=\"20474d7f\" data-element_type=\"column\">\n\t\t\t<div class=\"elementor-widget-wrap elementor-element-populated\">\n\t\t\t\t\t\t<div class=\"elementor-element elementor-element-3fd05882 elementor-widget elementor-widget-image\" data-id=\"3fd05882\" data-element_type=\"widget\" data-widget_type=\"image.default\">\n\t\t\t\t<div class=\"elementor-widget-container\">\n\t\t\t\t\t\t\t\t\t\t\t\t\t\t\t<img decoding=\"async\" src=\"https:\/\/bestlasermarking.com\/wp-content\/uploads\/elementor\/thumbs\/Marcatura-Colorata-metallo-pz8sek6sjbxtkfkdf4t1xhhiq1cu8ehri3xclwrxxk.webp\" title=\"Marcatura-Colorata-metallo\" alt=\"incisione-laser\" loading=\"lazy\" \/>\t\t\t\t\t\t\t\t\t\t\t\t\t\t\t<\/div>\n\t\t\t\t<\/div>\n\t\t\t\t\t<\/div>\n\t\t<\/div>\n\t\t\t\t\t<\/div>\n\t\t<\/section>\n\t\t\t\t\t<\/div>\n\t\t<\/div>\n\t\t\t\t<div class=\"elementor-column elementor-col-50 elementor-top-column elementor-element elementor-element-73578476\" data-id=\"73578476\" data-element_type=\"column\">\n\t\t\t<div class=\"elementor-widget-wrap elementor-element-populated\">\n\t\t\t\t\t\t<section class=\"elementor-section elementor-inner-section elementor-element elementor-element-7c513c7a elementor-reverse-mobile elementor-section-boxed elementor-section-height-default elementor-section-height-default\" data-id=\"7c513c7a\" data-element_type=\"section\">\n\t\t\t\t\t\t<div class=\"elementor-container elementor-column-gap-default\">\n\t\t\t\t\t<div class=\"elementor-column elementor-col-100 elementor-inner-column elementor-element elementor-element-5a645e7c\" data-id=\"5a645e7c\" data-element_type=\"column\">\n\t\t\t<div class=\"elementor-widget-wrap elementor-element-populated\">\n\t\t\t\t\t\t<div class=\"elementor-element elementor-element-4a012816 elementor-widget__width-auto elementor-widget-divider--view-line elementor-widget elementor-widget-divider\" data-id=\"4a012816\" data-element_type=\"widget\" data-widget_type=\"divider.default\">\n\t\t\t\t<div class=\"elementor-widget-container\">\n\t\t\t\t\t\t\t<div class=\"elementor-divider\">\n\t\t\t<span class=\"elementor-divider-separator\">\n\t\t\t\t\t\t<\/span>\n\t\t<\/div>\n\t\t\t\t\t\t<\/div>\n\t\t\t\t<\/div>\n\t\t\t\t<div class=\"elementor-element elementor-element-194716d4 elementor-widget__width-auto elementor-widget elementor-widget-heading\" data-id=\"194716d4\" data-element_type=\"widget\" data-widget_type=\"heading.default\">\n\t\t\t\t<div class=\"elementor-widget-container\">\n\t\t\t\t\t<h2 class=\"elementor-heading-title elementor-size-default\">Marquage laser sur m\u00e9taux<\/h2>\t\t\t\t<\/div>\n\t\t\t\t<\/div>\n\t\t\t\t<div class=\"elementor-element elementor-element-2221107e elementor-widget elementor-widget-spacer\" data-id=\"2221107e\" data-element_type=\"widget\" data-widget_type=\"spacer.default\">\n\t\t\t\t<div class=\"elementor-widget-container\">\n\t\t\t\t\t\t\t<div class=\"elementor-spacer\">\n\t\t\t<div class=\"elementor-spacer-inner\"><\/div>\n\t\t<\/div>\n\t\t\t\t\t\t<\/div>\n\t\t\t\t<\/div>\n\t\t\t\t<div class=\"elementor-element elementor-element-6f25b857 elementor-widget elementor-widget-text-editor\" data-id=\"6f25b857\" data-element_type=\"widget\" data-widget_type=\"text-editor.default\">\n\t\t\t\t<div class=\"elementor-widget-container\">\n\t\t\t\t\t\t\t\t\t<p>Le marquage laser des m\u00e9taux est une m\u00e9thode efficace et \u00e9conomique de marquage des m\u00e9taux avec une finition permanente de haute qualit\u00e9.<\/p>\n<p>Il utilise un puissant faisceau laser pour graver et marquer tout type de m\u00e9tal, notamment l\u2019<strong><a href=\"https:\/\/bestlasermarking.com\/marcatura-acciaio\/\">acier inoxydable,<\/a> le titane, l\u2019aluminium et bien d\u2019autres<\/strong>. Le processus de marquage laser est incroyablement pr\u00e9cis, avec une distorsion thermique minimale et sans bavures ni autres d\u00e9fauts. De plus, il produit une finition permanente, ce qui signifie que vos marquages \u200b\u200bdureront de nombreuses ann\u00e9es.<\/p>\n<p>Il s\u2019agit d\u2019un syst\u00e8me personnalisable, avec une large gamme de polices et de logos pouvant \u00eatre utilis\u00e9s pour cr\u00e9er des designs uniques et personnalis\u00e9s. De plus, il est facile d&rsquo;ajouter des num\u00e9ros de s\u00e9rie ou d&rsquo;autres types de suivi \u00e0 votre produit fini. Toutes ces caract\u00e9ristiques font du <a href=\"https:\/\/bestlasermarking.com\/fr\/\">marquage laser<\/a> des m\u00e9taux un excellent choix pour toute application de marquage ou d\u2019\u00e9tiquetage des m\u00e9taux.<\/p>\n\t\t\t\t\t\t\t\t<\/div>\n\t\t\t\t<\/div>\n\t\t\t\t\t<\/div>\n\t\t<\/div>\n\t\t\t\t\t<\/div>\n\t\t<\/section>\n\t\t\t\t\t<\/div>\n\t\t<\/div>\n\t\t\t\t\t<\/div>\n\t\t<\/section>\n\t\t\t\t<section class=\"elementor-section elementor-top-section elementor-element elementor-element-7d8b6f37 elementor-section-boxed elementor-section-height-default elementor-section-height-default\" data-id=\"7d8b6f37\" data-element_type=\"section\" data-settings=\"{&quot;background_background&quot;:&quot;classic&quot;}\">\n\t\t\t\t\t\t<div class=\"elementor-container elementor-column-gap-default\">\n\t\t\t\t\t<div class=\"elementor-column elementor-col-100 elementor-top-column elementor-element elementor-element-3ac0279\" data-id=\"3ac0279\" data-element_type=\"column\">\n\t\t\t<div class=\"elementor-widget-wrap elementor-element-populated\">\n\t\t\t\t\t\t<section class=\"elementor-section elementor-inner-section elementor-element elementor-element-65a07cdc elementor-section-boxed elementor-section-height-default elementor-section-height-default\" data-id=\"65a07cdc\" data-element_type=\"section\">\n\t\t\t\t\t\t<div class=\"elementor-container elementor-column-gap-default\">\n\t\t\t\t\t<div class=\"elementor-column elementor-col-100 elementor-inner-column elementor-element elementor-element-66500928\" data-id=\"66500928\" data-element_type=\"column\">\n\t\t\t<div class=\"elementor-widget-wrap elementor-element-populated\">\n\t\t\t\t\t\t<div class=\"elementor-element elementor-element-4127b683 elementor-widget__width-auto elementor-widget-divider--view-line elementor-widget elementor-widget-divider\" data-id=\"4127b683\" data-element_type=\"widget\" data-widget_type=\"divider.default\">\n\t\t\t\t<div class=\"elementor-widget-container\">\n\t\t\t\t\t\t\t<div class=\"elementor-divider\">\n\t\t\t<span class=\"elementor-divider-separator\">\n\t\t\t\t\t\t<\/span>\n\t\t<\/div>\n\t\t\t\t\t\t<\/div>\n\t\t\t\t<\/div>\n\t\t\t\t<div class=\"elementor-element elementor-element-75a5d14 elementor-widget__width-auto elementor-widget elementor-widget-heading\" data-id=\"75a5d14\" data-element_type=\"widget\" data-widget_type=\"heading.default\">\n\t\t\t\t<div class=\"elementor-widget-container\">\n\t\t\t\t\t<h2 class=\"elementor-heading-title elementor-size-default\">Quels m\u00e9taux peut-il graver ?<\/h2>\t\t\t\t<\/div>\n\t\t\t\t<\/div>\n\t\t\t\t<div class=\"elementor-element elementor-element-17d2a179 elementor-widget elementor-widget-spacer\" data-id=\"17d2a179\" data-element_type=\"widget\" data-widget_type=\"spacer.default\">\n\t\t\t\t<div class=\"elementor-widget-container\">\n\t\t\t\t\t\t\t<div class=\"elementor-spacer\">\n\t\t\t<div class=\"elementor-spacer-inner\"><\/div>\n\t\t<\/div>\n\t\t\t\t\t\t<\/div>\n\t\t\t\t<\/div>\n\t\t\t\t<div class=\"elementor-element elementor-element-4e12b584 elementor-widget elementor-widget-text-editor\" data-id=\"4e12b584\" data-element_type=\"widget\" data-widget_type=\"text-editor.default\">\n\t\t\t\t<div class=\"elementor-widget-container\">\n\t\t\t\t\t\t\t\t\t<p data-pm-slice=\"1 1 []\">Un <a href=\"https:\/\/bestlasermarking.com\/fr\/\"><strong>marqueur laser<\/strong><\/a> peut graver de nombreux types de m\u00e9taux, notamment l&rsquo;<strong>acier inoxydable, l&rsquo;aluminium, le cuivre, l&rsquo;or et l&rsquo;argent<\/strong>.<\/p>\n<p data-pm-slice=\"1 1 []\">Cependant, la capacit\u00e9 de gravure d&rsquo;un marqueur laser d\u00e9pend de nombreux facteurs, tels que le type de m\u00e9tal, l&rsquo;\u00e9paisseur du m\u00e9tal, la puissance du laser et la qualit\u00e9 du marqueur laser. En g\u00e9n\u00e9ral, les lasers de puissance plus \u00e9lev\u00e9e sont capables de graver les m\u00e9taux avec une plus grande pr\u00e9cision et une plus grande profondeur.<\/p>\n<p data-pm-slice=\"1 1 []\">Il est important de noter que certains m\u00e9taux, comme le titane, peuvent \u00eatre difficiles \u00e0 graver au laser en raison de leur haute r\u00e9flectivit\u00e9.<\/p>\n\t\t\t\t\t\t\t\t<\/div>\n\t\t\t\t<\/div>\n\t\t\t\t\t<\/div>\n\t\t<\/div>\n\t\t\t\t\t<\/div>\n\t\t<\/section>\n\t\t\t\t<section class=\"elementor-section elementor-inner-section elementor-element elementor-element-0d61a2a elementor-section-boxed elementor-section-height-default elementor-section-height-default\" data-id=\"0d61a2a\" data-element_type=\"section\">\n\t\t\t\t\t\t<div class=\"elementor-container elementor-column-gap-default\">\n\t\t\t\t\t<div class=\"elementor-column elementor-col-100 elementor-inner-column elementor-element elementor-element-bb549d0\" data-id=\"bb549d0\" data-element_type=\"column\">\n\t\t\t<div class=\"elementor-widget-wrap elementor-element-populated\">\n\t\t\t\t\t\t<div class=\"elementor-element elementor-element-e3ad56a elementor-widget__width-auto elementor-widget-divider--view-line elementor-widget elementor-widget-divider\" data-id=\"e3ad56a\" data-element_type=\"widget\" data-widget_type=\"divider.default\">\n\t\t\t\t<div class=\"elementor-widget-container\">\n\t\t\t\t\t\t\t<div class=\"elementor-divider\">\n\t\t\t<span class=\"elementor-divider-separator\">\n\t\t\t\t\t\t<\/span>\n\t\t<\/div>\n\t\t\t\t\t\t<\/div>\n\t\t\t\t<\/div>\n\t\t\t\t<div class=\"elementor-element elementor-element-e988d16 elementor-widget__width-auto elementor-widget elementor-widget-heading\" data-id=\"e988d16\" data-element_type=\"widget\" data-widget_type=\"heading.default\">\n\t\t\t\t<div class=\"elementor-widget-container\">\n\t\t\t\t\t<h2 class=\"elementor-heading-title elementor-size-default\">Machines de marquage laser des m\u00e9taux<\/h2>\t\t\t\t<\/div>\n\t\t\t\t<\/div>\n\t\t\t\t<div class=\"elementor-element elementor-element-1ef8e42 elementor-widget elementor-widget-spacer\" data-id=\"1ef8e42\" data-element_type=\"widget\" data-widget_type=\"spacer.default\">\n\t\t\t\t<div class=\"elementor-widget-container\">\n\t\t\t\t\t\t\t<div class=\"elementor-spacer\">\n\t\t\t<div class=\"elementor-spacer-inner\"><\/div>\n\t\t<\/div>\n\t\t\t\t\t\t<\/div>\n\t\t\t\t<\/div>\n\t\t\t\t<div class=\"elementor-element elementor-element-73413f0 elementor-widget elementor-widget-text-editor\" data-id=\"73413f0\" data-element_type=\"widget\" data-widget_type=\"text-editor.default\">\n\t\t\t\t<div class=\"elementor-widget-container\">\n\t\t\t\t\t\t\t\t\t<p>Le marquage laser des m\u00e9taux est une technologie avanc\u00e9e et polyvalente utilis\u00e9e dans divers secteurs industriels pour cr\u00e9er des marquages \u200b\u200bpr\u00e9cis, permanents et de haute qualit\u00e9 sur diverses surfaces m\u00e9talliques. LASIT, entreprise leader dans le secteur, propose des solutions innovantes pour le marquage laser sur m\u00e9taux, utilisant des technologies de pointe telles que les lasers \u00e0 fibre et MOPA.<\/p>\n<h4>Techniques de marquage laser sur m\u00e9taux<\/h4>\n<ol>\n<li>\n<p><strong>Gravure Laser<\/strong> : Cette technique utilise la chaleur du laser pour vaporiser le m\u00e9tal, passant directement de l&rsquo;\u00e9tat solide \u00e0 l&rsquo;\u00e9tat gazeux. La gravure laser est profonde, durable et id\u00e9ale pour les applications n\u00e9cessitant une tra\u00e7abilit\u00e9 permanente des pi\u00e8ces.<\/p>\n<\/li>\n<li>\n<p><strong>Gravure au laser<\/strong> : Il s&rsquo;agit d&rsquo;un processus rapide qui fait fondre le m\u00e9tal presque instantan\u00e9ment, cr\u00e9ant des marquages \u200b\u200btr\u00e8s contrast\u00e9s. Moins permanente que la gravure, la gravure convient aux t\u00f4les fines qui n\u00e9cessitent moins de permanence des marquages.<\/p>\n<\/li>\n<li>\n<p><strong>Recuit laser<\/strong> : utilis\u00e9 principalement sur l&rsquo;acier, le titane et l&rsquo;acier inoxydable, le recuit laser n&rsquo;enl\u00e8ve pas de mati\u00e8re mais provoque un changement chimique sous la surface du m\u00e9tal, cr\u00e9ant des marquages \u200b\u200bcolor\u00e9s. Cette technique est id\u00e9ale pour les surfaces qui ne peuvent pas \u00eatre endommag\u00e9es.<\/p>\n<\/li>\n<li>\n<p><strong>Ablation laser<\/strong> : Cette m\u00e9thode \u00e9limine s\u00e9lectivement le mat\u00e9riau de la surface solide de mani\u00e8re contr\u00f4l\u00e9e, utile pour enlever la peinture ou les films minces.<\/p>\n<\/li>\n<li>\n<p><strong>Marquage laser avec oxydation<\/strong> : Ce proc\u00e9d\u00e9 n&rsquo;alt\u00e8re pas physiquement la surface du m\u00e9tal, mais cr\u00e9e une couche d&rsquo;oxyde qui prend une couleur noire contrastant avec la couleur sous-jacente.<\/p>\n<\/li>\n<\/ol>\n<h4>Avantages de la fibre laser et du MOPA<\/h4>\n<p>Les lasers fibre et MOPA offrent de nombreux avantages pour le marquage laser sur m\u00e9taux :<\/p>\n<ul>\n<li><strong>Z\u00e9ro maintenance<\/strong> : les lasers \u00e0 fibre et les lasers MOPA ne n\u00e9cessitent aucun entretien, ce qui en fait des solutions \u00e0 long terme.<\/li>\n<li><strong>Durabilit\u00e9 et refroidissement par air<\/strong> : Ces syst\u00e8mes sont durables et utilisent le refroidissement par air.<\/li>\n<li><strong>Marquages \u200b\u200bde qualit\u00e9 sup\u00e9rieure : Je peux r\u00e9aliser des marquages \u200b\u200bde haute qualit\u00e9 sur une large gamme de mat\u00e9riaux, y compris les m\u00e9taux peints et trait\u00e9s comme l&rsquo;aluminium anodis\u00e9.<\/strong><\/li>\n<li><strong>Polyvalence<\/strong> : Les lasers MOPA sont particuli\u00e8rement polyvalents et peuvent cr\u00e9er des marquages \u200b\u200bcolor\u00e9s sur l&rsquo;acier et des marquages \u200b\u200bnoirs sur l&rsquo;aluminium anodis\u00e9.<\/li>\n<\/ul>\n<h4>Consid\u00e9rations lors du choix de la technique de marquage<\/h4>\n<p>Le choix de la technique de marquage laser d\u00e9pend du contexte d&rsquo;application. Si vous devez r\u00e9aliser un grand nombre d\u2019op\u00e9rations de marquage en peu de temps, la gravure ou l\u2019eau-forte sont des techniques appropri\u00e9es. Pour travailler le titane ou les m\u00e9taux ferreux, ou lorsque vous souhaitez enlever le moins de mati\u00e8re possible, le recuit laser peut \u00eatre le bon choix. De plus, il est essentiel de prendre en compte la finition du motif souhait\u00e9e et les co\u00fbts impliqu\u00e9s lors du choix du syst\u00e8me laser appropri\u00e9.<\/p>\n<p>En r\u00e9sum\u00e9, le marquage laser sur m\u00e9taux offre une vari\u00e9t\u00e9 de techniques pour r\u00e9pondre aux diff\u00e9rentes exigences industrielles, garantissant des marquages \u200b\u200bpr\u00e9cis, durables et de haute qualit\u00e9. Avec les solutions avanc\u00e9es propos\u00e9es par LASIT, les entreprises de diff\u00e9rents secteurs peuvent b\u00e9n\u00e9ficier de cette technologie pour am\u00e9liorer la tra\u00e7abilit\u00e9 et l&rsquo;esth\u00e9tique de leurs produits.<\/p>\n\t\t\t\t\t\t\t\t<\/div>\n\t\t\t\t<\/div>\n\t\t\t\t\t<\/div>\n\t\t<\/div>\n\t\t\t\t\t<\/div>\n\t\t<\/section>\n\t\t\t\t\t<\/div>\n\t\t<\/div>\n\t\t\t\t\t<\/div>\n\t\t<\/section>\n\t\t\t\t<section class=\"elementor-section elementor-top-section elementor-element elementor-element-2cca0281 elementor-section-boxed elementor-section-height-default elementor-section-height-default\" data-id=\"2cca0281\" data-element_type=\"section\">\n\t\t\t\t\t\t<div class=\"elementor-container elementor-column-gap-default\">\n\t\t\t\t\t<div class=\"elementor-column elementor-col-100 elementor-top-column elementor-element elementor-element-2f063f53\" data-id=\"2f063f53\" data-element_type=\"column\">\n\t\t\t<div class=\"elementor-widget-wrap\">\n\t\t\t\t\t\t\t<\/div>\n\t\t<\/div>\n\t\t\t\t\t<\/div>\n\t\t<\/section>\n\t\t\t\t<\/div>\n\t\t","protected":false},"excerpt":{"rendered":"<p>Syst\u00e8mes de MARQUAGE LASER DES M\u00c9TAUX Nous utilisons la technologie laser de derni\u00e8re g\u00e9n\u00e9ration pour des marquages \u200b\u200bprofessionnels sur tout type de m\u00e9tal ! Marquage laser sur m\u00e9taux Le marquage laser des m\u00e9taux est une m\u00e9thode efficace et \u00e9conomique de marquage des m\u00e9taux avec une finition permanente de haute qualit\u00e9. Il utilise un puissant faisceau [&hellip;]<\/p>\n","protected":false},"author":1,"featured_media":0,"parent":0,"menu_order":0,"comment_status":"closed","ping_status":"closed","template":"elementor_header_footer","meta":{"footnotes":""},"class_list":["post-930","page","type-page","status-publish","hentry"],"_links":{"self":[{"href":"https:\/\/bestlasermarking.com\/fr\/wp-json\/wp\/v2\/pages\/930","targetHints":{"allow":["GET"]}}],"collection":[{"href":"https:\/\/bestlasermarking.com\/fr\/wp-json\/wp\/v2\/pages"}],"about":[{"href":"https:\/\/bestlasermarking.com\/fr\/wp-json\/wp\/v2\/types\/page"}],"author":[{"embeddable":true,"href":"https:\/\/bestlasermarking.com\/fr\/wp-json\/wp\/v2\/users\/1"}],"replies":[{"embeddable":true,"href":"https:\/\/bestlasermarking.com\/fr\/wp-json\/wp\/v2\/comments?post=930"}],"version-history":[{"count":1,"href":"https:\/\/bestlasermarking.com\/fr\/wp-json\/wp\/v2\/pages\/930\/revisions"}],"predecessor-version":[{"id":931,"href":"https:\/\/bestlasermarking.com\/fr\/wp-json\/wp\/v2\/pages\/930\/revisions\/931"}],"wp:attachment":[{"href":"https:\/\/bestlasermarking.com\/fr\/wp-json\/wp\/v2\/media?parent=930"}],"curies":[{"name":"wp","href":"https:\/\/api.w.org\/{rel}","templated":true}]}}