{"id":940,"date":"2022-12-16T10:12:16","date_gmt":"2022-12-16T10:12:16","guid":{"rendered":"https:\/\/bestlasermarking.com\/marquage-et-gravure-laser-sur-acier\/"},"modified":"2024-01-31T11:23:27","modified_gmt":"2024-01-31T11:23:27","slug":"marquage-et-gravure-laser-sur-acier","status":"publish","type":"page","link":"https:\/\/bestlasermarking.com\/fr\/marquage-et-gravure-laser-sur-acier\/","title":{"rendered":"Marquage et gravure laser sur acier"},"content":{"rendered":"\t\t<div data-elementor-type=\"wp-page\" data-elementor-id=\"940\" class=\"elementor elementor-940 elementor-303\" data-elementor-post-type=\"page\">\n\t\t\t\t\t\t<section class=\"elementor-section elementor-top-section elementor-element elementor-element-18f18763 elementor-section-height-min-height elementor-section-boxed elementor-section-height-default elementor-section-items-middle\" data-id=\"18f18763\" data-element_type=\"section\" data-settings=\"{&quot;background_background&quot;:&quot;slideshow&quot;,&quot;background_slideshow_gallery&quot;:[{&quot;id&quot;:260,&quot;url&quot;:&quot;https:\\\/\\\/bestlasermarking.com\\\/wp-content\\\/uploads\\\/2022\\\/12\\\/laser-marcatura.webp&quot;}],&quot;background_slideshow_ken_burns&quot;:&quot;yes&quot;,&quot;background_slideshow_loop&quot;:&quot;yes&quot;,&quot;background_slideshow_slide_duration&quot;:5000,&quot;background_slideshow_slide_transition&quot;:&quot;fade&quot;,&quot;background_slideshow_transition_duration&quot;:500,&quot;background_slideshow_ken_burns_zoom_direction&quot;:&quot;in&quot;}\">\n\t\t\t\t\t\t\t<div class=\"elementor-background-overlay\"><\/div>\n\t\t\t\t\t\t\t<div class=\"elementor-container elementor-column-gap-default\">\n\t\t\t\t\t<div class=\"elementor-column elementor-col-66 elementor-top-column elementor-element elementor-element-45e3b566\" data-id=\"45e3b566\" data-element_type=\"column\">\n\t\t\t<div class=\"elementor-widget-wrap elementor-element-populated\">\n\t\t\t\t\t\t<div class=\"elementor-element elementor-element-c498449 elementor-widget elementor-widget-heading\" data-id=\"c498449\" data-element_type=\"widget\" data-widget_type=\"heading.default\">\n\t\t\t\t<div class=\"elementor-widget-container\">\n\t\t\t\t\t<h1 class=\"elementor-heading-title elementor-size-default\"><strong> MARQUAGE LASER SUR ACIER INOXYDABLE <\/strong><\/h1>\t\t\t\t<\/div>\n\t\t\t\t<\/div>\n\t\t\t\t<div class=\"elementor-element elementor-element-2c759736 elementor-widget elementor-widget-text-editor\" data-id=\"2c759736\" data-element_type=\"widget\" data-widget_type=\"text-editor.default\">\n\t\t\t\t<div class=\"elementor-widget-container\">\n\t\t\t\t\t\t\t\t\t<p>Syst\u00e8mes et colorants professionnels pour gravures et marquages \u200b\u200blaser sur acier<\/p>\n\t\t\t\t\t\t\t\t<\/div>\n\t\t\t\t<\/div>\n\t\t\t\t\t<\/div>\n\t\t<\/div>\n\t\t\t\t<div class=\"elementor-column elementor-col-33 elementor-top-column elementor-element elementor-element-320390a6\" data-id=\"320390a6\" data-element_type=\"column\">\n\t\t\t<div class=\"elementor-widget-wrap\">\n\t\t\t\t\t\t\t<\/div>\n\t\t<\/div>\n\t\t\t\t\t<\/div>\n\t\t<\/section>\n\t\t\t\t<section class=\"elementor-section elementor-top-section elementor-element elementor-element-2bfa7acd elementor-reverse-mobile elementor-section-boxed elementor-section-height-default elementor-section-height-default\" data-id=\"2bfa7acd\" data-element_type=\"section\">\n\t\t\t\t\t\t<div class=\"elementor-container elementor-column-gap-no\">\n\t\t\t\t\t<div class=\"elementor-column elementor-col-50 elementor-top-column elementor-element elementor-element-5ed9951e\" data-id=\"5ed9951e\" data-element_type=\"column\">\n\t\t\t<div class=\"elementor-widget-wrap elementor-element-populated\">\n\t\t\t\t\t\t<section class=\"elementor-section elementor-inner-section elementor-element elementor-element-175b3102 elementor-section-boxed elementor-section-height-default elementor-section-height-default\" data-id=\"175b3102\" data-element_type=\"section\">\n\t\t\t\t\t\t<div class=\"elementor-container elementor-column-gap-default\">\n\t\t\t\t\t<div class=\"elementor-column elementor-col-100 elementor-inner-column elementor-element elementor-element-3d07e6d2\" data-id=\"3d07e6d2\" data-element_type=\"column\" data-settings=\"{&quot;background_background&quot;:&quot;classic&quot;}\">\n\t\t\t<div class=\"elementor-widget-wrap elementor-element-populated\">\n\t\t\t\t\t\t<div class=\"elementor-element elementor-element-326dd9cc elementor-widget elementor-widget-image\" data-id=\"326dd9cc\" data-element_type=\"widget\" data-widget_type=\"image.default\">\n\t\t\t\t<div class=\"elementor-widget-container\">\n\t\t\t\t\t\t\t\t\t\t\t\t\t\t\t<img fetchpriority=\"high\" decoding=\"async\" width=\"624\" height=\"535\" src=\"https:\/\/bestlasermarking.com\/wp-content\/uploads\/2022\/12\/Marcatura-laser-metalli.webp\" class=\"attachment-large size-large wp-image-1360\" alt=\"Marcatura Metalli Laser\" srcset=\"https:\/\/bestlasermarking.com\/wp-content\/uploads\/2022\/12\/Marcatura-laser-metalli.webp 624w, https:\/\/bestlasermarking.com\/wp-content\/uploads\/2022\/12\/Marcatura-laser-metalli-300x257.webp 300w, https:\/\/bestlasermarking.com\/wp-content\/uploads\/2022\/12\/Marcatura-laser-metalli-14x12.webp 14w\" sizes=\"(max-width: 624px) 100vw, 624px\" \/>\t\t\t\t\t\t\t\t\t\t\t\t\t\t\t<\/div>\n\t\t\t\t<\/div>\n\t\t\t\t\t<\/div>\n\t\t<\/div>\n\t\t\t\t\t<\/div>\n\t\t<\/section>\n\t\t\t\t<section class=\"elementor-section elementor-inner-section elementor-element elementor-element-29fa7ee6 elementor-section-boxed elementor-section-height-default elementor-section-height-default\" data-id=\"29fa7ee6\" data-element_type=\"section\">\n\t\t\t\t\t\t<div class=\"elementor-container elementor-column-gap-default\">\n\t\t\t\t\t<div class=\"elementor-column elementor-col-50 elementor-inner-column elementor-element elementor-element-1898c14\" data-id=\"1898c14\" data-element_type=\"column\">\n\t\t\t<div class=\"elementor-widget-wrap elementor-element-populated\">\n\t\t\t\t\t\t<div class=\"elementor-element elementor-element-65c186db elementor-widget elementor-widget-image\" data-id=\"65c186db\" data-element_type=\"widget\" data-widget_type=\"image.default\">\n\t\t\t\t<div class=\"elementor-widget-container\">\n\t\t\t\t\t\t\t\t\t\t\t\t\t\t\t<img decoding=\"async\" src=\"https:\/\/bestlasermarking.com\/wp-content\/uploads\/elementor\/thumbs\/Marcatore-laser-su-metallo-pz8sdetw6md7dl8g4mxgvrx8l30otpxkof7zhqh9jc.webp\" title=\"Marcatore-laser-su-metallo\" alt=\"Marcatori su metalli\" loading=\"lazy\" \/>\t\t\t\t\t\t\t\t\t\t\t\t\t\t\t<\/div>\n\t\t\t\t<\/div>\n\t\t\t\t\t<\/div>\n\t\t<\/div>\n\t\t\t\t<div class=\"elementor-column elementor-col-50 elementor-inner-column elementor-element elementor-element-20474d7f\" data-id=\"20474d7f\" data-element_type=\"column\">\n\t\t\t<div class=\"elementor-widget-wrap elementor-element-populated\">\n\t\t\t\t\t\t<div class=\"elementor-element elementor-element-3fd05882 elementor-widget elementor-widget-image\" data-id=\"3fd05882\" data-element_type=\"widget\" data-widget_type=\"image.default\">\n\t\t\t\t<div class=\"elementor-widget-container\">\n\t\t\t\t\t\t\t\t\t\t\t\t\t\t\t<img decoding=\"async\" src=\"https:\/\/bestlasermarking.com\/wp-content\/uploads\/elementor\/thumbs\/Marcatura-Colorata-metallo-pz8sek6sjbxtkfkdf4t1xhhiq1cu8ehri3xclwrxxk.webp\" title=\"Marcatura-Colorata-metallo\" alt=\"incisione-laser\" loading=\"lazy\" \/>\t\t\t\t\t\t\t\t\t\t\t\t\t\t\t<\/div>\n\t\t\t\t<\/div>\n\t\t\t\t\t<\/div>\n\t\t<\/div>\n\t\t\t\t\t<\/div>\n\t\t<\/section>\n\t\t\t\t\t<\/div>\n\t\t<\/div>\n\t\t\t\t<div class=\"elementor-column elementor-col-50 elementor-top-column elementor-element elementor-element-73578476\" data-id=\"73578476\" data-element_type=\"column\">\n\t\t\t<div class=\"elementor-widget-wrap elementor-element-populated\">\n\t\t\t\t\t\t<section class=\"elementor-section elementor-inner-section elementor-element elementor-element-7c513c7a elementor-reverse-mobile elementor-section-boxed elementor-section-height-default elementor-section-height-default\" data-id=\"7c513c7a\" data-element_type=\"section\">\n\t\t\t\t\t\t<div class=\"elementor-container elementor-column-gap-default\">\n\t\t\t\t\t<div class=\"elementor-column elementor-col-100 elementor-inner-column elementor-element elementor-element-5a645e7c\" data-id=\"5a645e7c\" data-element_type=\"column\">\n\t\t\t<div class=\"elementor-widget-wrap elementor-element-populated\">\n\t\t\t\t\t\t<div class=\"elementor-element elementor-element-4a012816 elementor-widget__width-auto elementor-widget-divider--view-line elementor-widget elementor-widget-divider\" data-id=\"4a012816\" data-element_type=\"widget\" data-widget_type=\"divider.default\">\n\t\t\t\t<div class=\"elementor-widget-container\">\n\t\t\t\t\t\t\t<div class=\"elementor-divider\">\n\t\t\t<span class=\"elementor-divider-separator\">\n\t\t\t\t\t\t<\/span>\n\t\t<\/div>\n\t\t\t\t\t\t<\/div>\n\t\t\t\t<\/div>\n\t\t\t\t<div class=\"elementor-element elementor-element-194716d4 elementor-widget__width-auto elementor-widget elementor-widget-heading\" data-id=\"194716d4\" data-element_type=\"widget\" data-widget_type=\"heading.default\">\n\t\t\t\t<div class=\"elementor-widget-container\">\n\t\t\t\t\t<h2 class=\"elementor-heading-title elementor-size-default\">Marquage et gravure laser sur acier <\/h2>\t\t\t\t<\/div>\n\t\t\t\t<\/div>\n\t\t\t\t<div class=\"elementor-element elementor-element-2221107e elementor-widget elementor-widget-spacer\" data-id=\"2221107e\" data-element_type=\"widget\" data-widget_type=\"spacer.default\">\n\t\t\t\t<div class=\"elementor-widget-container\">\n\t\t\t\t\t\t\t<div class=\"elementor-spacer\">\n\t\t\t<div class=\"elementor-spacer-inner\"><\/div>\n\t\t<\/div>\n\t\t\t\t\t\t<\/div>\n\t\t\t\t<\/div>\n\t\t\t\t<div class=\"elementor-element elementor-element-6f25b857 elementor-widget elementor-widget-text-editor\" data-id=\"6f25b857\" data-element_type=\"widget\" data-widget_type=\"text-editor.default\">\n\t\t\t\t<div class=\"elementor-widget-container\">\n\t\t\t\t\t\t\t\t\t<p>Le <strong>marquage laser sur l&rsquo;acier<\/strong> est un proc\u00e9d\u00e9 qui utilise un laser pour cr\u00e9er une gravure permanente sur la surface de l&rsquo;acier.<\/p>\n<p>Ce processus est utilis\u00e9 pour marquer l&rsquo;acier avec des informations telles que le num\u00e9ro de s\u00e9rie, le logo de l&rsquo;entreprise ou d&rsquo;autres informations d&rsquo;identification.<\/p>\n<p>Le <a href=\"https:\/\/bestlasermarking.com\/fr\/marquage-laser-des-metaux\/\"><strong>marquage des m\u00e9taux<\/strong><\/a> et notamment de l&rsquo;acier et de l&rsquo;inox est tr\u00e8s pr\u00e9cis et permet de r\u00e9aliser des gravures de haute qualit\u00e9 \u00e0 la surface de l&rsquo;acier. De plus, le marquage laser peut \u00eatre utilis\u00e9 sur une large gamme d\u2019\u00e9paisseurs d\u2019acier, de quelques millim\u00e8tres \u00e0 plusieurs centaines de millim\u00e8tres. Le marquage laser sur l&rsquo;acier est \u00e9galement r\u00e9sistant \u00e0 l&rsquo;usure et \u00e0 la corrosion, ce qui le rend id\u00e9al pour une utilisation dans des environnements difficiles ou des conditions m\u00e9t\u00e9orologiques extr\u00eames.<\/p>\n<p>Les lasers \u00e0 fibre ont une dur\u00e9e de vie beaucoup plus longue que les lasers CO2, ce qui signifie qu&rsquo;ils n&rsquo;ont pas besoin d&rsquo;\u00eatre remplac\u00e9s aussi souvent. De plus, les lasers \u00e0 fibre \u00e9mettent moins de chaleur que les lasers CO2, ils n&rsquo;endommageront donc pas la pi\u00e8ce ni ne la br\u00fbleront au fil du temps.<\/p>\n\t\t\t\t\t\t\t\t<\/div>\n\t\t\t\t<\/div>\n\t\t\t\t\t<\/div>\n\t\t<\/div>\n\t\t\t\t\t<\/div>\n\t\t<\/section>\n\t\t\t\t\t<\/div>\n\t\t<\/div>\n\t\t\t\t\t<\/div>\n\t\t<\/section>\n\t\t\t\t<section class=\"elementor-section elementor-top-section elementor-element elementor-element-7d8b6f37 elementor-section-boxed elementor-section-height-default elementor-section-height-default\" data-id=\"7d8b6f37\" data-element_type=\"section\" data-settings=\"{&quot;background_background&quot;:&quot;classic&quot;}\">\n\t\t\t\t\t\t<div class=\"elementor-container elementor-column-gap-default\">\n\t\t\t\t\t<div class=\"elementor-column elementor-col-100 elementor-top-column elementor-element elementor-element-3ac0279\" data-id=\"3ac0279\" data-element_type=\"column\">\n\t\t\t<div class=\"elementor-widget-wrap elementor-element-populated\">\n\t\t\t\t\t\t<section class=\"elementor-section elementor-inner-section elementor-element elementor-element-65a07cdc elementor-section-boxed elementor-section-height-default elementor-section-height-default\" data-id=\"65a07cdc\" data-element_type=\"section\">\n\t\t\t\t\t\t<div class=\"elementor-container elementor-column-gap-default\">\n\t\t\t\t\t<div class=\"elementor-column elementor-col-100 elementor-inner-column elementor-element elementor-element-66500928\" data-id=\"66500928\" data-element_type=\"column\">\n\t\t\t<div class=\"elementor-widget-wrap elementor-element-populated\">\n\t\t\t\t\t\t<div class=\"elementor-element elementor-element-4127b683 elementor-widget__width-auto elementor-widget-divider--view-line elementor-widget elementor-widget-divider\" data-id=\"4127b683\" data-element_type=\"widget\" data-widget_type=\"divider.default\">\n\t\t\t\t<div class=\"elementor-widget-container\">\n\t\t\t\t\t\t\t<div class=\"elementor-divider\">\n\t\t\t<span class=\"elementor-divider-separator\">\n\t\t\t\t\t\t<\/span>\n\t\t<\/div>\n\t\t\t\t\t\t<\/div>\n\t\t\t\t<\/div>\n\t\t\t\t<div class=\"elementor-element elementor-element-75a5d14 elementor-widget__width-auto elementor-widget elementor-widget-heading\" data-id=\"75a5d14\" data-element_type=\"widget\" data-widget_type=\"heading.default\">\n\t\t\t\t<div class=\"elementor-widget-container\">\n\t\t\t\t\t<h2 class=\"elementor-heading-title elementor-size-default\">L'acier inoxydable peut-il \u00eatre grav\u00e9 au laser ?<\/h2>\t\t\t\t<\/div>\n\t\t\t\t<\/div>\n\t\t\t\t<div class=\"elementor-element elementor-element-17d2a179 elementor-widget elementor-widget-spacer\" data-id=\"17d2a179\" data-element_type=\"widget\" data-widget_type=\"spacer.default\">\n\t\t\t\t<div class=\"elementor-widget-container\">\n\t\t\t\t\t\t\t<div class=\"elementor-spacer\">\n\t\t\t<div class=\"elementor-spacer-inner\"><\/div>\n\t\t<\/div>\n\t\t\t\t\t\t<\/div>\n\t\t\t\t<\/div>\n\t\t\t\t<div class=\"elementor-element elementor-element-4e12b584 elementor-widget elementor-widget-text-editor\" data-id=\"4e12b584\" data-element_type=\"widget\" data-widget_type=\"text-editor.default\">\n\t\t\t\t<div class=\"elementor-widget-container\">\n\t\t\t\t\t\t\t\t\t<p data-pm-slice=\"1 1 []\">Oui, <strong>il est possible de graver l\u2019acier inoxydable au laser.<\/strong><\/p>\n<p data-pm-slice=\"1 1 []\">L&rsquo;acier inoxydable est un type d&rsquo;acier qui contient du chrome, du nickel et d&rsquo;autres \u00e9l\u00e9ments qui le rendent r\u00e9sistant \u00e0 la corrosion et \u00e0 l&rsquo;usure. Cependant, l\u2019acier inoxydable peut toujours \u00eatre grav\u00e9 au laser si un laser suffisamment puissant est utilis\u00e9.<\/p>\n<p data-pm-slice=\"1 1 []\">La puissance laser n\u00e9cessaire pour graver l&rsquo;acier inoxydable d\u00e9pend de l&rsquo;\u00e9paisseur de l&rsquo;acier et du type de finition de surface. En g\u00e9n\u00e9ral, il est plus difficile de graver de l&rsquo;acier inoxydable avec une finition brillante qu&rsquo;une finition mate, car la finition brillante refl\u00e8te davantage la lumi\u00e8re laser. <\/p>\n\t\t\t\t\t\t\t\t<\/div>\n\t\t\t\t<\/div>\n\t\t\t\t\t<\/div>\n\t\t<\/div>\n\t\t\t\t\t<\/div>\n\t\t<\/section>\n\t\t\t\t<section class=\"elementor-section elementor-inner-section elementor-element elementor-element-8261556 elementor-section-boxed elementor-section-height-default elementor-section-height-default\" data-id=\"8261556\" data-element_type=\"section\">\n\t\t\t\t\t\t<div class=\"elementor-container elementor-column-gap-default\">\n\t\t\t\t\t<div class=\"elementor-column elementor-col-100 elementor-inner-column elementor-element elementor-element-281a60f\" data-id=\"281a60f\" data-element_type=\"column\">\n\t\t\t<div class=\"elementor-widget-wrap elementor-element-populated\">\n\t\t\t\t\t\t<div class=\"elementor-element elementor-element-53bfd7f elementor-widget__width-auto elementor-widget-divider--view-line elementor-widget elementor-widget-divider\" data-id=\"53bfd7f\" data-element_type=\"widget\" data-widget_type=\"divider.default\">\n\t\t\t\t<div class=\"elementor-widget-container\">\n\t\t\t\t\t\t\t<div class=\"elementor-divider\">\n\t\t\t<span class=\"elementor-divider-separator\">\n\t\t\t\t\t\t<\/span>\n\t\t<\/div>\n\t\t\t\t\t\t<\/div>\n\t\t\t\t<\/div>\n\t\t\t\t<div class=\"elementor-element elementor-element-60373c3 elementor-widget__width-auto elementor-widget elementor-widget-heading\" data-id=\"60373c3\" data-element_type=\"widget\" data-widget_type=\"heading.default\">\n\t\t\t\t<div class=\"elementor-widget-container\">\n\t\t\t\t\t<h2 class=\"elementor-heading-title elementor-size-default\">Machines de marquage laser en acier inoxydable<\/h2>\t\t\t\t<\/div>\n\t\t\t\t<\/div>\n\t\t\t\t<div class=\"elementor-element elementor-element-3562120 elementor-widget elementor-widget-spacer\" data-id=\"3562120\" data-element_type=\"widget\" data-widget_type=\"spacer.default\">\n\t\t\t\t<div class=\"elementor-widget-container\">\n\t\t\t\t\t\t\t<div class=\"elementor-spacer\">\n\t\t\t<div class=\"elementor-spacer-inner\"><\/div>\n\t\t<\/div>\n\t\t\t\t\t\t<\/div>\n\t\t\t\t<\/div>\n\t\t\t\t<div class=\"elementor-element elementor-element-e857f77 elementor-widget elementor-widget-text-editor\" data-id=\"e857f77\" data-element_type=\"widget\" data-widget_type=\"text-editor.default\">\n\t\t\t\t<div class=\"elementor-widget-container\">\n\t\t\t\t\t\t\t\t\t<p>Le marquage laser sur l&rsquo;acier et <strong>l&rsquo;acier inoxydable<\/strong> est un proc\u00e9d\u00e9 largement adopt\u00e9 dans divers secteurs industriels en raison de sa pr\u00e9cision et de sa durabilit\u00e9. Gr\u00e2ce \u00e0 une technologie avanc\u00e9e, les marquages \u200b\u200bcr\u00e9\u00e9s sont pr\u00e9cis, lisibles et r\u00e9sistants dans le temps, m\u00eame dans des conditions environnementales difficiles telles que l&rsquo;exposition aux agents atmosph\u00e9riques ou l&rsquo;usure. Le marquage laser sur ces m\u00e9taux, en plus d\u2019\u00eatre utilis\u00e9 \u00e0 des fins de tra\u00e7abilit\u00e9, est \u00e9galement utilis\u00e9 pour le marquage esth\u00e9tique de <strong>logos et graphiques.<\/strong><\/p>\n<p>Un avantage non n\u00e9gligeable du marquage laser sur l\u2019acier inoxydable est sa r\u00e9sistance \u00e0 la corrosion. Cet aspect est particuli\u00e8rement crucial pour les applications dans des environnements difficiles, comme le secteur maritime ou m\u00e9dical. De plus, le marquage laser sur l&rsquo;acier inoxydable ne compromet pas la finition de surface du mat\u00e9riau, conservant ainsi ses propri\u00e9t\u00e9s et son aspect esth\u00e9tique.<\/p>\n\t\t\t\t\t\t\t\t<\/div>\n\t\t\t\t<\/div>\n\t\t\t\t\t<\/div>\n\t\t<\/div>\n\t\t\t\t\t<\/div>\n\t\t<\/section>\n\t\t\t\t<section class=\"elementor-section elementor-inner-section elementor-element elementor-element-e2a25ed elementor-section-boxed elementor-section-height-default elementor-section-height-default\" data-id=\"e2a25ed\" data-element_type=\"section\">\n\t\t\t\t\t\t<div class=\"elementor-container elementor-column-gap-default\">\n\t\t\t\t\t<div class=\"elementor-column elementor-col-100 elementor-inner-column elementor-element elementor-element-74b5a77\" data-id=\"74b5a77\" data-element_type=\"column\">\n\t\t\t<div class=\"elementor-widget-wrap elementor-element-populated\">\n\t\t\t\t\t\t<div class=\"elementor-element elementor-element-5317b98 elementor-widget__width-auto elementor-widget-divider--view-line elementor-widget elementor-widget-divider\" data-id=\"5317b98\" data-element_type=\"widget\" data-widget_type=\"divider.default\">\n\t\t\t\t<div class=\"elementor-widget-container\">\n\t\t\t\t\t\t\t<div class=\"elementor-divider\">\n\t\t\t<span class=\"elementor-divider-separator\">\n\t\t\t\t\t\t<\/span>\n\t\t<\/div>\n\t\t\t\t\t\t<\/div>\n\t\t\t\t<\/div>\n\t\t\t\t<div class=\"elementor-element elementor-element-74de68a elementor-widget__width-auto elementor-widget elementor-widget-heading\" data-id=\"74de68a\" data-element_type=\"widget\" data-widget_type=\"heading.default\">\n\t\t\t\t<div class=\"elementor-widget-container\">\n\t\t\t\t\t<h2 class=\"elementor-heading-title elementor-size-default\">Machines de gravure laser en acier inoxydable<\/h2>\t\t\t\t<\/div>\n\t\t\t\t<\/div>\n\t\t\t\t<div class=\"elementor-element elementor-element-36d1942 elementor-widget elementor-widget-spacer\" data-id=\"36d1942\" data-element_type=\"widget\" data-widget_type=\"spacer.default\">\n\t\t\t\t<div class=\"elementor-widget-container\">\n\t\t\t\t\t\t\t<div class=\"elementor-spacer\">\n\t\t\t<div class=\"elementor-spacer-inner\"><\/div>\n\t\t<\/div>\n\t\t\t\t\t\t<\/div>\n\t\t\t\t<\/div>\n\t\t\t\t<div class=\"elementor-element elementor-element-a55bbfc elementor-widget elementor-widget-text-editor\" data-id=\"a55bbfc\" data-element_type=\"widget\" data-widget_type=\"text-editor.default\">\n\t\t\t\t<div class=\"elementor-widget-container\">\n\t\t\t\t\t\t\t\t\t<p>La gravure laser sur acier et acier inoxydable offre une grande flexibilit\u00e9 et des possibilit\u00e9s de personnalisation. Les lasers \u00e0 fibre sont particuli\u00e8rement bien adapt\u00e9s \u00e0 ces applications, produisant des gravures claires et nettes. Les lasers MOPA, variante du laser fibre, permettent de r\u00e9aliser des marquages \u200b\u200bcolor\u00e9s sur l&rsquo;acier et offrent la possibilit\u00e9 d&rsquo;obtenir des marquages \u200b\u200bnoirs sur l&rsquo;aluminium anodis\u00e9. Ce type de laser se caract\u00e9rise par des \u00e9missions de chaleur plus faibles et une plus grande efficacit\u00e9 de longueur d&rsquo;onde, ce qui permet d&rsquo;obtenir des gravures de haute qualit\u00e9 avec moins de risque d&rsquo;endommagement de la pi\u00e8ce.<\/p>\n<p>En gravure laser sur acier, il est possible d\u2019exploiter diff\u00e9rentes techniques pour obtenir des effets visuels vari\u00e9s. Le recuit au laser, par exemple, est une technique courante dans l&rsquo;industrie m\u00e9dicale pour marquer les instruments chirurgicaux en acier inoxydable, o\u00f9 le marquage doit r\u00e9sister \u00e0 des tests rigoureux tels que des st\u00e9rilisations multiples. Cette technique chauffe localement le m\u00e9tal sans le retirer, cr\u00e9ant une marque sombre et durable.<\/p>\n<p>La <strong>gravure laser sur acier inoxydable<\/strong> peut aller du noir \u00e0 diff\u00e9rentes nuances de gris, or et blanc, selon la temp\u00e9rature atteinte et le type de laser utilis\u00e9. Cette possibilit\u00e9 de varier les nuances offre une large gamme d&rsquo;options pour personnaliser et distinguer les produits.<\/p>\n<p>Le marquage et la <a href=\"https:\/\/bestlasermarking.com\/incisione-laser\/\">gravure laser<\/a> <strong>sur l&rsquo;acier et l&rsquo;acier inoxydable<\/strong> sont des processus cl\u00e9s dans plusieurs industries, offrant pr\u00e9cision, durabilit\u00e9 et un large \u00e9ventail de possibilit\u00e9s de personnalisation. Ces technologies sont parfaitement adapt\u00e9es aux industries telles que l&rsquo;automobile, l&rsquo;a\u00e9ronautique, le m\u00e9dical et bien d&rsquo;autres, o\u00f9 la qualit\u00e9 et la durabilit\u00e9 des marquages \u200b\u200bsont essentielles.<\/p>\n\t\t\t\t\t\t\t\t<\/div>\n\t\t\t\t<\/div>\n\t\t\t\t\t<\/div>\n\t\t<\/div>\n\t\t\t\t\t<\/div>\n\t\t<\/section>\n\t\t\t\t\t<\/div>\n\t\t<\/div>\n\t\t\t\t\t<\/div>\n\t\t<\/section>\n\t\t\t\t<section class=\"elementor-section elementor-top-section elementor-element elementor-element-2cca0281 elementor-section-boxed elementor-section-height-default elementor-section-height-default\" data-id=\"2cca0281\" data-element_type=\"section\">\n\t\t\t\t\t\t<div class=\"elementor-container elementor-column-gap-default\">\n\t\t\t\t\t<div class=\"elementor-column elementor-col-100 elementor-top-column elementor-element elementor-element-2f063f53\" data-id=\"2f063f53\" data-element_type=\"column\">\n\t\t\t<div class=\"elementor-widget-wrap\">\n\t\t\t\t\t\t\t<\/div>\n\t\t<\/div>\n\t\t\t\t\t<\/div>\n\t\t<\/section>\n\t\t\t\t<\/div>\n\t\t","protected":false},"excerpt":{"rendered":"<p>MARQUAGE LASER SUR ACIER INOXYDABLE Syst\u00e8mes et colorants professionnels pour gravures et marquages \u200b\u200blaser sur acier Marquage et gravure laser sur acier Le marquage laser sur l&rsquo;acier est un proc\u00e9d\u00e9 qui utilise un laser pour cr\u00e9er une gravure permanente sur la surface de l&rsquo;acier. Ce processus est utilis\u00e9 pour marquer l&rsquo;acier avec des informations telles [&hellip;]<\/p>\n","protected":false},"author":1,"featured_media":0,"parent":0,"menu_order":0,"comment_status":"closed","ping_status":"closed","template":"elementor_header_footer","meta":{"footnotes":""},"class_list":["post-940","page","type-page","status-publish","hentry"],"_links":{"self":[{"href":"https:\/\/bestlasermarking.com\/fr\/wp-json\/wp\/v2\/pages\/940","targetHints":{"allow":["GET"]}}],"collection":[{"href":"https:\/\/bestlasermarking.com\/fr\/wp-json\/wp\/v2\/pages"}],"about":[{"href":"https:\/\/bestlasermarking.com\/fr\/wp-json\/wp\/v2\/types\/page"}],"author":[{"embeddable":true,"href":"https:\/\/bestlasermarking.com\/fr\/wp-json\/wp\/v2\/users\/1"}],"replies":[{"embeddable":true,"href":"https:\/\/bestlasermarking.com\/fr\/wp-json\/wp\/v2\/comments?post=940"}],"version-history":[{"count":1,"href":"https:\/\/bestlasermarking.com\/fr\/wp-json\/wp\/v2\/pages\/940\/revisions"}],"predecessor-version":[{"id":941,"href":"https:\/\/bestlasermarking.com\/fr\/wp-json\/wp\/v2\/pages\/940\/revisions\/941"}],"wp:attachment":[{"href":"https:\/\/bestlasermarking.com\/fr\/wp-json\/wp\/v2\/media?parent=940"}],"curies":[{"name":"wp","href":"https:\/\/api.w.org\/{rel}","templated":true}]}}