{"id":950,"date":"2023-12-16T17:19:13","date_gmt":"2023-12-16T17:19:13","guid":{"rendered":"https:\/\/bestlasermarking.com\/marquage-laser-du-plastique\/"},"modified":"2024-01-31T12:32:14","modified_gmt":"2024-01-31T12:32:14","slug":"marquage-laser-du-plastique","status":"publish","type":"page","link":"https:\/\/bestlasermarking.com\/fr\/marquage-laser-du-plastique\/","title":{"rendered":"Marquage laser du plastique"},"content":{"rendered":"\t\t<div data-elementor-type=\"wp-page\" data-elementor-id=\"950\" class=\"elementor elementor-950 elementor-373\" data-elementor-post-type=\"page\">\n\t\t\t\t\t\t<section class=\"elementor-section elementor-top-section elementor-element elementor-element-18f18763 elementor-section-height-min-height elementor-section-boxed elementor-section-height-default elementor-section-items-middle\" data-id=\"18f18763\" data-element_type=\"section\" data-settings=\"{&quot;background_background&quot;:&quot;slideshow&quot;,&quot;background_slideshow_gallery&quot;:[{&quot;id&quot;:378,&quot;url&quot;:&quot;https:\\\/\\\/bestlasermarking.com\\\/wp-content\\\/uploads\\\/2022\\\/12\\\/marcatura-laser-plastica.webp&quot;}],&quot;background_slideshow_ken_burns&quot;:&quot;yes&quot;,&quot;background_slideshow_loop&quot;:&quot;yes&quot;,&quot;background_slideshow_slide_duration&quot;:5000,&quot;background_slideshow_slide_transition&quot;:&quot;fade&quot;,&quot;background_slideshow_transition_duration&quot;:500,&quot;background_slideshow_ken_burns_zoom_direction&quot;:&quot;in&quot;}\">\n\t\t\t\t\t\t\t<div class=\"elementor-background-overlay\"><\/div>\n\t\t\t\t\t\t\t<div class=\"elementor-container elementor-column-gap-default\">\n\t\t\t\t\t<div class=\"elementor-column elementor-col-66 elementor-top-column elementor-element elementor-element-45e3b566\" data-id=\"45e3b566\" data-element_type=\"column\">\n\t\t\t<div class=\"elementor-widget-wrap elementor-element-populated\">\n\t\t\t\t\t\t<div class=\"elementor-element elementor-element-c498449 elementor-widget elementor-widget-heading\" data-id=\"c498449\" data-element_type=\"widget\" data-widget_type=\"heading.default\">\n\t\t\t\t<div class=\"elementor-widget-container\">\n\t\t\t\t\t<h1 class=\"elementor-heading-title elementor-size-default\"><strong> MARQUAGE LASER SUR PLASTIQUE<\/strong><\/h1>\t\t\t\t<\/div>\n\t\t\t\t<\/div>\n\t\t\t\t<div class=\"elementor-element elementor-element-2c759736 elementor-widget elementor-widget-text-editor\" data-id=\"2c759736\" data-element_type=\"widget\" data-widget_type=\"text-editor.default\">\n\t\t\t\t<div class=\"elementor-widget-container\">\n\t\t\t\t\t\t\t\t\t<p>Technologies avanc\u00e9es et de derni\u00e8re g\u00e9n\u00e9ration pour la gravure et le marquage laser sur mati\u00e8res plastiques<\/p>\n\t\t\t\t\t\t\t\t<\/div>\n\t\t\t\t<\/div>\n\t\t\t\t\t<\/div>\n\t\t<\/div>\n\t\t\t\t<div class=\"elementor-column elementor-col-33 elementor-top-column elementor-element elementor-element-320390a6\" data-id=\"320390a6\" data-element_type=\"column\">\n\t\t\t<div class=\"elementor-widget-wrap\">\n\t\t\t\t\t\t\t<\/div>\n\t\t<\/div>\n\t\t\t\t\t<\/div>\n\t\t<\/section>\n\t\t\t\t<section class=\"elementor-section elementor-top-section elementor-element elementor-element-2bfa7acd elementor-reverse-mobile elementor-section-boxed elementor-section-height-default elementor-section-height-default\" data-id=\"2bfa7acd\" data-element_type=\"section\">\n\t\t\t\t\t\t<div class=\"elementor-container elementor-column-gap-no\">\n\t\t\t\t\t<div class=\"elementor-column elementor-col-50 elementor-top-column elementor-element elementor-element-5ed9951e\" data-id=\"5ed9951e\" data-element_type=\"column\">\n\t\t\t<div class=\"elementor-widget-wrap elementor-element-populated\">\n\t\t\t\t\t\t<section class=\"elementor-section elementor-inner-section elementor-element elementor-element-175b3102 elementor-section-boxed elementor-section-height-default elementor-section-height-default\" data-id=\"175b3102\" data-element_type=\"section\">\n\t\t\t\t\t\t<div class=\"elementor-container elementor-column-gap-default\">\n\t\t\t\t\t<div class=\"elementor-column elementor-col-100 elementor-inner-column elementor-element elementor-element-3d07e6d2\" data-id=\"3d07e6d2\" data-element_type=\"column\" data-settings=\"{&quot;background_background&quot;:&quot;classic&quot;}\">\n\t\t\t<div class=\"elementor-widget-wrap elementor-element-populated\">\n\t\t\t\t\t\t<div class=\"elementor-element elementor-element-326dd9cc elementor-widget elementor-widget-image\" data-id=\"326dd9cc\" data-element_type=\"widget\" data-widget_type=\"image.default\">\n\t\t\t\t<div class=\"elementor-widget-container\">\n\t\t\t\t\t\t\t\t\t\t\t\t\t\t\t<img fetchpriority=\"high\" decoding=\"async\" width=\"500\" height=\"500\" src=\"https:\/\/bestlasermarking.com\/wp-content\/uploads\/2022\/12\/incisione-plastica-3d.webp\" class=\"attachment-large size-large wp-image-1352\" alt=\"\" srcset=\"https:\/\/bestlasermarking.com\/wp-content\/uploads\/2022\/12\/incisione-plastica-3d.webp 500w, https:\/\/bestlasermarking.com\/wp-content\/uploads\/2022\/12\/incisione-plastica-3d-300x300.webp 300w, https:\/\/bestlasermarking.com\/wp-content\/uploads\/2022\/12\/incisione-plastica-3d-150x150.webp 150w, https:\/\/bestlasermarking.com\/wp-content\/uploads\/2022\/12\/incisione-plastica-3d-12x12.webp 12w\" sizes=\"(max-width: 500px) 100vw, 500px\" \/>\t\t\t\t\t\t\t\t\t\t\t\t\t\t\t<\/div>\n\t\t\t\t<\/div>\n\t\t\t\t\t<\/div>\n\t\t<\/div>\n\t\t\t\t\t<\/div>\n\t\t<\/section>\n\t\t\t\t<section class=\"elementor-section elementor-inner-section elementor-element elementor-element-29fa7ee6 elementor-section-boxed elementor-section-height-default elementor-section-height-default\" data-id=\"29fa7ee6\" data-element_type=\"section\">\n\t\t\t\t\t\t<div class=\"elementor-container elementor-column-gap-default\">\n\t\t\t\t\t<div class=\"elementor-column elementor-col-50 elementor-inner-column elementor-element elementor-element-1898c14\" data-id=\"1898c14\" data-element_type=\"column\">\n\t\t\t<div class=\"elementor-widget-wrap elementor-element-populated\">\n\t\t\t\t\t\t<div class=\"elementor-element elementor-element-65c186db elementor-widget elementor-widget-image\" data-id=\"65c186db\" data-element_type=\"widget\" data-widget_type=\"image.default\">\n\t\t\t\t<div class=\"elementor-widget-container\">\n\t\t\t\t\t\t\t\t\t\t\t\t\t\t\t<img decoding=\"async\" src=\"https:\/\/bestlasermarking.com\/wp-content\/uploads\/elementor\/thumbs\/marcatura-laser-plastica-pz9a8tcua34ygmnl3r24mexutzrjn6774z2ze8hyfc.webp\" title=\"marcatura-laser-plastica\" alt=\"marcatura-laser-plastica\" loading=\"lazy\" \/>\t\t\t\t\t\t\t\t\t\t\t\t\t\t\t<\/div>\n\t\t\t\t<\/div>\n\t\t\t\t\t<\/div>\n\t\t<\/div>\n\t\t\t\t<div class=\"elementor-column elementor-col-50 elementor-inner-column elementor-element elementor-element-20474d7f\" data-id=\"20474d7f\" data-element_type=\"column\">\n\t\t\t<div class=\"elementor-widget-wrap elementor-element-populated\">\n\t\t\t\t\t\t<div class=\"elementor-element elementor-element-3fd05882 elementor-widget elementor-widget-image\" data-id=\"3fd05882\" data-element_type=\"widget\" data-widget_type=\"image.default\">\n\t\t\t\t<div class=\"elementor-widget-container\">\n\t\t\t\t\t\t\t\t\t\t\t\t\t\t\t<img decoding=\"async\" src=\"https:\/\/bestlasermarking.com\/wp-content\/uploads\/elementor\/thumbs\/plastica-marcatura-laser-pz9aa91ypz3q76khpvelxjw7i6oqeiwfo2yosgdax4.webp\" title=\"plastica-marcatura-laser\" alt=\"plastica-marcatura-laser\" loading=\"lazy\" \/>\t\t\t\t\t\t\t\t\t\t\t\t\t\t\t<\/div>\n\t\t\t\t<\/div>\n\t\t\t\t\t<\/div>\n\t\t<\/div>\n\t\t\t\t\t<\/div>\n\t\t<\/section>\n\t\t\t\t\t<\/div>\n\t\t<\/div>\n\t\t\t\t<div class=\"elementor-column elementor-col-50 elementor-top-column elementor-element elementor-element-73578476\" data-id=\"73578476\" data-element_type=\"column\">\n\t\t\t<div class=\"elementor-widget-wrap elementor-element-populated\">\n\t\t\t\t\t\t<section class=\"elementor-section elementor-inner-section elementor-element elementor-element-7c513c7a elementor-reverse-mobile elementor-section-boxed elementor-section-height-default elementor-section-height-default\" data-id=\"7c513c7a\" data-element_type=\"section\">\n\t\t\t\t\t\t<div class=\"elementor-container elementor-column-gap-default\">\n\t\t\t\t\t<div class=\"elementor-column elementor-col-100 elementor-inner-column elementor-element elementor-element-5a645e7c\" data-id=\"5a645e7c\" data-element_type=\"column\">\n\t\t\t<div class=\"elementor-widget-wrap elementor-element-populated\">\n\t\t\t\t\t\t<div class=\"elementor-element elementor-element-4a012816 elementor-widget__width-auto elementor-widget-divider--view-line elementor-widget elementor-widget-divider\" data-id=\"4a012816\" data-element_type=\"widget\" data-widget_type=\"divider.default\">\n\t\t\t\t<div class=\"elementor-widget-container\">\n\t\t\t\t\t\t\t<div class=\"elementor-divider\">\n\t\t\t<span class=\"elementor-divider-separator\">\n\t\t\t\t\t\t<\/span>\n\t\t<\/div>\n\t\t\t\t\t\t<\/div>\n\t\t\t\t<\/div>\n\t\t\t\t<div class=\"elementor-element elementor-element-194716d4 elementor-widget__width-auto elementor-widget elementor-widget-heading\" data-id=\"194716d4\" data-element_type=\"widget\" data-widget_type=\"heading.default\">\n\t\t\t\t<div class=\"elementor-widget-container\">\n\t\t\t\t\t<h2 class=\"elementor-heading-title elementor-size-default\">Marquage laser sur plastique<\/h2>\t\t\t\t<\/div>\n\t\t\t\t<\/div>\n\t\t\t\t<div class=\"elementor-element elementor-element-2221107e elementor-widget elementor-widget-spacer\" data-id=\"2221107e\" data-element_type=\"widget\" data-widget_type=\"spacer.default\">\n\t\t\t\t<div class=\"elementor-widget-container\">\n\t\t\t\t\t\t\t<div class=\"elementor-spacer\">\n\t\t\t<div class=\"elementor-spacer-inner\"><\/div>\n\t\t<\/div>\n\t\t\t\t\t\t<\/div>\n\t\t\t\t<\/div>\n\t\t\t\t<div class=\"elementor-element elementor-element-6f25b857 elementor-widget elementor-widget-text-editor\" data-id=\"6f25b857\" data-element_type=\"widget\" data-widget_type=\"text-editor.default\">\n\t\t\t\t<div class=\"elementor-widget-container\">\n\t\t\t\t\t\t\t\t\t<p>Le <strong>marquage du plastique<\/strong> est le processus consistant \u00e0 placer une marque ou une \u00e9tiquette sur une surface en plastique pour identifier le mat\u00e9riau, fournir des informations ou transmettre un message.<\/p>\n<p>Il existe plusieurs fa\u00e7ons de marquer le plastique, selon le type de plastique et le r\u00e9sultat souhait\u00e9.<\/p>\n<p>L&rsquo;une des techniques couramment utilis\u00e9es pour marquer le plastique est le marquage \u00e0 chaud, qui consiste \u00e0 utiliser une imprimante pour chauffer une matrice m\u00e9tallique afin d&rsquo;imprimer la marque ou l&rsquo;\u00e9tiquette sur la surface du plastique.<\/p>\n<p>D&rsquo;autres techniques courantes incluent le <strong>marquage laser<\/strong>, qui utilise un faisceau laser pour graver la marque ou l&rsquo;\u00e9tiquette sur la surface du plastique, et le marquage chimique, qui utilise une solution chimique pour cr\u00e9er une r\u00e9action chimique qui produit la marque ou l&rsquo;\u00e9tiquette sur la surface du plastique. Plastique.<\/p>\n<p>Le choix de la m\u00e9thode de marquage d\u00e9pend des besoins sp\u00e9cifiques du projet et des caract\u00e9ristiques du plastique, telles que l&rsquo;\u00e9paisseur, le type de plastique et les conditions d&rsquo;utilisation attendues. Il est important de proc\u00e9der \u00e0 une \u00e9valuation minutieuse des options disponibles afin de choisir la m\u00e9thode de marquage la plus appropri\u00e9e pour votre projet.<\/p>\n\t\t\t\t\t\t\t\t<\/div>\n\t\t\t\t<\/div>\n\t\t\t\t\t<\/div>\n\t\t<\/div>\n\t\t\t\t\t<\/div>\n\t\t<\/section>\n\t\t\t\t\t<\/div>\n\t\t<\/div>\n\t\t\t\t\t<\/div>\n\t\t<\/section>\n\t\t\t\t<section class=\"elementor-section elementor-top-section elementor-element elementor-element-7d8b6f37 elementor-section-boxed elementor-section-height-default elementor-section-height-default\" data-id=\"7d8b6f37\" data-element_type=\"section\" data-settings=\"{&quot;background_background&quot;:&quot;classic&quot;}\">\n\t\t\t\t\t\t<div class=\"elementor-container elementor-column-gap-default\">\n\t\t\t\t\t<div class=\"elementor-column elementor-col-100 elementor-top-column elementor-element elementor-element-3ac0279\" data-id=\"3ac0279\" data-element_type=\"column\">\n\t\t\t<div class=\"elementor-widget-wrap elementor-element-populated\">\n\t\t\t\t\t\t<section class=\"elementor-section elementor-inner-section elementor-element elementor-element-65a07cdc elementor-section-boxed elementor-section-height-default elementor-section-height-default\" data-id=\"65a07cdc\" data-element_type=\"section\">\n\t\t\t\t\t\t<div class=\"elementor-container elementor-column-gap-default\">\n\t\t\t\t\t<div class=\"elementor-column elementor-col-100 elementor-inner-column elementor-element elementor-element-66500928\" data-id=\"66500928\" data-element_type=\"column\">\n\t\t\t<div class=\"elementor-widget-wrap elementor-element-populated\">\n\t\t\t\t\t\t<div class=\"elementor-element elementor-element-4127b683 elementor-widget__width-auto elementor-widget-divider--view-line elementor-widget elementor-widget-divider\" data-id=\"4127b683\" data-element_type=\"widget\" data-widget_type=\"divider.default\">\n\t\t\t\t<div class=\"elementor-widget-container\">\n\t\t\t\t\t\t\t<div class=\"elementor-divider\">\n\t\t\t<span class=\"elementor-divider-separator\">\n\t\t\t\t\t\t<\/span>\n\t\t<\/div>\n\t\t\t\t\t\t<\/div>\n\t\t\t\t<\/div>\n\t\t\t\t<div class=\"elementor-element elementor-element-75a5d14 elementor-widget__width-auto elementor-widget elementor-widget-heading\" data-id=\"75a5d14\" data-element_type=\"widget\" data-widget_type=\"heading.default\">\n\t\t\t\t<div class=\"elementor-widget-container\">\n\t\t\t\t\t<h2 class=\"elementor-heading-title elementor-size-default\">Peut-on graver sur du plastique ?<\/h2>\t\t\t\t<\/div>\n\t\t\t\t<\/div>\n\t\t\t\t<div class=\"elementor-element elementor-element-17d2a179 elementor-widget elementor-widget-spacer\" data-id=\"17d2a179\" data-element_type=\"widget\" data-widget_type=\"spacer.default\">\n\t\t\t\t<div class=\"elementor-widget-container\">\n\t\t\t\t\t\t\t<div class=\"elementor-spacer\">\n\t\t\t<div class=\"elementor-spacer-inner\"><\/div>\n\t\t<\/div>\n\t\t\t\t\t\t<\/div>\n\t\t\t\t<\/div>\n\t\t\t\t<div class=\"elementor-element elementor-element-4e12b584 elementor-widget elementor-widget-text-editor\" data-id=\"4e12b584\" data-element_type=\"widget\" data-widget_type=\"text-editor.default\">\n\t\t\t\t<div class=\"elementor-widget-container\">\n\t\t\t\t\t\t\t\t\t<p>Oui, il est possible de graver du plastique en utilisant diverses techniques, comme le marquage laser ou la gravure m\u00e9canique.<\/p>\n<p>Le <strong>marquage laser<\/strong> est une m\u00e9thode populaire de <strong>gravure du plastique,<\/strong> qui consiste \u00e0 utiliser un faisceau laser de haute intensit\u00e9 pour \u00e9liminer la mati\u00e8re de la surface du plastique. Le laser est focalis\u00e9 sur la surface du plastique, cr\u00e9ant une \u00e9tincelle qui vaporise le mat\u00e9riau et laisse une marque grav\u00e9e sur la surface. Le marquage laser est pr\u00e9cis et capable de produire des marques de haute qualit\u00e9, mais peut \u00eatre co\u00fbteux et n\u00e9cessiter l&rsquo;utilisation d&rsquo;\u00e9quipements sp\u00e9cialis\u00e9s.<\/p>\n<p>La gravure m\u00e9canique est une autre option pour graver le plastique, qui implique l&rsquo;utilisation d&rsquo;un outil m\u00e9canique, tel qu&rsquo;une fraise ou une m\u00e8che diamant\u00e9e, pour enlever de la mati\u00e8re de la surface du plastique. La gravure m\u00e9canique peut \u00eatre utilis\u00e9e pour cr\u00e9er des marques profondes ou l\u00e9g\u00e8res et peut \u00eatre r\u00e9alis\u00e9e avec des \u00e9quipements de production de masse ou des outils manuels. Cependant, la gravure m\u00e9canique peut \u00eatre moins pr\u00e9cise que le marquage laser et n\u00e9cessiter plus de temps et d\u2019efforts.<\/p>\n<p>Comme pour toute technique de gravure, il est important de suivre les instructions du fabricant et d\u2019utiliser l\u2019\u00e9quipement et les \u00e9quipements de protection n\u00e9cessaires pour assurer la s\u00e9curit\u00e9 pendant le processus.<\/p>\n\t\t\t\t\t\t\t\t<\/div>\n\t\t\t\t<\/div>\n\t\t\t\t\t<\/div>\n\t\t<\/div>\n\t\t\t\t\t<\/div>\n\t\t<\/section>\n\t\t\t\t<section class=\"elementor-section elementor-inner-section elementor-element elementor-element-0a39cdd elementor-section-boxed elementor-section-height-default elementor-section-height-default\" data-id=\"0a39cdd\" data-element_type=\"section\">\n\t\t\t\t\t\t<div class=\"elementor-container elementor-column-gap-default\">\n\t\t\t\t\t<div class=\"elementor-column elementor-col-100 elementor-inner-column elementor-element elementor-element-0a6d475\" data-id=\"0a6d475\" data-element_type=\"column\">\n\t\t\t<div class=\"elementor-widget-wrap elementor-element-populated\">\n\t\t\t\t\t\t<div class=\"elementor-element elementor-element-0e94e81 elementor-widget__width-auto elementor-widget-divider--view-line elementor-widget elementor-widget-divider\" data-id=\"0e94e81\" data-element_type=\"widget\" data-widget_type=\"divider.default\">\n\t\t\t\t<div class=\"elementor-widget-container\">\n\t\t\t\t\t\t\t<div class=\"elementor-divider\">\n\t\t\t<span class=\"elementor-divider-separator\">\n\t\t\t\t\t\t<\/span>\n\t\t<\/div>\n\t\t\t\t\t\t<\/div>\n\t\t\t\t<\/div>\n\t\t\t\t<div class=\"elementor-element elementor-element-d9d38fb elementor-widget__width-auto elementor-widget elementor-widget-heading\" data-id=\"d9d38fb\" data-element_type=\"widget\" data-widget_type=\"heading.default\">\n\t\t\t\t<div class=\"elementor-widget-container\">\n\t\t\t\t\t<h2 class=\"elementor-heading-title elementor-size-default\">Machines de marquage laser du plastique<\/h2>\t\t\t\t<\/div>\n\t\t\t\t<\/div>\n\t\t\t\t<div class=\"elementor-element elementor-element-6e22f17 elementor-widget elementor-widget-spacer\" data-id=\"6e22f17\" data-element_type=\"widget\" data-widget_type=\"spacer.default\">\n\t\t\t\t<div class=\"elementor-widget-container\">\n\t\t\t\t\t\t\t<div class=\"elementor-spacer\">\n\t\t\t<div class=\"elementor-spacer-inner\"><\/div>\n\t\t<\/div>\n\t\t\t\t\t\t<\/div>\n\t\t\t\t<\/div>\n\t\t\t\t<div class=\"elementor-element elementor-element-a26d2e2 elementor-widget elementor-widget-text-editor\" data-id=\"a26d2e2\" data-element_type=\"widget\" data-widget_type=\"text-editor.default\">\n\t\t\t\t<div class=\"elementor-widget-container\">\n\t\t\t\t\t\t\t\t\t<p>Le marquage laser sur plastique, domaine technologique en \u00e9volution rapide, se distingue par sa capacit\u00e9 \u00e0 r\u00e9aliser des marquages \u200b\u200bpermanents, pr\u00e9cis et de haute qualit\u00e9 sur une large gamme de mati\u00e8res plastiques. Ce proc\u00e9d\u00e9 utilise diff\u00e9rentes techniques, chacune ayant des caract\u00e9ristiques uniques et adapt\u00e9es \u00e0 des types sp\u00e9cifiques de plastique.<\/p>\n<h4>Techniques de marquage laser sur plastique<\/h4>\n<ol>\n<li>\n<p><strong>Gravure laser<\/strong> : Cette technique enl\u00e8ve de la mati\u00e8re de la surface du plastique \u00e0 l&rsquo;aide du faisceau laser, qui la fait fondre et la vaporise. Il est id\u00e9al pour cr\u00e9er des marques profondes et distinctes sur diff\u00e9rents types de plastique.<\/p>\n<\/li>\n<li>\n<p><strong>Gravure au laser<\/strong> : tout comme la gravure, la gravure au laser cr\u00e9e des marques moins profondes en chauffant et en faisant fondre la surface du plastique. Cette m\u00e9thode est particuli\u00e8rement adapt\u00e9e aux mat\u00e9riaux plus fins n\u00e9cessitant des marquages \u200b\u200bmoins profonds.<\/p>\n<\/li>\n<li>\n<p><strong>Recuit au laser<\/strong> : utilis\u00e9e principalement sur les plastiques tels que l&rsquo;acier, le titane et l&rsquo;acier inoxydable, cette technique n&rsquo;enl\u00e8ve pas de mati\u00e8re mais provoque un changement chimique sous la surface, cr\u00e9ant des marquages \u200b\u200bcolor\u00e9s.<\/p>\n<\/li>\n<li>\n<p><strong>Ablation laser<\/strong> : Cette m\u00e9thode \u00e9limine s\u00e9lectivement les fines couches de la surface d&rsquo;un mat\u00e9riau et est utile pour enlever la peinture ou les films minces.<\/p>\n<\/li>\n<li>\n<p><strong>Moussage<\/strong> : Dans ce processus, le laser fait fondre s\u00e9lectivement le mat\u00e9riau de la matrice, cr\u00e9ant des bulles de gaz qui restent pi\u00e9g\u00e9es pendant le refroidissement. Les marques qui en r\u00e9sultent sont en relief et apparaissent brillantes sur du plastique fonc\u00e9.<\/p>\n<\/li>\n<li>\n<p><strong>Changement de couleur<\/strong> : y compris la d\u00e9coloration, le blanchiment et la carbonisation. Cette m\u00e9thode utilise l\u2019\u00e9nergie d\u2019un faisceau laser pour modifier ou d\u00e9grader la structure de mol\u00e9cules sp\u00e9cifiques, telles que les pigments de couleur.<\/p>\n<\/li>\n<\/ol>\n<h4>Consid\u00e9rations importantes<\/h4>\n<ul>\n<li>\n<p><strong>Choix du laser : Le choix du type de laser d\u00e9pend du mat\u00e9riau plastique et de l&rsquo;application sp\u00e9cifique.<\/strong> Les lasers \u00e0 fibre sont efficaces et pr\u00e9cis, id\u00e9aux pour graver des plastiques plus r\u00e9sistants et obtenir des marquages \u200b\u200btr\u00e8s contrast\u00e9s. Les lasers CO2 sont polyvalents et adapt\u00e9s \u00e0 la gravure de plastiques plus souples.<\/p>\n<\/li>\n<li>\n<p><strong>Mat\u00e9riaux plastiques<\/strong> : Diff\u00e9rents types de plastique r\u00e9agissent diff\u00e9remment au marquage laser. Par exemple, le polypropyl\u00e8ne (PP) et le poly\u00e9thyl\u00e8ne t\u00e9r\u00e9phtalate (PET) r\u00e9pondent bien au marquage laser, notamment lorsqu&rsquo;ils sont trait\u00e9s avec un laser \u00e0 fibre. Le PVC n\u00e9cessite des pr\u00e9cautions en raison du d\u00e9gagement potentiel de vapeurs toxiques, tandis que le nylon (PA) produit des marquages \u200b\u200bclairs et durables.<\/p>\n<\/li>\n<li>\n<p><strong>Profondeur de marquage<\/strong> : La profondeur du marquage laser sur le plastique d\u00e9pend de la puissance, de la vitesse et du type de plastique du laser. Il est essentiel d\u2019optimiser ces param\u00e8tres pour obtenir la profondeur de marquage souhait\u00e9e sans nuire \u00e0 l\u2019int\u00e9grit\u00e9 de la pi\u00e8ce plastique.<\/p>\n<\/li>\n<li>\n<p><strong>Qualit\u00e9 et pr\u00e9cision<\/strong> : Il est essentiel de garantir que le marquage r\u00e9pond \u00e0 des normes \u00e9lev\u00e9es de qualit\u00e9 et de pr\u00e9cision. Le choix d\u2019un service de marquage laser fiable et exp\u00e9riment\u00e9 dans le traitement de diff\u00e9rents types de plastique est crucial pour obtenir des r\u00e9sultats optimaux.<\/p>\n<\/li>\n<\/ul>\n\t\t\t\t\t\t\t\t<\/div>\n\t\t\t\t<\/div>\n\t\t\t\t\t<\/div>\n\t\t<\/div>\n\t\t\t\t\t<\/div>\n\t\t<\/section>\n\t\t\t\t\t<\/div>\n\t\t<\/div>\n\t\t\t\t\t<\/div>\n\t\t<\/section>\n\t\t\t\t<section class=\"elementor-section elementor-top-section elementor-element elementor-element-2cca0281 elementor-section-boxed elementor-section-height-default elementor-section-height-default\" data-id=\"2cca0281\" data-element_type=\"section\">\n\t\t\t\t\t\t<div class=\"elementor-container elementor-column-gap-default\">\n\t\t\t\t\t<div class=\"elementor-column elementor-col-100 elementor-top-column elementor-element elementor-element-2f063f53\" data-id=\"2f063f53\" data-element_type=\"column\">\n\t\t\t<div class=\"elementor-widget-wrap\">\n\t\t\t\t\t\t\t<\/div>\n\t\t<\/div>\n\t\t\t\t\t<\/div>\n\t\t<\/section>\n\t\t\t\t<\/div>\n\t\t","protected":false},"excerpt":{"rendered":"<p>MARQUAGE LASER SUR PLASTIQUE Technologies avanc\u00e9es et de derni\u00e8re g\u00e9n\u00e9ration pour la gravure et le marquage laser sur mati\u00e8res plastiques Marquage laser sur plastique Le marquage du plastique est le processus consistant \u00e0 placer une marque ou une \u00e9tiquette sur une surface en plastique pour identifier le mat\u00e9riau, fournir des informations ou transmettre un message. [&hellip;]<\/p>\n","protected":false},"author":1,"featured_media":0,"parent":0,"menu_order":0,"comment_status":"closed","ping_status":"closed","template":"elementor_header_footer","meta":{"footnotes":""},"class_list":["post-950","page","type-page","status-publish","hentry"],"_links":{"self":[{"href":"https:\/\/bestlasermarking.com\/fr\/wp-json\/wp\/v2\/pages\/950","targetHints":{"allow":["GET"]}}],"collection":[{"href":"https:\/\/bestlasermarking.com\/fr\/wp-json\/wp\/v2\/pages"}],"about":[{"href":"https:\/\/bestlasermarking.com\/fr\/wp-json\/wp\/v2\/types\/page"}],"author":[{"embeddable":true,"href":"https:\/\/bestlasermarking.com\/fr\/wp-json\/wp\/v2\/users\/1"}],"replies":[{"embeddable":true,"href":"https:\/\/bestlasermarking.com\/fr\/wp-json\/wp\/v2\/comments?post=950"}],"version-history":[{"count":1,"href":"https:\/\/bestlasermarking.com\/fr\/wp-json\/wp\/v2\/pages\/950\/revisions"}],"predecessor-version":[{"id":951,"href":"https:\/\/bestlasermarking.com\/fr\/wp-json\/wp\/v2\/pages\/950\/revisions\/951"}],"wp:attachment":[{"href":"https:\/\/bestlasermarking.com\/fr\/wp-json\/wp\/v2\/media?parent=950"}],"curies":[{"name":"wp","href":"https:\/\/api.w.org\/{rel}","templated":true}]}}