{"id":970,"date":"2022-12-21T14:13:41","date_gmt":"2022-12-21T14:13:41","guid":{"rendered":"https:\/\/bestlasermarking.com\/marquage-laser-du-bois\/"},"modified":"2024-01-31T14:02:05","modified_gmt":"2024-01-31T14:02:05","slug":"marquage-laser-du-bois","status":"publish","type":"page","link":"https:\/\/bestlasermarking.com\/fr\/marquage-laser-du-bois\/","title":{"rendered":"Marquage laser du bois"},"content":{"rendered":"\t\t<div data-elementor-type=\"wp-page\" data-elementor-id=\"970\" class=\"elementor elementor-970 elementor-453\" data-elementor-post-type=\"page\">\n\t\t\t\t\t\t<section class=\"elementor-section elementor-top-section elementor-element elementor-element-18f18763 elementor-section-height-min-height elementor-section-boxed elementor-section-height-default elementor-section-items-middle\" data-id=\"18f18763\" data-element_type=\"section\" data-settings=\"{&quot;background_background&quot;:&quot;slideshow&quot;,&quot;background_slideshow_gallery&quot;:[{&quot;id&quot;:455,&quot;url&quot;:&quot;https:\\\/\\\/bestlasermarking.com\\\/wp-content\\\/uploads\\\/2022\\\/12\\\/incisione-laser-del-legno.webp&quot;}],&quot;background_slideshow_ken_burns&quot;:&quot;yes&quot;,&quot;background_slideshow_loop&quot;:&quot;yes&quot;,&quot;background_slideshow_slide_duration&quot;:5000,&quot;background_slideshow_slide_transition&quot;:&quot;fade&quot;,&quot;background_slideshow_transition_duration&quot;:500,&quot;background_slideshow_ken_burns_zoom_direction&quot;:&quot;in&quot;}\">\n\t\t\t\t\t\t\t<div class=\"elementor-background-overlay\"><\/div>\n\t\t\t\t\t\t\t<div class=\"elementor-container elementor-column-gap-default\">\n\t\t\t\t\t<div class=\"elementor-column elementor-col-66 elementor-top-column elementor-element elementor-element-45e3b566\" data-id=\"45e3b566\" data-element_type=\"column\">\n\t\t\t<div class=\"elementor-widget-wrap elementor-element-populated\">\n\t\t\t\t\t\t<div class=\"elementor-element elementor-element-c498449 elementor-widget elementor-widget-heading\" data-id=\"c498449\" data-element_type=\"widget\" data-widget_type=\"heading.default\">\n\t\t\t\t<div class=\"elementor-widget-container\">\n\t\t\t\t\t<h1 class=\"elementor-heading-title elementor-size-default\"><strong> MARQUAGE LASER SUR BOIS<\/strong><\/h1>\t\t\t\t<\/div>\n\t\t\t\t<\/div>\n\t\t\t\t<div class=\"elementor-element elementor-element-2c759736 elementor-widget elementor-widget-text-editor\" data-id=\"2c759736\" data-element_type=\"widget\" data-widget_type=\"text-editor.default\">\n\t\t\t\t<div class=\"elementor-widget-container\">\n\t\t\t\t\t\t\t\t\t<p>Technologies avanc\u00e9es et de derni\u00e8re g\u00e9n\u00e9ration pour la gravure et le marquage laser sur mati\u00e8res plastiques<\/p>\n\t\t\t\t\t\t\t\t<\/div>\n\t\t\t\t<\/div>\n\t\t\t\t\t<\/div>\n\t\t<\/div>\n\t\t\t\t<div class=\"elementor-column elementor-col-33 elementor-top-column elementor-element elementor-element-320390a6\" data-id=\"320390a6\" data-element_type=\"column\">\n\t\t\t<div class=\"elementor-widget-wrap\">\n\t\t\t\t\t\t\t<\/div>\n\t\t<\/div>\n\t\t\t\t\t<\/div>\n\t\t<\/section>\n\t\t\t\t<section class=\"elementor-section elementor-top-section elementor-element elementor-element-2bfa7acd elementor-reverse-mobile elementor-section-boxed elementor-section-height-default elementor-section-height-default\" data-id=\"2bfa7acd\" data-element_type=\"section\">\n\t\t\t\t\t\t<div class=\"elementor-container elementor-column-gap-no\">\n\t\t\t\t\t<div class=\"elementor-column elementor-col-50 elementor-top-column elementor-element elementor-element-5ed9951e\" data-id=\"5ed9951e\" data-element_type=\"column\">\n\t\t\t<div class=\"elementor-widget-wrap elementor-element-populated\">\n\t\t\t\t\t\t<section class=\"elementor-section elementor-inner-section elementor-element elementor-element-175b3102 elementor-section-boxed elementor-section-height-default elementor-section-height-default\" data-id=\"175b3102\" data-element_type=\"section\">\n\t\t\t\t\t\t<div class=\"elementor-container elementor-column-gap-default\">\n\t\t\t\t\t<div class=\"elementor-column elementor-col-100 elementor-inner-column elementor-element elementor-element-3d07e6d2\" data-id=\"3d07e6d2\" data-element_type=\"column\" data-settings=\"{&quot;background_background&quot;:&quot;classic&quot;}\">\n\t\t\t<div class=\"elementor-widget-wrap elementor-element-populated\">\n\t\t\t\t\t\t<div class=\"elementor-element elementor-element-326dd9cc elementor-widget elementor-widget-image\" data-id=\"326dd9cc\" data-element_type=\"widget\" data-widget_type=\"image.default\">\n\t\t\t\t<div class=\"elementor-widget-container\">\n\t\t\t\t\t\t\t\t\t\t\t\t\t\t\t<img fetchpriority=\"high\" decoding=\"async\" width=\"717\" height=\"541\" src=\"https:\/\/bestlasermarking.com\/wp-content\/uploads\/2022\/12\/incisione-laser-del-legno.webp\" class=\"attachment-large size-large wp-image-1226\" alt=\"incisione-laser-del-legno\" srcset=\"https:\/\/bestlasermarking.com\/wp-content\/uploads\/2022\/12\/incisione-laser-del-legno.webp 717w, https:\/\/bestlasermarking.com\/wp-content\/uploads\/2022\/12\/incisione-laser-del-legno-300x226.webp 300w, https:\/\/bestlasermarking.com\/wp-content\/uploads\/2022\/12\/incisione-laser-del-legno-16x12.webp 16w\" sizes=\"(max-width: 717px) 100vw, 717px\" \/>\t\t\t\t\t\t\t\t\t\t\t\t\t\t\t<\/div>\n\t\t\t\t<\/div>\n\t\t\t\t\t<\/div>\n\t\t<\/div>\n\t\t\t\t\t<\/div>\n\t\t<\/section>\n\t\t\t\t<section class=\"elementor-section elementor-inner-section elementor-element elementor-element-29fa7ee6 elementor-section-boxed elementor-section-height-default elementor-section-height-default\" data-id=\"29fa7ee6\" data-element_type=\"section\">\n\t\t\t\t\t\t<div class=\"elementor-container elementor-column-gap-default\">\n\t\t\t\t\t<div class=\"elementor-column elementor-col-100 elementor-inner-column elementor-element elementor-element-1898c14\" data-id=\"1898c14\" data-element_type=\"column\">\n\t\t\t<div class=\"elementor-widget-wrap elementor-element-populated\">\n\t\t\t\t\t\t<div class=\"elementor-element elementor-element-65c186db elementor-widget elementor-widget-image\" data-id=\"65c186db\" data-element_type=\"widget\" data-widget_type=\"image.default\">\n\t\t\t\t<div class=\"elementor-widget-container\">\n\t\t\t\t\t\t\t\t\t\t\t\t\t\t\t<img decoding=\"async\" src=\"https:\/\/bestlasermarking.com\/wp-content\/uploads\/elementor\/thumbs\/marcatura-laser-legno-pzhrdb2oz42uvv2fdux0willzmlnf9vep5v4uxokug.webp\" title=\"marcatura-laser-legno\" alt=\"marcatura-laser-legno\" loading=\"lazy\" \/>\t\t\t\t\t\t\t\t\t\t\t\t\t\t\t<\/div>\n\t\t\t\t<\/div>\n\t\t\t\t\t<\/div>\n\t\t<\/div>\n\t\t\t\t\t<\/div>\n\t\t<\/section>\n\t\t\t\t\t<\/div>\n\t\t<\/div>\n\t\t\t\t<div class=\"elementor-column elementor-col-50 elementor-top-column elementor-element elementor-element-73578476\" data-id=\"73578476\" data-element_type=\"column\">\n\t\t\t<div class=\"elementor-widget-wrap elementor-element-populated\">\n\t\t\t\t\t\t<section class=\"elementor-section elementor-inner-section elementor-element elementor-element-7c513c7a elementor-reverse-mobile elementor-section-boxed elementor-section-height-default elementor-section-height-default\" data-id=\"7c513c7a\" data-element_type=\"section\">\n\t\t\t\t\t\t<div class=\"elementor-container elementor-column-gap-default\">\n\t\t\t\t\t<div class=\"elementor-column elementor-col-100 elementor-inner-column elementor-element elementor-element-5a645e7c\" data-id=\"5a645e7c\" data-element_type=\"column\">\n\t\t\t<div class=\"elementor-widget-wrap elementor-element-populated\">\n\t\t\t\t\t\t<div class=\"elementor-element elementor-element-4a012816 elementor-widget__width-auto elementor-widget-divider--view-line elementor-widget elementor-widget-divider\" data-id=\"4a012816\" data-element_type=\"widget\" data-widget_type=\"divider.default\">\n\t\t\t\t<div class=\"elementor-widget-container\">\n\t\t\t\t\t\t\t<div class=\"elementor-divider\">\n\t\t\t<span class=\"elementor-divider-separator\">\n\t\t\t\t\t\t<\/span>\n\t\t<\/div>\n\t\t\t\t\t\t<\/div>\n\t\t\t\t<\/div>\n\t\t\t\t<div class=\"elementor-element elementor-element-194716d4 elementor-widget__width-auto elementor-widget elementor-widget-heading\" data-id=\"194716d4\" data-element_type=\"widget\" data-widget_type=\"heading.default\">\n\t\t\t\t<div class=\"elementor-widget-container\">\n\t\t\t\t\t<h2 class=\"elementor-heading-title elementor-size-default\">Marquage laser sur bois<\/h2>\t\t\t\t<\/div>\n\t\t\t\t<\/div>\n\t\t\t\t<div class=\"elementor-element elementor-element-2221107e elementor-widget elementor-widget-spacer\" data-id=\"2221107e\" data-element_type=\"widget\" data-widget_type=\"spacer.default\">\n\t\t\t\t<div class=\"elementor-widget-container\">\n\t\t\t\t\t\t\t<div class=\"elementor-spacer\">\n\t\t\t<div class=\"elementor-spacer-inner\"><\/div>\n\t\t<\/div>\n\t\t\t\t\t\t<\/div>\n\t\t\t\t<\/div>\n\t\t\t\t<div class=\"elementor-element elementor-element-6f25b857 elementor-widget elementor-widget-text-editor\" data-id=\"6f25b857\" data-element_type=\"widget\" data-widget_type=\"text-editor.default\">\n\t\t\t\t<div class=\"elementor-widget-container\">\n\t\t\t\t\t\t\t\t\t<p>Le <strong>marquage laser sur le bois<\/strong> est un processus qui consiste \u00e0 utiliser un laser pour graver ou cr\u00e9er une image sur la surface du bois. Le marquage laser s&rsquo;effectue \u00e0 l&rsquo;aide d&rsquo;un laser \u00e0 diode ou d&rsquo;un laser CO2, qui \u00e9met un faisceau de lumi\u00e8re tr\u00e8s concentr\u00e9 qui peut \u00eatre focalis\u00e9 pour cr\u00e9er des images ou des coupes pr\u00e9cises dans la surface du bois.<\/p>\n<p>Il est utilis\u00e9 dans diverses industries, telles que l\u2019artisanat, l\u2019ameublement, la construction et la signal\u00e9tique. Par exemple, il peut \u00eatre utilis\u00e9 pour cr\u00e9er des \u00e9tiquettes, des panneaux d&rsquo;avertissement, des num\u00e9ros de s\u00e9rie et d&rsquo;autres informations sur les produits en bois. De plus, le marquage laser peut \u00eatre utilis\u00e9 pour cr\u00e9er des images d\u00e9coratives sur des meubles, des jouets, des \u0153uvres d&rsquo;art et d&rsquo;autres objets en bois.<\/p>\n<p>Le <a href=\"https:\/\/bestlasermarking.com\/fr\/\"><strong>marquage laser<\/strong><\/a> est une technique pr\u00e9cise et reproductible, qui permet d&rsquo;obtenir des r\u00e9sultats de haute qualit\u00e9. Il est cependant important de suivre scrupuleusement les instructions d\u2019utilisation du laser et de toujours porter une protection adapt\u00e9e, car le laser peut \u00eatre dangereux s\u2019il n\u2019est pas utilis\u00e9 correctement.<\/p>\n\t\t\t\t\t\t\t\t<\/div>\n\t\t\t\t<\/div>\n\t\t\t\t\t<\/div>\n\t\t<\/div>\n\t\t\t\t\t<\/div>\n\t\t<\/section>\n\t\t\t\t\t<\/div>\n\t\t<\/div>\n\t\t\t\t\t<\/div>\n\t\t<\/section>\n\t\t\t\t<section class=\"elementor-section elementor-top-section elementor-element elementor-element-7d8b6f37 elementor-section-boxed elementor-section-height-default elementor-section-height-default\" data-id=\"7d8b6f37\" data-element_type=\"section\" data-settings=\"{&quot;background_background&quot;:&quot;classic&quot;}\">\n\t\t\t\t\t\t<div class=\"elementor-container elementor-column-gap-default\">\n\t\t\t\t\t<div class=\"elementor-column elementor-col-100 elementor-top-column elementor-element elementor-element-3ac0279\" data-id=\"3ac0279\" data-element_type=\"column\">\n\t\t\t<div class=\"elementor-widget-wrap elementor-element-populated\">\n\t\t\t\t\t\t<section class=\"elementor-section elementor-inner-section elementor-element elementor-element-65a07cdc elementor-section-boxed elementor-section-height-default elementor-section-height-default\" data-id=\"65a07cdc\" data-element_type=\"section\">\n\t\t\t\t\t\t<div class=\"elementor-container elementor-column-gap-default\">\n\t\t\t\t\t<div class=\"elementor-column elementor-col-100 elementor-inner-column elementor-element elementor-element-66500928\" data-id=\"66500928\" data-element_type=\"column\">\n\t\t\t<div class=\"elementor-widget-wrap elementor-element-populated\">\n\t\t\t\t\t\t<div class=\"elementor-element elementor-element-4127b683 elementor-widget__width-auto elementor-widget-divider--view-line elementor-widget elementor-widget-divider\" data-id=\"4127b683\" data-element_type=\"widget\" data-widget_type=\"divider.default\">\n\t\t\t\t<div class=\"elementor-widget-container\">\n\t\t\t\t\t\t\t<div class=\"elementor-divider\">\n\t\t\t<span class=\"elementor-divider-separator\">\n\t\t\t\t\t\t<\/span>\n\t\t<\/div>\n\t\t\t\t\t\t<\/div>\n\t\t\t\t<\/div>\n\t\t\t\t<div class=\"elementor-element elementor-element-75a5d14 elementor-widget__width-auto elementor-widget elementor-widget-heading\" data-id=\"75a5d14\" data-element_type=\"widget\" data-widget_type=\"heading.default\">\n\t\t\t\t<div class=\"elementor-widget-container\">\n\t\t\t\t\t<h2 class=\"elementor-heading-title elementor-size-default\">Peut-on graver au laser sur du bois ?<\/h2>\t\t\t\t<\/div>\n\t\t\t\t<\/div>\n\t\t\t\t<div class=\"elementor-element elementor-element-17d2a179 elementor-widget elementor-widget-spacer\" data-id=\"17d2a179\" data-element_type=\"widget\" data-widget_type=\"spacer.default\">\n\t\t\t\t<div class=\"elementor-widget-container\">\n\t\t\t\t\t\t\t<div class=\"elementor-spacer\">\n\t\t\t<div class=\"elementor-spacer-inner\"><\/div>\n\t\t<\/div>\n\t\t\t\t\t\t<\/div>\n\t\t\t\t<\/div>\n\t\t\t\t<div class=\"elementor-element elementor-element-4e12b584 elementor-widget elementor-widget-text-editor\" data-id=\"4e12b584\" data-element_type=\"widget\" data-widget_type=\"text-editor.default\">\n\t\t\t\t<div class=\"elementor-widget-container\">\n\t\t\t\t\t\t\t\t\t<p><strong>Oui, il est possible de graver du bois au laser.<\/strong> Le laser peut \u00eatre utilis\u00e9 pour cr\u00e9er des images ou du texte sur la surface du bois, ou pour couper du bois avec pr\u00e9cision.<\/p>\n<p>La gravure sur bois au laser est r\u00e9alis\u00e9e \u00e0 l&rsquo;aide d&rsquo;un laser \u00e0 diode ou d&rsquo;un laser CO2, qui \u00e9met un faisceau de lumi\u00e8re hautement concentr\u00e9 qui peut \u00eatre focalis\u00e9 pour cr\u00e9er des images ou des coupes pr\u00e9cises dans la surface du bois. La puissance du laser et la dur\u00e9e d&rsquo;exposition d\u00e9terminent la profondeur de la gravure ou de la d\u00e9coupe.<\/p>\n<p>C&rsquo;est une technique populaire pour r\u00e9aliser des enseignes, des plaques, des gravures sur des meubles et autres objets en bois, car elle permet d&rsquo;obtenir des r\u00e9sultats de haute qualit\u00e9 avec une grande pr\u00e9cision et reproductibilit\u00e9. Il est cependant important de suivre scrupuleusement les instructions d\u2019utilisation du laser et de toujours porter une protection adapt\u00e9e, car le laser peut \u00eatre dangereux s\u2019il n\u2019est pas utilis\u00e9 correctement.<\/p>\n\t\t\t\t\t\t\t\t<\/div>\n\t\t\t\t<\/div>\n\t\t\t\t\t<\/div>\n\t\t<\/div>\n\t\t\t\t\t<\/div>\n\t\t<\/section>\n\t\t\t\t<section class=\"elementor-section elementor-inner-section elementor-element elementor-element-6f464ed elementor-section-boxed elementor-section-height-default elementor-section-height-default\" data-id=\"6f464ed\" data-element_type=\"section\">\n\t\t\t\t\t\t<div class=\"elementor-container elementor-column-gap-default\">\n\t\t\t\t\t<div class=\"elementor-column elementor-col-100 elementor-inner-column elementor-element elementor-element-1a549b6\" data-id=\"1a549b6\" data-element_type=\"column\">\n\t\t\t<div class=\"elementor-widget-wrap elementor-element-populated\">\n\t\t\t\t\t\t<div class=\"elementor-element elementor-element-0819acf elementor-widget__width-auto elementor-widget-divider--view-line elementor-widget elementor-widget-divider\" data-id=\"0819acf\" data-element_type=\"widget\" data-widget_type=\"divider.default\">\n\t\t\t\t<div class=\"elementor-widget-container\">\n\t\t\t\t\t\t\t<div class=\"elementor-divider\">\n\t\t\t<span class=\"elementor-divider-separator\">\n\t\t\t\t\t\t<\/span>\n\t\t<\/div>\n\t\t\t\t\t\t<\/div>\n\t\t\t\t<\/div>\n\t\t\t\t<div class=\"elementor-element elementor-element-f34041c elementor-widget__width-auto elementor-widget elementor-widget-heading\" data-id=\"f34041c\" data-element_type=\"widget\" data-widget_type=\"heading.default\">\n\t\t\t\t<div class=\"elementor-widget-container\">\n\t\t\t\t\t<h2 class=\"elementor-heading-title elementor-size-default\">Machines de marquage du bois<\/h2>\t\t\t\t<\/div>\n\t\t\t\t<\/div>\n\t\t\t\t<div class=\"elementor-element elementor-element-eac18e2 elementor-widget elementor-widget-spacer\" data-id=\"eac18e2\" data-element_type=\"widget\" data-widget_type=\"spacer.default\">\n\t\t\t\t<div class=\"elementor-widget-container\">\n\t\t\t\t\t\t\t<div class=\"elementor-spacer\">\n\t\t\t<div class=\"elementor-spacer-inner\"><\/div>\n\t\t<\/div>\n\t\t\t\t\t\t<\/div>\n\t\t\t\t<\/div>\n\t\t\t\t<div class=\"elementor-element elementor-element-e62595f elementor-widget elementor-widget-text-editor\" data-id=\"e62595f\" data-element_type=\"widget\" data-widget_type=\"text-editor.default\">\n\t\t\t\t<div class=\"elementor-widget-container\">\n\t\t\t\t\t\t\t\t\t<p>Le <strong>marquage laser sur bois<\/strong>, propos\u00e9 par LASIT, repr\u00e9sente une solution technologique avanc\u00e9e et extr\u00eamement polyvalente, adapt\u00e9e \u00e0 une large gamme d&rsquo;applications dans les secteurs de l&rsquo;artisanat, de l&rsquo;ameublement, de la construction, de la signal\u00e9tique et au-del\u00e0. Cette technique utilise la pr\u00e9cision des lasers \u00e0 diode ou CO2 pour cr\u00e9er des gravures et des d\u00e9coupes de tr\u00e8s haute pr\u00e9cision \u00e0 la surface du bois.<\/p>\n<p>Les solutions LASIT se distinguent par leur capacit\u00e9 \u00e0 travailler avec diff\u00e9rents types de bois, tant tendres que durs ou peints, pour cr\u00e9er une grande vari\u00e9t\u00e9 de produits tels que des accessoires, des outils industriels, des jouets, des articles cadeaux, des plaques, des enseignes et des accessoires de mobilier. <strong>Un exemple est le mod\u00e8le FlyCO2 de LASIT<\/strong>, extr\u00eamement compact et modulaire, id\u00e9al pour l&rsquo;int\u00e9gration dans les lignes de production et caract\u00e9ris\u00e9 par des co\u00fbts d&rsquo;exploitation r\u00e9duits et une productivit\u00e9 \u00e9lev\u00e9e.<\/p>\n<p>Le marquage laser sur bois r\u00e9alis\u00e9 par LASIT est reconnu pour \u00eatre ind\u00e9l\u00e9bile et assurer une tra\u00e7abilit\u00e9 efficace des produits. Les syst\u00e8mes LASIT sont con\u00e7us sur mesure pour les besoins sp\u00e9cifiques des clients, de la m\u00e9canique aux logiciels, avec une attention particuli\u00e8re aux besoins d&rsquo;automatisation et d&rsquo;int\u00e9gration dans les lignes de production. La technologie laser LASIT est non invasive pour le mat\u00e9riau, assurant ainsi la pr\u00e9servation des propri\u00e9t\u00e9s naturelles du bois.<\/p>\n<p>Un aspect unique du marquage laser sur le bois est le processus de carbonisation, qui produit un <strong>noircissement du bois<\/strong> gr\u00e2ce \u00e0 la lib\u00e9ration de carbone provenant des liaisons du bois. Ce processus peut varier en couleur du gris au noir, selon l&rsquo;intensit\u00e9 et le type de bois trait\u00e9. Les syst\u00e8mes laser LASIT sont capables de r\u00e9aliser des coupes pr\u00e9cises et des contours parfaits sur diff\u00e9rentes \u00e9paisseurs et combinaisons de mat\u00e9riaux, faisant de la d\u00e9coupe laser une solution optimale pour obtenir des finitions de haute qualit\u00e9 sans \u00e9caillage ni r\u00e9sidus de traitement.<\/p>\n<p>En r\u00e9sum\u00e9, LASIT propose des solutions de marquage laser sur bois qui se distinguent par leur pr\u00e9cision, leur polyvalence et leur fiabilit\u00e9, r\u00e9pondant efficacement aux diff\u00e9rents besoins du march\u00e9 et offrant un haut niveau de service client pour accompagner chaque \u00e9tape du processus de production.<\/p>\n\t\t\t\t\t\t\t\t<\/div>\n\t\t\t\t<\/div>\n\t\t\t\t\t<\/div>\n\t\t<\/div>\n\t\t\t\t\t<\/div>\n\t\t<\/section>\n\t\t\t\t\t<\/div>\n\t\t<\/div>\n\t\t\t\t\t<\/div>\n\t\t<\/section>\n\t\t\t\t<section class=\"elementor-section elementor-top-section elementor-element elementor-element-2cca0281 elementor-section-boxed elementor-section-height-default elementor-section-height-default\" data-id=\"2cca0281\" data-element_type=\"section\">\n\t\t\t\t\t\t<div class=\"elementor-container elementor-column-gap-default\">\n\t\t\t\t\t<div class=\"elementor-column elementor-col-100 elementor-top-column elementor-element elementor-element-2f063f53\" data-id=\"2f063f53\" data-element_type=\"column\">\n\t\t\t<div class=\"elementor-widget-wrap\">\n\t\t\t\t\t\t\t<\/div>\n\t\t<\/div>\n\t\t\t\t\t<\/div>\n\t\t<\/section>\n\t\t\t\t<\/div>\n\t\t","protected":false},"excerpt":{"rendered":"<p>MARQUAGE LASER SUR BOIS Technologies avanc\u00e9es et de derni\u00e8re g\u00e9n\u00e9ration pour la gravure et le marquage laser sur mati\u00e8res plastiques Marquage laser sur bois Le marquage laser sur le bois est un processus qui consiste \u00e0 utiliser un laser pour graver ou cr\u00e9er une image sur la surface du bois. Le marquage laser s&rsquo;effectue \u00e0 [&hellip;]<\/p>\n","protected":false},"author":1,"featured_media":0,"parent":0,"menu_order":0,"comment_status":"closed","ping_status":"closed","template":"elementor_header_footer","meta":{"footnotes":""},"class_list":["post-970","page","type-page","status-publish","hentry"],"_links":{"self":[{"href":"https:\/\/bestlasermarking.com\/fr\/wp-json\/wp\/v2\/pages\/970","targetHints":{"allow":["GET"]}}],"collection":[{"href":"https:\/\/bestlasermarking.com\/fr\/wp-json\/wp\/v2\/pages"}],"about":[{"href":"https:\/\/bestlasermarking.com\/fr\/wp-json\/wp\/v2\/types\/page"}],"author":[{"embeddable":true,"href":"https:\/\/bestlasermarking.com\/fr\/wp-json\/wp\/v2\/users\/1"}],"replies":[{"embeddable":true,"href":"https:\/\/bestlasermarking.com\/fr\/wp-json\/wp\/v2\/comments?post=970"}],"version-history":[{"count":1,"href":"https:\/\/bestlasermarking.com\/fr\/wp-json\/wp\/v2\/pages\/970\/revisions"}],"predecessor-version":[{"id":971,"href":"https:\/\/bestlasermarking.com\/fr\/wp-json\/wp\/v2\/pages\/970\/revisions\/971"}],"wp:attachment":[{"href":"https:\/\/bestlasermarking.com\/fr\/wp-json\/wp\/v2\/media?parent=970"}],"curies":[{"name":"wp","href":"https:\/\/api.w.org\/{rel}","templated":true}]}}