{"id":980,"date":"2022-12-17T11:09:39","date_gmt":"2022-12-17T11:09:39","guid":{"rendered":"https:\/\/bestlasermarking.com\/bijoux-de-marquage-laser\/"},"modified":"2024-02-01T05:09:47","modified_gmt":"2024-02-01T05:09:47","slug":"bijoux-de-marquage-laser","status":"publish","type":"page","link":"https:\/\/bestlasermarking.com\/fr\/bijoux-de-marquage-laser\/","title":{"rendered":"Bijoux de marquage laser"},"content":{"rendered":"\t\t<div data-elementor-type=\"wp-page\" data-elementor-id=\"980\" class=\"elementor elementor-980 elementor-398\" data-elementor-post-type=\"page\">\n\t\t\t\t\t\t<section class=\"elementor-section elementor-top-section elementor-element elementor-element-18f18763 elementor-section-height-min-height elementor-section-boxed elementor-section-height-default elementor-section-items-middle\" data-id=\"18f18763\" data-element_type=\"section\" data-settings=\"{&quot;background_background&quot;:&quot;slideshow&quot;,&quot;background_slideshow_gallery&quot;:[{&quot;id&quot;:403,&quot;url&quot;:&quot;https:\\\/\\\/bestlasermarking.com\\\/wp-content\\\/uploads\\\/2022\\\/12\\\/marcatura-oro-argento-gioielli.webp&quot;}],&quot;background_slideshow_ken_burns&quot;:&quot;yes&quot;,&quot;background_slideshow_loop&quot;:&quot;yes&quot;,&quot;background_slideshow_slide_duration&quot;:5000,&quot;background_slideshow_slide_transition&quot;:&quot;fade&quot;,&quot;background_slideshow_transition_duration&quot;:500,&quot;background_slideshow_ken_burns_zoom_direction&quot;:&quot;in&quot;}\">\n\t\t\t\t\t\t\t<div class=\"elementor-background-overlay\"><\/div>\n\t\t\t\t\t\t\t<div class=\"elementor-container elementor-column-gap-default\">\n\t\t\t\t\t<div class=\"elementor-column elementor-col-66 elementor-top-column elementor-element elementor-element-45e3b566\" data-id=\"45e3b566\" data-element_type=\"column\">\n\t\t\t<div class=\"elementor-widget-wrap elementor-element-populated\">\n\t\t\t\t\t\t<div class=\"elementor-element elementor-element-c498449 elementor-widget elementor-widget-heading\" data-id=\"c498449\" data-element_type=\"widget\" data-widget_type=\"heading.default\">\n\t\t\t\t<div class=\"elementor-widget-container\">\n\t\t\t\t\t<h1 class=\"elementor-heading-title elementor-size-default\"><strong> MARQUAGE LASER DE BIJOUX<\/strong><\/h1>\t\t\t\t<\/div>\n\t\t\t\t<\/div>\n\t\t\t\t<div class=\"elementor-element elementor-element-2c759736 elementor-widget elementor-widget-text-editor\" data-id=\"2c759736\" data-element_type=\"widget\" data-widget_type=\"text-editor.default\">\n\t\t\t\t<div class=\"elementor-widget-container\">\n\t\t\t\t\t\t\t\t\t<p>Syst\u00e8mes avanc\u00e9s de marquage laser pour les mat\u00e9riaux pr\u00e9cieux tels que l&rsquo;or et l&rsquo;argent.<\/p>\n\t\t\t\t\t\t\t\t<\/div>\n\t\t\t\t<\/div>\n\t\t\t\t\t<\/div>\n\t\t<\/div>\n\t\t\t\t<div class=\"elementor-column elementor-col-33 elementor-top-column elementor-element elementor-element-320390a6\" data-id=\"320390a6\" data-element_type=\"column\">\n\t\t\t<div class=\"elementor-widget-wrap\">\n\t\t\t\t\t\t\t<\/div>\n\t\t<\/div>\n\t\t\t\t\t<\/div>\n\t\t<\/section>\n\t\t\t\t<section class=\"elementor-section elementor-top-section elementor-element elementor-element-2bfa7acd elementor-reverse-mobile elementor-section-boxed elementor-section-height-default elementor-section-height-default\" data-id=\"2bfa7acd\" data-element_type=\"section\">\n\t\t\t\t\t\t<div class=\"elementor-container elementor-column-gap-no\">\n\t\t\t\t\t<div class=\"elementor-column elementor-col-50 elementor-top-column elementor-element elementor-element-5ed9951e\" data-id=\"5ed9951e\" data-element_type=\"column\">\n\t\t\t<div class=\"elementor-widget-wrap elementor-element-populated\">\n\t\t\t\t\t\t<section class=\"elementor-section elementor-inner-section elementor-element elementor-element-175b3102 elementor-section-boxed elementor-section-height-default elementor-section-height-default\" data-id=\"175b3102\" data-element_type=\"section\">\n\t\t\t\t\t\t<div class=\"elementor-container elementor-column-gap-default\">\n\t\t\t\t\t<div class=\"elementor-column elementor-col-100 elementor-inner-column elementor-element elementor-element-3d07e6d2\" data-id=\"3d07e6d2\" data-element_type=\"column\" data-settings=\"{&quot;background_background&quot;:&quot;classic&quot;}\">\n\t\t\t<div class=\"elementor-widget-wrap elementor-element-populated\">\n\t\t\t\t\t\t<div class=\"elementor-element elementor-element-326dd9cc elementor-widget elementor-widget-image\" data-id=\"326dd9cc\" data-element_type=\"widget\" data-widget_type=\"image.default\">\n\t\t\t\t<div class=\"elementor-widget-container\">\n\t\t\t\t\t\t\t\t\t\t\t\t\t\t\t<img fetchpriority=\"high\" decoding=\"async\" width=\"732\" height=\"472\" src=\"https:\/\/bestlasermarking.com\/wp-content\/uploads\/2022\/12\/marcatura-oro-argento-gioielli.webp\" class=\"attachment-large size-large wp-image-1350\" alt=\"marcatura-oro-argento-gioielli\" srcset=\"https:\/\/bestlasermarking.com\/wp-content\/uploads\/2022\/12\/marcatura-oro-argento-gioielli.webp 732w, https:\/\/bestlasermarking.com\/wp-content\/uploads\/2022\/12\/marcatura-oro-argento-gioielli-300x193.webp 300w, https:\/\/bestlasermarking.com\/wp-content\/uploads\/2022\/12\/marcatura-oro-argento-gioielli-18x12.webp 18w\" sizes=\"(max-width: 732px) 100vw, 732px\" \/>\t\t\t\t\t\t\t\t\t\t\t\t\t\t\t<\/div>\n\t\t\t\t<\/div>\n\t\t\t\t\t<\/div>\n\t\t<\/div>\n\t\t\t\t\t<\/div>\n\t\t<\/section>\n\t\t\t\t<section class=\"elementor-section elementor-inner-section elementor-element elementor-element-29fa7ee6 elementor-section-boxed elementor-section-height-default elementor-section-height-default\" data-id=\"29fa7ee6\" data-element_type=\"section\">\n\t\t\t\t\t\t<div class=\"elementor-container elementor-column-gap-default\">\n\t\t\t\t\t<div class=\"elementor-column elementor-col-50 elementor-inner-column elementor-element elementor-element-1898c14\" data-id=\"1898c14\" data-element_type=\"column\">\n\t\t\t<div class=\"elementor-widget-wrap elementor-element-populated\">\n\t\t\t\t\t\t<div class=\"elementor-element elementor-element-65c186db elementor-widget elementor-widget-image\" data-id=\"65c186db\" data-element_type=\"widget\" data-widget_type=\"image.default\">\n\t\t\t\t<div class=\"elementor-widget-container\">\n\t\t\t\t\t\t\t\t\t\t\t\t\t\t\t<img decoding=\"async\" src=\"https:\/\/bestlasermarking.com\/wp-content\/uploads\/elementor\/thumbs\/incisione-laser-oro-pzakpi3i5ix4vqzesa2r7tgeldaw8tnhg09yrmdzt4.webp\" title=\"incisione-laser-oro\" alt=\"incisione-laser-oro\" loading=\"lazy\" \/>\t\t\t\t\t\t\t\t\t\t\t\t\t\t\t<\/div>\n\t\t\t\t<\/div>\n\t\t\t\t\t<\/div>\n\t\t<\/div>\n\t\t\t\t<div class=\"elementor-column elementor-col-50 elementor-inner-column elementor-element elementor-element-20474d7f\" data-id=\"20474d7f\" data-element_type=\"column\">\n\t\t\t<div class=\"elementor-widget-wrap elementor-element-populated\">\n\t\t\t\t\t\t<div class=\"elementor-element elementor-element-3fd05882 elementor-widget elementor-widget-image\" data-id=\"3fd05882\" data-element_type=\"widget\" data-widget_type=\"image.default\">\n\t\t\t\t<div class=\"elementor-widget-container\">\n\t\t\t\t\t\t\t\t\t\t\t\t\t\t\t<img decoding=\"async\" src=\"https:\/\/bestlasermarking.com\/wp-content\/uploads\/elementor\/thumbs\/marcatura-laser-gioielli-pzakqjp1qwcls5gsoqbtzjyucs5kspsqx6ddyou8w8.webp\" title=\"marcatura-laser-gioielli\" alt=\"marcatura-laser-gioielli\" loading=\"lazy\" \/>\t\t\t\t\t\t\t\t\t\t\t\t\t\t\t<\/div>\n\t\t\t\t<\/div>\n\t\t\t\t\t<\/div>\n\t\t<\/div>\n\t\t\t\t\t<\/div>\n\t\t<\/section>\n\t\t\t\t\t<\/div>\n\t\t<\/div>\n\t\t\t\t<div class=\"elementor-column elementor-col-50 elementor-top-column elementor-element elementor-element-73578476\" data-id=\"73578476\" data-element_type=\"column\">\n\t\t\t<div class=\"elementor-widget-wrap elementor-element-populated\">\n\t\t\t\t\t\t<section class=\"elementor-section elementor-inner-section elementor-element elementor-element-7c513c7a elementor-reverse-mobile elementor-section-boxed elementor-section-height-default elementor-section-height-default\" data-id=\"7c513c7a\" data-element_type=\"section\">\n\t\t\t\t\t\t<div class=\"elementor-container elementor-column-gap-default\">\n\t\t\t\t\t<div class=\"elementor-column elementor-col-100 elementor-inner-column elementor-element elementor-element-5a645e7c\" data-id=\"5a645e7c\" data-element_type=\"column\">\n\t\t\t<div class=\"elementor-widget-wrap elementor-element-populated\">\n\t\t\t\t\t\t<div class=\"elementor-element elementor-element-4a012816 elementor-widget__width-auto elementor-widget-divider--view-line elementor-widget elementor-widget-divider\" data-id=\"4a012816\" data-element_type=\"widget\" data-widget_type=\"divider.default\">\n\t\t\t\t<div class=\"elementor-widget-container\">\n\t\t\t\t\t\t\t<div class=\"elementor-divider\">\n\t\t\t<span class=\"elementor-divider-separator\">\n\t\t\t\t\t\t<\/span>\n\t\t<\/div>\n\t\t\t\t\t\t<\/div>\n\t\t\t\t<\/div>\n\t\t\t\t<div class=\"elementor-element elementor-element-194716d4 elementor-widget__width-auto elementor-widget elementor-widget-heading\" data-id=\"194716d4\" data-element_type=\"widget\" data-widget_type=\"heading.default\">\n\t\t\t\t<div class=\"elementor-widget-container\">\n\t\t\t\t\t<h2 class=\"elementor-heading-title elementor-size-default\">Marquage laser sur or et argent<\/h2>\t\t\t\t<\/div>\n\t\t\t\t<\/div>\n\t\t\t\t<div class=\"elementor-element elementor-element-2221107e elementor-widget elementor-widget-spacer\" data-id=\"2221107e\" data-element_type=\"widget\" data-widget_type=\"spacer.default\">\n\t\t\t\t<div class=\"elementor-widget-container\">\n\t\t\t\t\t\t\t<div class=\"elementor-spacer\">\n\t\t\t<div class=\"elementor-spacer-inner\"><\/div>\n\t\t<\/div>\n\t\t\t\t\t\t<\/div>\n\t\t\t\t<\/div>\n\t\t\t\t<div class=\"elementor-element elementor-element-6f25b857 elementor-widget elementor-widget-text-editor\" data-id=\"6f25b857\" data-element_type=\"widget\" data-widget_type=\"text-editor.default\">\n\t\t\t\t<div class=\"elementor-widget-container\">\n\t\t\t\t\t\t\t\t\t<p>Le <strong>marquage laser sur l&rsquo;or et l&rsquo;argent<\/strong> est un proc\u00e9d\u00e9 qui utilise un faisceau laser pour cr\u00e9er une gravure permanente sur la surface de ces m\u00e9taux pr\u00e9cieux. Ce processus est souvent utilis\u00e9 pour marquer des bijoux, des pi\u00e8ces de monnaie et d&rsquo;autres objets en or et en argent avec des informations telles que la marque du fabricant, le num\u00e9ro de s\u00e9rie ou la teneur en <strong>m\u00e9taux pr\u00e9cieux.<\/strong><\/p>\n<p>Le marquage laser est une m\u00e9thode pr\u00e9cise et non invasive qui n\u2019endommage pas la surface m\u00e9tallique. De plus, il peut cr\u00e9er des polices de petite taille et des formes complexes avec une haute r\u00e9solution. Cependant, il est important de noter que le marquage laser ne peut \u00eatre effectu\u00e9 que sur des m\u00e9taux durs tels que l&rsquo;or et l&rsquo;argent, car les m\u00e9taux mous peuvent se d\u00e9former ou fondre sous la chaleur g\u00e9n\u00e9r\u00e9e par le laser.<\/p>\n<p>Pour <strong>marquer l&rsquo;or ou l&rsquo;argent avec un laser<\/strong>, on utilise un laser \u00e0 fibre optique ou un laser \u00e0 solide. Le choix du type de laser d\u00e9pend de la taille de l&rsquo;objet \u00e0 marquer, de l&rsquo;\u00e9paisseur du m\u00e9tal et des exigences de qualit\u00e9 du marquage.<\/p>\n<p>Une fois le laser configur\u00e9, il passe \u00e0 travers une lentille de concentration pour focaliser le faisceau laser sur la surface m\u00e9tallique. Lorsque le faisceau laser frappe le m\u00e9tal, il cr\u00e9e une petite incision sur la surface. La profondeur et la largeur de la gravure peuvent \u00eatre ajust\u00e9es en modifiant la puissance du laser et le temps d&rsquo;exposition au faisceau<\/p>\n\t\t\t\t\t\t\t\t<\/div>\n\t\t\t\t<\/div>\n\t\t\t\t\t<\/div>\n\t\t<\/div>\n\t\t\t\t\t<\/div>\n\t\t<\/section>\n\t\t\t\t\t<\/div>\n\t\t<\/div>\n\t\t\t\t\t<\/div>\n\t\t<\/section>\n\t\t\t\t<section class=\"elementor-section elementor-top-section elementor-element elementor-element-7d8b6f37 elementor-section-boxed elementor-section-height-default elementor-section-height-default\" data-id=\"7d8b6f37\" data-element_type=\"section\" data-settings=\"{&quot;background_background&quot;:&quot;classic&quot;}\">\n\t\t\t\t\t\t<div class=\"elementor-container elementor-column-gap-default\">\n\t\t\t\t\t<div class=\"elementor-column elementor-col-100 elementor-top-column elementor-element elementor-element-3ac0279\" data-id=\"3ac0279\" data-element_type=\"column\">\n\t\t\t<div class=\"elementor-widget-wrap elementor-element-populated\">\n\t\t\t\t\t\t<section class=\"elementor-section elementor-inner-section elementor-element elementor-element-65a07cdc elementor-section-boxed elementor-section-height-default elementor-section-height-default\" data-id=\"65a07cdc\" data-element_type=\"section\">\n\t\t\t\t\t\t<div class=\"elementor-container elementor-column-gap-default\">\n\t\t\t\t\t<div class=\"elementor-column elementor-col-100 elementor-inner-column elementor-element elementor-element-66500928\" data-id=\"66500928\" data-element_type=\"column\">\n\t\t\t<div class=\"elementor-widget-wrap elementor-element-populated\">\n\t\t\t\t\t\t<div class=\"elementor-element elementor-element-4127b683 elementor-widget__width-auto elementor-widget-divider--view-line elementor-widget elementor-widget-divider\" data-id=\"4127b683\" data-element_type=\"widget\" data-widget_type=\"divider.default\">\n\t\t\t\t<div class=\"elementor-widget-container\">\n\t\t\t\t\t\t\t<div class=\"elementor-divider\">\n\t\t\t<span class=\"elementor-divider-separator\">\n\t\t\t\t\t\t<\/span>\n\t\t<\/div>\n\t\t\t\t\t\t<\/div>\n\t\t\t\t<\/div>\n\t\t\t\t<div class=\"elementor-element elementor-element-75a5d14 elementor-widget__width-auto elementor-widget elementor-widget-heading\" data-id=\"75a5d14\" data-element_type=\"widget\" data-widget_type=\"heading.default\">\n\t\t\t\t<div class=\"elementor-widget-container\">\n\t\t\t\t\t<h2 class=\"elementor-heading-title elementor-size-default\">Les bijoux peuvent-ils \u00eatre grav\u00e9s ?<\/h2>\t\t\t\t<\/div>\n\t\t\t\t<\/div>\n\t\t\t\t<div class=\"elementor-element elementor-element-17d2a179 elementor-widget elementor-widget-spacer\" data-id=\"17d2a179\" data-element_type=\"widget\" data-widget_type=\"spacer.default\">\n\t\t\t\t<div class=\"elementor-widget-container\">\n\t\t\t\t\t\t\t<div class=\"elementor-spacer\">\n\t\t\t<div class=\"elementor-spacer-inner\"><\/div>\n\t\t<\/div>\n\t\t\t\t\t\t<\/div>\n\t\t\t\t<\/div>\n\t\t\t\t<div class=\"elementor-element elementor-element-4e12b584 elementor-widget elementor-widget-text-editor\" data-id=\"4e12b584\" data-element_type=\"widget\" data-widget_type=\"text-editor.default\">\n\t\t\t\t<div class=\"elementor-widget-container\">\n\t\t\t\t\t\t\t\t\t<p>Oui, les bijoux peuvent \u00eatre grav\u00e9s en utilisant diverses m\u00e9thodes, notamment le marquage au laser, le grattage \u00e0 la main, la gravure et le gaufrage.<\/p>\n<p>Le marquage laser est une m\u00e9thode pr\u00e9cise et non invasive de gravure de bijoux en or, argent et autres m\u00e9taux durs. Ce proc\u00e9d\u00e9 utilise un faisceau laser pour cr\u00e9er une gravure permanente sur la surface du bijou. Le marquage laser peut cr\u00e9er de petits caract\u00e8res et des formes complexes avec une haute r\u00e9solution, mais ne peut pas \u00eatre utilis\u00e9 sur des m\u00e9taux mous ou des pierres pr\u00e9cieuses.<\/p>\n\t\t\t\t\t\t\t\t<\/div>\n\t\t\t\t<\/div>\n\t\t\t\t\t<\/div>\n\t\t<\/div>\n\t\t\t\t\t<\/div>\n\t\t<\/section>\n\t\t\t\t<section class=\"elementor-section elementor-inner-section elementor-element elementor-element-1357f86 elementor-section-boxed elementor-section-height-default elementor-section-height-default\" data-id=\"1357f86\" data-element_type=\"section\">\n\t\t\t\t\t\t<div class=\"elementor-container elementor-column-gap-default\">\n\t\t\t\t\t<div class=\"elementor-column elementor-col-100 elementor-inner-column elementor-element elementor-element-9a9d1ec\" data-id=\"9a9d1ec\" data-element_type=\"column\">\n\t\t\t<div class=\"elementor-widget-wrap elementor-element-populated\">\n\t\t\t\t\t\t<div class=\"elementor-element elementor-element-92543a3 elementor-widget__width-auto elementor-widget-divider--view-line elementor-widget elementor-widget-divider\" data-id=\"92543a3\" data-element_type=\"widget\" data-widget_type=\"divider.default\">\n\t\t\t\t<div class=\"elementor-widget-container\">\n\t\t\t\t\t\t\t<div class=\"elementor-divider\">\n\t\t\t<span class=\"elementor-divider-separator\">\n\t\t\t\t\t\t<\/span>\n\t\t<\/div>\n\t\t\t\t\t\t<\/div>\n\t\t\t\t<\/div>\n\t\t\t\t<div class=\"elementor-element elementor-element-cc28cd8 elementor-widget__width-auto elementor-widget elementor-widget-heading\" data-id=\"cc28cd8\" data-element_type=\"widget\" data-widget_type=\"heading.default\">\n\t\t\t\t<div class=\"elementor-widget-container\">\n\t\t\t\t\t<h2 class=\"elementor-heading-title elementor-size-default\">Gravure laser sur bijoux<\/h2>\t\t\t\t<\/div>\n\t\t\t\t<\/div>\n\t\t\t\t<div class=\"elementor-element elementor-element-1da6988 elementor-widget elementor-widget-spacer\" data-id=\"1da6988\" data-element_type=\"widget\" data-widget_type=\"spacer.default\">\n\t\t\t\t<div class=\"elementor-widget-container\">\n\t\t\t\t\t\t\t<div class=\"elementor-spacer\">\n\t\t\t<div class=\"elementor-spacer-inner\"><\/div>\n\t\t<\/div>\n\t\t\t\t\t\t<\/div>\n\t\t\t\t<\/div>\n\t\t\t\t<div class=\"elementor-element elementor-element-f96af05 elementor-widget elementor-widget-text-editor\" data-id=\"f96af05\" data-element_type=\"widget\" data-widget_type=\"text-editor.default\">\n\t\t\t\t<div class=\"elementor-widget-container\">\n\t\t\t\t\t\t\t\t\t<p>La gravure laser sur bijoux repr\u00e9sente un saut qualitatif important par rapport aux m\u00e9thodes traditionnelles de personnalisation, comme la gravure m\u00e9canique ou chimique. Cette technique avanc\u00e9e est utilis\u00e9e sur une large gamme de mat\u00e9riaux, notamment l\u2019or, l\u2019argent, le platine, le cuivre, le bronze, le titane, l\u2019aluminium, l\u2019acier inoxydable, mais \u00e9galement sur le verre et divers m\u00e9taux rev\u00eatus.<\/p>\n<h4>Comment fonctionne la gravure laser sur les bijoux<\/h4>\n<p>La gravure laser sur bijoux repose sur l\u2019enl\u00e8vement d\u2019une tr\u00e8s fine partie de la surface du m\u00e9tal pr\u00e9cieux, cr\u00e9ant ainsi un relief d\u00e9taill\u00e9 et lisible. Le faisceau laser g\u00e9n\u00e8re de la chaleur concentr\u00e9e sur la zone souhait\u00e9e, provoquant \u00e9galement une d\u00e9coloration qui rend le marquage plus \u00e9vident et plus clair. Gr\u00e2ce \u00e0 la pr\u00e9cision du laser, il est possible de cr\u00e9er des gravures complexes sur des colliers, bracelets et autres cr\u00e9ations de bijoux, ainsi que la possibilit\u00e9 d&rsquo;utiliser la technologie laser pour souder et assembler diff\u00e9rentes pi\u00e8ces.<\/p>\n<h4>Avantages de la gravure laser<\/h4>\n<p>L\u2019un des principaux avantages de la gravure laser sur bijoux est l\u2019extr\u00eame pr\u00e9cision, qui permet d\u2019obtenir des r\u00e9sultats raffin\u00e9s et \u00e9l\u00e9gants. Cette technique permet de travailler sur diff\u00e9rents mat\u00e9riaux, dont des gravures complexes telles que des micro-marquages, des codes d&rsquo;identification et des d\u00e9cors d\u00e9taill\u00e9s. Le marquage laser est ind\u00e9l\u00e9bile et r\u00e9sistant aux agents chimiques et atmosph\u00e9riques, garantissant une durabilit\u00e9 consid\u00e9rable dans le temps. Les co\u00fbts d&rsquo;exploitation sont faibles, avec des d\u00e9lais de traitement rapides et un gaspillage de mat\u00e9riaux quasiment nul.<\/p>\n<h4>Gravure Laser sur Diamants<\/h4>\n<p>Dans le cas sp\u00e9cifique des diamants, la gravure laser est utilis\u00e9e pour garantir la provenance et l&rsquo;authenticit\u00e9 du bijou. La gravure, invisible \u00e0 l&rsquo;\u0153il nu, fait office de certificat de garantie, certifiant la valeur et l&rsquo;origine du diamant. Cette pratique est reconnue par des organismes de certification mondiaux tels que le Gemological Institute of America et le Hoge Raad voor Diamant.<\/p>\n<h4>Applications et technologies laser pour la bijouterie<\/h4>\n<p>Les technologies laser les plus avanc\u00e9es couvrent un large spectre de puissances et d\u2019applications. Ces machines sont adapt\u00e9es aussi bien aux usinages l\u00e9gers qu&rsquo;aux coupes et gravures profondes sur bijoux et m\u00e9taux pr\u00e9cieux, avec la capacit\u00e9 d&rsquo;effectuer des usinages de haute pr\u00e9cision, y compris l&rsquo;utilisation de syst\u00e8mes d&rsquo;auto-reconnaissance des pi\u00e8ces \u00e0 marquer.<\/p>\n<p>La gravure au laser sur les bijoux \u00e9l\u00e8ve non seulement la qualit\u00e9 et l&rsquo;esth\u00e9tique des produits finaux, mais offre \u00e9galement une plus grande efficacit\u00e9 et flexibilit\u00e9 dans le traitement, ce qui en fait un choix privil\u00e9gi\u00e9 dans le secteur de l&rsquo;orf\u00e8vrerie et de la bijouterie moderne.<\/p>\t\t\t\t\t\t\t\t<\/div>\n\t\t\t\t<\/div>\n\t\t\t\t\t<\/div>\n\t\t<\/div>\n\t\t\t\t\t<\/div>\n\t\t<\/section>\n\t\t\t\t\t<\/div>\n\t\t<\/div>\n\t\t\t\t\t<\/div>\n\t\t<\/section>\n\t\t\t\t<section class=\"elementor-section elementor-top-section elementor-element elementor-element-2cca0281 elementor-section-boxed elementor-section-height-default elementor-section-height-default\" data-id=\"2cca0281\" data-element_type=\"section\">\n\t\t\t\t\t\t<div class=\"elementor-container elementor-column-gap-default\">\n\t\t\t\t\t<div class=\"elementor-column elementor-col-100 elementor-top-column elementor-element elementor-element-2f063f53\" data-id=\"2f063f53\" data-element_type=\"column\">\n\t\t\t<div class=\"elementor-widget-wrap\">\n\t\t\t\t\t\t\t<\/div>\n\t\t<\/div>\n\t\t\t\t\t<\/div>\n\t\t<\/section>\n\t\t\t\t<\/div>\n\t\t","protected":false},"excerpt":{"rendered":"<p>MARQUAGE LASER DE BIJOUX Syst\u00e8mes avanc\u00e9s de marquage laser pour les mat\u00e9riaux pr\u00e9cieux tels que l&rsquo;or et l&rsquo;argent. Marquage laser sur or et argent Le marquage laser sur l&rsquo;or et l&rsquo;argent est un proc\u00e9d\u00e9 qui utilise un faisceau laser pour cr\u00e9er une gravure permanente sur la surface de ces m\u00e9taux pr\u00e9cieux. Ce processus est souvent [&hellip;]<\/p>\n","protected":false},"author":1,"featured_media":0,"parent":0,"menu_order":0,"comment_status":"closed","ping_status":"closed","template":"elementor_header_footer","meta":{"footnotes":""},"class_list":["post-980","page","type-page","status-publish","hentry"],"_links":{"self":[{"href":"https:\/\/bestlasermarking.com\/fr\/wp-json\/wp\/v2\/pages\/980","targetHints":{"allow":["GET"]}}],"collection":[{"href":"https:\/\/bestlasermarking.com\/fr\/wp-json\/wp\/v2\/pages"}],"about":[{"href":"https:\/\/bestlasermarking.com\/fr\/wp-json\/wp\/v2\/types\/page"}],"author":[{"embeddable":true,"href":"https:\/\/bestlasermarking.com\/fr\/wp-json\/wp\/v2\/users\/1"}],"replies":[{"embeddable":true,"href":"https:\/\/bestlasermarking.com\/fr\/wp-json\/wp\/v2\/comments?post=980"}],"version-history":[{"count":1,"href":"https:\/\/bestlasermarking.com\/fr\/wp-json\/wp\/v2\/pages\/980\/revisions"}],"predecessor-version":[{"id":981,"href":"https:\/\/bestlasermarking.com\/fr\/wp-json\/wp\/v2\/pages\/980\/revisions\/981"}],"wp:attachment":[{"href":"https:\/\/bestlasermarking.com\/fr\/wp-json\/wp\/v2\/media?parent=980"}],"curies":[{"name":"wp","href":"https:\/\/api.w.org\/{rel}","templated":true}]}}