{"id":1007,"date":"2023-05-26T12:27:05","date_gmt":"2023-05-26T12:27:05","guid":{"rendered":"https:\/\/bestlasermarking.com\/grawerowanie-laserowe-na-odlewanych-elementach\/"},"modified":"2024-02-01T07:07:41","modified_gmt":"2024-02-01T07:07:41","slug":"grawerowanie-laserowe-na-odlewanych-elementach","status":"publish","type":"page","link":"https:\/\/bestlasermarking.com\/pl\/grawerowanie-laserowe-na-odlewanych-elementach\/","title":{"rendered":"Grawerowanie laserowe na odlewanych elementach"},"content":{"rendered":"\t\t<div data-elementor-type=\"wp-page\" data-elementor-id=\"1007\" class=\"elementor elementor-1007 elementor-511\" data-elementor-post-type=\"page\">\n\t\t\t\t\t\t<section class=\"elementor-section elementor-top-section elementor-element elementor-element-18f18763 elementor-section-height-full elementor-section-boxed elementor-section-height-default elementor-section-items-middle\" data-id=\"18f18763\" data-element_type=\"section\" data-settings=\"{&quot;background_background&quot;:&quot;slideshow&quot;,&quot;background_slideshow_gallery&quot;:[{&quot;id&quot;:345,&quot;url&quot;:&quot;https:\\\/\\\/bestlasermarking.com\\\/wp-content\\\/uploads\\\/2022\\\/12\\\/Incisione-laser-professionale.jpg&quot;}],&quot;background_slideshow_ken_burns&quot;:&quot;yes&quot;,&quot;background_slideshow_loop&quot;:&quot;yes&quot;,&quot;background_slideshow_slide_duration&quot;:5000,&quot;background_slideshow_slide_transition&quot;:&quot;fade&quot;,&quot;background_slideshow_transition_duration&quot;:500,&quot;background_slideshow_ken_burns_zoom_direction&quot;:&quot;in&quot;}\">\n\t\t\t\t\t\t\t<div class=\"elementor-background-overlay\"><\/div>\n\t\t\t\t\t\t\t<div class=\"elementor-container elementor-column-gap-default\">\n\t\t\t\t\t<div class=\"elementor-column elementor-col-66 elementor-top-column elementor-element elementor-element-45e3b566\" data-id=\"45e3b566\" data-element_type=\"column\">\n\t\t\t<div class=\"elementor-widget-wrap elementor-element-populated\">\n\t\t\t\t\t\t<div class=\"elementor-element elementor-element-c498449 elementor-widget elementor-widget-heading\" data-id=\"c498449\" data-element_type=\"widget\" data-widget_type=\"heading.default\">\n\t\t\t\t<div class=\"elementor-widget-container\">\n\t\t\t\t\t<h1 class=\"elementor-heading-title elementor-size-default\">Znakowanie i grawerowanie laserowe element\u00f3w odlewanych ci\u015bnieniowo <\/strong><\/h1>\t\t\t\t<\/div>\n\t\t\t\t<\/div>\n\t\t\t\t<div class=\"elementor-element elementor-element-2c759736 elementor-widget elementor-widget-text-editor\" data-id=\"2c759736\" data-element_type=\"widget\" data-widget_type=\"text-editor.default\">\n\t\t\t\t<div class=\"elementor-widget-container\">\n\t\t\t\t\t\t\t\t\t<p>Profesjonalne maszyny i systemy do grawerowania laserowego<\/p>\n\t\t\t\t\t\t\t\t<\/div>\n\t\t\t\t<\/div>\n\t\t\t\t\t<\/div>\n\t\t<\/div>\n\t\t\t\t<div class=\"elementor-column elementor-col-33 elementor-top-column elementor-element elementor-element-320390a6\" data-id=\"320390a6\" data-element_type=\"column\">\n\t\t\t<div class=\"elementor-widget-wrap\">\n\t\t\t\t\t\t\t<\/div>\n\t\t<\/div>\n\t\t\t\t\t<\/div>\n\t\t<\/section>\n\t\t\t\t<section class=\"elementor-section elementor-top-section elementor-element elementor-element-2bfa7acd elementor-reverse-mobile elementor-section-boxed elementor-section-height-default elementor-section-height-default\" data-id=\"2bfa7acd\" data-element_type=\"section\">\n\t\t\t\t\t\t<div class=\"elementor-container elementor-column-gap-no\">\n\t\t\t\t\t<div class=\"elementor-column elementor-col-50 elementor-top-column elementor-element elementor-element-5ed9951e\" data-id=\"5ed9951e\" data-element_type=\"column\">\n\t\t\t<div class=\"elementor-widget-wrap elementor-element-populated\">\n\t\t\t\t\t\t<section class=\"elementor-section elementor-inner-section elementor-element elementor-element-175b3102 elementor-section-boxed elementor-section-height-default elementor-section-height-default\" data-id=\"175b3102\" data-element_type=\"section\">\n\t\t\t\t\t\t<div class=\"elementor-container elementor-column-gap-default\">\n\t\t\t\t\t<div class=\"elementor-column elementor-col-100 elementor-inner-column elementor-element elementor-element-3d07e6d2\" data-id=\"3d07e6d2\" data-element_type=\"column\" data-settings=\"{&quot;background_background&quot;:&quot;classic&quot;}\">\n\t\t\t<div class=\"elementor-widget-wrap elementor-element-populated\">\n\t\t\t\t\t\t<div class=\"elementor-element elementor-element-326dd9cc elementor-widget elementor-widget-image\" data-id=\"326dd9cc\" data-element_type=\"widget\" data-widget_type=\"image.default\">\n\t\t\t\t<div class=\"elementor-widget-container\">\n\t\t\t\t\t\t\t\t\t\t\t\t\t\t\t<img fetchpriority=\"high\" decoding=\"async\" width=\"800\" height=\"534\" src=\"https:\/\/bestlasermarking.com\/wp-content\/uploads\/2022\/12\/Marcatori-Laser-Industriali-1024x683.webp\" class=\"attachment-large size-large wp-image-766\" alt=\"\" srcset=\"https:\/\/bestlasermarking.com\/wp-content\/uploads\/2022\/12\/Marcatori-Laser-Industriali-1024x683.webp 1024w, https:\/\/bestlasermarking.com\/wp-content\/uploads\/2022\/12\/Marcatori-Laser-Industriali-300x200.webp 300w, https:\/\/bestlasermarking.com\/wp-content\/uploads\/2022\/12\/Marcatori-Laser-Industriali-768x512.webp 768w, https:\/\/bestlasermarking.com\/wp-content\/uploads\/2022\/12\/Marcatori-Laser-Industriali-1536x1024.webp 1536w, https:\/\/bestlasermarking.com\/wp-content\/uploads\/2022\/12\/Marcatori-Laser-Industriali-2048x1366.webp 2048w, https:\/\/bestlasermarking.com\/wp-content\/uploads\/2022\/12\/Marcatori-Laser-Industriali-18x12.webp 18w\" sizes=\"(max-width: 800px) 100vw, 800px\" \/>\t\t\t\t\t\t\t\t\t\t\t\t\t\t\t<\/div>\n\t\t\t\t<\/div>\n\t\t\t\t\t<\/div>\n\t\t<\/div>\n\t\t\t\t\t<\/div>\n\t\t<\/section>\n\t\t\t\t<section class=\"elementor-section elementor-inner-section elementor-element elementor-element-29fa7ee6 elementor-section-boxed elementor-section-height-default elementor-section-height-default\" data-id=\"29fa7ee6\" data-element_type=\"section\">\n\t\t\t\t\t\t<div class=\"elementor-container elementor-column-gap-default\">\n\t\t\t\t\t<div class=\"elementor-column elementor-col-50 elementor-inner-column elementor-element elementor-element-1898c14\" data-id=\"1898c14\" data-element_type=\"column\">\n\t\t\t<div class=\"elementor-widget-wrap elementor-element-populated\">\n\t\t\t\t\t\t<div class=\"elementor-element elementor-element-65c186db elementor-widget elementor-widget-image\" data-id=\"65c186db\" data-element_type=\"widget\" data-widget_type=\"image.default\">\n\t\t\t\t<div class=\"elementor-widget-container\">\n\t\t\t\t\t\t\t\t\t\t\t\t\t\t\t<img decoding=\"async\" src=\"https:\/\/bestlasermarking.com\/wp-content\/uploads\/elementor\/thumbs\/Minimark_front_web_tavolo-pz8nvsgx254b3bzxvrwt5k5zhzmnbab34h0euy47ew.webp\" title=\"Minimark_front_web_tavolo\" alt=\"Minimark_front_web_tavolo\" loading=\"lazy\" \/>\t\t\t\t\t\t\t\t\t\t\t\t\t\t\t<\/div>\n\t\t\t\t<\/div>\n\t\t\t\t\t<\/div>\n\t\t<\/div>\n\t\t\t\t<div class=\"elementor-column elementor-col-50 elementor-inner-column elementor-element elementor-element-20474d7f\" data-id=\"20474d7f\" data-element_type=\"column\">\n\t\t\t<div class=\"elementor-widget-wrap elementor-element-populated\">\n\t\t\t\t\t\t<div class=\"elementor-element elementor-element-3fd05882 elementor-widget elementor-widget-image\" data-id=\"3fd05882\" data-element_type=\"widget\" data-widget_type=\"image.default\">\n\t\t\t\t<div class=\"elementor-widget-container\">\n\t\t\t\t\t\t\t\t\t\t\t\t\t\t\t<img decoding=\"async\" src=\"https:\/\/bestlasermarking.com\/wp-content\/uploads\/elementor\/thumbs\/RotomarkX_web-pz8nxsuhodvdxb2t5572zjwh8npwrzaf2f8st94w3s.webp\" title=\"marcatore laser\" alt=\"marcatore laser\" loading=\"lazy\" \/>\t\t\t\t\t\t\t\t\t\t\t\t\t\t\t<\/div>\n\t\t\t\t<\/div>\n\t\t\t\t\t<\/div>\n\t\t<\/div>\n\t\t\t\t\t<\/div>\n\t\t<\/section>\n\t\t\t\t\t<\/div>\n\t\t<\/div>\n\t\t\t\t<div class=\"elementor-column elementor-col-50 elementor-top-column elementor-element elementor-element-73578476\" data-id=\"73578476\" data-element_type=\"column\">\n\t\t\t<div class=\"elementor-widget-wrap elementor-element-populated\">\n\t\t\t\t\t\t<section class=\"elementor-section elementor-inner-section elementor-element elementor-element-7c513c7a elementor-reverse-mobile elementor-section-boxed elementor-section-height-default elementor-section-height-default\" data-id=\"7c513c7a\" data-element_type=\"section\">\n\t\t\t\t\t\t<div class=\"elementor-container elementor-column-gap-default\">\n\t\t\t\t\t<div class=\"elementor-column elementor-col-100 elementor-inner-column elementor-element elementor-element-5a645e7c\" data-id=\"5a645e7c\" data-element_type=\"column\">\n\t\t\t<div class=\"elementor-widget-wrap elementor-element-populated\">\n\t\t\t\t\t\t<div class=\"elementor-element elementor-element-4a012816 elementor-widget__width-auto elementor-widget-divider--view-line elementor-widget elementor-widget-divider\" data-id=\"4a012816\" data-element_type=\"widget\" data-widget_type=\"divider.default\">\n\t\t\t\t<div class=\"elementor-widget-container\">\n\t\t\t\t\t\t\t<div class=\"elementor-divider\">\n\t\t\t<span class=\"elementor-divider-separator\">\n\t\t\t\t\t\t<\/span>\n\t\t<\/div>\n\t\t\t\t\t\t<\/div>\n\t\t\t\t<\/div>\n\t\t\t\t<div class=\"elementor-element elementor-element-194716d4 elementor-widget__width-auto elementor-widget elementor-widget-heading\" data-id=\"194716d4\" data-element_type=\"widget\" data-widget_type=\"heading.default\">\n\t\t\t\t<div class=\"elementor-widget-container\">\n\t\t\t\t\t<h2 class=\"elementor-heading-title elementor-size-default\">Grawerowanie laserowe na surowych elementach<\/h2>\t\t\t\t<\/div>\n\t\t\t\t<\/div>\n\t\t\t\t<div class=\"elementor-element elementor-element-2221107e elementor-widget elementor-widget-spacer\" data-id=\"2221107e\" data-element_type=\"widget\" data-widget_type=\"spacer.default\">\n\t\t\t\t<div class=\"elementor-widget-container\">\n\t\t\t\t\t\t\t<div class=\"elementor-spacer\">\n\t\t\t<div class=\"elementor-spacer-inner\"><\/div>\n\t\t<\/div>\n\t\t\t\t\t\t<\/div>\n\t\t\t\t<\/div>\n\t\t\t\t<div class=\"elementor-element elementor-element-6f25b857 elementor-widget elementor-widget-text-editor\" data-id=\"6f25b857\" data-element_type=\"widget\" data-widget_type=\"text-editor.default\">\n\t\t\t\t<div class=\"elementor-widget-container\">\n\t\t\t\t\t\t\t\t\t<p>Proces odlewania ci\u015bnieniowego jest podstawowym filarem przemys\u0142u produkcyjnego, szczeg\u00f3lnie cenionym za zdolno\u015b\u0107 do wytwarzania komponent\u00f3w o precyzyjnych szczeg\u00f3\u0142ach i w\u0105skich tolerancjach. Aby jeszcze bardziej poprawi\u0107 identyfikowalno\u015b\u0107 i autentyczno\u015b\u0107 tych komponent\u00f3w, LASIT oferuje najnowocze\u015bniejsze rozwi\u0105zania w zakresie znakowania laserowego, \u0142\u0105cz\u0105ce precyzj\u0119 odlewania ci\u015bnieniowego z najbardziej innowacyjn\u0105 technologi\u0105 laserow\u0105.<\/p>\n<p>Elementy odlewane ci\u015bnieniowo s\u0105 zwykle wykonane ze stop\u00f3w metali, takich jak aluminium, cynk lub magnez, kt\u00f3re mo\u017cna skutecznie znakowa\u0107 za pomoc\u0105 maszyn laserowych. Te systemy LASIT, dzi\u0119ki zaawansowanej technologii, s\u0105 w stanie tworzy\u0107 wyra\u017ane, czytelne i trwa\u0142e oznaczenia na elementach odlewanych ci\u015bnieniowo, bez naruszania ich struktury i integralno\u015bci.<\/p>\n\t\t\t\t\t\t\t\t<\/div>\n\t\t\t\t<\/div>\n\t\t\t\t\t<\/div>\n\t\t<\/div>\n\t\t\t\t\t<\/div>\n\t\t<\/section>\n\t\t\t\t\t<\/div>\n\t\t<\/div>\n\t\t\t\t\t<\/div>\n\t\t<\/section>\n\t\t\t\t<section class=\"elementor-section elementor-top-section elementor-element elementor-element-7d8b6f37 elementor-section-boxed elementor-section-height-default elementor-section-height-default\" data-id=\"7d8b6f37\" data-element_type=\"section\" data-settings=\"{&quot;background_background&quot;:&quot;classic&quot;}\">\n\t\t\t\t\t\t<div class=\"elementor-container elementor-column-gap-default\">\n\t\t\t\t\t<div class=\"elementor-column elementor-col-100 elementor-top-column elementor-element elementor-element-3ac0279\" data-id=\"3ac0279\" data-element_type=\"column\">\n\t\t\t<div class=\"elementor-widget-wrap elementor-element-populated\">\n\t\t\t\t\t\t<section class=\"elementor-section elementor-inner-section elementor-element elementor-element-65a07cdc elementor-section-boxed elementor-section-height-default elementor-section-height-default\" data-id=\"65a07cdc\" data-element_type=\"section\">\n\t\t\t\t\t\t<div class=\"elementor-container elementor-column-gap-default\">\n\t\t\t\t\t<div class=\"elementor-column elementor-col-100 elementor-inner-column elementor-element elementor-element-66500928\" data-id=\"66500928\" data-element_type=\"column\">\n\t\t\t<div class=\"elementor-widget-wrap elementor-element-populated\">\n\t\t\t\t\t\t<div class=\"elementor-element elementor-element-4127b683 elementor-widget__width-auto elementor-widget-divider--view-line elementor-widget elementor-widget-divider\" data-id=\"4127b683\" data-element_type=\"widget\" data-widget_type=\"divider.default\">\n\t\t\t\t<div class=\"elementor-widget-container\">\n\t\t\t\t\t\t\t<div class=\"elementor-divider\">\n\t\t\t<span class=\"elementor-divider-separator\">\n\t\t\t\t\t\t<\/span>\n\t\t<\/div>\n\t\t\t\t\t\t<\/div>\n\t\t\t\t<\/div>\n\t\t\t\t<div class=\"elementor-element elementor-element-75a5d14 elementor-widget__width-auto elementor-widget elementor-widget-heading\" data-id=\"75a5d14\" data-element_type=\"widget\" data-widget_type=\"heading.default\">\n\t\t\t\t<div class=\"elementor-widget-container\">\n\t\t\t\t\t<h2 class=\"elementor-heading-title elementor-size-default\">Rozwi\u0105zanie do znakowania dla odlewni<\/h2>\t\t\t\t<\/div>\n\t\t\t\t<\/div>\n\t\t\t\t<div class=\"elementor-element elementor-element-17d2a179 elementor-widget elementor-widget-spacer\" data-id=\"17d2a179\" data-element_type=\"widget\" data-widget_type=\"spacer.default\">\n\t\t\t\t<div class=\"elementor-widget-container\">\n\t\t\t\t\t\t\t<div class=\"elementor-spacer\">\n\t\t\t<div class=\"elementor-spacer-inner\"><\/div>\n\t\t<\/div>\n\t\t\t\t\t\t<\/div>\n\t\t\t\t<\/div>\n\t\t\t\t<div class=\"elementor-element elementor-element-4e12b584 elementor-widget elementor-widget-text-editor\" data-id=\"4e12b584\" data-element_type=\"widget\" data-widget_type=\"text-editor.default\">\n\t\t\t\t<div class=\"elementor-widget-container\">\n\t\t\t\t\t\t\t\t\t<p><strong>Znakowanie laserowe<\/strong> na elementach odlewanych ci\u015bnieniowo ma wiele zalet. Przede wszystkim pozwala na precyzyjne i szczeg\u00f3\u0142owe oznaczenie, niezb\u0119dne w przypadku kod\u00f3w kreskowych, kod\u00f3w QR, numer\u00f3w seryjnych czy innych informacji, kt\u00f3re wymagaj\u0105 naniesienia z milimetrow\u0105 precyzj\u0105. Pomaga to zapewni\u0107 identyfikowalno\u015b\u0107 komponent\u00f3w i zgodno\u015b\u0107 ze standardami jako\u015bci.<\/p>\n<p>Szybko\u015b\u0107 to kolejna kluczowa zaleta znakowania laserowego. W przeciwie\u0144stwie do innych metod znakowania, <a href=\"https:\/\/bestlasermarking.com\/pl\/grawerowanie-laserowe\/\"><strong>grawerowanie laserowe<\/strong><\/a> jest niezwykle szybkie, oszcz\u0119dzaj\u0105c cenny czas na linii produkcyjnej. Co wi\u0119cej, znakowanie laserowe jest procesem bezkontaktowym, co oznacza, \u017ce \u200b\u200bcz\u0119\u015bci lub narz\u0119dzia nie ulegaj\u0105 fizycznemu zu\u017cyciu, co zwi\u0119ksza \u017cywotno\u015b\u0107 maszyny i zmniejsza koszty konserwacji.<\/p>\n<p>Rozwi\u0105zania firmy <a href=\"https:\/\/bestlasermarking.com\/pl\/kim-jestesmy\/\"><strong>LASIT<\/strong><\/a> do znakowania laserowego element\u00f3w odlewanych ci\u015bnieniowo mo\u017cna w du\u017cym stopniu dostosowa\u0107 do indywidualnych potrzeb. Niezale\u017cnie od tego, czy chcesz oznaczy\u0107 ma\u0142e partie komponent\u00f3w, czy du\u017ce ilo\u015bci, nasze maszyny laserowe mo\u017cna skonfigurowa\u0107 tak, aby spe\u0142nia\u0142y Twoje specyficzne potrzeby. Intuicyjne oprogramowanie pozwala na pe\u0142n\u0105 kontrol\u0119 nad procesem znakowania, zapewniaj\u0105c sp\u00f3jne, wysokiej jako\u015bci wyniki.<\/p>\n<p>Z punktu widzenia zr\u00f3wnowa\u017conego rozwoju znakowanie laserowe jest opcj\u0105 przyjazn\u0105 dla \u015brodowiska. Poniewa\u017c proces jest cyfrowy, nie ma problemu z odpadami atramentu ani rozpuszczalnik\u00f3w. Pomaga to zmniejszy\u0107 wp\u0142yw procesu produkcyjnego na \u015brodowisko.<\/p>\n<p><strong>Znakowanie laserowe na elementach odlewanych ci\u015bnieniowo<\/strong> to idealne rozwi\u0105zanie dla firm poszukuj\u0105cych szybkiej, precyzyjnej i trwa\u0142ej metody znakowania. Dzi\u0119ki wieloletniemu do\u015bwiadczeniu w bran\u017cy LASIT jest idealnym partnerem do integracji rozwi\u0105za\u0144 znakowania laserowego z lini\u0105 produkcyjn\u0105, zapewniaj\u0105c optymaln\u0105 identyfikowalno\u015b\u0107 i wysok\u0105 jako\u015b\u0107 komponent\u00f3w.<\/p>\n<p>Znakowanie laserowe w odlewniach stanowi znacz\u0105c\u0105 ewolucj\u0119 w zakresie identyfikowalno\u015bci i identyfikacji element\u00f3w odlewanych ci\u015bnieniowo. Technologia ta szczeg\u00f3lnie sprawdza si\u0119 w \u015brodowisku produkcji odlewniczej, gdzie priorytetem jest znakowanie mocnych stop\u00f3w metali.<\/p>\n<p>Znakowanie laserowe w odlewni umo\u017cliwia grawerowanie kod\u00f3w, numer\u00f3w seryjnych, logo firmowych lub innych informacji identyfikuj\u0105cych bezpo\u015brednio na powierzchni odlewanych ci\u015bnieniowo element\u00f3w. Technika ta nie tylko zapewnia trwa\u0142\u0105 identyfikacj\u0119, ale tak\u017ce pomaga zwalcza\u0107 podr\u00f3bki i u\u0142atwia monitorowanie cyklu \u017cycia produktu.<\/p>\n<p>Jedn\u0105 z g\u0142\u00f3wnych zalet znakowania laserowego w tym kontek\u015bcie jest jego nieinwazyjny charakter. W przeciwie\u0144stwie do innych metod znakowania, laser nie usuwa materia\u0142u ani nie zmienia znacz\u0105co powierzchni elementu. Oznacza to, \u017ce wytrzyma\u0142o\u015b\u0107 konstrukcyjna i w\u0142a\u015bciwo\u015bci materia\u0142u pozostaj\u0105 nienaruszone, co jest kluczowym aspektem w przypadku komponent\u00f3w, kt\u00f3re cz\u0119sto musz\u0105 wytrzymywa\u0107 du\u017ce obci\u0105\u017cenia mechaniczne lub termiczne.<\/p>\n<p>Ponadto elastyczno\u015b\u0107 znakowania laserowego jest szczeg\u00f3lnie korzystna w odlewniach. Dzi\u0119ki mo\u017cliwo\u015bci dostosowania do r\u00f3\u017cnych materia\u0142\u00f3w i mo\u017cliwo\u015bci \u0142atwego programowania nowych projekt\u00f3w lub informacji, systemy laserowe LASIT oferuj\u0105 wydajne i wszechstronne rozwi\u0105zanie, redukuj\u0105ce czas i koszty zwi\u0105zane ze zmian\u0105 produkcji.<\/p>\n<p>Wreszcie, bior\u0105c pod uwag\u0119 \u015brodowisko odlewni, gdzie py\u0142 i wysokie temperatury mog\u0105 stanowi\u0107 problem dla innych typ\u00f3w maszyn, rozwi\u0105zania do znakowania laserowego LASIT zosta\u0142y zaprojektowane tak, aby by\u0142y solidne i niezawodne, zapewniaj\u0105c optymaln\u0105 wydajno\u015b\u0107 nawet w najbardziej wymagaj\u0105cych warunkach<\/p>\n\t\t\t\t\t\t\t\t<\/div>\n\t\t\t\t<\/div>\n\t\t\t\t\t<\/div>\n\t\t<\/div>\n\t\t\t\t\t<\/div>\n\t\t<\/section>\n\t\t\t\t\t<\/div>\n\t\t<\/div>\n\t\t\t\t\t<\/div>\n\t\t<\/section>\n\t\t\t\t<section class=\"elementor-section elementor-top-section elementor-element elementor-element-2cca0281 elementor-section-boxed elementor-section-height-default elementor-section-height-default\" data-id=\"2cca0281\" data-element_type=\"section\">\n\t\t\t\t\t\t<div class=\"elementor-container elementor-column-gap-default\">\n\t\t\t\t\t<div class=\"elementor-column elementor-col-100 elementor-top-column elementor-element elementor-element-2f063f53\" data-id=\"2f063f53\" data-element_type=\"column\">\n\t\t\t<div class=\"elementor-widget-wrap\">\n\t\t\t\t\t\t\t<\/div>\n\t\t<\/div>\n\t\t\t\t\t<\/div>\n\t\t<\/section>\n\t\t\t\t<\/div>\n\t\t","protected":false},"excerpt":{"rendered":"<p>Znakowanie i grawerowanie laserowe element\u00f3w odlewanych ci\u015bnieniowo Profesjonalne maszyny i systemy do grawerowania laserowego Grawerowanie laserowe na surowych elementach Proces odlewania ci\u015bnieniowego jest podstawowym filarem przemys\u0142u produkcyjnego, szczeg\u00f3lnie cenionym za zdolno\u015b\u0107 do wytwarzania komponent\u00f3w o precyzyjnych szczeg\u00f3\u0142ach i w\u0105skich tolerancjach. Aby jeszcze bardziej poprawi\u0107 identyfikowalno\u015b\u0107 i autentyczno\u015b\u0107 tych komponent\u00f3w, LASIT oferuje najnowocze\u015bniejsze rozwi\u0105zania w zakresie [&hellip;]<\/p>\n","protected":false},"author":2,"featured_media":0,"parent":0,"menu_order":0,"comment_status":"closed","ping_status":"closed","template":"elementor_header_footer","meta":{"footnotes":""},"class_list":["post-1007","page","type-page","status-publish","hentry"],"_links":{"self":[{"href":"https:\/\/bestlasermarking.com\/pl\/wp-json\/wp\/v2\/pages\/1007","targetHints":{"allow":["GET"]}}],"collection":[{"href":"https:\/\/bestlasermarking.com\/pl\/wp-json\/wp\/v2\/pages"}],"about":[{"href":"https:\/\/bestlasermarking.com\/pl\/wp-json\/wp\/v2\/types\/page"}],"author":[{"embeddable":true,"href":"https:\/\/bestlasermarking.com\/pl\/wp-json\/wp\/v2\/users\/2"}],"replies":[{"embeddable":true,"href":"https:\/\/bestlasermarking.com\/pl\/wp-json\/wp\/v2\/comments?post=1007"}],"version-history":[{"count":1,"href":"https:\/\/bestlasermarking.com\/pl\/wp-json\/wp\/v2\/pages\/1007\/revisions"}],"predecessor-version":[{"id":1008,"href":"https:\/\/bestlasermarking.com\/pl\/wp-json\/wp\/v2\/pages\/1007\/revisions\/1008"}],"wp:attachment":[{"href":"https:\/\/bestlasermarking.com\/pl\/wp-json\/wp\/v2\/media?parent=1007"}],"curies":[{"name":"wp","href":"https:\/\/api.w.org\/{rel}","templated":true}]}}