{"id":1032,"date":"2023-12-13T09:44:34","date_gmt":"2023-12-13T09:44:34","guid":{"rendered":"https:\/\/bestlasermarking.com\/czyszczenie-laserowe\/"},"modified":"2024-02-01T09:53:41","modified_gmt":"2024-02-01T09:53:41","slug":"czyszczenie-laserowe","status":"publish","type":"page","link":"https:\/\/bestlasermarking.com\/pl\/czyszczenie-laserowe\/","title":{"rendered":"Czyszczenie laserowe"},"content":{"rendered":"\t\t<div data-elementor-type=\"wp-page\" data-elementor-id=\"1032\" class=\"elementor elementor-1032 elementor-611\" data-elementor-post-type=\"page\">\n\t\t\t\t\t\t<section class=\"elementor-section elementor-top-section elementor-element elementor-element-18f18763 elementor-section-height-full elementor-section-boxed elementor-section-height-default elementor-section-items-middle\" data-id=\"18f18763\" data-element_type=\"section\" data-settings=\"{&quot;background_background&quot;:&quot;slideshow&quot;,&quot;background_slideshow_gallery&quot;:[{&quot;id&quot;:345,&quot;url&quot;:&quot;https:\\\/\\\/bestlasermarking.com\\\/wp-content\\\/uploads\\\/2022\\\/12\\\/Incisione-laser-professionale.jpg&quot;}],&quot;background_slideshow_ken_burns&quot;:&quot;yes&quot;,&quot;background_slideshow_loop&quot;:&quot;yes&quot;,&quot;background_slideshow_slide_duration&quot;:5000,&quot;background_slideshow_slide_transition&quot;:&quot;fade&quot;,&quot;background_slideshow_transition_duration&quot;:500,&quot;background_slideshow_ken_burns_zoom_direction&quot;:&quot;in&quot;}\">\n\t\t\t\t\t\t\t<div class=\"elementor-background-overlay\"><\/div>\n\t\t\t\t\t\t\t<div class=\"elementor-container elementor-column-gap-default\">\n\t\t\t\t\t<div class=\"elementor-column elementor-col-66 elementor-top-column elementor-element elementor-element-45e3b566\" data-id=\"45e3b566\" data-element_type=\"column\">\n\t\t\t<div class=\"elementor-widget-wrap elementor-element-populated\">\n\t\t\t\t\t\t<div class=\"elementor-element elementor-element-c498449 elementor-widget elementor-widget-heading\" data-id=\"c498449\" data-element_type=\"widget\" data-widget_type=\"heading.default\">\n\t\t\t\t<div class=\"elementor-widget-container\">\n\t\t\t\t\t<h1 class=\"elementor-heading-title elementor-size-default\">Maszyny do <strong>CZYSZCZENIE LASEROWE mocny<\/strong> PRZEMYS\u0141OWY<\/h1>\t\t\t\t<\/div>\n\t\t\t\t<\/div>\n\t\t\t\t<div class=\"elementor-element elementor-element-2c759736 elementor-widget elementor-widget-text-editor\" data-id=\"2c759736\" data-element_type=\"widget\" data-widget_type=\"text-editor.default\">\n\t\t\t\t<div class=\"elementor-widget-container\">\n\t\t\t\t\t\t\t\t\t<p>Profesjonalne czyszczenie laserowe<\/p>\n\t\t\t\t\t\t\t\t<\/div>\n\t\t\t\t<\/div>\n\t\t\t\t\t<\/div>\n\t\t<\/div>\n\t\t\t\t<div class=\"elementor-column elementor-col-33 elementor-top-column elementor-element elementor-element-320390a6\" data-id=\"320390a6\" data-element_type=\"column\">\n\t\t\t<div class=\"elementor-widget-wrap\">\n\t\t\t\t\t\t\t<\/div>\n\t\t<\/div>\n\t\t\t\t\t<\/div>\n\t\t<\/section>\n\t\t\t\t<section class=\"elementor-section elementor-top-section elementor-element elementor-element-2bfa7acd elementor-reverse-mobile elementor-section-boxed elementor-section-height-default elementor-section-height-default\" data-id=\"2bfa7acd\" data-element_type=\"section\">\n\t\t\t\t\t\t<div class=\"elementor-container elementor-column-gap-no\">\n\t\t\t\t\t<div class=\"elementor-column elementor-col-50 elementor-top-column elementor-element elementor-element-5ed9951e\" data-id=\"5ed9951e\" data-element_type=\"column\">\n\t\t\t<div class=\"elementor-widget-wrap elementor-element-populated\">\n\t\t\t\t\t\t<section class=\"elementor-section elementor-inner-section elementor-element elementor-element-175b3102 elementor-section-boxed elementor-section-height-default elementor-section-height-default\" data-id=\"175b3102\" data-element_type=\"section\">\n\t\t\t\t\t\t<div class=\"elementor-container elementor-column-gap-default\">\n\t\t\t\t\t<div class=\"elementor-column elementor-col-100 elementor-inner-column elementor-element elementor-element-3d07e6d2\" data-id=\"3d07e6d2\" data-element_type=\"column\" data-settings=\"{&quot;background_background&quot;:&quot;classic&quot;}\">\n\t\t\t<div class=\"elementor-widget-wrap elementor-element-populated\">\n\t\t\t\t\t\t<div class=\"elementor-element elementor-element-326dd9cc elementor-widget elementor-widget-image\" data-id=\"326dd9cc\" data-element_type=\"widget\" data-widget_type=\"image.default\">\n\t\t\t\t<div class=\"elementor-widget-container\">\n\t\t\t\t\t\t\t\t\t\t\t\t\t\t\t<img fetchpriority=\"high\" decoding=\"async\" width=\"403\" height=\"323\" src=\"https:\/\/bestlasermarking.com\/wp-content\/uploads\/2022\/12\/incisione-laser.webp\" class=\"attachment-large size-large wp-image-798\" alt=\"\" srcset=\"https:\/\/bestlasermarking.com\/wp-content\/uploads\/2022\/12\/incisione-laser.webp 403w, https:\/\/bestlasermarking.com\/wp-content\/uploads\/2022\/12\/incisione-laser-300x240.webp 300w, https:\/\/bestlasermarking.com\/wp-content\/uploads\/2022\/12\/incisione-laser-15x12.webp 15w\" sizes=\"(max-width: 403px) 100vw, 403px\" \/>\t\t\t\t\t\t\t\t\t\t\t\t\t\t\t<\/div>\n\t\t\t\t<\/div>\n\t\t\t\t\t<\/div>\n\t\t<\/div>\n\t\t\t\t\t<\/div>\n\t\t<\/section>\n\t\t\t\t<section class=\"elementor-section elementor-inner-section elementor-element elementor-element-29fa7ee6 elementor-section-boxed elementor-section-height-default elementor-section-height-default\" data-id=\"29fa7ee6\" data-element_type=\"section\">\n\t\t\t\t\t\t<div class=\"elementor-container elementor-column-gap-default\">\n\t\t\t\t\t<div class=\"elementor-column elementor-col-50 elementor-inner-column elementor-element elementor-element-1898c14\" data-id=\"1898c14\" data-element_type=\"column\">\n\t\t\t<div class=\"elementor-widget-wrap elementor-element-populated\">\n\t\t\t\t\t\t<div class=\"elementor-element elementor-element-65c186db elementor-widget elementor-widget-image\" data-id=\"65c186db\" data-element_type=\"widget\" data-widget_type=\"image.default\">\n\t\t\t\t<div class=\"elementor-widget-container\">\n\t\t\t\t\t\t\t\t\t\t\t\t\t\t\t<img decoding=\"async\" src=\"https:\/\/bestlasermarking.com\/wp-content\/uploads\/elementor\/thumbs\/Minimark_front_web_tavolo-pz8nvsgx254b3bzxvrwt5k5zhzmnbab34h0euy47ew.webp\" title=\"Minimark_front_web_tavolo\" alt=\"Minimark_front_web_tavolo\" loading=\"lazy\" \/>\t\t\t\t\t\t\t\t\t\t\t\t\t\t\t<\/div>\n\t\t\t\t<\/div>\n\t\t\t\t\t<\/div>\n\t\t<\/div>\n\t\t\t\t<div class=\"elementor-column elementor-col-50 elementor-inner-column elementor-element elementor-element-20474d7f\" data-id=\"20474d7f\" data-element_type=\"column\">\n\t\t\t<div class=\"elementor-widget-wrap elementor-element-populated\">\n\t\t\t\t\t\t<div class=\"elementor-element elementor-element-3fd05882 elementor-widget elementor-widget-image\" data-id=\"3fd05882\" data-element_type=\"widget\" data-widget_type=\"image.default\">\n\t\t\t\t<div class=\"elementor-widget-container\">\n\t\t\t\t\t\t\t\t\t\t\t\t\t\t\t<img decoding=\"async\" src=\"https:\/\/bestlasermarking.com\/wp-content\/uploads\/elementor\/thumbs\/RotomarkX_web-pz8nxsuhodvdxb2t5572zjwh8npwrzaf2f8st94w3s.webp\" title=\"marcatore laser\" alt=\"marcatore laser\" loading=\"lazy\" \/>\t\t\t\t\t\t\t\t\t\t\t\t\t\t\t<\/div>\n\t\t\t\t<\/div>\n\t\t\t\t\t<\/div>\n\t\t<\/div>\n\t\t\t\t\t<\/div>\n\t\t<\/section>\n\t\t\t\t\t<\/div>\n\t\t<\/div>\n\t\t\t\t<div class=\"elementor-column elementor-col-50 elementor-top-column elementor-element elementor-element-73578476\" data-id=\"73578476\" data-element_type=\"column\">\n\t\t\t<div class=\"elementor-widget-wrap elementor-element-populated\">\n\t\t\t\t\t\t<section class=\"elementor-section elementor-inner-section elementor-element elementor-element-7c513c7a elementor-reverse-mobile elementor-section-boxed elementor-section-height-default elementor-section-height-default\" data-id=\"7c513c7a\" data-element_type=\"section\">\n\t\t\t\t\t\t<div class=\"elementor-container elementor-column-gap-default\">\n\t\t\t\t\t<div class=\"elementor-column elementor-col-100 elementor-inner-column elementor-element elementor-element-5a645e7c\" data-id=\"5a645e7c\" data-element_type=\"column\">\n\t\t\t<div class=\"elementor-widget-wrap elementor-element-populated\">\n\t\t\t\t\t\t<div class=\"elementor-element elementor-element-4a012816 elementor-widget__width-auto elementor-widget-divider--view-line elementor-widget elementor-widget-divider\" data-id=\"4a012816\" data-element_type=\"widget\" data-widget_type=\"divider.default\">\n\t\t\t\t<div class=\"elementor-widget-container\">\n\t\t\t\t\t\t\t<div class=\"elementor-divider\">\n\t\t\t<span class=\"elementor-divider-separator\">\n\t\t\t\t\t\t<\/span>\n\t\t<\/div>\n\t\t\t\t\t\t<\/div>\n\t\t\t\t<\/div>\n\t\t\t\t<div class=\"elementor-element elementor-element-194716d4 elementor-widget__width-auto elementor-widget elementor-widget-heading\" data-id=\"194716d4\" data-element_type=\"widget\" data-widget_type=\"heading.default\">\n\t\t\t\t<div class=\"elementor-widget-container\">\n\t\t\t\t\t<h2 class=\"elementor-heading-title elementor-size-default\">Co to jest czyszczenie laserowe?<\/h2>\t\t\t\t<\/div>\n\t\t\t\t<\/div>\n\t\t\t\t<div class=\"elementor-element elementor-element-2221107e elementor-widget elementor-widget-spacer\" data-id=\"2221107e\" data-element_type=\"widget\" data-widget_type=\"spacer.default\">\n\t\t\t\t<div class=\"elementor-widget-container\">\n\t\t\t\t\t\t\t<div class=\"elementor-spacer\">\n\t\t\t<div class=\"elementor-spacer-inner\"><\/div>\n\t\t<\/div>\n\t\t\t\t\t\t<\/div>\n\t\t\t\t<\/div>\n\t\t\t\t<div class=\"elementor-element elementor-element-6f25b857 elementor-widget elementor-widget-text-editor\" data-id=\"6f25b857\" data-element_type=\"widget\" data-widget_type=\"text-editor.default\">\n\t\t\t\t<div class=\"elementor-widget-container\">\n\t\t\t\t\t\t\t\t\t<p><strong>Czyszczenie laserowe<\/strong> to innowacyjne i zaawansowane rozwi\u0105zanie usuwania pozosta\u0142o\u015bci i zanieczyszcze\u0144 z r\u00f3\u017cnych powierzchni. Wykorzystuj\u0105c energi\u0119 skoncentrowanej wi\u0105zki lasera, metoda ta pozwala na czyszczenie selektywne i precyzyjne, bez fizycznego kontaktu z obrabianym materia\u0142em.<\/p>\n<p>Technika ta opiera si\u0119 na emisji wi\u0105zki lasera, kt\u00f3ra po zetkni\u0119ciu z powierzchni\u0105 powoduje odparowanie lub sublimacj\u0119 obecnych pozosta\u0142o\u015bci lub zanieczyszcze\u0144. Proces przebiega szybko i kontrolowanie, zapewniaj\u0105c w ten spos\u00f3b wysok\u0105 wydajno\u015b\u0107 i minimalne zmiany materia\u0142u bazowego.<\/p>\n<p>Nadaje si\u0119 do r\u00f3\u017cnych materia\u0142\u00f3w. Czyszczenie laserowe jest szczeg\u00f3lnie skuteczne w przypadku metali, tworzyw sztucznych, tkanin, a nawet wra\u017cliwych materia\u0142\u00f3w, takich jak drewno czy szk\u0142o. Dzi\u0119ki temu jest to idealny wyb\u00f3r w r\u00f3\u017cnych dziedzinach przemys\u0142u, od konserwacji maszyn, poprzez przygotowanie powierzchni do proces\u00f3w spawania lub malowania, a\u017c po czyszczenie obiekt\u00f3w kulturowych i historycznych.<\/p>\n<p>Co wi\u0119cej, proces czyszczenia laserowego jest ekologiczny, poniewa\u017c nie wymaga u\u017cycia \u015brodk\u00f3w chemicznych ani rozpuszczalnik\u00f3w, co zmniejsza wp\u0142yw na \u015brodowisko i ryzyko dla zdrowia operator\u00f3w. Jego precyzja i mo\u017cliwo\u015b\u0107 dotarcia do miejsc trudnych do czyszczenia r\u0119cznego czyni\u0105 go najnowocze\u015bniejszym rozwi\u0105zaniem technologicznym w sektorze czyszczenia i renowacji obiekt\u00f3w przemys\u0142owych.<\/p>\n<p>Dzi\u0119ki bardzo precyzyjnej wi\u0105zce lasera pozwala na efektywne i wysokiej jako\u015bci \u0142\u0105czenie materia\u0142\u00f3w.<\/p>\n<p>Metodologia ta ma znacz\u0105ce <strong>zalety<\/strong> w por\u00f3wnaniu z innymi tradycyjnymi technikami spawania. Dzi\u0119ki szerokiej gamie zastosowa\u0144 przemys\u0142owych spawanie laserowe zapewnia du\u017c\u0105 elastyczno\u015b\u0107 i wszechstronno\u015b\u0107.<\/p>\n<p>Odkryjmy zasady dzia\u0142ania, materia\u0142y i zastosowania, procedury i techniki, systemy i sprz\u0119t, bezpiecze\u0144stwo i \u015brodki ostro\u017cno\u015bci, a tak\u017ce charakteryzuj\u0105cy go przysz\u0142y rozw\u00f3j.<\/p>\n\t\t\t\t\t\t\t\t<\/div>\n\t\t\t\t<\/div>\n\t\t\t\t\t<\/div>\n\t\t<\/div>\n\t\t\t\t\t<\/div>\n\t\t<\/section>\n\t\t\t\t\t<\/div>\n\t\t<\/div>\n\t\t\t\t\t<\/div>\n\t\t<\/section>\n\t\t\t\t<section class=\"elementor-section elementor-top-section elementor-element elementor-element-7d8b6f37 elementor-section-boxed elementor-section-height-default elementor-section-height-default\" data-id=\"7d8b6f37\" data-element_type=\"section\" data-settings=\"{&quot;background_background&quot;:&quot;classic&quot;}\">\n\t\t\t\t\t\t<div class=\"elementor-container elementor-column-gap-default\">\n\t\t\t\t\t<div class=\"elementor-column elementor-col-100 elementor-top-column elementor-element elementor-element-3ac0279\" data-id=\"3ac0279\" data-element_type=\"column\">\n\t\t\t<div class=\"elementor-widget-wrap elementor-element-populated\">\n\t\t\t\t\t\t<section class=\"elementor-section elementor-inner-section elementor-element elementor-element-65a07cdc elementor-section-boxed elementor-section-height-default elementor-section-height-default\" data-id=\"65a07cdc\" data-element_type=\"section\">\n\t\t\t\t\t\t<div class=\"elementor-container elementor-column-gap-default\">\n\t\t\t\t\t<div class=\"elementor-column elementor-col-100 elementor-inner-column elementor-element elementor-element-66500928\" data-id=\"66500928\" data-element_type=\"column\">\n\t\t\t<div class=\"elementor-widget-wrap elementor-element-populated\">\n\t\t\t\t\t\t<div class=\"elementor-element elementor-element-4127b683 elementor-widget__width-auto elementor-widget-divider--view-line elementor-widget elementor-widget-divider\" data-id=\"4127b683\" data-element_type=\"widget\" data-widget_type=\"divider.default\">\n\t\t\t\t<div class=\"elementor-widget-container\">\n\t\t\t\t\t\t\t<div class=\"elementor-divider\">\n\t\t\t<span class=\"elementor-divider-separator\">\n\t\t\t\t\t\t<\/span>\n\t\t<\/div>\n\t\t\t\t\t\t<\/div>\n\t\t\t\t<\/div>\n\t\t\t\t<div class=\"elementor-element elementor-element-17d2a179 elementor-widget elementor-widget-spacer\" data-id=\"17d2a179\" data-element_type=\"widget\" data-widget_type=\"spacer.default\">\n\t\t\t\t<div class=\"elementor-widget-container\">\n\t\t\t\t\t\t\t<div class=\"elementor-spacer\">\n\t\t\t<div class=\"elementor-spacer-inner\"><\/div>\n\t\t<\/div>\n\t\t\t\t\t\t<\/div>\n\t\t\t\t<\/div>\n\t\t\t\t<div class=\"elementor-element elementor-element-4e12b584 elementor-widget elementor-widget-text-editor\" data-id=\"4e12b584\" data-element_type=\"widget\" data-widget_type=\"text-editor.default\">\n\t\t\t\t<div class=\"elementor-widget-container\">\n\t\t\t\t\t\t\t\t\t<h4>Zalety czyszczenia laserowego i profesjonalnych maszyn<\/h4>\n<p>Laserowe maszyny czyszcz\u0105ce to zaawansowane urz\u0105dzenia przeznaczone do skutecznego usuwania zanieczyszcze\u0144 i pozosta\u0142o\u015bci z r\u00f3\u017cnorodnych powierzchni. Systemy te wykorzystuj\u0105 technologi\u0119 laserow\u0105 do generowania skoncentrowanej wi\u0105zki \u015bwiat\u0142a, kt\u00f3ra skierowana na czyszczon\u0105 powierzchni\u0119 eliminuje brud, utlenianie, farb\u0119 lub inne rodzaje osad\u00f3w bez uszkadzania materia\u0142u znajduj\u0105cego si\u0119 pod spodem.<\/p>\n<h4>Obs\u0142uga maszyn do czyszczenia laserowego<\/h4>\n<p>Urz\u0105dzenia te dzia\u0142aj\u0105 w procesie, w kt\u00f3rym laser uderza w powierzchni\u0119, tworz\u0105c efekt termiczny, kt\u00f3ry usuwa brud lub niechcian\u0105 pow\u0142ok\u0119. Technika ta wyr\u00f3\u017cnia si\u0119 precyzj\u0105, pozwalaj\u0105c na czyszczenie skomplikowanych lub delikatnych powierzchni bez ryzyka przetarcia lub uszkodzenia. Szybko\u015b\u0107 i moc lasera mo\u017cna regulowa\u0107 w zale\u017cno\u015bci od rodzaju materia\u0142u i stopnia zabrudzenia lub utlenienia, kt\u00f3re maj\u0105 zosta\u0107 usuni\u0119te.<\/p>\n<h4>Zalety maszyn do czyszczenia laserowego<\/h4>\n<ol>\n<li><strong>Precyzja i selektywno\u015b\u0107<\/strong>: Czyszczenie laserowe pozwala na leczenie okre\u015blonych obszar\u00f3w bez wp\u0142ywu na obszary otaczaj\u0105ce.<\/li>\n<li><strong>Wydajno\u015b\u0107<\/strong>: Ta metoda jest niezwykle szybka i mo\u017ce czy\u015bci\u0107 powierzchnie znacznie wydajniej ni\u017c metody tradycyjne.<\/li>\n<li><strong>Ekologiczny<\/strong>: Poniewa\u017c jest to proces wolny od \u015brodk\u00f3w chemicznych, jest przyjazny dla \u015brodowiska i zmniejsza ilo\u015b\u0107 odpad\u00f3w oraz nara\u017cenie na szkodliwe substancje.<\/li>\n<li><strong>Wszechstronno\u015b\u0107<\/strong>: Nadaje si\u0119 do szerokiej gamy materia\u0142\u00f3w, w tym metali, tworzyw sztucznych i kompozyt\u00f3w.<\/li>\n<li><strong>Minimalne zu\u017cycie<\/strong>: Czyszczenie laserowe nie wymaga kontaktu fizycznego, co oznacza mniejsze zu\u017cycie i konserwacj\u0119 powierzchni.<\/li>\n<\/ol>\n<h4>Zastosowania przemys\u0142owe i renowacja<\/h4>\n<p>Laserowe maszyny czyszcz\u0105ce znajduj\u0105 zastosowanie w r\u00f3\u017cnych zastosowaniach przemys\u0142owych, od usuwania rdzy i farby, po przygotowanie powierzchni do proces\u00f3w malowania lub spawania. Wykorzystuje si\u0119 je tak\u017ce przy restauracji dzie\u0142 sztuki i zabytk\u00f3w, gdzie liczy si\u0119 delikatno\u015b\u0107 i precyzja.<\/p>\n<p>Podsumowuj\u0105c, laserowe maszyny czyszcz\u0105ce stanowi\u0105 znacz\u0105c\u0105 innowacj\u0119 w dziedzinie konserwacji i renowacji obiekt\u00f3w przemys\u0142owych, oferuj\u0105c wydajne, precyzyjne i przyjazne dla \u015brodowiska podej\u015bcie do czyszczenia r\u00f3\u017cnych powierzchni.<\/p><\/p>\n\t\t\t\t\t\t\t\t<\/div>\n\t\t\t\t<\/div>\n\t\t\t\t\t<\/div>\n\t\t<\/div>\n\t\t\t\t\t<\/div>\n\t\t<\/section>\n\t\t\t\t\t<\/div>\n\t\t<\/div>\n\t\t\t\t\t<\/div>\n\t\t<\/section>\n\t\t\t\t<section class=\"elementor-section elementor-top-section elementor-element elementor-element-2cca0281 elementor-section-boxed elementor-section-height-default elementor-section-height-default\" data-id=\"2cca0281\" data-element_type=\"section\">\n\t\t\t\t\t\t<div class=\"elementor-container elementor-column-gap-default\">\n\t\t\t\t\t<div class=\"elementor-column elementor-col-100 elementor-top-column elementor-element elementor-element-2f063f53\" data-id=\"2f063f53\" data-element_type=\"column\">\n\t\t\t<div class=\"elementor-widget-wrap\">\n\t\t\t\t\t\t\t<\/div>\n\t\t<\/div>\n\t\t\t\t\t<\/div>\n\t\t<\/section>\n\t\t\t\t<\/div>\n\t\t","protected":false},"excerpt":{"rendered":"<p>Maszyny do CZYSZCZENIE LASEROWE mocny PRZEMYS\u0141OWY Profesjonalne czyszczenie laserowe Co to jest czyszczenie laserowe? Czyszczenie laserowe to innowacyjne i zaawansowane rozwi\u0105zanie usuwania pozosta\u0142o\u015bci i zanieczyszcze\u0144 z r\u00f3\u017cnych powierzchni. Wykorzystuj\u0105c energi\u0119 skoncentrowanej wi\u0105zki lasera, metoda ta pozwala na czyszczenie selektywne i precyzyjne, bez fizycznego kontaktu z obrabianym materia\u0142em. Technika ta opiera si\u0119 na emisji wi\u0105zki lasera, [&hellip;]<\/p>\n","protected":false},"author":2,"featured_media":0,"parent":0,"menu_order":0,"comment_status":"closed","ping_status":"closed","template":"elementor_header_footer","meta":{"footnotes":""},"class_list":["post-1032","page","type-page","status-publish","hentry"],"_links":{"self":[{"href":"https:\/\/bestlasermarking.com\/pl\/wp-json\/wp\/v2\/pages\/1032","targetHints":{"allow":["GET"]}}],"collection":[{"href":"https:\/\/bestlasermarking.com\/pl\/wp-json\/wp\/v2\/pages"}],"about":[{"href":"https:\/\/bestlasermarking.com\/pl\/wp-json\/wp\/v2\/types\/page"}],"author":[{"embeddable":true,"href":"https:\/\/bestlasermarking.com\/pl\/wp-json\/wp\/v2\/users\/2"}],"replies":[{"embeddable":true,"href":"https:\/\/bestlasermarking.com\/pl\/wp-json\/wp\/v2\/comments?post=1032"}],"version-history":[{"count":3,"href":"https:\/\/bestlasermarking.com\/pl\/wp-json\/wp\/v2\/pages\/1032\/revisions"}],"predecessor-version":[{"id":1035,"href":"https:\/\/bestlasermarking.com\/pl\/wp-json\/wp\/v2\/pages\/1032\/revisions\/1035"}],"wp:attachment":[{"href":"https:\/\/bestlasermarking.com\/pl\/wp-json\/wp\/v2\/media?parent=1032"}],"curies":[{"name":"wp","href":"https:\/\/api.w.org\/{rel}","templated":true}]}}