{"id":1081,"date":"2023-12-13T09:52:58","date_gmt":"2023-12-13T09:52:58","guid":{"rendered":"https:\/\/bestlasermarking.com\/znakowanie-laserowe-dla-przemyslu-wojskowego\/"},"modified":"2024-02-01T12:08:19","modified_gmt":"2024-02-01T12:08:19","slug":"znakowanie-laserowe-dla-przemyslu-wojskowego","status":"publish","type":"page","link":"https:\/\/bestlasermarking.com\/pl\/znakowanie-laserowe-dla-przemyslu-wojskowego\/","title":{"rendered":"ZNAKOWANIE LASEROWE DLA PRZEMYS\u0141U WOJSKOWEGO"},"content":{"rendered":"\t\t<div data-elementor-type=\"wp-page\" data-elementor-id=\"1081\" class=\"elementor elementor-1081 elementor-618\" data-elementor-post-type=\"page\">\n\t\t\t\t\t\t<section class=\"elementor-section elementor-top-section elementor-element elementor-element-18f18763 elementor-section-height-min-height elementor-section-boxed elementor-section-height-default elementor-section-items-middle\" data-id=\"18f18763\" data-element_type=\"section\" data-settings=\"{&quot;background_background&quot;:&quot;slideshow&quot;,&quot;background_slideshow_gallery&quot;:[{&quot;id&quot;:260,&quot;url&quot;:&quot;https:\\\/\\\/bestlasermarking.com\\\/wp-content\\\/uploads\\\/2022\\\/12\\\/laser-marcatura.webp&quot;}],&quot;background_slideshow_ken_burns&quot;:&quot;yes&quot;,&quot;background_slideshow_loop&quot;:&quot;yes&quot;,&quot;background_slideshow_slide_duration&quot;:5000,&quot;background_slideshow_slide_transition&quot;:&quot;fade&quot;,&quot;background_slideshow_transition_duration&quot;:500,&quot;background_slideshow_ken_burns_zoom_direction&quot;:&quot;in&quot;}\">\n\t\t\t\t\t\t\t<div class=\"elementor-background-overlay\"><\/div>\n\t\t\t\t\t\t\t<div class=\"elementor-container elementor-column-gap-default\">\n\t\t\t\t\t<div class=\"elementor-column elementor-col-66 elementor-top-column elementor-element elementor-element-45e3b566\" data-id=\"45e3b566\" data-element_type=\"column\">\n\t\t\t<div class=\"elementor-widget-wrap elementor-element-populated\">\n\t\t\t\t\t\t<div class=\"elementor-element elementor-element-c498449 elementor-widget elementor-widget-heading\" data-id=\"c498449\" data-element_type=\"widget\" data-widget_type=\"heading.default\">\n\t\t\t\t<div class=\"elementor-widget-container\">\n\t\t\t\t\t<h1 class=\"elementor-heading-title elementor-size-default\">ZNAKOWANIE LASEROWE DLA PRZEMYS\u0141U WOJSKOWEGO<\/h1>\t\t\t\t<\/div>\n\t\t\t\t<\/div>\n\t\t\t\t\t<\/div>\n\t\t<\/div>\n\t\t\t\t<div class=\"elementor-column elementor-col-33 elementor-top-column elementor-element elementor-element-320390a6\" data-id=\"320390a6\" data-element_type=\"column\">\n\t\t\t<div class=\"elementor-widget-wrap\">\n\t\t\t\t\t\t\t<\/div>\n\t\t<\/div>\n\t\t\t\t\t<\/div>\n\t\t<\/section>\n\t\t\t\t<section class=\"elementor-section elementor-top-section elementor-element elementor-element-2bfa7acd elementor-reverse-mobile elementor-section-boxed elementor-section-height-default elementor-section-height-default\" data-id=\"2bfa7acd\" data-element_type=\"section\">\n\t\t\t\t\t\t<div class=\"elementor-container elementor-column-gap-no\">\n\t\t\t\t\t<div class=\"elementor-column elementor-col-50 elementor-top-column elementor-element elementor-element-5ed9951e\" data-id=\"5ed9951e\" data-element_type=\"column\">\n\t\t\t<div class=\"elementor-widget-wrap elementor-element-populated\">\n\t\t\t\t\t\t<section class=\"elementor-section elementor-inner-section elementor-element elementor-element-175b3102 elementor-section-boxed elementor-section-height-default elementor-section-height-default\" data-id=\"175b3102\" data-element_type=\"section\">\n\t\t\t\t\t\t<div class=\"elementor-container elementor-column-gap-default\">\n\t\t\t\t\t<div class=\"elementor-column elementor-col-100 elementor-inner-column elementor-element elementor-element-3d07e6d2\" data-id=\"3d07e6d2\" data-element_type=\"column\" data-settings=\"{&quot;background_background&quot;:&quot;classic&quot;}\">\n\t\t\t<div class=\"elementor-widget-wrap\">\n\t\t\t\t\t\t\t<\/div>\n\t\t<\/div>\n\t\t\t\t\t<\/div>\n\t\t<\/section>\n\t\t\t\t<section class=\"elementor-section elementor-inner-section elementor-element elementor-element-29fa7ee6 elementor-section-boxed elementor-section-height-default elementor-section-height-default\" data-id=\"29fa7ee6\" data-element_type=\"section\">\n\t\t\t\t\t\t<div class=\"elementor-container elementor-column-gap-default\">\n\t\t\t\t\t<div class=\"elementor-column elementor-col-50 elementor-inner-column elementor-element elementor-element-1898c14\" data-id=\"1898c14\" data-element_type=\"column\">\n\t\t\t<div class=\"elementor-widget-wrap elementor-element-populated\">\n\t\t\t\t\t\t<div class=\"elementor-element elementor-element-65c186db elementor-widget elementor-widget-image\" data-id=\"65c186db\" data-element_type=\"widget\" data-widget_type=\"image.default\">\n\t\t\t\t<div class=\"elementor-widget-container\">\n\t\t\t\t\t\t\t\t\t\t\t\t\t\t\t<img decoding=\"async\" src=\"https:\/\/bestlasermarking.com\/wp-content\/uploads\/elementor\/thumbs\/Marcatura-Militare-qgqv02urk3iyioyxlj23k03g0ef5zqrbxrvnk72wlk.webp\" title=\"Marcatura-Militare\" alt=\"Marcatura-Militare\" loading=\"lazy\" \/>\t\t\t\t\t\t\t\t\t\t\t\t\t\t\t<\/div>\n\t\t\t\t<\/div>\n\t\t\t\t\t<\/div>\n\t\t<\/div>\n\t\t\t\t<div class=\"elementor-column elementor-col-50 elementor-inner-column elementor-element elementor-element-20474d7f\" data-id=\"20474d7f\" data-element_type=\"column\">\n\t\t\t<div class=\"elementor-widget-wrap elementor-element-populated\">\n\t\t\t\t\t\t<div class=\"elementor-element elementor-element-3fd05882 elementor-widget elementor-widget-image\" data-id=\"3fd05882\" data-element_type=\"widget\" data-widget_type=\"image.default\">\n\t\t\t\t<div class=\"elementor-widget-container\">\n\t\t\t\t\t\t\t\t\t\t\t\t\t\t\t<img decoding=\"async\" src=\"https:\/\/bestlasermarking.com\/wp-content\/uploads\/elementor\/thumbs\/Marcatura-Colorata-metallo-pz8sek6sjbxtkfkdf4t1xhhiq1cu8ehri3xclwrxxk.webp\" title=\"Marcatura-Colorata-metallo\" alt=\"Marcatura-Colorata-metallo\" loading=\"lazy\" \/>\t\t\t\t\t\t\t\t\t\t\t\t\t\t\t<\/div>\n\t\t\t\t<\/div>\n\t\t\t\t\t<\/div>\n\t\t<\/div>\n\t\t\t\t\t<\/div>\n\t\t<\/section>\n\t\t\t\t\t<\/div>\n\t\t<\/div>\n\t\t\t\t<div class=\"elementor-column elementor-col-50 elementor-top-column elementor-element elementor-element-73578476\" data-id=\"73578476\" data-element_type=\"column\">\n\t\t\t<div class=\"elementor-widget-wrap elementor-element-populated\">\n\t\t\t\t\t\t<section class=\"elementor-section elementor-inner-section elementor-element elementor-element-7c513c7a elementor-reverse-mobile elementor-section-boxed elementor-section-height-default elementor-section-height-default\" data-id=\"7c513c7a\" data-element_type=\"section\">\n\t\t\t\t\t\t<div class=\"elementor-container elementor-column-gap-default\">\n\t\t\t\t\t<div class=\"elementor-column elementor-col-100 elementor-inner-column elementor-element elementor-element-5a645e7c\" data-id=\"5a645e7c\" data-element_type=\"column\">\n\t\t\t<div class=\"elementor-widget-wrap elementor-element-populated\">\n\t\t\t\t\t\t<div class=\"elementor-element elementor-element-4a012816 elementor-widget__width-auto elementor-widget-divider--view-line elementor-widget elementor-widget-divider\" data-id=\"4a012816\" data-element_type=\"widget\" data-widget_type=\"divider.default\">\n\t\t\t\t<div class=\"elementor-widget-container\">\n\t\t\t\t\t\t\t<div class=\"elementor-divider\">\n\t\t\t<span class=\"elementor-divider-separator\">\n\t\t\t\t\t\t<\/span>\n\t\t<\/div>\n\t\t\t\t\t\t<\/div>\n\t\t\t\t<\/div>\n\t\t\t\t<div class=\"elementor-element elementor-element-194716d4 elementor-widget__width-auto elementor-widget elementor-widget-heading\" data-id=\"194716d4\" data-element_type=\"widget\" data-widget_type=\"heading.default\">\n\t\t\t\t<div class=\"elementor-widget-container\">\n\t\t\t\t\t<h2 class=\"elementor-heading-title elementor-size-default\">Rozwi\u0105zania w zakresie amunicji i broni palnej<\/h2>\t\t\t\t<\/div>\n\t\t\t\t<\/div>\n\t\t\t\t<div class=\"elementor-element elementor-element-2221107e elementor-widget elementor-widget-spacer\" data-id=\"2221107e\" data-element_type=\"widget\" data-widget_type=\"spacer.default\">\n\t\t\t\t<div class=\"elementor-widget-container\">\n\t\t\t\t\t\t\t<div class=\"elementor-spacer\">\n\t\t\t<div class=\"elementor-spacer-inner\"><\/div>\n\t\t<\/div>\n\t\t\t\t\t\t<\/div>\n\t\t\t\t<\/div>\n\t\t\t\t<div class=\"elementor-element elementor-element-6f25b857 elementor-widget elementor-widget-text-editor\" data-id=\"6f25b857\" data-element_type=\"widget\" data-widget_type=\"text-editor.default\">\n\t\t\t\t<div class=\"elementor-widget-container\">\n\t\t\t\t\t\t\t\t\t<p><strong>Znakowanie laserowe w przemy\u015ble<\/strong> wojskowym sta\u0142o si\u0119 kluczowym narz\u0119dziem dzi\u0119ki swojej precyzji, trwa\u0142o\u015bci i wszechstronno\u015bci. Technologia ta wykorzystywana jest do wytrawiania szerokiego zakresu informacji na temat r\u00f3\u017cnego rodzaju sprz\u0119tu i komponent\u00f3w wojskowych, takich jak bro\u0144 palna, cz\u0119\u015bci pojazd\u00f3w, sprz\u0119t elektroniczny i wiele innych.<\/p>\n<p><a href=\"https:\/\/bestlasermarking.com\/pl\/\">Znakowanie laserowe<\/a> oferuje liczne mo\u017cliwo\u015bci w bran\u017cy motoryzacyjnej. Ten niezwykle precyzyjny proces umo\u017cliwia znakowanie kod\u00f3w kreskowych, numer\u00f3w seryjnych, logo firmy i innych element\u00f3w na szerokiej gamie komponent\u00f3w samochodowych, od cz\u0119\u015bci silnika, przez komponenty elektroniczne, a\u017c po deski rozdzielcze. Dzi\u0119ki innowacyjnej technologii laserowej LASIT producenci samochod\u00f3w mog\u0105 zagwarantowa\u0107 autentyczno\u015b\u0107 swoich cz\u0119\u015bci, \u015bledzi\u0107 ich pochodzenie i poprawi\u0107 kontrol\u0119 jako\u015bci.<\/p>\n\t\t\t\t\t\t\t\t<\/div>\n\t\t\t\t<\/div>\n\t\t\t\t\t<\/div>\n\t\t<\/div>\n\t\t\t\t\t<\/div>\n\t\t<\/section>\n\t\t\t\t\t<\/div>\n\t\t<\/div>\n\t\t\t\t\t<\/div>\n\t\t<\/section>\n\t\t\t\t<section class=\"elementor-section elementor-top-section elementor-element elementor-element-7d8b6f37 elementor-section-boxed elementor-section-height-default elementor-section-height-default\" data-id=\"7d8b6f37\" data-element_type=\"section\" data-settings=\"{&quot;background_background&quot;:&quot;classic&quot;}\">\n\t\t\t\t\t\t<div class=\"elementor-container elementor-column-gap-default\">\n\t\t\t\t\t<div class=\"elementor-column elementor-col-100 elementor-top-column elementor-element elementor-element-3ac0279\" data-id=\"3ac0279\" data-element_type=\"column\">\n\t\t\t<div class=\"elementor-widget-wrap elementor-element-populated\">\n\t\t\t\t\t\t<section class=\"elementor-section elementor-inner-section elementor-element elementor-element-65a07cdc elementor-section-boxed elementor-section-height-default elementor-section-height-default\" data-id=\"65a07cdc\" data-element_type=\"section\">\n\t\t\t\t\t\t<div class=\"elementor-container elementor-column-gap-default\">\n\t\t\t\t\t<div class=\"elementor-column elementor-col-100 elementor-inner-column elementor-element elementor-element-66500928\" data-id=\"66500928\" data-element_type=\"column\">\n\t\t\t<div class=\"elementor-widget-wrap elementor-element-populated\">\n\t\t\t\t\t\t<div class=\"elementor-element elementor-element-4127b683 elementor-widget__width-auto elementor-widget-divider--view-line elementor-widget elementor-widget-divider\" data-id=\"4127b683\" data-element_type=\"widget\" data-widget_type=\"divider.default\">\n\t\t\t\t<div class=\"elementor-widget-container\">\n\t\t\t\t\t\t\t<div class=\"elementor-divider\">\n\t\t\t<span class=\"elementor-divider-separator\">\n\t\t\t\t\t\t<\/span>\n\t\t<\/div>\n\t\t\t\t\t\t<\/div>\n\t\t\t\t<\/div>\n\t\t\t\t<div class=\"elementor-element elementor-element-75a5d14 elementor-widget__width-auto elementor-widget elementor-widget-heading\" data-id=\"75a5d14\" data-element_type=\"widget\" data-widget_type=\"heading.default\">\n\t\t\t\t<div class=\"elementor-widget-container\">\n\t\t\t\t\t<h2 class=\"elementor-heading-title elementor-size-default\">Maszyny do rozwi\u0105za\u0144 przeciwpo\u017carowych i zbrojeniowych<\/h2>\t\t\t\t<\/div>\n\t\t\t\t<\/div>\n\t\t\t\t<div class=\"elementor-element elementor-element-17d2a179 elementor-widget elementor-widget-spacer\" data-id=\"17d2a179\" data-element_type=\"widget\" data-widget_type=\"spacer.default\">\n\t\t\t\t<div class=\"elementor-widget-container\">\n\t\t\t\t\t\t\t<div class=\"elementor-spacer\">\n\t\t\t<div class=\"elementor-spacer-inner\"><\/div>\n\t\t<\/div>\n\t\t\t\t\t\t<\/div>\n\t\t\t\t<\/div>\n\t\t\t\t<div class=\"elementor-element elementor-element-4e12b584 elementor-widget elementor-widget-text-editor\" data-id=\"4e12b584\" data-element_type=\"widget\" data-widget_type=\"text-editor.default\">\n\t\t\t\t<div class=\"elementor-widget-container\">\n\t\t\t\t\t\t\t\t\t<p>Znakowanie laserowe jest szczeg\u00f3lnie skuteczne w przemy\u015ble wojskowym z kilku powod\u00f3w:<\/p>\n<ol>\n<li>\n<p><strong>Identyfikowalno\u015b\u0107<\/strong>: Znakowanie laserowe zapewnia trwa\u0142\u0105 metod\u0119 identyfikacji, kt\u00f3ra jest niezb\u0119dna do identyfikowalno\u015bci cz\u0119\u015bci i narz\u0119dzi w ca\u0142ym ich cyklu \u017cycia. Ma to kluczowe znaczenie dla jako\u015bci, kontroli i zgodno\u015bci w zastosowaniach wojskowych.<\/p>\n<\/li>\n<li>\n<p><strong>Kontrola produkcji i zapas\u00f3w<\/strong>: Znakowanie laserowe pomaga zarz\u0105dza\u0107 produkcj\u0105 i utrzymywa\u0107 kontrol\u0119 zapas\u00f3w, zapewniaj\u0105c dost\u0119pno\u015b\u0107 artyku\u0142\u00f3w we w\u0142a\u015bciwym czasie i ilo\u015bci. Trwa\u0142e oznaczenia nie blakn\u0105 ani nie \u015bcieraj\u0105 si\u0119, dzi\u0119ki czemu idealnie nadaj\u0105 si\u0119 do skutecznej kontroli zapas\u00f3w.<\/p>\n<\/li>\n<li>\n<p><strong>Dostarczenie informacji dotycz\u0105cych bezpiecze\u0144stwa<\/strong>: Oznaczenia laserowe na cz\u0119\u015bciach obronnych s\u0105 niezb\u0119dne do prawid\u0142owego obchodzenia si\u0119 ze sprz\u0119tem i jego u\u017cytkowania. Mo\u017ce to obejmowa\u0107 etykiety ostrzegawcze, symbole bezpiecze\u0144stwa, dane kontaktowe w sytuacjach awaryjnych, instrukcje obs\u0142ugi i informacje dotycz\u0105ce zgodno\u015bci.<\/p>\n<\/li>\n<\/ol>\n<p><strong>W przemy\u015ble wojskowym i obronnym<\/strong> oznaczenia cz\u0119sto obejmuj\u0105 kody kreskowe 2D, kody UID, numery cz\u0119\u015bci, logo firmy i kody Data Matrix. Powszechnym przyk\u0142adem jest znakowanie laserowe MIL-STD UID 2D, stosowane do g\u0142\u0119bokiego grawerowania numer\u00f3w seryjnych i innych istotnych informacji.<\/p>\n<p>Maszyny do znakowania laserowego stosowane w tej bran\u017cy s\u0105 zaprojektowane tak, aby by\u0142y solidne i niezawodne, odporne na trudne warunki i ekstremalne u\u017cytkowanie. Maszyny te obejmuj\u0105 szerok\u0105 gam\u0119 system\u00f3w laserowych, <strong>takich jak lasery \u015bwiat\u0142owodowe MOPA, lasery CO2 i systemy laserowe UV<\/strong>, ka\u017cdy dostosowany do okre\u015blonych materia\u0142\u00f3w i wymaga\u0144 aplikacji.<\/p>\n<p>Technologia laserowa ewoluowa\u0142a i obejmuje kilka typ\u00f3w system\u00f3w, kt\u00f3re mog\u0105 zaspokoi\u0107 szeroki zakres potrzeb w przemy\u015ble wojskowym. <strong>Od zintegrowanych system\u00f3w znakowania laserowego po maszyny o wysokiej wydajno\u015bci<\/strong> \u2013 dost\u0119pne s\u0105 rozwi\u0105zania dostosowane do indywidualnych potrzeb, spe\u0142niaj\u0105ce Twoje specyficzne potrzeby w zakresie znakowania i grawerowania.<\/p>\n<p>Znakowanie laserowe sta\u0142o si\u0119 niezb\u0119dnym elementem przemys\u0142u wojskowego, zapewniaj\u0105c niezawodn\u0105 metod\u0119 \u015bledzenia i identyfikacji cz\u0119\u015bci i wyposa\u017cenia, a tak\u017ce wspieraj\u0105c rygorystyczne procesy kontroli jako\u015bci i bezpiecze\u0144stwa<\/p>\n\t\t\t\t\t\t\t\t<\/div>\n\t\t\t\t<\/div>\n\t\t\t\t\t<\/div>\n\t\t<\/div>\n\t\t\t\t\t<\/div>\n\t\t<\/section>\n\t\t\t\t\t<\/div>\n\t\t<\/div>\n\t\t\t\t\t<\/div>\n\t\t<\/section>\n\t\t\t\t<section class=\"elementor-section elementor-top-section elementor-element elementor-element-2cca0281 elementor-section-boxed elementor-section-height-default elementor-section-height-default\" data-id=\"2cca0281\" data-element_type=\"section\">\n\t\t\t\t\t\t<div class=\"elementor-container elementor-column-gap-default\">\n\t\t\t\t\t<div class=\"elementor-column elementor-col-100 elementor-top-column elementor-element elementor-element-2f063f53\" data-id=\"2f063f53\" data-element_type=\"column\">\n\t\t\t<div class=\"elementor-widget-wrap\">\n\t\t\t\t\t\t\t<\/div>\n\t\t<\/div>\n\t\t\t\t\t<\/div>\n\t\t<\/section>\n\t\t\t\t<\/div>\n\t\t","protected":false},"excerpt":{"rendered":"<p>ZNAKOWANIE LASEROWE DLA PRZEMYS\u0141U WOJSKOWEGO Rozwi\u0105zania w zakresie amunicji i broni palnej Znakowanie laserowe w przemy\u015ble wojskowym sta\u0142o si\u0119 kluczowym narz\u0119dziem dzi\u0119ki swojej precyzji, trwa\u0142o\u015bci i wszechstronno\u015bci. Technologia ta wykorzystywana jest do wytrawiania szerokiego zakresu informacji na temat r\u00f3\u017cnego rodzaju sprz\u0119tu i komponent\u00f3w wojskowych, takich jak bro\u0144 palna, cz\u0119\u015bci pojazd\u00f3w, sprz\u0119t elektroniczny i wiele innych. [&hellip;]<\/p>\n","protected":false},"author":2,"featured_media":0,"parent":0,"menu_order":0,"comment_status":"closed","ping_status":"closed","template":"elementor_header_footer","meta":{"footnotes":""},"class_list":["post-1081","page","type-page","status-publish","hentry"],"_links":{"self":[{"href":"https:\/\/bestlasermarking.com\/pl\/wp-json\/wp\/v2\/pages\/1081","targetHints":{"allow":["GET"]}}],"collection":[{"href":"https:\/\/bestlasermarking.com\/pl\/wp-json\/wp\/v2\/pages"}],"about":[{"href":"https:\/\/bestlasermarking.com\/pl\/wp-json\/wp\/v2\/types\/page"}],"author":[{"embeddable":true,"href":"https:\/\/bestlasermarking.com\/pl\/wp-json\/wp\/v2\/users\/2"}],"replies":[{"embeddable":true,"href":"https:\/\/bestlasermarking.com\/pl\/wp-json\/wp\/v2\/comments?post=1081"}],"version-history":[{"count":1,"href":"https:\/\/bestlasermarking.com\/pl\/wp-json\/wp\/v2\/pages\/1081\/revisions"}],"predecessor-version":[{"id":1082,"href":"https:\/\/bestlasermarking.com\/pl\/wp-json\/wp\/v2\/pages\/1081\/revisions\/1082"}],"wp:attachment":[{"href":"https:\/\/bestlasermarking.com\/pl\/wp-json\/wp\/v2\/media?parent=1081"}],"curies":[{"name":"wp","href":"https:\/\/api.w.org\/{rel}","templated":true}]}}