{"id":944,"date":"2022-12-16T10:12:16","date_gmt":"2022-12-16T10:12:16","guid":{"rendered":"https:\/\/bestlasermarking.com\/znakowanie-i-grawerowanie-laserowe-stali\/"},"modified":"2024-01-31T11:50:51","modified_gmt":"2024-01-31T11:50:51","slug":"znakowanie-i-grawerowanie-laserowe-stali","status":"publish","type":"page","link":"https:\/\/bestlasermarking.com\/pl\/znakowanie-i-grawerowanie-laserowe-stali\/","title":{"rendered":"Znakowanie i grawerowanie laserowe stali"},"content":{"rendered":"\t\t<div data-elementor-type=\"wp-page\" data-elementor-id=\"944\" class=\"elementor elementor-944 elementor-303\" data-elementor-post-type=\"page\">\n\t\t\t\t\t\t<section class=\"elementor-section elementor-top-section elementor-element elementor-element-18f18763 elementor-section-height-min-height elementor-section-boxed elementor-section-height-default elementor-section-items-middle\" data-id=\"18f18763\" data-element_type=\"section\" data-settings=\"{&quot;background_background&quot;:&quot;slideshow&quot;,&quot;background_slideshow_gallery&quot;:[{&quot;id&quot;:260,&quot;url&quot;:&quot;https:\\\/\\\/bestlasermarking.com\\\/wp-content\\\/uploads\\\/2022\\\/12\\\/laser-marcatura.webp&quot;}],&quot;background_slideshow_ken_burns&quot;:&quot;yes&quot;,&quot;background_slideshow_loop&quot;:&quot;yes&quot;,&quot;background_slideshow_slide_duration&quot;:5000,&quot;background_slideshow_slide_transition&quot;:&quot;fade&quot;,&quot;background_slideshow_transition_duration&quot;:500,&quot;background_slideshow_ken_burns_zoom_direction&quot;:&quot;in&quot;}\">\n\t\t\t\t\t\t\t<div class=\"elementor-background-overlay\"><\/div>\n\t\t\t\t\t\t\t<div class=\"elementor-container elementor-column-gap-default\">\n\t\t\t\t\t<div class=\"elementor-column elementor-col-66 elementor-top-column elementor-element elementor-element-45e3b566\" data-id=\"45e3b566\" data-element_type=\"column\">\n\t\t\t<div class=\"elementor-widget-wrap elementor-element-populated\">\n\t\t\t\t\t\t<div class=\"elementor-element elementor-element-c498449 elementor-widget elementor-widget-heading\" data-id=\"c498449\" data-element_type=\"widget\" data-widget_type=\"heading.default\">\n\t\t\t\t<div class=\"elementor-widget-container\">\n\t\t\t\t\t<h1 class=\"elementor-heading-title elementor-size-default\"><strong> ZNAKOWANIE LASEROWE NA STALI NIERDZEWNEJ <\/strong><\/h1>\t\t\t\t<\/div>\n\t\t\t\t<\/div>\n\t\t\t\t<div class=\"elementor-element elementor-element-2c759736 elementor-widget elementor-widget-text-editor\" data-id=\"2c759736\" data-element_type=\"widget\" data-widget_type=\"text-editor.default\">\n\t\t\t\t<div class=\"elementor-widget-container\">\n\t\t\t\t\t\t\t\t\t<p>Profesjonalne systemy i bejce do grawerowania i znakowania laserowego na stali<\/p>\n\t\t\t\t\t\t\t\t<\/div>\n\t\t\t\t<\/div>\n\t\t\t\t\t<\/div>\n\t\t<\/div>\n\t\t\t\t<div class=\"elementor-column elementor-col-33 elementor-top-column elementor-element elementor-element-320390a6\" data-id=\"320390a6\" data-element_type=\"column\">\n\t\t\t<div class=\"elementor-widget-wrap\">\n\t\t\t\t\t\t\t<\/div>\n\t\t<\/div>\n\t\t\t\t\t<\/div>\n\t\t<\/section>\n\t\t\t\t<section class=\"elementor-section elementor-top-section elementor-element elementor-element-2bfa7acd elementor-reverse-mobile elementor-section-boxed elementor-section-height-default elementor-section-height-default\" data-id=\"2bfa7acd\" data-element_type=\"section\">\n\t\t\t\t\t\t<div class=\"elementor-container elementor-column-gap-no\">\n\t\t\t\t\t<div class=\"elementor-column elementor-col-50 elementor-top-column elementor-element elementor-element-5ed9951e\" data-id=\"5ed9951e\" data-element_type=\"column\">\n\t\t\t<div class=\"elementor-widget-wrap elementor-element-populated\">\n\t\t\t\t\t\t<section class=\"elementor-section elementor-inner-section elementor-element elementor-element-175b3102 elementor-section-boxed elementor-section-height-default elementor-section-height-default\" data-id=\"175b3102\" data-element_type=\"section\">\n\t\t\t\t\t\t<div class=\"elementor-container elementor-column-gap-default\">\n\t\t\t\t\t<div class=\"elementor-column elementor-col-100 elementor-inner-column elementor-element elementor-element-3d07e6d2\" data-id=\"3d07e6d2\" data-element_type=\"column\" data-settings=\"{&quot;background_background&quot;:&quot;classic&quot;}\">\n\t\t\t<div class=\"elementor-widget-wrap elementor-element-populated\">\n\t\t\t\t\t\t<div class=\"elementor-element elementor-element-326dd9cc elementor-widget elementor-widget-image\" data-id=\"326dd9cc\" data-element_type=\"widget\" data-widget_type=\"image.default\">\n\t\t\t\t<div class=\"elementor-widget-container\">\n\t\t\t\t\t\t\t\t\t\t\t\t\t\t\t<img fetchpriority=\"high\" decoding=\"async\" width=\"624\" height=\"535\" src=\"https:\/\/bestlasermarking.com\/wp-content\/uploads\/2022\/12\/Marcatura-laser-metalli.webp\" class=\"attachment-large size-large wp-image-786\" alt=\"\" srcset=\"https:\/\/bestlasermarking.com\/wp-content\/uploads\/2022\/12\/Marcatura-laser-metalli.webp 624w, https:\/\/bestlasermarking.com\/wp-content\/uploads\/2022\/12\/Marcatura-laser-metalli-300x257.webp 300w, https:\/\/bestlasermarking.com\/wp-content\/uploads\/2022\/12\/Marcatura-laser-metalli-14x12.webp 14w\" sizes=\"(max-width: 624px) 100vw, 624px\" \/>\t\t\t\t\t\t\t\t\t\t\t\t\t\t\t<\/div>\n\t\t\t\t<\/div>\n\t\t\t\t\t<\/div>\n\t\t<\/div>\n\t\t\t\t\t<\/div>\n\t\t<\/section>\n\t\t\t\t<section class=\"elementor-section elementor-inner-section elementor-element elementor-element-29fa7ee6 elementor-section-boxed elementor-section-height-default elementor-section-height-default\" data-id=\"29fa7ee6\" data-element_type=\"section\">\n\t\t\t\t\t\t<div class=\"elementor-container elementor-column-gap-default\">\n\t\t\t\t\t<div class=\"elementor-column elementor-col-50 elementor-inner-column elementor-element elementor-element-1898c14\" data-id=\"1898c14\" data-element_type=\"column\">\n\t\t\t<div class=\"elementor-widget-wrap elementor-element-populated\">\n\t\t\t\t\t\t<div class=\"elementor-element elementor-element-65c186db elementor-widget elementor-widget-image\" data-id=\"65c186db\" data-element_type=\"widget\" data-widget_type=\"image.default\">\n\t\t\t\t<div class=\"elementor-widget-container\">\n\t\t\t\t\t\t\t\t\t\t\t\t\t\t\t<img decoding=\"async\" src=\"https:\/\/bestlasermarking.com\/wp-content\/uploads\/elementor\/thumbs\/Marcatore-laser-su-metallo-pz8sdetw6md7dl8g4mxgvrx8l30otpxkof7zhqh9jc.webp\" title=\"Marcatore-laser-su-metallo\" alt=\"Marcatore-laser-su-metallo\" loading=\"lazy\" \/>\t\t\t\t\t\t\t\t\t\t\t\t\t\t\t<\/div>\n\t\t\t\t<\/div>\n\t\t\t\t\t<\/div>\n\t\t<\/div>\n\t\t\t\t<div class=\"elementor-column elementor-col-50 elementor-inner-column elementor-element elementor-element-20474d7f\" data-id=\"20474d7f\" data-element_type=\"column\">\n\t\t\t<div class=\"elementor-widget-wrap elementor-element-populated\">\n\t\t\t\t\t\t<div class=\"elementor-element elementor-element-3fd05882 elementor-widget elementor-widget-image\" data-id=\"3fd05882\" data-element_type=\"widget\" data-widget_type=\"image.default\">\n\t\t\t\t<div class=\"elementor-widget-container\">\n\t\t\t\t\t\t\t\t\t\t\t\t\t\t\t<img decoding=\"async\" src=\"https:\/\/bestlasermarking.com\/wp-content\/uploads\/elementor\/thumbs\/Marcatura-Colorata-metallo-pz8sek6sjbxtkfkdf4t1xhhiq1cu8ehri3xclwrxxk.webp\" title=\"Marcatura-Colorata-metallo\" alt=\"Marcatura-Colorata-metallo\" loading=\"lazy\" \/>\t\t\t\t\t\t\t\t\t\t\t\t\t\t\t<\/div>\n\t\t\t\t<\/div>\n\t\t\t\t\t<\/div>\n\t\t<\/div>\n\t\t\t\t\t<\/div>\n\t\t<\/section>\n\t\t\t\t\t<\/div>\n\t\t<\/div>\n\t\t\t\t<div class=\"elementor-column elementor-col-50 elementor-top-column elementor-element elementor-element-73578476\" data-id=\"73578476\" data-element_type=\"column\">\n\t\t\t<div class=\"elementor-widget-wrap elementor-element-populated\">\n\t\t\t\t\t\t<section class=\"elementor-section elementor-inner-section elementor-element elementor-element-7c513c7a elementor-reverse-mobile elementor-section-boxed elementor-section-height-default elementor-section-height-default\" data-id=\"7c513c7a\" data-element_type=\"section\">\n\t\t\t\t\t\t<div class=\"elementor-container elementor-column-gap-default\">\n\t\t\t\t\t<div class=\"elementor-column elementor-col-100 elementor-inner-column elementor-element elementor-element-5a645e7c\" data-id=\"5a645e7c\" data-element_type=\"column\">\n\t\t\t<div class=\"elementor-widget-wrap elementor-element-populated\">\n\t\t\t\t\t\t<div class=\"elementor-element elementor-element-4a012816 elementor-widget__width-auto elementor-widget-divider--view-line elementor-widget elementor-widget-divider\" data-id=\"4a012816\" data-element_type=\"widget\" data-widget_type=\"divider.default\">\n\t\t\t\t<div class=\"elementor-widget-container\">\n\t\t\t\t\t\t\t<div class=\"elementor-divider\">\n\t\t\t<span class=\"elementor-divider-separator\">\n\t\t\t\t\t\t<\/span>\n\t\t<\/div>\n\t\t\t\t\t\t<\/div>\n\t\t\t\t<\/div>\n\t\t\t\t<div class=\"elementor-element elementor-element-194716d4 elementor-widget__width-auto elementor-widget elementor-widget-heading\" data-id=\"194716d4\" data-element_type=\"widget\" data-widget_type=\"heading.default\">\n\t\t\t\t<div class=\"elementor-widget-container\">\n\t\t\t\t\t<h2 class=\"elementor-heading-title elementor-size-default\">Znakowanie i grawerowanie laserowe stali <\/h2>\t\t\t\t<\/div>\n\t\t\t\t<\/div>\n\t\t\t\t<div class=\"elementor-element elementor-element-2221107e elementor-widget elementor-widget-spacer\" data-id=\"2221107e\" data-element_type=\"widget\" data-widget_type=\"spacer.default\">\n\t\t\t\t<div class=\"elementor-widget-container\">\n\t\t\t\t\t\t\t<div class=\"elementor-spacer\">\n\t\t\t<div class=\"elementor-spacer-inner\"><\/div>\n\t\t<\/div>\n\t\t\t\t\t\t<\/div>\n\t\t\t\t<\/div>\n\t\t\t\t<div class=\"elementor-element elementor-element-6f25b857 elementor-widget elementor-widget-text-editor\" data-id=\"6f25b857\" data-element_type=\"widget\" data-widget_type=\"text-editor.default\">\n\t\t\t\t<div class=\"elementor-widget-container\">\n\t\t\t\t\t\t\t\t\t<p><strong>Znakowanie laserowe stali<\/strong> to proces wykorzystuj\u0105cy laser do stworzenia trwa\u0142ego graweru na powierzchni stali.<\/p>\n<p>Proces ten s\u0142u\u017cy do oznaczania stali informacjami takimi jak numer seryjny, logo firmy lub inne informacje identyfikuj\u0105ce.<\/p>\n<p><a href=\"https:\/\/bestlasermarking.com\/pl\/znakowanie-laserowe-metali\/\"><strong>Znakowanie metali<\/strong><\/a>, zw\u0142aszcza stali i stali nierdzewnej, jest bardzo precyzyjne i umo\u017cliwia uzyskanie wysokiej jako\u015bci grawer\u00f3w na powierzchni stali. Ponadto znakowanie laserowe mo\u017cna stosowa\u0107 w szerokim zakresie grubo\u015bci stali, od kilku milimetr\u00f3w do kilkuset milimetr\u00f3w. Znakowanie laserowe stali jest r\u00f3wnie\u017c odporne na zu\u017cycie i korozj\u0119, dzi\u0119ki czemu idealnie nadaje si\u0119 do stosowania w trudnych warunkach lub ekstremalnych warunkach pogodowych.<\/p>\n<p>Lasery \u015bwiat\u0142owodowe maj\u0105 znacznie d\u0142u\u017csz\u0105 \u017cywotno\u015b\u0107 ni\u017c lasery CO2, co oznacza, \u017ce \u200b\u200bnie trzeba ich wymienia\u0107 tak cz\u0119sto. Dodatkowo lasery \u015bwiat\u0142owodowe emituj\u0105 mniej ciep\u0142a ni\u017c lasery CO2, dzi\u0119ki czemu nie uszkodz\u0105 przedmiotu obrabianego ani nie spal\u0105 go z biegiem czasu.<\/p>\n\t\t\t\t\t\t\t\t<\/div>\n\t\t\t\t<\/div>\n\t\t\t\t\t<\/div>\n\t\t<\/div>\n\t\t\t\t\t<\/div>\n\t\t<\/section>\n\t\t\t\t\t<\/div>\n\t\t<\/div>\n\t\t\t\t\t<\/div>\n\t\t<\/section>\n\t\t\t\t<section class=\"elementor-section elementor-top-section elementor-element elementor-element-7d8b6f37 elementor-section-boxed elementor-section-height-default elementor-section-height-default\" data-id=\"7d8b6f37\" data-element_type=\"section\" data-settings=\"{&quot;background_background&quot;:&quot;classic&quot;}\">\n\t\t\t\t\t\t<div class=\"elementor-container elementor-column-gap-default\">\n\t\t\t\t\t<div class=\"elementor-column elementor-col-100 elementor-top-column elementor-element elementor-element-3ac0279\" data-id=\"3ac0279\" data-element_type=\"column\">\n\t\t\t<div class=\"elementor-widget-wrap elementor-element-populated\">\n\t\t\t\t\t\t<section class=\"elementor-section elementor-inner-section elementor-element elementor-element-65a07cdc elementor-section-boxed elementor-section-height-default elementor-section-height-default\" data-id=\"65a07cdc\" data-element_type=\"section\">\n\t\t\t\t\t\t<div class=\"elementor-container elementor-column-gap-default\">\n\t\t\t\t\t<div class=\"elementor-column elementor-col-100 elementor-inner-column elementor-element elementor-element-66500928\" data-id=\"66500928\" data-element_type=\"column\">\n\t\t\t<div class=\"elementor-widget-wrap elementor-element-populated\">\n\t\t\t\t\t\t<div class=\"elementor-element elementor-element-4127b683 elementor-widget__width-auto elementor-widget-divider--view-line elementor-widget elementor-widget-divider\" data-id=\"4127b683\" data-element_type=\"widget\" data-widget_type=\"divider.default\">\n\t\t\t\t<div class=\"elementor-widget-container\">\n\t\t\t\t\t\t\t<div class=\"elementor-divider\">\n\t\t\t<span class=\"elementor-divider-separator\">\n\t\t\t\t\t\t<\/span>\n\t\t<\/div>\n\t\t\t\t\t\t<\/div>\n\t\t\t\t<\/div>\n\t\t\t\t<div class=\"elementor-element elementor-element-75a5d14 elementor-widget__width-auto elementor-widget elementor-widget-heading\" data-id=\"75a5d14\" data-element_type=\"widget\" data-widget_type=\"heading.default\">\n\t\t\t\t<div class=\"elementor-widget-container\">\n\t\t\t\t\t<h2 class=\"elementor-heading-title elementor-size-default\">Czy stal nierdzewn\u0105 mo\u017cna grawerowa\u0107 laserowo?<\/h2>\t\t\t\t<\/div>\n\t\t\t\t<\/div>\n\t\t\t\t<div class=\"elementor-element elementor-element-17d2a179 elementor-widget elementor-widget-spacer\" data-id=\"17d2a179\" data-element_type=\"widget\" data-widget_type=\"spacer.default\">\n\t\t\t\t<div class=\"elementor-widget-container\">\n\t\t\t\t\t\t\t<div class=\"elementor-spacer\">\n\t\t\t<div class=\"elementor-spacer-inner\"><\/div>\n\t\t<\/div>\n\t\t\t\t\t\t<\/div>\n\t\t\t\t<\/div>\n\t\t\t\t<div class=\"elementor-element elementor-element-4e12b584 elementor-widget elementor-widget-text-editor\" data-id=\"4e12b584\" data-element_type=\"widget\" data-widget_type=\"text-editor.default\">\n\t\t\t\t<div class=\"elementor-widget-container\">\n\t\t\t\t\t\t\t\t\t<p data-pm-slice=\"1 1 []\">Tak, <strong>istnieje mo\u017cliwo\u015b\u0107 grawerowania laserem stali nierdzewnej.<\/strong><\/p>\n<p data-pm-slice=\"1 1 []\">Stal nierdzewna to rodzaj stali zawieraj\u0105cej chrom, nikiel i inne pierwiastki, kt\u00f3re czyni\u0105 j\u0105 odporn\u0105 na korozj\u0119 i zu\u017cycie. Jednak\u017ce stal nierdzewn\u0105 mo\u017cna nadal grawerowa\u0107 laserem, je\u015bli zostanie zastosowany laser o odpowiedniej mocy.<\/p>\n<p data-pm-slice=\"1 1 []\">Moc lasera potrzebna do grawerowania stali nierdzewnej zale\u017cy od grubo\u015bci stali i rodzaju wyko\u0144czenia powierzchni. Og\u00f3lnie rzecz bior\u0105c, trudniej jest grawerowa\u0107 stal nierdzewn\u0105 z b\u0142yszcz\u0105cym wyko\u0144czeniem ni\u017c z wyko\u0144czeniem matowym, poniewa\u017c b\u0142yszcz\u0105ce wyko\u0144czenie bardziej odbija \u015bwiat\u0142o lasera. <\/p>\n\t\t\t\t\t\t\t\t<\/div>\n\t\t\t\t<\/div>\n\t\t\t\t\t<\/div>\n\t\t<\/div>\n\t\t\t\t\t<\/div>\n\t\t<\/section>\n\t\t\t\t<section class=\"elementor-section elementor-inner-section elementor-element elementor-element-8261556 elementor-section-boxed elementor-section-height-default elementor-section-height-default\" data-id=\"8261556\" data-element_type=\"section\">\n\t\t\t\t\t\t<div class=\"elementor-container elementor-column-gap-default\">\n\t\t\t\t\t<div class=\"elementor-column elementor-col-100 elementor-inner-column elementor-element elementor-element-281a60f\" data-id=\"281a60f\" data-element_type=\"column\">\n\t\t\t<div class=\"elementor-widget-wrap elementor-element-populated\">\n\t\t\t\t\t\t<div class=\"elementor-element elementor-element-53bfd7f elementor-widget__width-auto elementor-widget-divider--view-line elementor-widget elementor-widget-divider\" data-id=\"53bfd7f\" data-element_type=\"widget\" data-widget_type=\"divider.default\">\n\t\t\t\t<div class=\"elementor-widget-container\">\n\t\t\t\t\t\t\t<div class=\"elementor-divider\">\n\t\t\t<span class=\"elementor-divider-separator\">\n\t\t\t\t\t\t<\/span>\n\t\t<\/div>\n\t\t\t\t\t\t<\/div>\n\t\t\t\t<\/div>\n\t\t\t\t<div class=\"elementor-element elementor-element-60373c3 elementor-widget__width-auto elementor-widget elementor-widget-heading\" data-id=\"60373c3\" data-element_type=\"widget\" data-widget_type=\"heading.default\">\n\t\t\t\t<div class=\"elementor-widget-container\">\n\t\t\t\t\t<h2 class=\"elementor-heading-title elementor-size-default\">Maszyny do znakowania laserowego ze stali nierdzewnej<\/h2>\t\t\t\t<\/div>\n\t\t\t\t<\/div>\n\t\t\t\t<div class=\"elementor-element elementor-element-3562120 elementor-widget elementor-widget-spacer\" data-id=\"3562120\" data-element_type=\"widget\" data-widget_type=\"spacer.default\">\n\t\t\t\t<div class=\"elementor-widget-container\">\n\t\t\t\t\t\t\t<div class=\"elementor-spacer\">\n\t\t\t<div class=\"elementor-spacer-inner\"><\/div>\n\t\t<\/div>\n\t\t\t\t\t\t<\/div>\n\t\t\t\t<\/div>\n\t\t\t\t<div class=\"elementor-element elementor-element-e857f77 elementor-widget elementor-widget-text-editor\" data-id=\"e857f77\" data-element_type=\"widget\" data-widget_type=\"text-editor.default\">\n\t\t\t\t<div class=\"elementor-widget-container\">\n\t\t\t\t\t\t\t\t\t<p>Znakowanie laserowe stali <strong>i stali nierdzewnej<\/strong> jest procesem powszechnie stosowanym w r\u00f3\u017cnych sektorach przemys\u0142u ze wzgl\u0119du na jego precyzj\u0119 i trwa\u0142o\u015b\u0107. Dzi\u0119ki zaawansowanej technologii tworzone oznaczenia s\u0105 precyzyjne, czytelne i odporne na up\u0142yw czasu, nawet w trudnych warunkach \u015brodowiskowych, takich jak nara\u017cenie na dzia\u0142anie czynnik\u00f3w atmosferycznych czy zu\u017cycie. Znakowanie laserowe tych metali, opr\u00f3cz tego, \u017ce s\u0142u\u017cy do cel\u00f3w identyfikowalno\u015bci, jest r\u00f3wnie\u017c wykorzystywane do estetycznego znakowania <strong>logo i grafiki.<\/strong><\/p>\n<p>Istotn\u0105 zalet\u0105 znakowania laserowego stali nierdzewnej jest jej odporno\u015b\u0107 na korozj\u0119. Ten aspekt jest szczeg\u00f3lnie istotny w przypadku zastosowa\u0144 w trudnych warunkach, takich jak sektor morski lub medyczny. Ponadto znakowanie laserowe stali nierdzewnej nie pogarsza wyko\u0144czenia powierzchni materia\u0142u, zachowuj\u0105c jego w\u0142a\u015bciwo\u015bci i estetyczny wygl\u0105d.<\/p>\n\t\t\t\t\t\t\t\t<\/div>\n\t\t\t\t<\/div>\n\t\t\t\t\t<\/div>\n\t\t<\/div>\n\t\t\t\t\t<\/div>\n\t\t<\/section>\n\t\t\t\t<section class=\"elementor-section elementor-inner-section elementor-element elementor-element-e2a25ed elementor-section-boxed elementor-section-height-default elementor-section-height-default\" data-id=\"e2a25ed\" data-element_type=\"section\">\n\t\t\t\t\t\t<div class=\"elementor-container elementor-column-gap-default\">\n\t\t\t\t\t<div class=\"elementor-column elementor-col-100 elementor-inner-column elementor-element elementor-element-74b5a77\" data-id=\"74b5a77\" data-element_type=\"column\">\n\t\t\t<div class=\"elementor-widget-wrap elementor-element-populated\">\n\t\t\t\t\t\t<div class=\"elementor-element elementor-element-5317b98 elementor-widget__width-auto elementor-widget-divider--view-line elementor-widget elementor-widget-divider\" data-id=\"5317b98\" data-element_type=\"widget\" data-widget_type=\"divider.default\">\n\t\t\t\t<div class=\"elementor-widget-container\">\n\t\t\t\t\t\t\t<div class=\"elementor-divider\">\n\t\t\t<span class=\"elementor-divider-separator\">\n\t\t\t\t\t\t<\/span>\n\t\t<\/div>\n\t\t\t\t\t\t<\/div>\n\t\t\t\t<\/div>\n\t\t\t\t<div class=\"elementor-element elementor-element-74de68a elementor-widget__width-auto elementor-widget elementor-widget-heading\" data-id=\"74de68a\" data-element_type=\"widget\" data-widget_type=\"heading.default\">\n\t\t\t\t<div class=\"elementor-widget-container\">\n\t\t\t\t\t<h2 class=\"elementor-heading-title elementor-size-default\">Maszyny do grawerowania laserowego ze stali nierdzewnej<\/h2>\t\t\t\t<\/div>\n\t\t\t\t<\/div>\n\t\t\t\t<div class=\"elementor-element elementor-element-36d1942 elementor-widget elementor-widget-spacer\" data-id=\"36d1942\" data-element_type=\"widget\" data-widget_type=\"spacer.default\">\n\t\t\t\t<div class=\"elementor-widget-container\">\n\t\t\t\t\t\t\t<div class=\"elementor-spacer\">\n\t\t\t<div class=\"elementor-spacer-inner\"><\/div>\n\t\t<\/div>\n\t\t\t\t\t\t<\/div>\n\t\t\t\t<\/div>\n\t\t\t\t<div class=\"elementor-element elementor-element-a55bbfc elementor-widget elementor-widget-text-editor\" data-id=\"a55bbfc\" data-element_type=\"widget\" data-widget_type=\"text-editor.default\">\n\t\t\t\t<div class=\"elementor-widget-container\">\n\t\t\t\t\t\t\t\t\t<p>Grawerowanie laserowe na stali i stali nierdzewnej zapewnia du\u017c\u0105 elastyczno\u015b\u0107 i mo\u017cliwo\u015bci dostosowywania. Do tych zastosowa\u0144 szczeg\u00f3lnie dobrze nadaj\u0105 si\u0119 lasery \u015bwiat\u0142owodowe, umo\u017cliwiaj\u0105ce uzyskanie wyra\u017anych i ostrych grawer\u00f3w. Lasery MOPA, b\u0119d\u0105ce odmian\u0105 lasera \u015bwiat\u0142owodowego, umo\u017cliwiaj\u0105 wykonanie kolorowych oznacze\u0144 na stali oraz daj\u0105 mo\u017cliwo\u015b\u0107 uzyskania czarnych oznacze\u0144 na anodowanym aluminium. Laser tego typu charakteryzuje si\u0119 ni\u017csz\u0105 emisj\u0105 ciep\u0142a i wi\u0119ksz\u0105 wydajno\u015bci\u0105 d\u0142ugo\u015bci fali, co skutkuje wysokiej jako\u015bci grawerami przy mniejszym ryzyku uszkodzenia przedmiotu obrabianego.<\/p>\n<p>W przypadku grawerowania laserowego na stali mo\u017cliwe jest wykorzystanie r\u00f3\u017cnych technik w celu uzyskania r\u00f3\u017cnorodnych efekt\u00f3w wizualnych. Na przyk\u0142ad wy\u017carzanie laserowe jest powszechn\u0105 technik\u0105 w przemy\u015ble medycznym do znakowania narz\u0119dzi chirurgicznych ze stali nierdzewnej, gdzie znakowanie musi wytrzyma\u0107 rygorystyczne testy, takie jak wielokrotna sterylizacja. Technika ta miejscowo podgrzewa metal bez jego usuwania, tworz\u0105c ciemny, trwa\u0142y znak.<\/p>\n<p><strong>Grawerowanie laserowe na stali nierdzewnej<\/strong> mo\u017ce mie\u0107 kolor od czarnego do r\u00f3\u017cnych odcieni szaro\u015bci, z\u0142ota i bieli, w zale\u017cno\u015bci od osi\u0105gni\u0119tej temperatury i rodzaju u\u017cytego lasera. Mo\u017cliwo\u015b\u0107 r\u00f3\u017cnicowania odcieni daje szerokie mo\u017cliwo\u015bci personalizacji i wyr\u00f3\u017cnienia produkt\u00f3w.<\/p>\n<p>Znakowanie i <a href=\"https:\/\/bestlasermarking.com\/incisione-laser\/\">grawerowanie laserowe<\/a> <strong>stali i stali nierdzewnej<\/strong> to kluczowe procesy w kilku bran\u017cach, oferuj\u0105ce precyzj\u0119, trwa\u0142o\u015b\u0107 i szeroki zakres mo\u017cliwo\u015bci dostosowywania. Technologie te doskonale sprawdzaj\u0105 si\u0119 w bran\u017cach takich jak motoryzacja, lotnictwo, medycyna i wiele innych, gdzie istotna jest jako\u015b\u0107 i trwa\u0142o\u015b\u0107 oznacze\u0144<\/p>\n\t\t\t\t\t\t\t\t<\/div>\n\t\t\t\t<\/div>\n\t\t\t\t\t<\/div>\n\t\t<\/div>\n\t\t\t\t\t<\/div>\n\t\t<\/section>\n\t\t\t\t\t<\/div>\n\t\t<\/div>\n\t\t\t\t\t<\/div>\n\t\t<\/section>\n\t\t\t\t<section class=\"elementor-section elementor-top-section elementor-element elementor-element-2cca0281 elementor-section-boxed elementor-section-height-default elementor-section-height-default\" data-id=\"2cca0281\" data-element_type=\"section\">\n\t\t\t\t\t\t<div class=\"elementor-container elementor-column-gap-default\">\n\t\t\t\t\t<div class=\"elementor-column elementor-col-100 elementor-top-column elementor-element elementor-element-2f063f53\" data-id=\"2f063f53\" data-element_type=\"column\">\n\t\t\t<div class=\"elementor-widget-wrap\">\n\t\t\t\t\t\t\t<\/div>\n\t\t<\/div>\n\t\t\t\t\t<\/div>\n\t\t<\/section>\n\t\t\t\t<\/div>\n\t\t","protected":false},"excerpt":{"rendered":"<p>ZNAKOWANIE LASEROWE NA STALI NIERDZEWNEJ Profesjonalne systemy i bejce do grawerowania i znakowania laserowego na stali Znakowanie i grawerowanie laserowe stali Znakowanie laserowe stali to proces wykorzystuj\u0105cy laser do stworzenia trwa\u0142ego graweru na powierzchni stali. Proces ten s\u0142u\u017cy do oznaczania stali informacjami takimi jak numer seryjny, logo firmy lub inne informacje identyfikuj\u0105ce. Znakowanie metali, zw\u0142aszcza [&hellip;]<\/p>\n","protected":false},"author":1,"featured_media":0,"parent":0,"menu_order":0,"comment_status":"closed","ping_status":"closed","template":"elementor_header_footer","meta":{"footnotes":""},"class_list":["post-944","page","type-page","status-publish","hentry"],"_links":{"self":[{"href":"https:\/\/bestlasermarking.com\/pl\/wp-json\/wp\/v2\/pages\/944","targetHints":{"allow":["GET"]}}],"collection":[{"href":"https:\/\/bestlasermarking.com\/pl\/wp-json\/wp\/v2\/pages"}],"about":[{"href":"https:\/\/bestlasermarking.com\/pl\/wp-json\/wp\/v2\/types\/page"}],"author":[{"embeddable":true,"href":"https:\/\/bestlasermarking.com\/pl\/wp-json\/wp\/v2\/users\/1"}],"replies":[{"embeddable":true,"href":"https:\/\/bestlasermarking.com\/pl\/wp-json\/wp\/v2\/comments?post=944"}],"version-history":[{"count":1,"href":"https:\/\/bestlasermarking.com\/pl\/wp-json\/wp\/v2\/pages\/944\/revisions"}],"predecessor-version":[{"id":945,"href":"https:\/\/bestlasermarking.com\/pl\/wp-json\/wp\/v2\/pages\/944\/revisions\/945"}],"wp:attachment":[{"href":"https:\/\/bestlasermarking.com\/pl\/wp-json\/wp\/v2\/media?parent=944"}],"curies":[{"name":"wp","href":"https:\/\/api.w.org\/{rel}","templated":true}]}}