{"id":954,"date":"2023-12-16T17:19:13","date_gmt":"2023-12-16T17:19:13","guid":{"rendered":"https:\/\/bestlasermarking.com\/znakowanie-laserowe-tworzyw-sztucznych\/"},"modified":"2024-01-31T13:05:16","modified_gmt":"2024-01-31T13:05:16","slug":"znakowanie-laserowe-tworzyw-sztucznych","status":"publish","type":"page","link":"https:\/\/bestlasermarking.com\/pl\/znakowanie-laserowe-tworzyw-sztucznych\/","title":{"rendered":"Znakowanie laserowe tworzyw sztucznych"},"content":{"rendered":"\t\t<div data-elementor-type=\"wp-page\" data-elementor-id=\"954\" class=\"elementor elementor-954 elementor-373\" data-elementor-post-type=\"page\">\n\t\t\t\t\t\t<section class=\"elementor-section elementor-top-section elementor-element elementor-element-18f18763 elementor-section-height-min-height elementor-section-boxed elementor-section-height-default elementor-section-items-middle\" data-id=\"18f18763\" data-element_type=\"section\" data-settings=\"{&quot;background_background&quot;:&quot;slideshow&quot;,&quot;background_slideshow_gallery&quot;:[{&quot;id&quot;:378,&quot;url&quot;:&quot;https:\\\/\\\/bestlasermarking.com\\\/wp-content\\\/uploads\\\/2022\\\/12\\\/marcatura-laser-plastica.webp&quot;}],&quot;background_slideshow_ken_burns&quot;:&quot;yes&quot;,&quot;background_slideshow_loop&quot;:&quot;yes&quot;,&quot;background_slideshow_slide_duration&quot;:5000,&quot;background_slideshow_slide_transition&quot;:&quot;fade&quot;,&quot;background_slideshow_transition_duration&quot;:500,&quot;background_slideshow_ken_burns_zoom_direction&quot;:&quot;in&quot;}\">\n\t\t\t\t\t\t\t<div class=\"elementor-background-overlay\"><\/div>\n\t\t\t\t\t\t\t<div class=\"elementor-container elementor-column-gap-default\">\n\t\t\t\t\t<div class=\"elementor-column elementor-col-66 elementor-top-column elementor-element elementor-element-45e3b566\" data-id=\"45e3b566\" data-element_type=\"column\">\n\t\t\t<div class=\"elementor-widget-wrap elementor-element-populated\">\n\t\t\t\t\t\t<div class=\"elementor-element elementor-element-c498449 elementor-widget elementor-widget-heading\" data-id=\"c498449\" data-element_type=\"widget\" data-widget_type=\"heading.default\">\n\t\t\t\t<div class=\"elementor-widget-container\">\n\t\t\t\t\t<h1 class=\"elementor-heading-title elementor-size-default\"><strong> ZNAKOWANIE LASEROWE NA TWORZYWACH SZTUCZNYCH<\/strong><\/h1>\t\t\t\t<\/div>\n\t\t\t\t<\/div>\n\t\t\t\t<div class=\"elementor-element elementor-element-2c759736 elementor-widget elementor-widget-text-editor\" data-id=\"2c759736\" data-element_type=\"widget\" data-widget_type=\"text-editor.default\">\n\t\t\t\t<div class=\"elementor-widget-container\">\n\t\t\t\t\t\t\t\t\t<p>Zaawansowane technologie najnowszej generacji do grawerowania i znakowania laserowego na tworzywach sztucznych<\/p>\n\t\t\t\t\t\t\t\t<\/div>\n\t\t\t\t<\/div>\n\t\t\t\t\t<\/div>\n\t\t<\/div>\n\t\t\t\t<div class=\"elementor-column elementor-col-33 elementor-top-column elementor-element elementor-element-320390a6\" data-id=\"320390a6\" data-element_type=\"column\">\n\t\t\t<div class=\"elementor-widget-wrap\">\n\t\t\t\t\t\t\t<\/div>\n\t\t<\/div>\n\t\t\t\t\t<\/div>\n\t\t<\/section>\n\t\t\t\t<section class=\"elementor-section elementor-top-section elementor-element elementor-element-2bfa7acd elementor-reverse-mobile elementor-section-boxed elementor-section-height-default elementor-section-height-default\" data-id=\"2bfa7acd\" data-element_type=\"section\">\n\t\t\t\t\t\t<div class=\"elementor-container elementor-column-gap-no\">\n\t\t\t\t\t<div class=\"elementor-column elementor-col-50 elementor-top-column elementor-element elementor-element-5ed9951e\" data-id=\"5ed9951e\" data-element_type=\"column\">\n\t\t\t<div class=\"elementor-widget-wrap elementor-element-populated\">\n\t\t\t\t\t\t<section class=\"elementor-section elementor-inner-section elementor-element elementor-element-175b3102 elementor-section-boxed elementor-section-height-default elementor-section-height-default\" data-id=\"175b3102\" data-element_type=\"section\">\n\t\t\t\t\t\t<div class=\"elementor-container elementor-column-gap-default\">\n\t\t\t\t\t<div class=\"elementor-column elementor-col-100 elementor-inner-column elementor-element elementor-element-3d07e6d2\" data-id=\"3d07e6d2\" data-element_type=\"column\" data-settings=\"{&quot;background_background&quot;:&quot;classic&quot;}\">\n\t\t\t<div class=\"elementor-widget-wrap elementor-element-populated\">\n\t\t\t\t\t\t<div class=\"elementor-element elementor-element-326dd9cc elementor-widget elementor-widget-image\" data-id=\"326dd9cc\" data-element_type=\"widget\" data-widget_type=\"image.default\">\n\t\t\t\t<div class=\"elementor-widget-container\">\n\t\t\t\t\t\t\t\t\t\t\t\t\t\t\t<img fetchpriority=\"high\" decoding=\"async\" width=\"500\" height=\"500\" src=\"https:\/\/bestlasermarking.com\/wp-content\/uploads\/2022\/12\/incisione-plastica-3d.webp\" class=\"attachment-large size-large wp-image-822\" alt=\"\" srcset=\"https:\/\/bestlasermarking.com\/wp-content\/uploads\/2022\/12\/incisione-plastica-3d.webp 500w, https:\/\/bestlasermarking.com\/wp-content\/uploads\/2022\/12\/incisione-plastica-3d-300x300.webp 300w, https:\/\/bestlasermarking.com\/wp-content\/uploads\/2022\/12\/incisione-plastica-3d-150x150.webp 150w, https:\/\/bestlasermarking.com\/wp-content\/uploads\/2022\/12\/incisione-plastica-3d-12x12.webp 12w\" sizes=\"(max-width: 500px) 100vw, 500px\" \/>\t\t\t\t\t\t\t\t\t\t\t\t\t\t\t<\/div>\n\t\t\t\t<\/div>\n\t\t\t\t\t<\/div>\n\t\t<\/div>\n\t\t\t\t\t<\/div>\n\t\t<\/section>\n\t\t\t\t<section class=\"elementor-section elementor-inner-section elementor-element elementor-element-29fa7ee6 elementor-section-boxed elementor-section-height-default elementor-section-height-default\" data-id=\"29fa7ee6\" data-element_type=\"section\">\n\t\t\t\t\t\t<div class=\"elementor-container elementor-column-gap-default\">\n\t\t\t\t\t<div class=\"elementor-column elementor-col-50 elementor-inner-column elementor-element elementor-element-1898c14\" data-id=\"1898c14\" data-element_type=\"column\">\n\t\t\t<div class=\"elementor-widget-wrap elementor-element-populated\">\n\t\t\t\t\t\t<div class=\"elementor-element elementor-element-65c186db elementor-widget elementor-widget-image\" data-id=\"65c186db\" data-element_type=\"widget\" data-widget_type=\"image.default\">\n\t\t\t\t<div class=\"elementor-widget-container\">\n\t\t\t\t\t\t\t\t\t\t\t\t\t\t\t<img decoding=\"async\" src=\"https:\/\/bestlasermarking.com\/wp-content\/uploads\/elementor\/thumbs\/marcatura-laser-plastica-pz9a8tcua34ygmnl3r24mexutzrjn6774z2ze8hyfc.webp\" title=\"marcatura-laser-plastica\" alt=\"marcatura-laser-plastica\" loading=\"lazy\" \/>\t\t\t\t\t\t\t\t\t\t\t\t\t\t\t<\/div>\n\t\t\t\t<\/div>\n\t\t\t\t\t<\/div>\n\t\t<\/div>\n\t\t\t\t<div class=\"elementor-column elementor-col-50 elementor-inner-column elementor-element elementor-element-20474d7f\" data-id=\"20474d7f\" data-element_type=\"column\">\n\t\t\t<div class=\"elementor-widget-wrap elementor-element-populated\">\n\t\t\t\t\t\t<div class=\"elementor-element elementor-element-3fd05882 elementor-widget elementor-widget-image\" data-id=\"3fd05882\" data-element_type=\"widget\" data-widget_type=\"image.default\">\n\t\t\t\t<div class=\"elementor-widget-container\">\n\t\t\t\t\t\t\t\t\t\t\t\t\t\t\t<img decoding=\"async\" src=\"https:\/\/bestlasermarking.com\/wp-content\/uploads\/elementor\/thumbs\/plastica-marcatura-laser-pz9aa91ypz3q76khpvelxjw7i6oqeiwfo2yosgdax4.webp\" title=\"plastica-marcatura-laser\" alt=\"plastica-marcatura-laser\" loading=\"lazy\" \/>\t\t\t\t\t\t\t\t\t\t\t\t\t\t\t<\/div>\n\t\t\t\t<\/div>\n\t\t\t\t\t<\/div>\n\t\t<\/div>\n\t\t\t\t\t<\/div>\n\t\t<\/section>\n\t\t\t\t\t<\/div>\n\t\t<\/div>\n\t\t\t\t<div class=\"elementor-column elementor-col-50 elementor-top-column elementor-element elementor-element-73578476\" data-id=\"73578476\" data-element_type=\"column\">\n\t\t\t<div class=\"elementor-widget-wrap elementor-element-populated\">\n\t\t\t\t\t\t<section class=\"elementor-section elementor-inner-section elementor-element elementor-element-7c513c7a elementor-reverse-mobile elementor-section-boxed elementor-section-height-default elementor-section-height-default\" data-id=\"7c513c7a\" data-element_type=\"section\">\n\t\t\t\t\t\t<div class=\"elementor-container elementor-column-gap-default\">\n\t\t\t\t\t<div class=\"elementor-column elementor-col-100 elementor-inner-column elementor-element elementor-element-5a645e7c\" data-id=\"5a645e7c\" data-element_type=\"column\">\n\t\t\t<div class=\"elementor-widget-wrap elementor-element-populated\">\n\t\t\t\t\t\t<div class=\"elementor-element elementor-element-4a012816 elementor-widget__width-auto elementor-widget-divider--view-line elementor-widget elementor-widget-divider\" data-id=\"4a012816\" data-element_type=\"widget\" data-widget_type=\"divider.default\">\n\t\t\t\t<div class=\"elementor-widget-container\">\n\t\t\t\t\t\t\t<div class=\"elementor-divider\">\n\t\t\t<span class=\"elementor-divider-separator\">\n\t\t\t\t\t\t<\/span>\n\t\t<\/div>\n\t\t\t\t\t\t<\/div>\n\t\t\t\t<\/div>\n\t\t\t\t<div class=\"elementor-element elementor-element-194716d4 elementor-widget__width-auto elementor-widget elementor-widget-heading\" data-id=\"194716d4\" data-element_type=\"widget\" data-widget_type=\"heading.default\">\n\t\t\t\t<div class=\"elementor-widget-container\">\n\t\t\t\t\t<h2 class=\"elementor-heading-title elementor-size-default\">Znakowanie laserowe na plastiku<\/h2>\t\t\t\t<\/div>\n\t\t\t\t<\/div>\n\t\t\t\t<div class=\"elementor-element elementor-element-2221107e elementor-widget elementor-widget-spacer\" data-id=\"2221107e\" data-element_type=\"widget\" data-widget_type=\"spacer.default\">\n\t\t\t\t<div class=\"elementor-widget-container\">\n\t\t\t\t\t\t\t<div class=\"elementor-spacer\">\n\t\t\t<div class=\"elementor-spacer-inner\"><\/div>\n\t\t<\/div>\n\t\t\t\t\t\t<\/div>\n\t\t\t\t<\/div>\n\t\t\t\t<div class=\"elementor-element elementor-element-6f25b857 elementor-widget elementor-widget-text-editor\" data-id=\"6f25b857\" data-element_type=\"widget\" data-widget_type=\"text-editor.default\">\n\t\t\t\t<div class=\"elementor-widget-container\">\n\t\t\t\t\t\t\t\t\t<p><strong>Znakowanie tworzyw sztucznych<\/strong> to proces umieszczania znaku lub etykiety na powierzchni z tworzywa sztucznego w celu identyfikacji materia\u0142u, dostarczenia informacji lub przekazania wiadomo\u015bci.<\/p>\n<p>Istnieje kilka sposob\u00f3w znakowania plastiku, w zale\u017cno\u015bci od rodzaju plastiku i po\u017c\u0105danego efektu.<\/p>\n<p>Jedn\u0105 z powszechnie stosowanych technik znakowania tworzyw sztucznych jest t\u0142oczenie na gor\u0105co, kt\u00f3re polega na podgrzaniu metalowej matrycy za pomoc\u0105 drukarki w celu wydrukowania znaku lub etykiety na powierzchni tworzywa sztucznego.<\/p>\n<p>Inne powszechne techniki obejmuj\u0105 <strong>znakowanie laserowe<\/strong>, kt\u00f3re wykorzystuje wi\u0105zk\u0119 lasera do wytrawiania znaku lub etykiety na powierzchni tworzywa sztucznego, oraz znakowanie chemiczne, kt\u00f3re wykorzystuje roztw\u00f3r chemiczny do wywo\u0142ania reakcji chemicznej, w wyniku kt\u00f3rej znak lub etykieta powstaje na powierzchni tworzywa sztucznego. Plastikowy.<\/p>\n<p>Wyb\u00f3r metody znakowania uzale\u017cniony jest od konkretnych potrzeb projektu oraz w\u0142a\u015bciwo\u015bci tworzywa, takich jak grubo\u015b\u0107, rodzaj tworzywa oraz przewidywane warunki u\u017cytkowania. Wa\u017cne jest, aby dokona\u0107 dok\u0142adnej oceny dost\u0119pnych opcji, aby wybra\u0107 najodpowiedniejsz\u0105 metod\u0119 znakowania dla swojego projektu<\/p>\n\t\t\t\t\t\t\t\t<\/div>\n\t\t\t\t<\/div>\n\t\t\t\t\t<\/div>\n\t\t<\/div>\n\t\t\t\t\t<\/div>\n\t\t<\/section>\n\t\t\t\t\t<\/div>\n\t\t<\/div>\n\t\t\t\t\t<\/div>\n\t\t<\/section>\n\t\t\t\t<section class=\"elementor-section elementor-top-section elementor-element elementor-element-7d8b6f37 elementor-section-boxed elementor-section-height-default elementor-section-height-default\" data-id=\"7d8b6f37\" data-element_type=\"section\" data-settings=\"{&quot;background_background&quot;:&quot;classic&quot;}\">\n\t\t\t\t\t\t<div class=\"elementor-container elementor-column-gap-default\">\n\t\t\t\t\t<div class=\"elementor-column elementor-col-100 elementor-top-column elementor-element elementor-element-3ac0279\" data-id=\"3ac0279\" data-element_type=\"column\">\n\t\t\t<div class=\"elementor-widget-wrap elementor-element-populated\">\n\t\t\t\t\t\t<section class=\"elementor-section elementor-inner-section elementor-element elementor-element-65a07cdc elementor-section-boxed elementor-section-height-default elementor-section-height-default\" data-id=\"65a07cdc\" data-element_type=\"section\">\n\t\t\t\t\t\t<div class=\"elementor-container elementor-column-gap-default\">\n\t\t\t\t\t<div class=\"elementor-column elementor-col-100 elementor-inner-column elementor-element elementor-element-66500928\" data-id=\"66500928\" data-element_type=\"column\">\n\t\t\t<div class=\"elementor-widget-wrap elementor-element-populated\">\n\t\t\t\t\t\t<div class=\"elementor-element elementor-element-4127b683 elementor-widget__width-auto elementor-widget-divider--view-line elementor-widget elementor-widget-divider\" data-id=\"4127b683\" data-element_type=\"widget\" data-widget_type=\"divider.default\">\n\t\t\t\t<div class=\"elementor-widget-container\">\n\t\t\t\t\t\t\t<div class=\"elementor-divider\">\n\t\t\t<span class=\"elementor-divider-separator\">\n\t\t\t\t\t\t<\/span>\n\t\t<\/div>\n\t\t\t\t\t\t<\/div>\n\t\t\t\t<\/div>\n\t\t\t\t<div class=\"elementor-element elementor-element-75a5d14 elementor-widget__width-auto elementor-widget elementor-widget-heading\" data-id=\"75a5d14\" data-element_type=\"widget\" data-widget_type=\"heading.default\">\n\t\t\t\t<div class=\"elementor-widget-container\">\n\t\t\t\t\t<h2 class=\"elementor-heading-title elementor-size-default\">Czy mo\u017cna grawerowa\u0107 na plastiku?<\/h2>\t\t\t\t<\/div>\n\t\t\t\t<\/div>\n\t\t\t\t<div class=\"elementor-element elementor-element-17d2a179 elementor-widget elementor-widget-spacer\" data-id=\"17d2a179\" data-element_type=\"widget\" data-widget_type=\"spacer.default\">\n\t\t\t\t<div class=\"elementor-widget-container\">\n\t\t\t\t\t\t\t<div class=\"elementor-spacer\">\n\t\t\t<div class=\"elementor-spacer-inner\"><\/div>\n\t\t<\/div>\n\t\t\t\t\t\t<\/div>\n\t\t\t\t<\/div>\n\t\t\t\t<div class=\"elementor-element elementor-element-4e12b584 elementor-widget elementor-widget-text-editor\" data-id=\"4e12b584\" data-element_type=\"widget\" data-widget_type=\"text-editor.default\">\n\t\t\t\t<div class=\"elementor-widget-container\">\n\t\t\t\t\t\t\t\t\t<p>Tak, istnieje mo\u017cliwo\u015b\u0107 grawerowania tworzyw sztucznych r\u00f3\u017cnymi technikami, takimi jak znakowanie laserowe czy grawerowanie mechaniczne.<\/p>\n<p><strong>Znakowanie laserowe<\/strong> to popularna metoda <strong>trawienia tworzyw sztucznych,<\/strong> kt\u00f3ra polega na u\u017cyciu wi\u0105zki lasera o du\u017cej intensywno\u015bci w celu usuni\u0119cia materia\u0142u z powierzchni tworzywa sztucznego. Laser skupia si\u0119 na powierzchni plastiku, tworz\u0105c iskr\u0119, kt\u00f3ra odparowuje materia\u0142 i pozostawia wytrawiony \u015blad na powierzchni. Znakowanie laserowe jest precyzyjne i umo\u017cliwia uzyskanie wysokiej jako\u015bci znak\u00f3w, ale mo\u017ce by\u0107 kosztowne i wymaga\u0107 u\u017cycia specjalistycznego sprz\u0119tu.<\/p>\n<p>Trawienie mechaniczne to kolejna opcja trawienia tworzyw sztucznych, kt\u00f3ra polega na u\u017cyciu narz\u0119dzia mechanicznego, takiego jak wiert\u0142o lub wiert\u0142o diamentowe, w celu usuni\u0119cia materia\u0142u z powierzchni tworzywa sztucznego. Grawerowanie mechaniczne mo\u017cna wykorzysta\u0107 do tworzenia g\u0142\u0119bokich lub jasnych znak\u00f3w i mo\u017cna je wykona\u0107 za pomoc\u0105 sprz\u0119tu do produkcji masowej lub narz\u0119dzi r\u0119cznych. Grawerowanie mechaniczne mo\u017ce by\u0107 jednak mniej precyzyjne ni\u017c znakowanie laserowe i mo\u017ce wymaga\u0107 wi\u0119cej czasu i wysi\u0142ku.<\/p>\n<p>Podobnie jak w przypadku ka\u017cdej techniki trawienia, wa\u017cne jest, aby post\u0119powa\u0107 zgodnie z instrukcjami producenta i u\u017cywa\u0107 niezb\u0119dnego sprz\u0119tu i sprz\u0119tu ochronnego, aby zapewni\u0107 bezpiecze\u0144stwo podczas procesu.<\/p>\n\t\t\t\t\t\t\t\t<\/div>\n\t\t\t\t<\/div>\n\t\t\t\t\t<\/div>\n\t\t<\/div>\n\t\t\t\t\t<\/div>\n\t\t<\/section>\n\t\t\t\t<section class=\"elementor-section elementor-inner-section elementor-element elementor-element-0a39cdd elementor-section-boxed elementor-section-height-default elementor-section-height-default\" data-id=\"0a39cdd\" data-element_type=\"section\">\n\t\t\t\t\t\t<div class=\"elementor-container elementor-column-gap-default\">\n\t\t\t\t\t<div class=\"elementor-column elementor-col-100 elementor-inner-column elementor-element elementor-element-0a6d475\" data-id=\"0a6d475\" data-element_type=\"column\">\n\t\t\t<div class=\"elementor-widget-wrap elementor-element-populated\">\n\t\t\t\t\t\t<div class=\"elementor-element elementor-element-0e94e81 elementor-widget__width-auto elementor-widget-divider--view-line elementor-widget elementor-widget-divider\" data-id=\"0e94e81\" data-element_type=\"widget\" data-widget_type=\"divider.default\">\n\t\t\t\t<div class=\"elementor-widget-container\">\n\t\t\t\t\t\t\t<div class=\"elementor-divider\">\n\t\t\t<span class=\"elementor-divider-separator\">\n\t\t\t\t\t\t<\/span>\n\t\t<\/div>\n\t\t\t\t\t\t<\/div>\n\t\t\t\t<\/div>\n\t\t\t\t<div class=\"elementor-element elementor-element-d9d38fb elementor-widget__width-auto elementor-widget elementor-widget-heading\" data-id=\"d9d38fb\" data-element_type=\"widget\" data-widget_type=\"heading.default\">\n\t\t\t\t<div class=\"elementor-widget-container\">\n\t\t\t\t\t<h2 class=\"elementor-heading-title elementor-size-default\">Maszyny do znakowania laserowego tworzyw sztucznych<\/h2>\t\t\t\t<\/div>\n\t\t\t\t<\/div>\n\t\t\t\t<div class=\"elementor-element elementor-element-6e22f17 elementor-widget elementor-widget-spacer\" data-id=\"6e22f17\" data-element_type=\"widget\" data-widget_type=\"spacer.default\">\n\t\t\t\t<div class=\"elementor-widget-container\">\n\t\t\t\t\t\t\t<div class=\"elementor-spacer\">\n\t\t\t<div class=\"elementor-spacer-inner\"><\/div>\n\t\t<\/div>\n\t\t\t\t\t\t<\/div>\n\t\t\t\t<\/div>\n\t\t\t\t<div class=\"elementor-element elementor-element-a26d2e2 elementor-widget elementor-widget-text-editor\" data-id=\"a26d2e2\" data-element_type=\"widget\" data-widget_type=\"text-editor.default\">\n\t\t\t\t<div class=\"elementor-widget-container\">\n\t\t\t\t\t\t\t\t\t<p>Znakowanie laserowe na tworzywach sztucznych, szybko rozwijaj\u0105ca si\u0119 dziedzina technologii, wyr\u00f3\u017cnia si\u0119 mo\u017cliwo\u015bci\u0105 wykonywania trwa\u0142ych, precyzyjnych i wysokiej jako\u015bci oznacze\u0144 na szerokiej gamie tworzyw sztucznych. W procesie tym wykorzystuje si\u0119 r\u00f3\u017cne techniki, z kt\u00f3rych ka\u017cda ma unikalne w\u0142a\u015bciwo\u015bci i jest odpowiednia dla okre\u015blonych rodzaj\u00f3w tworzyw sztucznych.<\/p>\n<h4>Techniki znakowania laserowego na tworzywach sztucznych<\/h4>\n<ol>\n<li>\n<p><strong>Grawerowanie laserowe<\/strong>: Technika ta usuwa materia\u0142 z powierzchni tworzywa sztucznego za pomoc\u0105 wi\u0105zki lasera, kt\u00f3ra topi go i odparowuje. Idealnie nadaje si\u0119 do tworzenia g\u0142\u0119bokich, wyrazistych \u015blad\u00f3w na r\u00f3\u017cnego rodzaju tworzywach sztucznych.<\/p>\n<\/li>\n<li>\n<p><strong>Trawienie laserowe<\/strong>: Podobnie jak grawerowanie, trawienie laserowe tworzy p\u0142ytsze \u015blady poprzez ogrzewanie i topienie powierzchni tworzywa sztucznego. Metoda ta jest szczeg\u00f3lnie odpowiednia w przypadku cie\u0144szych materia\u0142\u00f3w, kt\u00f3re wymagaj\u0105 p\u0142ytszych oznacze\u0144.<\/p>\n<\/li>\n<li>\n<p><strong>Wy\u017carzanie laserowe<\/strong>: Technika ta, stosowana g\u0142\u00f3wnie do tworzyw sztucznych, takich jak stal, tytan i stal nierdzewna, nie usuwa materia\u0142u, ale powoduje zmian\u0119 chemiczn\u0105 pod powierzchni\u0105, tworz\u0105c kolorowe oznaczenia.<\/p>\n<\/li>\n<li>\n<p><strong>Ablacja laserowa<\/strong>: Ta metoda selektywnie usuwa cienkie warstwy z powierzchni materia\u0142u i jest przydatna do usuwania farby lub cienkich warstw.<\/p>\n<\/li>\n<li>\n<p><strong>Spienianie<\/strong>: W tym procesie laser selektywnie topi materia\u0142 matrycy, tworz\u0105c p\u0119cherzyki gazu, kt\u00f3re zostaj\u0105 uwi\u0119zione podczas ch\u0142odzenia. Powsta\u0142e oznaczenia s\u0105 uniesione i wydaj\u0105 si\u0119 jasne na ciemnym plastiku.<\/p>\n<\/li>\n<li>\n<p><strong>Zmiana koloru<\/strong>: w tym przebarwienia, wybielanie i karbonizacja. Metoda ta wykorzystuje energi\u0119 wi\u0105zki lasera do zmiany lub degradacji struktury okre\u015blonych cz\u0105steczek, takich jak pigmenty kolorowe.<\/p>\n<\/li>\n<\/ol>\n<h4>Wa\u017cne uwagi<\/h4>\n<ul>\n<li>\n<p><strong>Wyb\u00f3r lasera<\/strong>: Wyb\u00f3r typu lasera zale\u017cy od materia\u0142u z tworzywa sztucznego i konkretnego zastosowania. Lasery \u015bwiat\u0142owodowe s\u0105 wydajne i precyzyjne, idealnie nadaj\u0105 si\u0119 do grawerowania mocniejszych tworzyw sztucznych i uzyskiwania oznacze\u0144 o wysokim kontra\u015bcie. Lasery CO2 s\u0105 wszechstronne i nadaj\u0105 si\u0119 do grawerowania mi\u0119kkich tworzyw sztucznych.<\/p>\n<\/li>\n<li>\n<p><strong>Materia\u0142y z tworzyw sztucznych<\/strong>: R\u00f3\u017cne rodzaje tworzyw sztucznych reaguj\u0105 r\u00f3\u017cnie na znakowanie laserowe. Na przyk\u0142ad polipropylen (PP) i politereftalan etylenu (PET) dobrze reaguj\u0105 na znakowanie laserowe, zw\u0142aszcza po obr\u00f3bce laserem \u015bwiat\u0142owodowym. PVC wymaga ostro\u017cno\u015bci ze wzgl\u0119du na potencjalne uwalnianie toksycznych opar\u00f3w, podczas gdy nylon (PA) pozwala na uzyskanie wyra\u017anych, d\u0142ugotrwa\u0142ych oznacze\u0144.<\/p>\n<\/li>\n<li>\n<p><strong>G\u0142\u0119boko\u015b\u0107 znakowania<\/strong>: G\u0142\u0119boko\u015b\u0107 znakowania laserowego na tworzywie sztucznym zale\u017cy od mocy lasera, pr\u0119dko\u015bci i rodzaju tworzywa sztucznego. Niezb\u0119dna jest optymalizacja tych parametr\u00f3w, aby osi\u0105gn\u0105\u0107 po\u017c\u0105dan\u0105 g\u0142\u0119boko\u015b\u0107 znakowania bez uszkodzenia integralno\u015bci cz\u0119\u015bci z tworzywa sztucznego.<\/p>\n<\/li>\n<li>\n<p><strong>Jako\u015b\u0107 i dok\u0142adno\u015b\u0107<\/strong>: Niezb\u0119dne jest zapewnienie, \u017ce znakowanie spe\u0142nia wysokie standardy jako\u015bci i dok\u0142adno\u015bci. Wyb\u00f3r niezawodnej us\u0142ugi znakowania laserowego, posiadaj\u0105cej do\u015bwiadczenie w pracy z r\u00f3\u017cnymi rodzajami tworzyw sztucznych, jest kluczowy dla osi\u0105gni\u0119cia optymalnych rezultat\u00f3w.<\/p>\n<\/li>\n<\/ul>\n\t\t\t\t\t\t\t\t<\/div>\n\t\t\t\t<\/div>\n\t\t\t\t\t<\/div>\n\t\t<\/div>\n\t\t\t\t\t<\/div>\n\t\t<\/section>\n\t\t\t\t\t<\/div>\n\t\t<\/div>\n\t\t\t\t\t<\/div>\n\t\t<\/section>\n\t\t\t\t<section class=\"elementor-section elementor-top-section elementor-element elementor-element-2cca0281 elementor-section-boxed elementor-section-height-default elementor-section-height-default\" data-id=\"2cca0281\" data-element_type=\"section\">\n\t\t\t\t\t\t<div class=\"elementor-container elementor-column-gap-default\">\n\t\t\t\t\t<div class=\"elementor-column elementor-col-100 elementor-top-column elementor-element elementor-element-2f063f53\" data-id=\"2f063f53\" data-element_type=\"column\">\n\t\t\t<div class=\"elementor-widget-wrap\">\n\t\t\t\t\t\t\t<\/div>\n\t\t<\/div>\n\t\t\t\t\t<\/div>\n\t\t<\/section>\n\t\t\t\t<\/div>\n\t\t","protected":false},"excerpt":{"rendered":"<p>ZNAKOWANIE LASEROWE NA TWORZYWACH SZTUCZNYCH Zaawansowane technologie najnowszej generacji do grawerowania i znakowania laserowego na tworzywach sztucznych Znakowanie laserowe na plastiku Znakowanie tworzyw sztucznych to proces umieszczania znaku lub etykiety na powierzchni z tworzywa sztucznego w celu identyfikacji materia\u0142u, dostarczenia informacji lub przekazania wiadomo\u015bci. Istnieje kilka sposob\u00f3w znakowania plastiku, w zale\u017cno\u015bci od rodzaju plastiku i [&hellip;]<\/p>\n","protected":false},"author":1,"featured_media":0,"parent":0,"menu_order":0,"comment_status":"closed","ping_status":"closed","template":"elementor_header_footer","meta":{"footnotes":""},"class_list":["post-954","page","type-page","status-publish","hentry"],"_links":{"self":[{"href":"https:\/\/bestlasermarking.com\/pl\/wp-json\/wp\/v2\/pages\/954","targetHints":{"allow":["GET"]}}],"collection":[{"href":"https:\/\/bestlasermarking.com\/pl\/wp-json\/wp\/v2\/pages"}],"about":[{"href":"https:\/\/bestlasermarking.com\/pl\/wp-json\/wp\/v2\/types\/page"}],"author":[{"embeddable":true,"href":"https:\/\/bestlasermarking.com\/pl\/wp-json\/wp\/v2\/users\/1"}],"replies":[{"embeddable":true,"href":"https:\/\/bestlasermarking.com\/pl\/wp-json\/wp\/v2\/comments?post=954"}],"version-history":[{"count":1,"href":"https:\/\/bestlasermarking.com\/pl\/wp-json\/wp\/v2\/pages\/954\/revisions"}],"predecessor-version":[{"id":955,"href":"https:\/\/bestlasermarking.com\/pl\/wp-json\/wp\/v2\/pages\/954\/revisions\/955"}],"wp:attachment":[{"href":"https:\/\/bestlasermarking.com\/pl\/wp-json\/wp\/v2\/media?parent=954"}],"curies":[{"name":"wp","href":"https:\/\/api.w.org\/{rel}","templated":true}]}}