{"id":972,"date":"2022-12-21T14:13:41","date_gmt":"2022-12-21T14:13:41","guid":{"rendered":"https:\/\/bestlasermarking.com\/znakowanie-laserowe-drewna\/"},"modified":"2024-01-31T14:18:11","modified_gmt":"2024-01-31T14:18:11","slug":"znakowanie-laserowe-drewna","status":"publish","type":"page","link":"https:\/\/bestlasermarking.com\/pl\/znakowanie-laserowe-drewna\/","title":{"rendered":"Znakowanie laserowe drewna"},"content":{"rendered":"\t\t<div data-elementor-type=\"wp-page\" data-elementor-id=\"972\" class=\"elementor elementor-972 elementor-453\" data-elementor-post-type=\"page\">\n\t\t\t\t\t\t<section class=\"elementor-section elementor-top-section elementor-element elementor-element-18f18763 elementor-section-height-min-height elementor-section-boxed elementor-section-height-default elementor-section-items-middle\" data-id=\"18f18763\" data-element_type=\"section\" data-settings=\"{&quot;background_background&quot;:&quot;slideshow&quot;,&quot;background_slideshow_gallery&quot;:[{&quot;id&quot;:455,&quot;url&quot;:&quot;https:\\\/\\\/bestlasermarking.com\\\/wp-content\\\/uploads\\\/2022\\\/12\\\/incisione-laser-del-legno.webp&quot;}],&quot;background_slideshow_ken_burns&quot;:&quot;yes&quot;,&quot;background_slideshow_loop&quot;:&quot;yes&quot;,&quot;background_slideshow_slide_duration&quot;:5000,&quot;background_slideshow_slide_transition&quot;:&quot;fade&quot;,&quot;background_slideshow_transition_duration&quot;:500,&quot;background_slideshow_ken_burns_zoom_direction&quot;:&quot;in&quot;}\">\n\t\t\t\t\t\t\t<div class=\"elementor-background-overlay\"><\/div>\n\t\t\t\t\t\t\t<div class=\"elementor-container elementor-column-gap-default\">\n\t\t\t\t\t<div class=\"elementor-column elementor-col-66 elementor-top-column elementor-element elementor-element-45e3b566\" data-id=\"45e3b566\" data-element_type=\"column\">\n\t\t\t<div class=\"elementor-widget-wrap elementor-element-populated\">\n\t\t\t\t\t\t<div class=\"elementor-element elementor-element-c498449 elementor-widget elementor-widget-heading\" data-id=\"c498449\" data-element_type=\"widget\" data-widget_type=\"heading.default\">\n\t\t\t\t<div class=\"elementor-widget-container\">\n\t\t\t\t\t<h1 class=\"elementor-heading-title elementor-size-default\"><strong> ZNAKOWANIE LASEROWE NA DREWNIE<\/strong><\/h1>\t\t\t\t<\/div>\n\t\t\t\t<\/div>\n\t\t\t\t<div class=\"elementor-element elementor-element-2c759736 elementor-widget elementor-widget-text-editor\" data-id=\"2c759736\" data-element_type=\"widget\" data-widget_type=\"text-editor.default\">\n\t\t\t\t<div class=\"elementor-widget-container\">\n\t\t\t\t\t\t\t\t\t<p>Zaawansowane technologie najnowszej generacji do grawerowania i znakowania laserowego na tworzywach sztucznych<\/p>\n\t\t\t\t\t\t\t\t<\/div>\n\t\t\t\t<\/div>\n\t\t\t\t\t<\/div>\n\t\t<\/div>\n\t\t\t\t<div class=\"elementor-column elementor-col-33 elementor-top-column elementor-element elementor-element-320390a6\" data-id=\"320390a6\" data-element_type=\"column\">\n\t\t\t<div class=\"elementor-widget-wrap\">\n\t\t\t\t\t\t\t<\/div>\n\t\t<\/div>\n\t\t\t\t\t<\/div>\n\t\t<\/section>\n\t\t\t\t<section class=\"elementor-section elementor-top-section elementor-element elementor-element-2bfa7acd elementor-reverse-mobile elementor-section-boxed elementor-section-height-default elementor-section-height-default\" data-id=\"2bfa7acd\" data-element_type=\"section\">\n\t\t\t\t\t\t<div class=\"elementor-container elementor-column-gap-no\">\n\t\t\t\t\t<div class=\"elementor-column elementor-col-50 elementor-top-column elementor-element elementor-element-5ed9951e\" data-id=\"5ed9951e\" data-element_type=\"column\">\n\t\t\t<div class=\"elementor-widget-wrap elementor-element-populated\">\n\t\t\t\t\t\t<section class=\"elementor-section elementor-inner-section elementor-element elementor-element-175b3102 elementor-section-boxed elementor-section-height-default elementor-section-height-default\" data-id=\"175b3102\" data-element_type=\"section\">\n\t\t\t\t\t\t<div class=\"elementor-container elementor-column-gap-default\">\n\t\t\t\t\t<div class=\"elementor-column elementor-col-100 elementor-inner-column elementor-element elementor-element-3d07e6d2\" data-id=\"3d07e6d2\" data-element_type=\"column\" data-settings=\"{&quot;background_background&quot;:&quot;classic&quot;}\">\n\t\t\t<div class=\"elementor-widget-wrap elementor-element-populated\">\n\t\t\t\t\t\t<div class=\"elementor-element elementor-element-326dd9cc elementor-widget elementor-widget-image\" data-id=\"326dd9cc\" data-element_type=\"widget\" data-widget_type=\"image.default\">\n\t\t\t\t<div class=\"elementor-widget-container\">\n\t\t\t\t\t\t\t\t\t\t\t\t\t\t\t<img fetchpriority=\"high\" decoding=\"async\" width=\"717\" height=\"541\" src=\"https:\/\/bestlasermarking.com\/wp-content\/uploads\/2022\/12\/incisione-laser-del-legno.webp\" class=\"attachment-large size-large wp-image-862\" alt=\"\" srcset=\"https:\/\/bestlasermarking.com\/wp-content\/uploads\/2022\/12\/incisione-laser-del-legno.webp 717w, https:\/\/bestlasermarking.com\/wp-content\/uploads\/2022\/12\/incisione-laser-del-legno-300x226.webp 300w, https:\/\/bestlasermarking.com\/wp-content\/uploads\/2022\/12\/incisione-laser-del-legno-16x12.webp 16w\" sizes=\"(max-width: 717px) 100vw, 717px\" \/>\t\t\t\t\t\t\t\t\t\t\t\t\t\t\t<\/div>\n\t\t\t\t<\/div>\n\t\t\t\t\t<\/div>\n\t\t<\/div>\n\t\t\t\t\t<\/div>\n\t\t<\/section>\n\t\t\t\t<section class=\"elementor-section elementor-inner-section elementor-element elementor-element-29fa7ee6 elementor-section-boxed elementor-section-height-default elementor-section-height-default\" data-id=\"29fa7ee6\" data-element_type=\"section\">\n\t\t\t\t\t\t<div class=\"elementor-container elementor-column-gap-default\">\n\t\t\t\t\t<div class=\"elementor-column elementor-col-100 elementor-inner-column elementor-element elementor-element-1898c14\" data-id=\"1898c14\" data-element_type=\"column\">\n\t\t\t<div class=\"elementor-widget-wrap elementor-element-populated\">\n\t\t\t\t\t\t<div class=\"elementor-element elementor-element-65c186db elementor-widget elementor-widget-image\" data-id=\"65c186db\" data-element_type=\"widget\" data-widget_type=\"image.default\">\n\t\t\t\t<div class=\"elementor-widget-container\">\n\t\t\t\t\t\t\t\t\t\t\t\t\t\t\t<img decoding=\"async\" src=\"https:\/\/bestlasermarking.com\/wp-content\/uploads\/elementor\/thumbs\/marcatura-laser-legno-pzhrdb2oz42uvv2fdux0willzmlnf9vep5v4uxokug.webp\" title=\"marcatura-laser-legno\" alt=\"marcatura-laser-legno\" loading=\"lazy\" \/>\t\t\t\t\t\t\t\t\t\t\t\t\t\t\t<\/div>\n\t\t\t\t<\/div>\n\t\t\t\t\t<\/div>\n\t\t<\/div>\n\t\t\t\t\t<\/div>\n\t\t<\/section>\n\t\t\t\t\t<\/div>\n\t\t<\/div>\n\t\t\t\t<div class=\"elementor-column elementor-col-50 elementor-top-column elementor-element elementor-element-73578476\" data-id=\"73578476\" data-element_type=\"column\">\n\t\t\t<div class=\"elementor-widget-wrap elementor-element-populated\">\n\t\t\t\t\t\t<section class=\"elementor-section elementor-inner-section elementor-element elementor-element-7c513c7a elementor-reverse-mobile elementor-section-boxed elementor-section-height-default elementor-section-height-default\" data-id=\"7c513c7a\" data-element_type=\"section\">\n\t\t\t\t\t\t<div class=\"elementor-container elementor-column-gap-default\">\n\t\t\t\t\t<div class=\"elementor-column elementor-col-100 elementor-inner-column elementor-element elementor-element-5a645e7c\" data-id=\"5a645e7c\" data-element_type=\"column\">\n\t\t\t<div class=\"elementor-widget-wrap elementor-element-populated\">\n\t\t\t\t\t\t<div class=\"elementor-element elementor-element-4a012816 elementor-widget__width-auto elementor-widget-divider--view-line elementor-widget elementor-widget-divider\" data-id=\"4a012816\" data-element_type=\"widget\" data-widget_type=\"divider.default\">\n\t\t\t\t<div class=\"elementor-widget-container\">\n\t\t\t\t\t\t\t<div class=\"elementor-divider\">\n\t\t\t<span class=\"elementor-divider-separator\">\n\t\t\t\t\t\t<\/span>\n\t\t<\/div>\n\t\t\t\t\t\t<\/div>\n\t\t\t\t<\/div>\n\t\t\t\t<div class=\"elementor-element elementor-element-194716d4 elementor-widget__width-auto elementor-widget elementor-widget-heading\" data-id=\"194716d4\" data-element_type=\"widget\" data-widget_type=\"heading.default\">\n\t\t\t\t<div class=\"elementor-widget-container\">\n\t\t\t\t\t<h2 class=\"elementor-heading-title elementor-size-default\">Znakowanie laserowe na drewnie<\/h2>\t\t\t\t<\/div>\n\t\t\t\t<\/div>\n\t\t\t\t<div class=\"elementor-element elementor-element-2221107e elementor-widget elementor-widget-spacer\" data-id=\"2221107e\" data-element_type=\"widget\" data-widget_type=\"spacer.default\">\n\t\t\t\t<div class=\"elementor-widget-container\">\n\t\t\t\t\t\t\t<div class=\"elementor-spacer\">\n\t\t\t<div class=\"elementor-spacer-inner\"><\/div>\n\t\t<\/div>\n\t\t\t\t\t\t<\/div>\n\t\t\t\t<\/div>\n\t\t\t\t<div class=\"elementor-element elementor-element-6f25b857 elementor-widget elementor-widget-text-editor\" data-id=\"6f25b857\" data-element_type=\"widget\" data-widget_type=\"text-editor.default\">\n\t\t\t\t<div class=\"elementor-widget-container\">\n\t\t\t\t\t\t\t\t\t<p><strong>Znakowanie laserowe drewna<\/strong> to proces polegaj\u0105cy na wytrawieniu lub utworzeniu obrazu na powierzchni drewna za pomoc\u0105 lasera. Znakowanie laserowe odbywa si\u0119 za pomoc\u0105 lasera diodowego lub lasera CO2, kt\u00f3ry emituje silnie skoncentrowan\u0105 wi\u0105zk\u0119 \u015bwiat\u0142a, kt\u00f3r\u0105 mo\u017cna skupi\u0107 w celu stworzenia precyzyjnych obraz\u00f3w lub naci\u0119\u0107 na powierzchni drewna.<\/p>\n<p>Znajduje zastosowanie w r\u00f3\u017cnych ga\u0142\u0119ziach przemys\u0142u, takich jak rzemios\u0142o, meble, budownictwo i oznakowanie. Mo\u017cna go wykorzysta\u0107 na przyk\u0142ad do tworzenia etykiet, znak\u00f3w ostrzegawczych, numer\u00f3w seryjnych i innych informacji na temat produkt\u00f3w drewnianych. Dodatkowo znakowanie laserowe mo\u017cna wykorzysta\u0107 do tworzenia dekoracyjnych obraz\u00f3w na meblach, zabawkach, dzie\u0142ach sztuki i innych przedmiotach drewnianych.<\/p>\n<p><a href=\"https:\/\/bestlasermarking.com\/pl\/\"><strong>Znakowanie laserowe<\/strong><\/a> jest technik\u0105 precyzyjn\u0105 i powtarzaln\u0105, kt\u00f3ra pozwala na uzyskanie wysokiej jako\u015bci wynik\u00f3w. Jednak\u017ce wa\u017cne jest, aby dok\u0142adnie przestrzega\u0107 instrukcji u\u017cytkowania lasera i zawsze nosi\u0107 odpowiedni\u0105 ochron\u0119, poniewa\u017c laser mo\u017ce by\u0107 niebezpieczny, je\u015bli nie b\u0119dzie u\u017cywany prawid\u0142owo.<\/p>\n\t\t\t\t\t\t\t\t<\/div>\n\t\t\t\t<\/div>\n\t\t\t\t\t<\/div>\n\t\t<\/div>\n\t\t\t\t\t<\/div>\n\t\t<\/section>\n\t\t\t\t\t<\/div>\n\t\t<\/div>\n\t\t\t\t\t<\/div>\n\t\t<\/section>\n\t\t\t\t<section class=\"elementor-section elementor-top-section elementor-element elementor-element-7d8b6f37 elementor-section-boxed elementor-section-height-default elementor-section-height-default\" data-id=\"7d8b6f37\" data-element_type=\"section\" data-settings=\"{&quot;background_background&quot;:&quot;classic&quot;}\">\n\t\t\t\t\t\t<div class=\"elementor-container elementor-column-gap-default\">\n\t\t\t\t\t<div class=\"elementor-column elementor-col-100 elementor-top-column elementor-element elementor-element-3ac0279\" data-id=\"3ac0279\" data-element_type=\"column\">\n\t\t\t<div class=\"elementor-widget-wrap elementor-element-populated\">\n\t\t\t\t\t\t<section class=\"elementor-section elementor-inner-section elementor-element elementor-element-65a07cdc elementor-section-boxed elementor-section-height-default elementor-section-height-default\" data-id=\"65a07cdc\" data-element_type=\"section\">\n\t\t\t\t\t\t<div class=\"elementor-container elementor-column-gap-default\">\n\t\t\t\t\t<div class=\"elementor-column elementor-col-100 elementor-inner-column elementor-element elementor-element-66500928\" data-id=\"66500928\" data-element_type=\"column\">\n\t\t\t<div class=\"elementor-widget-wrap elementor-element-populated\">\n\t\t\t\t\t\t<div class=\"elementor-element elementor-element-4127b683 elementor-widget__width-auto elementor-widget-divider--view-line elementor-widget elementor-widget-divider\" data-id=\"4127b683\" data-element_type=\"widget\" data-widget_type=\"divider.default\">\n\t\t\t\t<div class=\"elementor-widget-container\">\n\t\t\t\t\t\t\t<div class=\"elementor-divider\">\n\t\t\t<span class=\"elementor-divider-separator\">\n\t\t\t\t\t\t<\/span>\n\t\t<\/div>\n\t\t\t\t\t\t<\/div>\n\t\t\t\t<\/div>\n\t\t\t\t<div class=\"elementor-element elementor-element-75a5d14 elementor-widget__width-auto elementor-widget elementor-widget-heading\" data-id=\"75a5d14\" data-element_type=\"widget\" data-widget_type=\"heading.default\">\n\t\t\t\t<div class=\"elementor-widget-container\">\n\t\t\t\t\t<h2 class=\"elementor-heading-title elementor-size-default\">Czy mo\u017cna grawerowa\u0107 laserem na drewnie?<\/h2>\t\t\t\t<\/div>\n\t\t\t\t<\/div>\n\t\t\t\t<div class=\"elementor-element elementor-element-17d2a179 elementor-widget elementor-widget-spacer\" data-id=\"17d2a179\" data-element_type=\"widget\" data-widget_type=\"spacer.default\">\n\t\t\t\t<div class=\"elementor-widget-container\">\n\t\t\t\t\t\t\t<div class=\"elementor-spacer\">\n\t\t\t<div class=\"elementor-spacer-inner\"><\/div>\n\t\t<\/div>\n\t\t\t\t\t\t<\/div>\n\t\t\t\t<\/div>\n\t\t\t\t<div class=\"elementor-element elementor-element-4e12b584 elementor-widget elementor-widget-text-editor\" data-id=\"4e12b584\" data-element_type=\"widget\" data-widget_type=\"text-editor.default\">\n\t\t\t\t<div class=\"elementor-widget-container\">\n\t\t\t\t\t\t\t\t\t<p><strong>Tak, istnieje mo\u017cliwo\u015b\u0107 grawerowania drewna za pomoc\u0105 lasera.<\/strong> Lasera mo\u017cna u\u017cywa\u0107 do tworzenia obraz\u00f3w lub tekstu na powierzchni drewna lub do precyzyjnego ci\u0119cia drewna.<\/p>\n<p>Grawerowanie laserowe drewna odbywa si\u0119 za pomoc\u0105 lasera diodowego lub lasera CO2, kt\u00f3ry emituje wysoce skoncentrowan\u0105 wi\u0105zk\u0119 \u015bwiat\u0142a, kt\u00f3r\u0105 mo\u017cna skupi\u0107 w celu stworzenia precyzyjnych obraz\u00f3w lub naci\u0119\u0107 na powierzchni drewna. Moc lasera i czas ekspozycji okre\u015blaj\u0105 g\u0142\u0119boko\u015b\u0107 grawerowania lub ci\u0119cia.<\/p>\n<p>Jest to popularna technika wykonywania szyld\u00f3w, tabliczek, grawer\u00f3w na meblach i innych przedmiotach drewnianych, gdy\u017c pozwala na uzyskanie wysokiej jako\u015bci efekt\u00f3w przy du\u017cej precyzji i powtarzalno\u015bci. Jednak\u017ce wa\u017cne jest, aby dok\u0142adnie przestrzega\u0107 instrukcji u\u017cytkowania lasera i zawsze nosi\u0107 odpowiedni\u0105 ochron\u0119, poniewa\u017c laser mo\u017ce by\u0107 niebezpieczny, je\u015bli nie b\u0119dzie u\u017cywany prawid\u0142owo.<\/p>\n\t\t\t\t\t\t\t\t<\/div>\n\t\t\t\t<\/div>\n\t\t\t\t\t<\/div>\n\t\t<\/div>\n\t\t\t\t\t<\/div>\n\t\t<\/section>\n\t\t\t\t<section class=\"elementor-section elementor-inner-section elementor-element elementor-element-6f464ed elementor-section-boxed elementor-section-height-default elementor-section-height-default\" data-id=\"6f464ed\" data-element_type=\"section\">\n\t\t\t\t\t\t<div class=\"elementor-container elementor-column-gap-default\">\n\t\t\t\t\t<div class=\"elementor-column elementor-col-100 elementor-inner-column elementor-element elementor-element-1a549b6\" data-id=\"1a549b6\" data-element_type=\"column\">\n\t\t\t<div class=\"elementor-widget-wrap elementor-element-populated\">\n\t\t\t\t\t\t<div class=\"elementor-element elementor-element-0819acf elementor-widget__width-auto elementor-widget-divider--view-line elementor-widget elementor-widget-divider\" data-id=\"0819acf\" data-element_type=\"widget\" data-widget_type=\"divider.default\">\n\t\t\t\t<div class=\"elementor-widget-container\">\n\t\t\t\t\t\t\t<div class=\"elementor-divider\">\n\t\t\t<span class=\"elementor-divider-separator\">\n\t\t\t\t\t\t<\/span>\n\t\t<\/div>\n\t\t\t\t\t\t<\/div>\n\t\t\t\t<\/div>\n\t\t\t\t<div class=\"elementor-element elementor-element-f34041c elementor-widget__width-auto elementor-widget elementor-widget-heading\" data-id=\"f34041c\" data-element_type=\"widget\" data-widget_type=\"heading.default\">\n\t\t\t\t<div class=\"elementor-widget-container\">\n\t\t\t\t\t<h2 class=\"elementor-heading-title elementor-size-default\">Maszyny do znakowania drewna<\/h2>\t\t\t\t<\/div>\n\t\t\t\t<\/div>\n\t\t\t\t<div class=\"elementor-element elementor-element-eac18e2 elementor-widget elementor-widget-spacer\" data-id=\"eac18e2\" data-element_type=\"widget\" data-widget_type=\"spacer.default\">\n\t\t\t\t<div class=\"elementor-widget-container\">\n\t\t\t\t\t\t\t<div class=\"elementor-spacer\">\n\t\t\t<div class=\"elementor-spacer-inner\"><\/div>\n\t\t<\/div>\n\t\t\t\t\t\t<\/div>\n\t\t\t\t<\/div>\n\t\t\t\t<div class=\"elementor-element elementor-element-e62595f elementor-widget elementor-widget-text-editor\" data-id=\"e62595f\" data-element_type=\"widget\" data-widget_type=\"text-editor.default\">\n\t\t\t\t<div class=\"elementor-widget-container\">\n\t\t\t\t\t\t\t\t\t<p><strong>Znakowanie laserowe drewna<\/strong> oferowane przez LASIT to zaawansowane i niezwykle wszechstronne rozwi\u0105zanie technologiczne, nadaj\u0105ce si\u0119 do szerokiego zakresu zastosowa\u0144 w bran\u017cy rzemie\u015blniczej, meblarskiej, budowlanej, oznakowania i nie tylko. Technika ta wykorzystuje precyzj\u0119 laser\u00f3w diodowych lub CO2 do tworzenia bardzo precyzyjnych grawer\u00f3w i naci\u0119\u0107 na powierzchni drewna.<\/p>\n<p>Rozwi\u0105zania LASIT wyr\u00f3\u017cniaj\u0105 si\u0119 mo\u017cliwo\u015bci\u0105 pracy z r\u00f3\u017cnymi rodzajami drewna, zar\u00f3wno mi\u0119kkim, twardym, jak i malowanym, w celu stworzenia szerokiej gamy produkt\u00f3w, takich jak akcesoria, narz\u0119dzia przemys\u0142owe, zabawki, upominki, plakietki, znaki i akcesoria. <strong>Przyk\u0142adem jest model FlyCO2 firmy LASIT<\/strong>, niezwykle kompaktowy i modu\u0142owy, idealny do integracji z liniami produkcyjnymi i charakteryzuj\u0105cy si\u0119 obni\u017conymi kosztami eksploatacji i wysok\u0105 produktywno\u015bci\u0105.<\/p>\n<p>Znakowanie laserowe na drewnie produkowanym przez LASIT jest znane z tego, \u017ce jest nieusuwalne i zapewnia skuteczn\u0105 identyfikowalno\u015b\u0107 produktu. Systemy LASIT s\u0105 szyte na miar\u0119 pod konkretne potrzeby klient\u00f3w, od mechaniki po oprogramowanie, ze szczeg\u00f3lnym uwzgl\u0119dnieniem potrzeb automatyzacji i integracji z liniami produkcyjnymi. Technologia laserowa LASIT jest bezinwazyjna dla materia\u0142u, zapewniaj\u0105c tym samym zachowanie naturalnych w\u0142a\u015bciwo\u015bci drewna.<\/p>\n<p>Unikalnym aspektem znakowania laserowego drewna jest proces karbonizacji, kt\u00f3ry powoduje <strong>ciemnienie drewna poprzez<\/strong> uwolnienie w\u0119gla ze spoiw drewna. Proces ten mo\u017ce zmienia\u0107 kolor od szarego do czarnego, w zale\u017cno\u015bci od intensywno\u015bci i rodzaju impregnowanego drewna. Systemy laserowe LASIT s\u0105 w stanie wykonywa\u0107 precyzyjne ci\u0119cia i doskona\u0142e kontury na r\u00f3\u017cnych grubo\u015bciach i kombinacjach materia\u0142\u00f3w, dzi\u0119ki czemu ci\u0119cie laserowe jest optymalnym rozwi\u0105zaniem umo\u017cliwiaj\u0105cym uzyskanie wysokiej jako\u015bci wyko\u0144cze\u0144 bez odprysk\u00f3w i pozosta\u0142o\u015bci po obr\u00f3bce.<\/p>\n<p>Podsumowuj\u0105c, LASIT oferuje rozwi\u0105zania do znakowania laserowego drewna, kt\u00f3re wyr\u00f3\u017cniaj\u0105 si\u0119 precyzj\u0105, wszechstronno\u015bci\u0105 i niezawodno\u015bci\u0105, skutecznie odpowiadaj\u0105c na r\u00f3\u017cne potrzeby rynku i zapewniaj\u0105c wysoki poziom obs\u0142ugi klienta, wspieraj\u0105c ka\u017cdy etap procesu produkcyjnego<\/p>\n\t\t\t\t\t\t\t\t<\/div>\n\t\t\t\t<\/div>\n\t\t\t\t\t<\/div>\n\t\t<\/div>\n\t\t\t\t\t<\/div>\n\t\t<\/section>\n\t\t\t\t\t<\/div>\n\t\t<\/div>\n\t\t\t\t\t<\/div>\n\t\t<\/section>\n\t\t\t\t<section class=\"elementor-section elementor-top-section elementor-element elementor-element-2cca0281 elementor-section-boxed elementor-section-height-default elementor-section-height-default\" data-id=\"2cca0281\" data-element_type=\"section\">\n\t\t\t\t\t\t<div class=\"elementor-container elementor-column-gap-default\">\n\t\t\t\t\t<div class=\"elementor-column elementor-col-100 elementor-top-column elementor-element elementor-element-2f063f53\" data-id=\"2f063f53\" data-element_type=\"column\">\n\t\t\t<div class=\"elementor-widget-wrap\">\n\t\t\t\t\t\t\t<\/div>\n\t\t<\/div>\n\t\t\t\t\t<\/div>\n\t\t<\/section>\n\t\t\t\t<\/div>\n\t\t","protected":false},"excerpt":{"rendered":"<p>ZNAKOWANIE LASEROWE NA DREWNIE Zaawansowane technologie najnowszej generacji do grawerowania i znakowania laserowego na tworzywach sztucznych Znakowanie laserowe na drewnie Znakowanie laserowe drewna to proces polegaj\u0105cy na wytrawieniu lub utworzeniu obrazu na powierzchni drewna za pomoc\u0105 lasera. Znakowanie laserowe odbywa si\u0119 za pomoc\u0105 lasera diodowego lub lasera CO2, kt\u00f3ry emituje silnie skoncentrowan\u0105 wi\u0105zk\u0119 \u015bwiat\u0142a, kt\u00f3r\u0105 [&hellip;]<\/p>\n","protected":false},"author":1,"featured_media":0,"parent":0,"menu_order":0,"comment_status":"closed","ping_status":"closed","template":"elementor_header_footer","meta":{"footnotes":""},"class_list":["post-972","page","type-page","status-publish","hentry"],"_links":{"self":[{"href":"https:\/\/bestlasermarking.com\/pl\/wp-json\/wp\/v2\/pages\/972","targetHints":{"allow":["GET"]}}],"collection":[{"href":"https:\/\/bestlasermarking.com\/pl\/wp-json\/wp\/v2\/pages"}],"about":[{"href":"https:\/\/bestlasermarking.com\/pl\/wp-json\/wp\/v2\/types\/page"}],"author":[{"embeddable":true,"href":"https:\/\/bestlasermarking.com\/pl\/wp-json\/wp\/v2\/users\/1"}],"replies":[{"embeddable":true,"href":"https:\/\/bestlasermarking.com\/pl\/wp-json\/wp\/v2\/comments?post=972"}],"version-history":[{"count":1,"href":"https:\/\/bestlasermarking.com\/pl\/wp-json\/wp\/v2\/pages\/972\/revisions"}],"predecessor-version":[{"id":973,"href":"https:\/\/bestlasermarking.com\/pl\/wp-json\/wp\/v2\/pages\/972\/revisions\/973"}],"wp:attachment":[{"href":"https:\/\/bestlasermarking.com\/pl\/wp-json\/wp\/v2\/media?parent=972"}],"curies":[{"name":"wp","href":"https:\/\/api.w.org\/{rel}","templated":true}]}}