{"id":984,"date":"2022-12-17T11:09:39","date_gmt":"2022-12-17T11:09:39","guid":{"rendered":"https:\/\/bestlasermarking.com\/bizuteria-do-znakowania-laserowego\/"},"modified":"2024-02-01T05:38:41","modified_gmt":"2024-02-01T05:38:41","slug":"bizuteria-do-znakowania-laserowego","status":"publish","type":"page","link":"https:\/\/bestlasermarking.com\/pl\/bizuteria-do-znakowania-laserowego\/","title":{"rendered":"Bi\u017cuteria do znakowania laserowego"},"content":{"rendered":"\t\t<div data-elementor-type=\"wp-page\" data-elementor-id=\"984\" class=\"elementor elementor-984 elementor-398\" data-elementor-post-type=\"page\">\n\t\t\t\t\t\t<section class=\"elementor-section elementor-top-section elementor-element elementor-element-18f18763 elementor-section-height-min-height elementor-section-boxed elementor-section-height-default elementor-section-items-middle\" data-id=\"18f18763\" data-element_type=\"section\" data-settings=\"{&quot;background_background&quot;:&quot;slideshow&quot;,&quot;background_slideshow_gallery&quot;:[{&quot;id&quot;:403,&quot;url&quot;:&quot;https:\\\/\\\/bestlasermarking.com\\\/wp-content\\\/uploads\\\/2022\\\/12\\\/marcatura-oro-argento-gioielli.webp&quot;}],&quot;background_slideshow_ken_burns&quot;:&quot;yes&quot;,&quot;background_slideshow_loop&quot;:&quot;yes&quot;,&quot;background_slideshow_slide_duration&quot;:5000,&quot;background_slideshow_slide_transition&quot;:&quot;fade&quot;,&quot;background_slideshow_transition_duration&quot;:500,&quot;background_slideshow_ken_burns_zoom_direction&quot;:&quot;in&quot;}\">\n\t\t\t\t\t\t\t<div class=\"elementor-background-overlay\"><\/div>\n\t\t\t\t\t\t\t<div class=\"elementor-container elementor-column-gap-default\">\n\t\t\t\t\t<div class=\"elementor-column elementor-col-66 elementor-top-column elementor-element elementor-element-45e3b566\" data-id=\"45e3b566\" data-element_type=\"column\">\n\t\t\t<div class=\"elementor-widget-wrap elementor-element-populated\">\n\t\t\t\t\t\t<div class=\"elementor-element elementor-element-c498449 elementor-widget elementor-widget-heading\" data-id=\"c498449\" data-element_type=\"widget\" data-widget_type=\"heading.default\">\n\t\t\t\t<div class=\"elementor-widget-container\">\n\t\t\t\t\t<h1 class=\"elementor-heading-title elementor-size-default\"><strong> ZNAKOWANIE LASEROWE BI\u017bUTERII<\/strong><\/h1>\t\t\t\t<\/div>\n\t\t\t\t<\/div>\n\t\t\t\t<div class=\"elementor-element elementor-element-2c759736 elementor-widget elementor-widget-text-editor\" data-id=\"2c759736\" data-element_type=\"widget\" data-widget_type=\"text-editor.default\">\n\t\t\t\t<div class=\"elementor-widget-container\">\n\t\t\t\t\t\t\t\t\t<p>Zaawansowane systemy znakowania laserowego materia\u0142\u00f3w szlachetnych, takich jak z\u0142oto i srebro.<\/p>\n\t\t\t\t\t\t\t\t<\/div>\n\t\t\t\t<\/div>\n\t\t\t\t\t<\/div>\n\t\t<\/div>\n\t\t\t\t<div class=\"elementor-column elementor-col-33 elementor-top-column elementor-element elementor-element-320390a6\" data-id=\"320390a6\" data-element_type=\"column\">\n\t\t\t<div class=\"elementor-widget-wrap\">\n\t\t\t\t\t\t\t<\/div>\n\t\t<\/div>\n\t\t\t\t\t<\/div>\n\t\t<\/section>\n\t\t\t\t<section class=\"elementor-section elementor-top-section elementor-element elementor-element-2bfa7acd elementor-reverse-mobile elementor-section-boxed elementor-section-height-default elementor-section-height-default\" data-id=\"2bfa7acd\" data-element_type=\"section\">\n\t\t\t\t\t\t<div class=\"elementor-container elementor-column-gap-no\">\n\t\t\t\t\t<div class=\"elementor-column elementor-col-50 elementor-top-column elementor-element elementor-element-5ed9951e\" data-id=\"5ed9951e\" data-element_type=\"column\">\n\t\t\t<div class=\"elementor-widget-wrap elementor-element-populated\">\n\t\t\t\t\t\t<section class=\"elementor-section elementor-inner-section elementor-element elementor-element-175b3102 elementor-section-boxed elementor-section-height-default elementor-section-height-default\" data-id=\"175b3102\" data-element_type=\"section\">\n\t\t\t\t\t\t<div class=\"elementor-container elementor-column-gap-default\">\n\t\t\t\t\t<div class=\"elementor-column elementor-col-100 elementor-inner-column elementor-element elementor-element-3d07e6d2\" data-id=\"3d07e6d2\" data-element_type=\"column\" data-settings=\"{&quot;background_background&quot;:&quot;classic&quot;}\">\n\t\t\t<div class=\"elementor-widget-wrap elementor-element-populated\">\n\t\t\t\t\t\t<div class=\"elementor-element elementor-element-326dd9cc elementor-widget elementor-widget-image\" data-id=\"326dd9cc\" data-element_type=\"widget\" data-widget_type=\"image.default\">\n\t\t\t\t<div class=\"elementor-widget-container\">\n\t\t\t\t\t\t\t\t\t\t\t\t\t\t\t<img fetchpriority=\"high\" decoding=\"async\" width=\"732\" height=\"472\" src=\"https:\/\/bestlasermarking.com\/wp-content\/uploads\/2022\/12\/marcatura-oro-argento-gioielli.webp\" class=\"attachment-large size-large wp-image-830\" alt=\"\" srcset=\"https:\/\/bestlasermarking.com\/wp-content\/uploads\/2022\/12\/marcatura-oro-argento-gioielli.webp 732w, https:\/\/bestlasermarking.com\/wp-content\/uploads\/2022\/12\/marcatura-oro-argento-gioielli-300x193.webp 300w, https:\/\/bestlasermarking.com\/wp-content\/uploads\/2022\/12\/marcatura-oro-argento-gioielli-18x12.webp 18w\" sizes=\"(max-width: 732px) 100vw, 732px\" \/>\t\t\t\t\t\t\t\t\t\t\t\t\t\t\t<\/div>\n\t\t\t\t<\/div>\n\t\t\t\t\t<\/div>\n\t\t<\/div>\n\t\t\t\t\t<\/div>\n\t\t<\/section>\n\t\t\t\t<section class=\"elementor-section elementor-inner-section elementor-element elementor-element-29fa7ee6 elementor-section-boxed elementor-section-height-default elementor-section-height-default\" data-id=\"29fa7ee6\" data-element_type=\"section\">\n\t\t\t\t\t\t<div class=\"elementor-container elementor-column-gap-default\">\n\t\t\t\t\t<div class=\"elementor-column elementor-col-50 elementor-inner-column elementor-element elementor-element-1898c14\" data-id=\"1898c14\" data-element_type=\"column\">\n\t\t\t<div class=\"elementor-widget-wrap elementor-element-populated\">\n\t\t\t\t\t\t<div class=\"elementor-element elementor-element-65c186db elementor-widget elementor-widget-image\" data-id=\"65c186db\" data-element_type=\"widget\" data-widget_type=\"image.default\">\n\t\t\t\t<div class=\"elementor-widget-container\">\n\t\t\t\t\t\t\t\t\t\t\t\t\t\t\t<img decoding=\"async\" src=\"https:\/\/bestlasermarking.com\/wp-content\/uploads\/elementor\/thumbs\/incisione-laser-oro-pzakpi3i5ix4vqzesa2r7tgeldaw8tnhg09yrmdzt4.webp\" title=\"incisione-laser-oro\" alt=\"incisione-laser-oro\" loading=\"lazy\" \/>\t\t\t\t\t\t\t\t\t\t\t\t\t\t\t<\/div>\n\t\t\t\t<\/div>\n\t\t\t\t\t<\/div>\n\t\t<\/div>\n\t\t\t\t<div class=\"elementor-column elementor-col-50 elementor-inner-column elementor-element elementor-element-20474d7f\" data-id=\"20474d7f\" data-element_type=\"column\">\n\t\t\t<div class=\"elementor-widget-wrap elementor-element-populated\">\n\t\t\t\t\t\t<div class=\"elementor-element elementor-element-3fd05882 elementor-widget elementor-widget-image\" data-id=\"3fd05882\" data-element_type=\"widget\" data-widget_type=\"image.default\">\n\t\t\t\t<div class=\"elementor-widget-container\">\n\t\t\t\t\t\t\t\t\t\t\t\t\t\t\t<img decoding=\"async\" src=\"https:\/\/bestlasermarking.com\/wp-content\/uploads\/elementor\/thumbs\/marcatura-laser-gioielli-pzakqjp1qwcls5gsoqbtzjyucs5kspsqx6ddyou8w8.webp\" title=\"marcatura-laser-gioielli\" alt=\"marcatura-laser-gioielli\" loading=\"lazy\" \/>\t\t\t\t\t\t\t\t\t\t\t\t\t\t\t<\/div>\n\t\t\t\t<\/div>\n\t\t\t\t\t<\/div>\n\t\t<\/div>\n\t\t\t\t\t<\/div>\n\t\t<\/section>\n\t\t\t\t\t<\/div>\n\t\t<\/div>\n\t\t\t\t<div class=\"elementor-column elementor-col-50 elementor-top-column elementor-element elementor-element-73578476\" data-id=\"73578476\" data-element_type=\"column\">\n\t\t\t<div class=\"elementor-widget-wrap elementor-element-populated\">\n\t\t\t\t\t\t<section class=\"elementor-section elementor-inner-section elementor-element elementor-element-7c513c7a elementor-reverse-mobile elementor-section-boxed elementor-section-height-default elementor-section-height-default\" data-id=\"7c513c7a\" data-element_type=\"section\">\n\t\t\t\t\t\t<div class=\"elementor-container elementor-column-gap-default\">\n\t\t\t\t\t<div class=\"elementor-column elementor-col-100 elementor-inner-column elementor-element elementor-element-5a645e7c\" data-id=\"5a645e7c\" data-element_type=\"column\">\n\t\t\t<div class=\"elementor-widget-wrap elementor-element-populated\">\n\t\t\t\t\t\t<div class=\"elementor-element elementor-element-4a012816 elementor-widget__width-auto elementor-widget-divider--view-line elementor-widget elementor-widget-divider\" data-id=\"4a012816\" data-element_type=\"widget\" data-widget_type=\"divider.default\">\n\t\t\t\t<div class=\"elementor-widget-container\">\n\t\t\t\t\t\t\t<div class=\"elementor-divider\">\n\t\t\t<span class=\"elementor-divider-separator\">\n\t\t\t\t\t\t<\/span>\n\t\t<\/div>\n\t\t\t\t\t\t<\/div>\n\t\t\t\t<\/div>\n\t\t\t\t<div class=\"elementor-element elementor-element-194716d4 elementor-widget__width-auto elementor-widget elementor-widget-heading\" data-id=\"194716d4\" data-element_type=\"widget\" data-widget_type=\"heading.default\">\n\t\t\t\t<div class=\"elementor-widget-container\">\n\t\t\t\t\t<h2 class=\"elementor-heading-title elementor-size-default\">Znakowanie laserowe na z\u0142ocie i srebrze<\/h2>\t\t\t\t<\/div>\n\t\t\t\t<\/div>\n\t\t\t\t<div class=\"elementor-element elementor-element-2221107e elementor-widget elementor-widget-spacer\" data-id=\"2221107e\" data-element_type=\"widget\" data-widget_type=\"spacer.default\">\n\t\t\t\t<div class=\"elementor-widget-container\">\n\t\t\t\t\t\t\t<div class=\"elementor-spacer\">\n\t\t\t<div class=\"elementor-spacer-inner\"><\/div>\n\t\t<\/div>\n\t\t\t\t\t\t<\/div>\n\t\t\t\t<\/div>\n\t\t\t\t<div class=\"elementor-element elementor-element-6f25b857 elementor-widget elementor-widget-text-editor\" data-id=\"6f25b857\" data-element_type=\"widget\" data-widget_type=\"text-editor.default\">\n\t\t\t\t<div class=\"elementor-widget-container\">\n\t\t\t\t\t\t\t\t\t<p><strong>Znakowanie laserowe z\u0142ota i srebra<\/strong> to proces wykorzystuj\u0105cy wi\u0105zk\u0119 lasera do stworzenia trwa\u0142ego graweru na powierzchni tych metali szlachetnych. Proces ten jest cz\u0119sto stosowany do oznaczania z\u0142otej i srebrnej bi\u017cuterii, monet i innych przedmiot\u00f3w informacjami, takimi jak znak wytw\u00f3rcy, numer seryjny lub zawarto\u015b\u0107 <strong>metali szlachetnych<\/strong>.<\/p>\n<p>Znakowanie laserowe to precyzyjna i bezinwazyjna metoda, kt\u00f3ra nie uszkadza powierzchni metalu. Dodatkowo mo\u017ce tworzy\u0107 ma\u0142e rozmiary czcionek i z\u0142o\u017cone kszta\u0142ty o wysokiej rozdzielczo\u015bci. Nale\u017cy jednak pami\u0119ta\u0107, \u017ce znakowanie laserowe mo\u017cna wykonywa\u0107 wy\u0142\u0105cznie na twardych metalach, takich jak z\u0142oto i srebro, poniewa\u017c metale mi\u0119kkie mog\u0105 si\u0119 wypacza\u0107 lub topi\u0107 pod wp\u0142ywem ciep\u0142a wytwarzanego przez laser.<\/p>\n<p>Do <strong>znakowania z\u0142ota lub srebra<\/strong> za pomoc\u0105 lasera wykorzystuje si\u0119 laser \u015bwiat\u0142owodowy lub laser na ciele sta\u0142ym. Wyb\u00f3r rodzaju lasera zale\u017cy od wielko\u015bci znakowanego obiektu, grubo\u015bci metalu i wymaga\u0144 jako\u015bciowych znakowania.<\/p>\n<p>Po ustawieniu laser przechodzi przez soczewk\u0119 skupiaj\u0105c\u0105 w celu skupienia wi\u0105zki lasera na metalowej powierzchni. Kiedy wi\u0105zka lasera uderza w metal, tworzy ma\u0142e naci\u0119cie na powierzchni. G\u0142\u0119boko\u015b\u0107 i szeroko\u015b\u0107 graweru mo\u017cna regulowa\u0107 zmieniaj\u0105c moc lasera i czas ekspozycji na wi\u0105zk\u0119<\/p>\n\t\t\t\t\t\t\t\t<\/div>\n\t\t\t\t<\/div>\n\t\t\t\t\t<\/div>\n\t\t<\/div>\n\t\t\t\t\t<\/div>\n\t\t<\/section>\n\t\t\t\t\t<\/div>\n\t\t<\/div>\n\t\t\t\t\t<\/div>\n\t\t<\/section>\n\t\t\t\t<section class=\"elementor-section elementor-top-section elementor-element elementor-element-7d8b6f37 elementor-section-boxed elementor-section-height-default elementor-section-height-default\" data-id=\"7d8b6f37\" data-element_type=\"section\" data-settings=\"{&quot;background_background&quot;:&quot;classic&quot;}\">\n\t\t\t\t\t\t<div class=\"elementor-container elementor-column-gap-default\">\n\t\t\t\t\t<div class=\"elementor-column elementor-col-100 elementor-top-column elementor-element elementor-element-3ac0279\" data-id=\"3ac0279\" data-element_type=\"column\">\n\t\t\t<div class=\"elementor-widget-wrap elementor-element-populated\">\n\t\t\t\t\t\t<section class=\"elementor-section elementor-inner-section elementor-element elementor-element-65a07cdc elementor-section-boxed elementor-section-height-default elementor-section-height-default\" data-id=\"65a07cdc\" data-element_type=\"section\">\n\t\t\t\t\t\t<div class=\"elementor-container elementor-column-gap-default\">\n\t\t\t\t\t<div class=\"elementor-column elementor-col-100 elementor-inner-column elementor-element elementor-element-66500928\" data-id=\"66500928\" data-element_type=\"column\">\n\t\t\t<div class=\"elementor-widget-wrap elementor-element-populated\">\n\t\t\t\t\t\t<div class=\"elementor-element elementor-element-4127b683 elementor-widget__width-auto elementor-widget-divider--view-line elementor-widget elementor-widget-divider\" data-id=\"4127b683\" data-element_type=\"widget\" data-widget_type=\"divider.default\">\n\t\t\t\t<div class=\"elementor-widget-container\">\n\t\t\t\t\t\t\t<div class=\"elementor-divider\">\n\t\t\t<span class=\"elementor-divider-separator\">\n\t\t\t\t\t\t<\/span>\n\t\t<\/div>\n\t\t\t\t\t\t<\/div>\n\t\t\t\t<\/div>\n\t\t\t\t<div class=\"elementor-element elementor-element-75a5d14 elementor-widget__width-auto elementor-widget elementor-widget-heading\" data-id=\"75a5d14\" data-element_type=\"widget\" data-widget_type=\"heading.default\">\n\t\t\t\t<div class=\"elementor-widget-container\">\n\t\t\t\t\t<h2 class=\"elementor-heading-title elementor-size-default\">Czy na bi\u017cuterii mo\u017cna grawerowa\u0107?<\/h2>\t\t\t\t<\/div>\n\t\t\t\t<\/div>\n\t\t\t\t<div class=\"elementor-element elementor-element-17d2a179 elementor-widget elementor-widget-spacer\" data-id=\"17d2a179\" data-element_type=\"widget\" data-widget_type=\"spacer.default\">\n\t\t\t\t<div class=\"elementor-widget-container\">\n\t\t\t\t\t\t\t<div class=\"elementor-spacer\">\n\t\t\t<div class=\"elementor-spacer-inner\"><\/div>\n\t\t<\/div>\n\t\t\t\t\t\t<\/div>\n\t\t\t\t<\/div>\n\t\t\t\t<div class=\"elementor-element elementor-element-4e12b584 elementor-widget elementor-widget-text-editor\" data-id=\"4e12b584\" data-element_type=\"widget\" data-widget_type=\"text-editor.default\">\n\t\t\t\t<div class=\"elementor-widget-container\">\n\t\t\t\t\t\t\t\t\t<p>Tak, bi\u017cuteri\u0119 mo\u017cna grawerowa\u0107 r\u00f3\u017cnymi metodami, w tym znakowaniem laserowym, r\u0119cznym drapaniem, grawerowaniem i t\u0142oczeniem.<\/p>\n<p>Znakowanie laserowe to precyzyjna, nieinwazyjna metoda grawerowania bi\u017cuterii z\u0142otej, srebrnej i innych twardych metali. W procesie tym wi\u0105zka lasera tworzy trwa\u0142y grawer na powierzchni bi\u017cuterii. Znakowanie laserowe umo\u017cliwia tworzenie ma\u0142ych znak\u00f3w i skomplikowanych kszta\u0142t\u00f3w w wysokiej rozdzielczo\u015bci, ale nie mo\u017cna go stosowa\u0107 na mi\u0119kkich metalach ani kamieniach szlachetnych.<\/p>\n\t\t\t\t\t\t\t\t<\/div>\n\t\t\t\t<\/div>\n\t\t\t\t\t<\/div>\n\t\t<\/div>\n\t\t\t\t\t<\/div>\n\t\t<\/section>\n\t\t\t\t<section class=\"elementor-section elementor-inner-section elementor-element elementor-element-1357f86 elementor-section-boxed elementor-section-height-default elementor-section-height-default\" data-id=\"1357f86\" data-element_type=\"section\">\n\t\t\t\t\t\t<div class=\"elementor-container elementor-column-gap-default\">\n\t\t\t\t\t<div class=\"elementor-column elementor-col-100 elementor-inner-column elementor-element elementor-element-9a9d1ec\" data-id=\"9a9d1ec\" data-element_type=\"column\">\n\t\t\t<div class=\"elementor-widget-wrap elementor-element-populated\">\n\t\t\t\t\t\t<div class=\"elementor-element elementor-element-92543a3 elementor-widget__width-auto elementor-widget-divider--view-line elementor-widget elementor-widget-divider\" data-id=\"92543a3\" data-element_type=\"widget\" data-widget_type=\"divider.default\">\n\t\t\t\t<div class=\"elementor-widget-container\">\n\t\t\t\t\t\t\t<div class=\"elementor-divider\">\n\t\t\t<span class=\"elementor-divider-separator\">\n\t\t\t\t\t\t<\/span>\n\t\t<\/div>\n\t\t\t\t\t\t<\/div>\n\t\t\t\t<\/div>\n\t\t\t\t<div class=\"elementor-element elementor-element-cc28cd8 elementor-widget__width-auto elementor-widget elementor-widget-heading\" data-id=\"cc28cd8\" data-element_type=\"widget\" data-widget_type=\"heading.default\">\n\t\t\t\t<div class=\"elementor-widget-container\">\n\t\t\t\t\t<h2 class=\"elementor-heading-title elementor-size-default\">Grawerowanie laserowe na bi\u017cuterii<\/h2>\t\t\t\t<\/div>\n\t\t\t\t<\/div>\n\t\t\t\t<div class=\"elementor-element elementor-element-1da6988 elementor-widget elementor-widget-spacer\" data-id=\"1da6988\" data-element_type=\"widget\" data-widget_type=\"spacer.default\">\n\t\t\t\t<div class=\"elementor-widget-container\">\n\t\t\t\t\t\t\t<div class=\"elementor-spacer\">\n\t\t\t<div class=\"elementor-spacer-inner\"><\/div>\n\t\t<\/div>\n\t\t\t\t\t\t<\/div>\n\t\t\t\t<\/div>\n\t\t\t\t<div class=\"elementor-element elementor-element-f96af05 elementor-widget elementor-widget-text-editor\" data-id=\"f96af05\" data-element_type=\"widget\" data-widget_type=\"text-editor.default\">\n\t\t\t\t<div class=\"elementor-widget-container\">\n\t\t\t\t\t\t\t\t\t<p>Grawerowanie laserowe bi\u017cuterii stanowi znacz\u0105cy skok jako\u015bciowy w por\u00f3wnaniu z tradycyjnymi metodami personalizacji, takimi jak grawerowanie mechaniczne czy chemiczne. Ta zaawansowana technika jest stosowana w przypadku szerokiej gamy materia\u0142\u00f3w, w tym z\u0142ota, srebra, platyny, miedzi, br\u0105zu, tytanu, aluminium, stali nierdzewnej, a tak\u017ce szk\u0142a i r\u00f3\u017cnych metali powlekanych.<\/p>\n<h4>Jak dzia\u0142a grawerowanie laserowe na bi\u017cuterii<\/h4>\n<p>Grawerowanie laserowe na bi\u017cuterii polega na usuni\u0119ciu bardzo cienkiej cz\u0119\u015bci powierzchni metalu szlachetnego, tworz\u0105c w ten spos\u00f3b szczeg\u00f3\u0142owy i czytelny relief. Wi\u0105zka lasera generuje ciep\u0142o skupione na wybranym obszarze, powoduj\u0105c r\u00f3wnie\u017c przebarwienia, dzi\u0119ki czemu znakowanie jest bardziej widoczne i wyra\u017ane. Dzi\u0119ki precyzji lasera mo\u017cliwe jest wykonanie misternych grawer\u00f3w na naszyjnikach, bransoletkach i innych kreacjach jubilerskich, a tak\u017ce mo\u017cliwo\u015b\u0107 wykorzystania technologii laserowej do spawania i \u0142\u0105czenia r\u00f3\u017cnych element\u00f3w.<\/p>\n<h4>Zalety grawerowania laserowego<\/h4>\n<p>Jedn\u0105 z g\u0142\u00f3wnych zalet grawerowania laserowego bi\u017cuterii jest niezwyk\u0142a precyzja, kt\u00f3ra pozwala uzyska\u0107 wyrafinowane i eleganckie rezultaty. Technika ta pozwala na obr\u00f3bk\u0119 r\u00f3\u017cnych materia\u0142\u00f3w, w tym tak\u017ce skomplikowanych grawer\u00f3w takich jak mikroznaki, kody identyfikacyjne czy szczeg\u00f3\u0142owe zdobienia. Znakowanie laserowe jest trwa\u0142e i odporne na dzia\u0142anie czynnik\u00f3w chemicznych i atmosferycznych, co gwarantuje znaczn\u0105 trwa\u0142o\u015b\u0107 w czasie. Koszty operacyjne s\u0105 niskie, przy kr\u00f3tkim czasie przetwarzania i prawie zerowych stratach materia\u0142owych.<\/p>\n<h4>Grawerowanie laserowe na diamentach<\/h4>\n<p>W konkretnym przypadku diament\u00f3w stosuje si\u0119 grawerowanie laserowe, aby zagwarantowa\u0107 pochodzenie i autentyczno\u015b\u0107 klejnotu. Grawer, niewidoczny go\u0142ym okiem, pe\u0142ni funkcj\u0119 karty gwarancyjnej, po\u015bwiadczaj\u0105cej warto\u015b\u0107 i pochodzenie diamentu. Praktyka ta jest uznawana przez \u015bwiatowe jednostki certyfikuj\u0105ce, takie jak Ameryka\u0144ski Instytut Gemologiczny i Hoge Raad voor Diamant.<\/p>\n<h4>Zastosowania i technologie laserowe w bi\u017cuterii<\/h4>\n<p>Najbardziej zaawansowane technologie laserowe obejmuj\u0105 szerokie spektrum mocy i zastosowa\u0144. Maszyny te nadaj\u0105 si\u0119 zar\u00f3wno do lekkiej obr\u00f3bki skrawaniem, jak i do g\u0142\u0119bokich ci\u0119\u0107 i grawer\u00f3w na bi\u017cuterii i metalach szlachetnych, z mo\u017cliwo\u015bci\u0105 wykonywania obr\u00f3bki o du\u017cej precyzji, w tym z wykorzystaniem system\u00f3w samorozpoznawania znakowanych element\u00f3w.<\/p>\n<p>Je\u015bli jednak chcesz usun\u0105\u0107 rysy ze skrobaka, mo\u017cesz usun\u0105\u0107 rysy z eleganckich metali, dzi\u0119ki czemu b\u0119dziesz m\u00f3g\u0142 usun\u0105\u0107 je z rys. w systemach samorozpoznawania znakowanych element\u00f3w.<\/p>\t\t\t\t\t\t\t\t<\/div>\n\t\t\t\t<\/div>\n\t\t\t\t\t<\/div>\n\t\t<\/div>\n\t\t\t\t\t<\/div>\n\t\t<\/section>\n\t\t\t\t\t<\/div>\n\t\t<\/div>\n\t\t\t\t\t<\/div>\n\t\t<\/section>\n\t\t\t\t<section class=\"elementor-section elementor-top-section elementor-element elementor-element-2cca0281 elementor-section-boxed elementor-section-height-default elementor-section-height-default\" data-id=\"2cca0281\" data-element_type=\"section\">\n\t\t\t\t\t\t<div class=\"elementor-container elementor-column-gap-default\">\n\t\t\t\t\t<div class=\"elementor-column elementor-col-100 elementor-top-column elementor-element elementor-element-2f063f53\" data-id=\"2f063f53\" data-element_type=\"column\">\n\t\t\t<div class=\"elementor-widget-wrap\">\n\t\t\t\t\t\t\t<\/div>\n\t\t<\/div>\n\t\t\t\t\t<\/div>\n\t\t<\/section>\n\t\t\t\t<\/div>\n\t\t","protected":false},"excerpt":{"rendered":"<p>ZNAKOWANIE LASEROWE BI\u017bUTERII Zaawansowane systemy znakowania laserowego materia\u0142\u00f3w szlachetnych, takich jak z\u0142oto i srebro. Znakowanie laserowe na z\u0142ocie i srebrze Znakowanie laserowe z\u0142ota i srebra to proces wykorzystuj\u0105cy wi\u0105zk\u0119 lasera do stworzenia trwa\u0142ego graweru na powierzchni tych metali szlachetnych. Proces ten jest cz\u0119sto stosowany do oznaczania z\u0142otej i srebrnej bi\u017cuterii, monet i innych przedmiot\u00f3w informacjami, [&hellip;]<\/p>\n","protected":false},"author":1,"featured_media":0,"parent":0,"menu_order":0,"comment_status":"closed","ping_status":"closed","template":"elementor_header_footer","meta":{"footnotes":""},"class_list":["post-984","page","type-page","status-publish","hentry"],"_links":{"self":[{"href":"https:\/\/bestlasermarking.com\/pl\/wp-json\/wp\/v2\/pages\/984","targetHints":{"allow":["GET"]}}],"collection":[{"href":"https:\/\/bestlasermarking.com\/pl\/wp-json\/wp\/v2\/pages"}],"about":[{"href":"https:\/\/bestlasermarking.com\/pl\/wp-json\/wp\/v2\/types\/page"}],"author":[{"embeddable":true,"href":"https:\/\/bestlasermarking.com\/pl\/wp-json\/wp\/v2\/users\/1"}],"replies":[{"embeddable":true,"href":"https:\/\/bestlasermarking.com\/pl\/wp-json\/wp\/v2\/comments?post=984"}],"version-history":[{"count":1,"href":"https:\/\/bestlasermarking.com\/pl\/wp-json\/wp\/v2\/pages\/984\/revisions"}],"predecessor-version":[{"id":985,"href":"https:\/\/bestlasermarking.com\/pl\/wp-json\/wp\/v2\/pages\/984\/revisions\/985"}],"wp:attachment":[{"href":"https:\/\/bestlasermarking.com\/pl\/wp-json\/wp\/v2\/media?parent=984"}],"curies":[{"name":"wp","href":"https:\/\/api.w.org\/{rel}","templated":true}]}}